{"id":24841,"date":"2026-02-28T14:26:08","date_gmt":"2026-02-28T13:26:08","guid":{"rendered":"https:\/\/www.californiansmiles.com\/?post_type=product&#038;p=24841"},"modified":"2026-02-28T14:27:53","modified_gmt":"2026-02-28T13:27:53","slug":"intense-pulsed-light-hair-removal-device","status":"publish","type":"product","link":"https:\/\/www.californiansmiles.com\/sk\/products\/intense-pulsed-light-hair-removal-device\/","title":{"rendered":"Zariadenie na odstra\u0148ovanie ch\u013apkov intenz\u00edvnym pulzn\u00fdm svetlom"},"content":{"rendered":"<p><strong><img decoding=\"async\" style=\"margin-right: 12px;\" src=\"https:\/\/www.californiansmiles.com\/wp-content\/uploads\/2026\/02\/Check.svg\" alt=\"\" width=\"18\" height=\"15\" \/>Dosahuje dlhotrvaj\u00facu redukciu ch\u013apkov v pohodl\u00ed domova v\u010faka pokro\u010dilej technol\u00f3gii intenz\u00edvneho pulzn\u00e9ho svetla.<\/strong> N\u00e1\u0161 pr\u00edstroj na odstra\u0148ovanie ch\u013apkov intenz\u00edvnym pulzn\u00fdm svetlom vyu\u017e\u00edva intenz\u00edvne pulzn\u00e9 svetlo, ktor\u00e9 sa zameriava na folikuly ch\u013apkov pri koreni, postupne zni\u017euje ich rast a s ka\u017ed\u00fdm seden\u00edm zanech\u00e1va va\u0161u poko\u017eku hlad\u0161iu. Prin\u00e1\u0161a v\u00fdkon na profesion\u00e1lnej \u00farovni priamo do va\u0161ej osobnej starostlivosti bez potreby n\u00e1v\u0161tev kliniky.<\/p>\n<p><strong><img decoding=\"async\" style=\"margin-right: 12px;\" src=\"https:\/\/www.californiansmiles.com\/wp-content\/uploads\/2026\/02\/Check.svg\" alt=\"\" width=\"18\" height=\"15\" \/>Naj\u00fa\u010dinnej\u0161ie dom\u00e1ce zariadenie na odstra\u0148ovanie ch\u013apkov intenz\u00edvnym pulzn\u00fdm svetlom.<\/strong> Na\u0161e zariadenie je navrhnut\u00e9 s optimalizovan\u00fdm v\u00fdstupom svetelnej energie a presn\u00fdm zacielen\u00edm a poskytuje siln\u00e9 impulzy, ktor\u00e9 preru\u0161uj\u00fa cyklus rastu ch\u013apkov a z\u00e1rove\u0148 s\u00fa \u0161etrn\u00e9 k okolitej poko\u017eke. Pri d\u00f4slednom pou\u017e\u00edvan\u00ed si v\u0161imnete vidite\u013ene zn\u00ed\u017een\u00fa hustotu ch\u013apkov a pomal\u0161\u00ed rast.<\/p>\n<p><strong><img decoding=\"async\" style=\"margin-right: 12px;\" src=\"https:\/\/www.californiansmiles.com\/wp-content\/uploads\/2026\/02\/Check.svg\" alt=\"\" width=\"18\" height=\"15\" \/>Pon\u00fakame najlacnej\u0161ie profesion\u00e1lne rie\u0161enie intenz\u00edvneho pulzn\u00e9ho svetla na trhu.<\/strong> N\u00e1\u0161 cenov\u00fd model v\u00e1m zaru\u010d\u00ed, \u017ee dostanete \u0161pi\u010dkov\u00fa technol\u00f3giu za najni\u017e\u0161iu mo\u017en\u00fa cenu. Namiesto toho, aby ste m\u00ed\u0148ali ve\u013ek\u00e9 sumy na o\u0161etrenie v sal\u00f3ne, m\u00f4\u017eete raz investova\u0165 do n\u00e1\u0161ho zariadenia a u\u017e\u00edva\u0165 si dlhodob\u00e9 \u00faspory.<\/p>\n<p><strong><img decoding=\"async\" style=\"margin-right: 12px;\" src=\"https:\/\/www.californiansmiles.com\/wp-content\/uploads\/2026\/02\/Check.svg\" alt=\"\" width=\"18\" height=\"15\" \/>Z\u00e1ruka vr\u00e1tenia pe\u0148az\u00ed pre \u00fapln\u00fd pokoj.<\/strong> Za v\u00fdkonom a kvalitou n\u00e1\u0161ho zariadenia na odstra\u0148ovanie ch\u013apkov intenz\u00edvnym pulzn\u00fdm svetlom si stoj\u00edme. Ak nebudete plne spokojn\u00ed s v\u00fdsledkami, vr\u00e1time v\u00e1m peniaze za n\u00e1kup bez komplik\u00e1ci\u00ed alebo skryt\u00fdch podmienok.<\/p>\n<p><strong><img decoding=\"async\" style=\"margin-right: 12px;\" src=\"https:\/\/www.californiansmiles.com\/wp-content\/uploads\/2026\/02\/Check.svg\" alt=\"\" width=\"18\" height=\"15\" \/>R\u00fdchle dodanie do 24 hod\u00edn, aby ste mohli okam\u017eite za\u010da\u0165 lie\u010dbu.<\/strong> Na za\u010datie odstra\u0148ovania ch\u013apkov nemus\u00edte \u010daka\u0165 t\u00fd\u017edne. V\u017edy pon\u00fakame doru\u010denie do 24 hod\u00edn, \u010d\u00edm zabezpe\u010d\u00edme, \u017ee va\u0161e zariadenie pr\u00edde r\u00fdchlo a bude pripraven\u00e9 na pou\u017eitie.<\/p>\n<p><strong><img decoding=\"async\" style=\"margin-right: 12px;\" src=\"https:\/\/www.californiansmiles.com\/wp-content\/uploads\/2026\/02\/Check.svg\" alt=\"\" width=\"18\" height=\"15\" \/>Bezpe\u010dn\u00e1 a klinicky in\u0161pirovan\u00e1 sveteln\u00e1 technol\u00f3gia.<\/strong> Zariadenie m\u00e1 zabudovan\u00e9 sn\u00edma\u010de kontaktu s poko\u017ekou a ochrann\u00e9 filtre, ktor\u00e9 zabezpe\u010duj\u00fa bezpe\u010dn\u00e9 vy\u017earovanie energie. Pri pou\u017e\u00edvan\u00ed pod\u013ea n\u00e1vodu poskytuje spo\u013eahliv\u00e9 a kontrolovan\u00e9 o\u0161etrenie vhodn\u00e9 na dom\u00e1ce pou\u017eitie.<\/p>\n<p><strong><img decoding=\"async\" style=\"margin-right: 12px;\" src=\"https:\/\/www.californiansmiles.com\/wp-content\/uploads\/2026\/02\/Check.svg\" alt=\"\" width=\"18\" height=\"15\" \/>Viacero \u00farovn\u00ed intenzity pre individu\u00e1lne pohodlie.<\/strong> Nastavite\u013en\u00e9 energetick\u00e9 parametre umo\u017e\u0148uj\u00fa prisp\u00f4sobi\u0165 o\u0161etrenie pod\u013ea citlivosti poko\u017eky a o\u0161etrovanej oblasti. \u010ci u\u017e sa zameriavate na citliv\u00e9 z\u00f3ny alebo v\u00e4\u010d\u0161ie oblasti tela, m\u00f4\u017eete si prisp\u00f4sobi\u0165 z\u00e1\u017eitok pre optim\u00e1lne pohodlie a \u00fa\u010dinnos\u0165.<\/p>\n<p><strong><img decoding=\"async\" style=\"margin-right: 12px;\" src=\"https:\/\/www.californiansmiles.com\/wp-content\/uploads\/2026\/02\/Check.svg\" alt=\"\" width=\"18\" height=\"15\" \/>Vhodn\u00e9 pre r\u00f4zne oblasti tela.<\/strong> Pr\u00edstroj mo\u017eno pou\u017ei\u0165 na nohy, ruky, podpazu\u0161ie, oblas\u0165 bik\u00edn, hrudn\u00edk a \u010fal\u0161ie vhodn\u00e9 oblasti, \u010d\u00edm sa zabezpe\u010d\u00ed redukcia ochlpenia na celom tele pomocou jedn\u00e9ho kompaktn\u00e9ho n\u00e1stroja.<\/p>\n<p><strong><img decoding=\"async\" style=\"margin-right: 12px;\" src=\"https:\/\/www.californiansmiles.com\/wp-content\/uploads\/2026\/02\/Check.svg\" alt=\"\" width=\"18\" height=\"15\" \/>Dlh\u00e1 \u017eivotnos\u0165 blesku na dlh\u0161ie pou\u017e\u00edvanie.<\/strong> Pr\u00edstroj je vybaven\u00fd vysokokapacitnou svetelnou kazetou, ktor\u00e1 poskytuje tis\u00edce z\u00e1bleskov, \u010d\u00edm zabezpe\u010duje mesiace alebo dokonca roky o\u0161etrenia bez potreby \u010dastej v\u00fdmeny.<\/p>\n<p><strong><img decoding=\"async\" style=\"margin-right: 12px;\" src=\"https:\/\/www.californiansmiles.com\/wp-content\/uploads\/2026\/02\/Check.svg\" alt=\"\" width=\"18\" height=\"15\" \/>Zlep\u0161uje hladkos\u0165 poko\u017eky a sebavedomie.<\/strong> Postupn\u00fdm odstra\u0148ovan\u00edm ne\u017eiaducich ch\u013apkov pom\u00e1ha pr\u00edstroj minimalizova\u0165 zarastaj\u00face ch\u013apky, podr\u00e1\u017edenie pri holen\u00ed a ranky po holen\u00ed, tak\u017ee va\u0161a poko\u017eka je hlad\u0161ia a zvy\u0161uje va\u0161e celkov\u00e9 sebavedomie.<\/p>\n<h2><strong>Pokyny<\/strong><\/h2>\n<ul>\n<li>Pred prv\u00fdm pou\u017eit\u00edm oholte oblas\u0165, ktor\u00fa pl\u00e1nujete o\u0161etri\u0165. Poko\u017eka by mala by\u0165 \u010dist\u00e1, such\u00e1 a bez kr\u00e9mov, olejov alebo dezodorantov.<\/li>\n<li>Zvo\u013ete vhodn\u00fa \u00farove\u0148 intenzity pod\u013ea t\u00f3nu a citlivosti va\u0161ej poko\u017eky. Ak zariadenie pou\u017e\u00edvate prv\u00fdkr\u00e1t, za\u010dnite s ni\u017e\u0161\u00edm nastaven\u00edm a postupne ho zvy\u0161ujte, ak v\u00e1m vyhovuje.<\/li>\n<li>O\u0161etrovacie okienko prilo\u017ete k poko\u017eke. Pred aktiv\u00e1ciou sveteln\u00e9ho impulzu zabezpe\u010dte \u00fapln\u00fd kontakt.<\/li>\n<li>Stla\u010den\u00edm tla\u010didla blesku vy\u0161lete impulz. Pr\u00edstroj mierne posu\u0148te na \u010fal\u0161iu susedn\u00fa oblas\u0165 bez nadmern\u00e9ho prekr\u00fdvania.<\/li>\n<li>Vyhnite sa o\u0161etreniu toho ist\u00e9ho miesta viackr\u00e1t po\u010das jedn\u00e9ho sedenia, aby ste zn\u00ed\u017eili riziko podr\u00e1\u017edenia poko\u017eky.<\/li>\n<li>Na dosiahnutie najlep\u0161\u00edch v\u00fdsledkov pou\u017e\u00edvajte zariadenie raz za jeden a\u017e dva t\u00fd\u017edne po\u010das po\u010diato\u010dnej f\u00e1zy lie\u010dby, zvy\u010dajne po\u010das 8 a\u017e 12 t\u00fd\u017ed\u0148ov.<\/li>\n<li>Po \u00favodnej f\u00e1ze vykon\u00e1vajte udr\u017eiavacie sedenia ka\u017ed\u00e9 \u0161tyri a\u017e osem t\u00fd\u017ed\u0148ov v z\u00e1vislosti od rastu vlasov.<\/li>\n<li>Nepou\u017e\u00edvajte na podr\u00e1\u017eden\u00fa, po\u0161koden\u00fa alebo sp\u00e1len\u00fa poko\u017eku. Bezprostredne pred o\u0161etren\u00edm a po \u0148om sa vyh\u00fdbajte priamemu slne\u010dn\u00e9mu \u017eiareniu.<\/li>\n<li>Po ka\u017edom o\u0161etren\u00ed m\u00f4\u017eete pou\u017ei\u0165 jemn\u00fd hydrata\u010dn\u00fd kr\u00e9m bez parfum\u00e1cie na upokojenie poko\u017eky.<\/li>\n<li>Po ka\u017edom pou\u017eit\u00ed vy\u010distite o\u0161etrovacie okno m\u00e4kkou, suchou handri\u010dkou a zariadenie skladujte na chladnom, suchom mieste mimo dosahu priameho slne\u010dn\u00e9ho svetla.<\/li>\n<\/ul>","protected":false},"excerpt":{"rendered":"<p>Achieves long-lasting hair reduction from the comfort of your home with advanced intense pulsed light technology. Our intense pulsed light hair removal device uses intense pulsed light to target hair follicles at the root, gradually reducing regrowth and leaving your skin smoother with every session. It brings professional-level performance directly into your personal care routine [&hellip;]<\/p>\n","protected":false},"featured_media":24847,"comment_status":"open","ping_status":"closed","template":"","meta":{"_uag_custom_page_level_css":"","site-sidebar-layout":"default","site-content-layout":"","ast-site-content-layout":"default","site-content-style":"default","site-sidebar-style":"default","ast-global-header-display":"","ast-banner-title-visibility":"","ast-main-header-display":"","ast-hfb-above-header-display":"","ast-hfb-below-header-display":"","ast-hfb-mobile-header-display":"","site-post-title":"","ast-breadcrumbs-content":"","ast-featured-img":"","footer-sml-layout":"","ast-disable-related-posts":"","theme-transparent-header-meta":"default","adv-header-id-meta":"","stick-header-meta":"","header-above-stick-meta":"","header-main-stick-meta":"","header-below-stick-meta":"","astra-migrate-meta-layouts":"set","ast-page-background-enabled":"default","ast-page-background-meta":{"desktop":{"background-color":"var(--ast-global-color-4)","background-image":"","background-repeat":"repeat","background-position":"center center","background-size":"auto","background-attachment":"scroll","background-type":"","background-media":"","overlay-type":"","overlay-color":"","overlay-opacity":"","overlay-gradient":""},"tablet":{"background-color":"","background-image":"","background-repeat":"repeat","background-position":"center center","background-size":"auto","background-attachment":"scroll","background-type":"","background-media":"","overlay-type":"","overlay-color":"","overlay-opacity":"","overlay-gradient":""},"mobile":{"background-color":"","background-image":"","background-repeat":"repeat","background-position":"center center","background-size":"auto","background-attachment":"scroll","background-type":"","background-media":"","overlay-type":"","overlay-color":"","overlay-opacity":"","overlay-gradient":""}},"ast-content-background-meta":{"desktop":{"background-color":"var(--ast-global-color-5)","background-image":"","background-repeat":"repeat","background-position":"center center","background-size":"auto","background-attachment":"scroll","background-type":"","background-media":"","overlay-type":"","overlay-color":"","overlay-opacity":"","overlay-gradient":""},"tablet":{"background-color":"var(--ast-global-color-5)","background-image":"","background-repeat":"repeat","background-position":"center center","background-size":"auto","background-attachment":"scroll","background-type":"","background-media":"","overlay-type":"","overlay-color":"","overlay-opacity":"","overlay-gradient":""},"mobile":{"background-color":"var(--ast-global-color-5)","background-image":"","background-repeat":"repeat","background-position":"center center","background-size":"auto","background-attachment":"scroll","background-type":"","background-media":"","overlay-type":"","overlay-color":"","overlay-opacity":"","overlay-gradient":""}}},"product_brand":[],"product_cat":[15],"product_tag":[],"class_list":{"0":"post-24841","1":"product","2":"type-product","3":"status-publish","4":"has-post-thumbnail","6":"product_cat-shop","7":"desktop-align-left","8":"tablet-align-left","9":"mobile-align-left","11":"first","12":"instock","13":"shipping-taxable","14":"purchasable","15":"product-type-simple"},"spectra_custom_meta":{"_edit_lock":["1772371901:1"],"_edit_last":["1"],"merchant-center-availability":["yes"],"merchant-center-category":["7199"],"_thumbnail_id":["24847"],"_wp_page_template":["default"],"_sku":["CSIPLHAIRREMOVALDEVICE"],"_global_unique_id":["5056773822511"],"_regular_price":["39.90"],"total_sales":["0"],"_tax_status":["taxable"],"_tax_class":[""],"_manage_stock":["no"],"_backorders":["no"],"_sold_individually":["no"],"_weight":["0.2"],"_virtual":["no"],"_downloadable":["no"],"_download_limit":["-1"],"_download_expiry":["-1"],"_stock":[null],"_stock_status":["instock"],"_wc_average_rating":["0"],"_wc_review_count":["0"],"_product_version":["10.5.2"],"_price":["39.90"],"_product_image_gallery":["24849,24848,24846,24845,24844"],"site-sidebar-layout":["default"],"ast-site-content-layout":["default"],"site-content-style":["default"],"site-sidebar-style":["default"],"theme-transparent-header-meta":["default"],"astra-migrate-meta-layouts":["set"],"_uag_css_file_name":["uag-css-24841.css"],"_elementor_page_assets":["a:0:{}"],"_uag_page_assets":["a:9:{s:3:\"css\";s:6893:\".wp-block-uagb-image{display:flex}.wp-block-uagb-image__figure{position:relative;display:flex;flex-direction:column;max-width:100%;height:auto;margin:0}.wp-block-uagb-image__figure img{height:auto;display:flex;max-width:100%;transition:box-shadow 0.2s ease}.wp-block-uagb-image__figure>a{display:inline-block}.wp-block-uagb-image__figure figcaption{text-align:center;margin-top:0.5em;margin-bottom:1em}.wp-block-uagb-image .components-placeholder.block-editor-media-placeholder .components-placeholder__instructions{align-self:center}.wp-block-uagb-image--align-left{text-align:left}.wp-block-uagb-image--align-right{text-align:right}.wp-block-uagb-image--align-center{text-align:center}.wp-block-uagb-image--align-full .wp-block-uagb-image__figure{margin-left:calc(50% - 50vw);margin-right:calc(50% - 50vw);max-width:100vw;width:100vw;height:auto}.wp-block-uagb-image--align-full .wp-block-uagb-image__figure img{height:auto;width:100% !important}.wp-block-uagb-image--align-wide .wp-block-uagb-image__figure img{height:auto;width:100%}.wp-block-uagb-image--layout-overlay__color-wrapper{position:absolute;left:0;top:0;right:0;bottom:0;opacity:0.2;background:rgba(0,0,0,0.5);transition:opacity 0.35s ease-in-out}.wp-block-uagb-image--layout-overlay-link{position:absolute;left:0;right:0;bottom:0;top:0}.wp-block-uagb-image--layout-overlay .wp-block-uagb-image__figure:hover .wp-block-uagb-image--layout-overlay__color-wrapper{opacity:1}.wp-block-uagb-image--layout-overlay__inner{position:absolute;left:15px;right:15px;bottom:15px;top:15px;display:flex;align-items:center;justify-content:center;flex-direction:column;border-color:#fff;transition:0.35s ease-in-out}.wp-block-uagb-image--layout-overlay__inner.top-left,.wp-block-uagb-image--layout-overlay__inner.top-center,.wp-block-uagb-image--layout-overlay__inner.top-right{justify-content:flex-start}.wp-block-uagb-image--layout-overlay__inner.bottom-left,.wp-block-uagb-image--layout-overlay__inner.bottom-center,.wp-block-uagb-image--layout-overlay__inner.bottom-right{justify-content:flex-end}.wp-block-uagb-image--layout-overlay__inner.top-left,.wp-block-uagb-image--layout-overlay__inner.center-left,.wp-block-uagb-image--layout-overlay__inner.bottom-left{align-items:flex-start}.wp-block-uagb-image--layout-overlay__inner.top-right,.wp-block-uagb-image--layout-overlay__inner.center-right,.wp-block-uagb-image--layout-overlay__inner.bottom-right{align-items:flex-end}.wp-block-uagb-image--layout-overlay__inner .uagb-image-heading{color:#fff;transition:transform 0.35s, opacity 0.35s ease-in-out;transform:translate3d(0, 24px, 0);margin:0;line-height:1em}.wp-block-uagb-image--layout-overlay__inner .uagb-image-separator{width:30%;border-top-width:2px;border-top-color:#fff;border-top-style:solid;margin-bottom:10px;opacity:0;transition:transform 0.4s, opacity 0.4s ease-in-out;transform:translate3d(0, 30px, 0)}.wp-block-uagb-image--layout-overlay__inner .uagb-image-caption{opacity:0;overflow:visible;color:#fff;transition:transform 0.45s, opacity 0.45s ease-in-out;transform:translate3d(0, 35px, 0)}.wp-block-uagb-image--layout-overlay__inner:hover .uagb-image-heading,.wp-block-uagb-image--layout-overlay__inner:hover .uagb-image-separator,.wp-block-uagb-image--layout-overlay__inner:hover .uagb-image-caption{opacity:1;transform:translate3d(0, 0, 0)}.wp-block-uagb-image--effect-zoomin .wp-block-uagb-image__figure img,.wp-block-uagb-image--effect-zoomin .wp-block-uagb-image__figure .wp-block-uagb-image--layout-overlay__color-wrapper{transform:scale(1);transition:transform 0.35s ease-in-out}.wp-block-uagb-image--effect-zoomin .wp-block-uagb-image__figure:hover img,.wp-block-uagb-image--effect-zoomin .wp-block-uagb-image__figure:hover .wp-block-uagb-image--layout-overlay__color-wrapper{transform:scale(1.05)}.wp-block-uagb-image--effect-slide .wp-block-uagb-image__figure img,.wp-block-uagb-image--effect-slide .wp-block-uagb-image__figure .wp-block-uagb-image--layout-overlay__color-wrapper{width:calc(100% + 40px) !important;max-width:none !important;transform:translate3d(-40px, 0, 0);transition:transform 0.35s ease-in-out}.wp-block-uagb-image--effect-slide .wp-block-uagb-image__figure:hover img,.wp-block-uagb-image--effect-slide .wp-block-uagb-image__figure:hover .wp-block-uagb-image--layout-overlay__color-wrapper{transform:translate3d(0, 0, 0)}.wp-block-uagb-image--effect-grayscale img{filter:grayscale(0%);transition:0.35s ease-in-out}.wp-block-uagb-image--effect-grayscale:hover img{filter:grayscale(100%)}.wp-block-uagb-image--effect-blur img{filter:blur(0);transition:0.35s ease-in-out}.wp-block-uagb-image--effect-blur:hover img{filter:blur(3px)}\n.uagb-block-e6f939b3.wp-block-uagb-image--layout-default figure img{box-shadow: 0px 0px 0 #00000070;}.uagb-block-e6f939b3.wp-block-uagb-image .wp-block-uagb-image__figure figcaption{font-style: normal;align-self: center;}.uagb-block-e6f939b3.wp-block-uagb-image--layout-overlay figure img{box-shadow: 0px 0px 0 #00000070;}.uagb-block-e6f939b3.wp-block-uagb-image--layout-overlay .wp-block-uagb-image--layout-overlay__color-wrapper{opacity: 0.2;}.uagb-block-e6f939b3.wp-block-uagb-image--layout-overlay .wp-block-uagb-image--layout-overlay__inner{left: 15px;right: 15px;top: 15px;bottom: 15px;}.uagb-block-e6f939b3.wp-block-uagb-image--layout-overlay .wp-block-uagb-image--layout-overlay__inner .uagb-image-heading{font-style: normal;color: #fff;opacity: 1;}.uagb-block-e6f939b3.wp-block-uagb-image--layout-overlay .wp-block-uagb-image--layout-overlay__inner .uagb-image-heading a{color: #fff;}.uagb-block-e6f939b3.wp-block-uagb-image--layout-overlay .wp-block-uagb-image--layout-overlay__inner .uagb-image-caption{opacity: 0;}.uagb-block-e6f939b3.wp-block-uagb-image--layout-overlay .wp-block-uagb-image__figure:hover .wp-block-uagb-image--layout-overlay__color-wrapper{opacity: 1;}.uagb-block-e6f939b3.wp-block-uagb-image .wp-block-uagb-image--layout-overlay__inner .uagb-image-separator{width: 30%;border-top-width: 2px;border-top-color: #fff;opacity: 0;}.uagb-block-e6f939b3.wp-block-uagb-image .wp-block-uagb-image__figure img{width: px;height: auto;}.uagb-block-e6f939b3.wp-block-uagb-image .wp-block-uagb-image__figure:hover .wp-block-uagb-image--layout-overlay__inner .uagb-image-caption{opacity: 1;}.uagb-block-e6f939b3.wp-block-uagb-image .wp-block-uagb-image__figure:hover .wp-block-uagb-image--layout-overlay__inner .uagb-image-separator{opacity: 1;}.uagb-block-e6f939b3.wp-block-uagb-image--layout-default figure:hover img{box-shadow: 0px 0px 0 #00000070;}.uagb-block-e6f939b3.wp-block-uagb-image--layout-overlay figure:hover img{box-shadow: 0px 0px 0 #00000070;}@media only screen and (max-width: 976px) {.uagb-block-e6f939b3.wp-block-uagb-image .wp-block-uagb-image__figure img{width: px;height: auto;}}@media only screen and (max-width: 767px) {.uagb-block-e6f939b3.wp-block-uagb-image .wp-block-uagb-image__figure img{width: px;height: auto;}}\";s:2:\"js\";s:0:\"\";s:18:\"current_block_list\";a:13:{i:0;s:11:\"core\/search\";i:1;s:10:\"core\/group\";i:2;s:12:\"core\/heading\";i:3;s:17:\"core\/latest-posts\";i:4;s:20:\"core\/latest-comments\";i:5;s:13:\"core\/archives\";i:6;s:15:\"core\/categories\";i:7;s:14:\"core\/paragraph\";i:8;s:10:\"uagb\/image\";i:9;s:11:\"core\/spacer\";i:10;s:30:\"woocommerce\/product-categories\";i:11;s:10:\"core\/image\";i:12;s:14:\"core\/shortcode\";}s:8:\"uag_flag\";b:1;s:11:\"uag_version\";s:10:\"1776484762\";s:6:\"gfonts\";a:0:{}s:10:\"gfonts_url\";s:0:\"\";s:12:\"gfonts_files\";a:0:{}s:14:\"uag_faq_layout\";b:0;}"]},"uagb_featured_image_src":{"full":["https:\/\/www.californiansmiles.com\/wp-content\/uploads\/2026\/02\/IMG_9729.jpg",1000,1000,false],"thumbnail":["https:\/\/www.californiansmiles.com\/wp-content\/uploads\/2026\/02\/IMG_9729-150x150.jpg",150,150,true],"medium":["https:\/\/www.californiansmiles.com\/wp-content\/uploads\/2026\/02\/IMG_9729-300x300.jpg",300,300,true],"medium_large":["https:\/\/www.californiansmiles.com\/wp-content\/uploads\/2026\/02\/IMG_9729-768x768.jpg",768,768,true],"large":["https:\/\/www.californiansmiles.com\/wp-content\/uploads\/2026\/02\/IMG_9729.jpg",1000,1000,false],"1536x1536":["https:\/\/www.californiansmiles.com\/wp-content\/uploads\/2026\/02\/IMG_9729.jpg",1000,1000,false],"2048x2048":["https:\/\/www.californiansmiles.com\/wp-content\/uploads\/2026\/02\/IMG_9729.jpg",1000,1000,false],"trp-custom-language-flag":["https:\/\/www.californiansmiles.com\/wp-content\/uploads\/2026\/02\/IMG_9729-12x12.jpg",12,12,true],"woocommerce_thumbnail":["https:\/\/www.californiansmiles.com\/wp-content\/uploads\/2026\/02\/IMG_9729-300x300.jpg",300,300,true],"woocommerce_single":["https:\/\/www.californiansmiles.com\/wp-content\/uploads\/2026\/02\/IMG_9729-600x600.jpg",600,600,true],"woocommerce_gallery_thumbnail":["https:\/\/www.californiansmiles.com\/wp-content\/uploads\/2026\/02\/IMG_9729-100x100.jpg",100,100,true]},"uagb_author_info":{"display_name":"admin","author_link":"https:\/\/www.californiansmiles.com\/sk\/author\/"},"uagb_comment_info":0,"uagb_excerpt":"Achieves long-lasting hair reduction from the comfort of your home with advanced intense pulsed light technology. Our intense pulsed light hair removal device uses intense pulsed light to target hair follicles at the root, gradually reducing regrowth and leaving your skin smoother with every session. It brings professional-level performance directly into your personal care routine&hellip;","_links":{"self":[{"href":"https:\/\/www.californiansmiles.com\/sk\/wp-json\/wp\/v2\/product\/24841","targetHints":{"allow":["GET"]}}],"collection":[{"href":"https:\/\/www.californiansmiles.com\/sk\/wp-json\/wp\/v2\/product"}],"about":[{"href":"https:\/\/www.californiansmiles.com\/sk\/wp-json\/wp\/v2\/types\/product"}],"replies":[{"embeddable":true,"href":"https:\/\/www.californiansmiles.com\/sk\/wp-json\/wp\/v2\/comments?post=24841"}],"version-history":[{"count":2,"href":"https:\/\/www.californiansmiles.com\/sk\/wp-json\/wp\/v2\/product\/24841\/revisions"}],"predecessor-version":[{"id":24851,"href":"https:\/\/www.californiansmiles.com\/sk\/wp-json\/wp\/v2\/product\/24841\/revisions\/24851"}],"wp:featuredmedia":[{"embeddable":true,"href":"https:\/\/www.californiansmiles.com\/sk\/wp-json\/wp\/v2\/media\/24847"}],"wp:attachment":[{"href":"https:\/\/www.californiansmiles.com\/sk\/wp-json\/wp\/v2\/media?parent=24841"}],"wp:term":[{"taxonomy":"product_brand","embeddable":true,"href":"https:\/\/www.californiansmiles.com\/sk\/wp-json\/wp\/v2\/product_brand?post=24841"},{"taxonomy":"product_cat","embeddable":true,"href":"https:\/\/www.californiansmiles.com\/sk\/wp-json\/wp\/v2\/product_cat?post=24841"},{"taxonomy":"product_tag","embeddable":true,"href":"https:\/\/www.californiansmiles.com\/sk\/wp-json\/wp\/v2\/product_tag?post=24841"}],"curies":[{"name":"wp","href":"https:\/\/api.w.org\/{rel}","templated":true}]}}