{"id":23720,"date":"2025-08-17T19:41:39","date_gmt":"2025-08-17T17:41:39","guid":{"rendered":"https:\/\/www.californiansmiles.com\/?post_type=product&#038;p=23720"},"modified":"2026-02-20T08:13:38","modified_gmt":"2026-02-20T07:13:38","slug":"led-mask","status":"publish","type":"product","link":"https:\/\/www.californiansmiles.com\/ro\/products\/led-mask\/","title":{"rendered":"Masca LED"},"content":{"rendered":"<p><strong><img decoding=\"async\" style=\"margin-right: 12px;\" src=\"https:\/\/www.californiansmiles.com\/wp-content\/uploads\/2026\/02\/Check.svg\" alt=\"\" width=\"18\" height=\"15\" \/>Cea mai eficient\u0103 masc\u0103 LED pentru rezultate vizibile \u0219i de lung\u0103 durat\u0103.<\/strong> Folosind lungimi de und\u0103 optimizate ale luminii, masca noastr\u0103 p\u0103trunde \u00een piele la diferite ad\u00e2ncimi pentru a aborda probleme comune, cum ar fi liniile fine, acneea, ro\u0219ea\u021ba \u0219i tenul neuniform. Intensitatea luminii atent calibrat\u0103 asigur\u0103 o performan\u021b\u0103 maxim\u0103, r\u0103m\u00e2n\u00e2nd \u00een acela\u0219i timp confortabil\u0103 pentru utilizarea regulat\u0103.<\/p>\n<p><strong><img decoding=\"async\" style=\"margin-right: 12px;\" src=\"https:\/\/www.californiansmiles.com\/wp-content\/uploads\/2026\/02\/Check.svg\" alt=\"\" width=\"18\" height=\"15\" \/>Singura masc\u0103 LED cu o garan\u021bie de satisfac\u021bie sau de returnare a banilor.<\/strong> Masca noastr\u0103 cu LED este singura de pe pia\u021b\u0103 care vine cu o garan\u021bie de satisfac\u021bie sau de returnare a banilor, oferindu-v\u0103 lini\u0219te deplin\u0103. Credem at\u00e2t de mult \u00een eficien\u021ba sa \u00eenc\u00e2t v\u0103 promitem \u00eembun\u0103t\u0103\u021biri vizibile ale pielii sau v\u0103 return\u0103m banii.<\/p>\n<p><strong><img decoding=\"async\" style=\"margin-right: 12px;\" src=\"https:\/\/www.californiansmiles.com\/wp-content\/uploads\/2026\/02\/Check.svg\" alt=\"\" width=\"18\" height=\"15\" \/>Dovedit clinic pentru \u00eentinerirea \u0219i protejarea pielii.<\/strong> Dezvoltat\u0103 cu expertiz\u0103 dermatologic\u0103 de ultim\u0103 or\u0103, aceast\u0103 masc\u0103 LED utilizeaz\u0103 tehnologie de grad medical sus\u021binut\u0103 de studii clinice franceze. Aceasta reduce ridurile, diminueaz\u0103 petele \u00eentunecate, stimuleaz\u0103 produc\u021bia de colagen \u0219i ajut\u0103 la combaterea imperfec\u021biunilor, asigur\u00e2nd o piele mai s\u0103n\u0103toas\u0103 \u0219i mai radiant\u0103.<\/p>\n<p><strong><img decoding=\"async\" style=\"margin-right: 12px;\" src=\"https:\/\/www.californiansmiles.com\/wp-content\/uploads\/2026\/02\/Check.svg\" alt=\"\" width=\"18\" height=\"15\" \/>Fototerapie avansat\u0103 cu lungimi de und\u0103 dovedite.<\/strong> Echipat\u0103 cu 254 de LED-uri de \u00eenalt\u0103 precizie, masca emite lumin\u0103 ro\u0219ie la 633nm \u0219i lumin\u0103 infraro\u0219ie la 830nm, lungimi de und\u0103 recunoscute \u0219tiin\u021bific la nivel mondial pentru efectele lor \u00eentineritoare. \u00cempreun\u0103, acestea p\u0103trund ad\u00e2nc \u00een piele pentru a promova regenerarea natural\u0103 \u0219i rezultatele de lung\u0103 durat\u0103.<\/p>\n<p><strong><img decoding=\"async\" style=\"margin-right: 12px;\" src=\"https:\/\/www.californiansmiles.com\/wp-content\/uploads\/2026\/02\/Check.svg\" alt=\"\" width=\"18\" height=\"15\" \/>Piele vizibil mai luminoas\u0103 \u0219i mai fin\u0103.<\/strong> Cu o utilizare regulat\u0103, masca cu LED spore\u0219te str\u0103lucirea natural\u0103 a pielii, uniformizeaz\u0103 tenul \u0219i neteze\u0219te liniile fine. Rezultatul: o piele cu un aspect vizibil mai t\u00e2n\u0103r, care radiaz\u0103 s\u0103n\u0103tate \u0219i vitalitate, totul f\u0103r\u0103 proceduri invazive.<\/p>\n<p><strong><img decoding=\"async\" style=\"margin-right: 12px;\" src=\"https:\/\/www.californiansmiles.com\/wp-content\/uploads\/2026\/02\/Check.svg\" alt=\"\" width=\"18\" height=\"15\" \/>\u00cengrijire confortabil\u0103 \u0219i f\u0103r\u0103 efort.<\/strong> Conceput\u0103 pentru a se potrivi natural pe fa\u021b\u0103, masca este u\u0219oar\u0103 \u0219i ergonomic\u0103 pentru confort maxim \u00een timpul fiec\u0103rei sesiuni. Ingineria sa de precizie asigur\u0103 o distribu\u021bie uniform\u0103 a luminii pe \u00eentreaga suprafa\u021b\u0103 a pielii.<\/p>\n<p><strong><img decoding=\"async\" style=\"margin-right: 12px;\" src=\"https:\/\/www.californiansmiles.com\/wp-content\/uploads\/2026\/02\/Check.svg\" alt=\"\" width=\"18\" height=\"15\" \/>Sigur, neinvaziv \u0219i u\u0219or de utilizat.<\/strong> Aceast\u0103 masc\u0103 LED este neinvaziv\u0103, sigur\u0103 pentru toate tipurile de piele \u0219i nu necesit\u0103 prescrip\u021bie medical\u0103. Purta\u021bi-o pur \u0219i simplu acas\u0103 pentru a v\u0103 bucura de beneficiile de \u00eengrijire a pielii de nivel profesional, dup\u0103 bunul plac.<\/p>\n<p><strong><img decoding=\"async\" style=\"margin-right: 12px;\" src=\"https:\/\/www.californiansmiles.com\/wp-content\/uploads\/2026\/02\/Check.svg\" alt=\"\" width=\"18\" height=\"15\" \/>Livrare rapid\u0103 \u00een 24 de ore, astfel \u00eenc\u00e2t s\u0103 v\u0103 pute\u021bi \u00eencepe imediat rutina de \u00eengrijire a pielii.<\/strong> \u00cen\u021belegem c\u0103 atunci c\u00e2nd vine vorba de \u00eengrijirea pielii, v\u0103 dori\u021bi rezultate rapide. Acesta este motivul pentru care oferim \u00eentotdeauna livrare \u00een 24 de ore, permi\u021b\u00e2ndu-v\u0103 s\u0103 \u00eencepe\u021bi tratamentul f\u0103r\u0103 a a\u0219tepta inutil.<\/p>\n<h2><strong>Instruc\u021biuni<\/strong><\/h2>\n<ol>\n<li><strong> \u00cenc\u0103rca\u021bi masca \u00eenainte de prima utilizare<\/strong><br \/>\n\u00cenainte de a utiliza masca LED pentru prima dat\u0103, conecta\u021bi-o la cablul de \u00eenc\u0103rcare furnizat p\u00e2n\u0103 c\u00e2nd ajunge la o \u00eenc\u0103rcare complet\u0103. O \u00eenc\u0103rcare ini\u021bial\u0103 complet\u0103 asigur\u0103 o performan\u021b\u0103 optim\u0103 \u0219i o utilizare de lung\u0103 durat\u0103.<\/li>\n<li><strong> Cur\u0103\u021ba\u021bi-v\u0103 pielea<\/strong><br \/>\nSp\u0103la\u021bi-v\u0103 fa\u021ba cu un produs de cur\u0103\u021bare delicat pentru a \u00eendep\u0103rta machiajul, uleiul sau impurit\u0103\u021bile. Usca\u021bi-v\u0103 complet pielea \u00eenainte de a purta masca pentru a maximiza penetrarea luminii \u0219i rezultatele.<\/li>\n<li><strong> Purta\u021bi masca<\/strong><br \/>\nA\u0219eza\u021bi masca confortabil pe fa\u021b\u0103, ajust\u00e2nd cureaua astfel \u00eenc\u00e2t s\u0103 stea bine, f\u0103r\u0103 presiune. Asigura\u021bi-v\u0103 c\u0103 \u00eentreaga suprafa\u021b\u0103 a pielii este expus\u0103 uniform la LED-uri.<\/li>\n<li><strong> Selecta\u021bi modul \u0219i durata<\/strong><br \/>\nPorni\u021bi masca \u0219i alege\u021bi setarea de lumin\u0103 preferat\u0103. O sesiune standard dureaz\u0103 10-20 de minute, \u00een func\u021bie de obiectivele dvs. de \u00eengrijire a pielii. Cronometrul \u00eencorporat va opri automat masca la sf\u00e2r\u0219itul sesiunii.<\/li>\n<li><strong> Relaxa\u021bi-v\u0103 \u00een timpul tratamentului<\/strong><br \/>\nSta\u021bi jos sau \u00eentinde\u021bi-v\u0103 \u00eentr-o pozi\u021bie confortabil\u0103 \u00een timp ce masca func\u021bioneaz\u0103. Nu este nevoie de mi\u0219care activ\u0103 - pur \u0219i simplu relaxa\u021bi-v\u0103 \u0219i l\u0103sa\u021bi terapia cu lumin\u0103 s\u0103 v\u0103 stimuleze celulele pielii.<\/li>\n<li><strong> Dup\u0103 sesiune<\/strong><br \/>\n\u00cendep\u0103rta\u021bi masca \u0219i aplica\u021bi produsele dvs. obi\u0219nuite de \u00eengrijire a pielii, cum ar fi serul sau crema hidratant\u0103. Terapia cu lumin\u0103 LED \u00eembun\u0103t\u0103\u021be\u0219te absorb\u021bia, f\u0103c\u00e2nd produsele dvs. mai eficiente.<\/li>\n<li><strong> Utiliza\u021bi \u00een mod constant pentru cele mai bune rezultate<\/strong><br \/>\nPentru \u00eembun\u0103t\u0103\u021biri notabile, utiliza\u021bi masca de 3-5 ori pe s\u0103pt\u0103m\u00e2n\u0103. Rezultatele, cum ar fi textura mai fin\u0103, reducerea ridurilor \u0219i pielea mai luminoas\u0103, devin vizibile \u00een c\u00e2teva s\u0103pt\u0103m\u00e2ni de utilizare consecvent\u0103.<\/li>\n<\/ol>","protected":false},"excerpt":{"rendered":"<p>The most effective LED mask for visible and long-lasting results. Using optimized light wavelengths, our mask penetrates the skin at different depths to target common concerns such as fine lines, acne, redness, and uneven complexion. The carefully calibrated light intensity ensures maximum performance while remaining comfortable for regular use. The only LED mask with a [&hellip;]<\/p>\n","protected":false},"featured_media":23726,"comment_status":"open","ping_status":"closed","template":"","meta":{"_uag_custom_page_level_css":"","site-sidebar-layout":"default","site-content-layout":"","ast-site-content-layout":"default","site-content-style":"default","site-sidebar-style":"default","ast-global-header-display":"","ast-banner-title-visibility":"","ast-main-header-display":"","ast-hfb-above-header-display":"","ast-hfb-below-header-display":"","ast-hfb-mobile-header-display":"","site-post-title":"","ast-breadcrumbs-content":"","ast-featured-img":"","footer-sml-layout":"","ast-disable-related-posts":"","theme-transparent-header-meta":"default","adv-header-id-meta":"","stick-header-meta":"","header-above-stick-meta":"","header-main-stick-meta":"","header-below-stick-meta":"","astra-migrate-meta-layouts":"set","ast-page-background-enabled":"default","ast-page-background-meta":{"desktop":{"background-color":"var(--ast-global-color-4)","background-image":"","background-repeat":"repeat","background-position":"center center","background-size":"auto","background-attachment":"scroll","background-type":"","background-media":"","overlay-type":"","overlay-color":"","overlay-opacity":"","overlay-gradient":""},"tablet":{"background-color":"","background-image":"","background-repeat":"repeat","background-position":"center center","background-size":"auto","background-attachment":"scroll","background-type":"","background-media":"","overlay-type":"","overlay-color":"","overlay-opacity":"","overlay-gradient":""},"mobile":{"background-color":"","background-image":"","background-repeat":"repeat","background-position":"center center","background-size":"auto","background-attachment":"scroll","background-type":"","background-media":"","overlay-type":"","overlay-color":"","overlay-opacity":"","overlay-gradient":""}},"ast-content-background-meta":{"desktop":{"background-color":"var(--ast-global-color-5)","background-image":"","background-repeat":"repeat","background-position":"center center","background-size":"auto","background-attachment":"scroll","background-type":"","background-media":"","overlay-type":"","overlay-color":"","overlay-opacity":"","overlay-gradient":""},"tablet":{"background-color":"var(--ast-global-color-5)","background-image":"","background-repeat":"repeat","background-position":"center center","background-size":"auto","background-attachment":"scroll","background-type":"","background-media":"","overlay-type":"","overlay-color":"","overlay-opacity":"","overlay-gradient":""},"mobile":{"background-color":"var(--ast-global-color-5)","background-image":"","background-repeat":"repeat","background-position":"center center","background-size":"auto","background-attachment":"scroll","background-type":"","background-media":"","overlay-type":"","overlay-color":"","overlay-opacity":"","overlay-gradient":""}}},"product_brand":[],"product_cat":[15],"product_tag":[],"class_list":{"0":"post-23720","1":"product","2":"type-product","3":"status-publish","4":"has-post-thumbnail","6":"product_cat-shop","7":"desktop-align-left","8":"tablet-align-left","9":"mobile-align-left","11":"first","12":"instock","13":"shipping-taxable","14":"purchasable","15":"product-type-simple"},"spectra_custom_meta":{"_edit_lock":["1772285032:1"],"_edit_last":["1"],"merchant-center-availability":["yes"],"merchant-center-category":["6262"],"_thumbnail_id":["23726"],"_wp_page_template":["default"],"_sku":["CSLEDMASK"],"_global_unique_id":["5056773820791"],"_regular_price":["99.90"],"total_sales":["23"],"_tax_status":["taxable"],"_tax_class":[""],"_manage_stock":["no"],"_backorders":["no"],"_sold_individually":["no"],"_weight":["0.2"],"_virtual":["no"],"_downloadable":["no"],"_download_limit":["-1"],"_download_expiry":["-1"],"_stock":[null],"_stock_status":["instock"],"_wc_average_rating":["5.00"],"_wc_review_count":["122"],"_product_version":["10.5.2"],"_price":["99.90"],"_product_image_gallery":["23728,23727,23725,23724,23723,23722,23721"],"site-sidebar-layout":["default"],"ast-site-content-layout":["default"],"site-content-style":["default"],"site-sidebar-style":["default"],"theme-transparent-header-meta":["default"],"_wc_rating_count":["a:1:{i:5;i:122;}"],"astra-migrate-meta-layouts":["set"],"_uag_css_file_name":["uag-css-23720.css"],"_elementor_page_assets":["a:0:{}"],"_uag_page_assets":["a:9:{s:3:\"css\";s:7156:\".uag-blocks-common-selector{z-index:var(--z-index-desktop) !important}@media (max-width: 976px){.uag-blocks-common-selector{z-index:var(--z-index-tablet) !important}}@media (max-width: 767px){.uag-blocks-common-selector{z-index:var(--z-index-mobile) !important}}\n.wp-block-uagb-image{display:flex}.wp-block-uagb-image__figure{position:relative;display:flex;flex-direction:column;max-width:100%;height:auto;margin:0}.wp-block-uagb-image__figure img{height:auto;display:flex;max-width:100%;transition:box-shadow 0.2s ease}.wp-block-uagb-image__figure>a{display:inline-block}.wp-block-uagb-image__figure figcaption{text-align:center;margin-top:0.5em;margin-bottom:1em}.wp-block-uagb-image .components-placeholder.block-editor-media-placeholder .components-placeholder__instructions{align-self:center}.wp-block-uagb-image--align-left{text-align:left}.wp-block-uagb-image--align-right{text-align:right}.wp-block-uagb-image--align-center{text-align:center}.wp-block-uagb-image--align-full .wp-block-uagb-image__figure{margin-left:calc(50% - 50vw);margin-right:calc(50% - 50vw);max-width:100vw;width:100vw;height:auto}.wp-block-uagb-image--align-full .wp-block-uagb-image__figure img{height:auto;width:100% !important}.wp-block-uagb-image--align-wide .wp-block-uagb-image__figure img{height:auto;width:100%}.wp-block-uagb-image--layout-overlay__color-wrapper{position:absolute;left:0;top:0;right:0;bottom:0;opacity:0.2;background:rgba(0,0,0,0.5);transition:opacity 0.35s ease-in-out}.wp-block-uagb-image--layout-overlay-link{position:absolute;left:0;right:0;bottom:0;top:0}.wp-block-uagb-image--layout-overlay .wp-block-uagb-image__figure:hover .wp-block-uagb-image--layout-overlay__color-wrapper{opacity:1}.wp-block-uagb-image--layout-overlay__inner{position:absolute;left:15px;right:15px;bottom:15px;top:15px;display:flex;align-items:center;justify-content:center;flex-direction:column;border-color:#fff;transition:0.35s ease-in-out}.wp-block-uagb-image--layout-overlay__inner.top-left,.wp-block-uagb-image--layout-overlay__inner.top-center,.wp-block-uagb-image--layout-overlay__inner.top-right{justify-content:flex-start}.wp-block-uagb-image--layout-overlay__inner.bottom-left,.wp-block-uagb-image--layout-overlay__inner.bottom-center,.wp-block-uagb-image--layout-overlay__inner.bottom-right{justify-content:flex-end}.wp-block-uagb-image--layout-overlay__inner.top-left,.wp-block-uagb-image--layout-overlay__inner.center-left,.wp-block-uagb-image--layout-overlay__inner.bottom-left{align-items:flex-start}.wp-block-uagb-image--layout-overlay__inner.top-right,.wp-block-uagb-image--layout-overlay__inner.center-right,.wp-block-uagb-image--layout-overlay__inner.bottom-right{align-items:flex-end}.wp-block-uagb-image--layout-overlay__inner .uagb-image-heading{color:#fff;transition:transform 0.35s, opacity 0.35s ease-in-out;transform:translate3d(0, 24px, 0);margin:0;line-height:1em}.wp-block-uagb-image--layout-overlay__inner .uagb-image-separator{width:30%;border-top-width:2px;border-top-color:#fff;border-top-style:solid;margin-bottom:10px;opacity:0;transition:transform 0.4s, opacity 0.4s ease-in-out;transform:translate3d(0, 30px, 0)}.wp-block-uagb-image--layout-overlay__inner .uagb-image-caption{opacity:0;overflow:visible;color:#fff;transition:transform 0.45s, opacity 0.45s ease-in-out;transform:translate3d(0, 35px, 0)}.wp-block-uagb-image--layout-overlay__inner:hover .uagb-image-heading,.wp-block-uagb-image--layout-overlay__inner:hover .uagb-image-separator,.wp-block-uagb-image--layout-overlay__inner:hover .uagb-image-caption{opacity:1;transform:translate3d(0, 0, 0)}.wp-block-uagb-image--effect-zoomin .wp-block-uagb-image__figure img,.wp-block-uagb-image--effect-zoomin .wp-block-uagb-image__figure .wp-block-uagb-image--layout-overlay__color-wrapper{transform:scale(1);transition:transform 0.35s ease-in-out}.wp-block-uagb-image--effect-zoomin .wp-block-uagb-image__figure:hover img,.wp-block-uagb-image--effect-zoomin .wp-block-uagb-image__figure:hover .wp-block-uagb-image--layout-overlay__color-wrapper{transform:scale(1.05)}.wp-block-uagb-image--effect-slide .wp-block-uagb-image__figure img,.wp-block-uagb-image--effect-slide .wp-block-uagb-image__figure .wp-block-uagb-image--layout-overlay__color-wrapper{width:calc(100% + 40px) !important;max-width:none !important;transform:translate3d(-40px, 0, 0);transition:transform 0.35s ease-in-out}.wp-block-uagb-image--effect-slide .wp-block-uagb-image__figure:hover img,.wp-block-uagb-image--effect-slide .wp-block-uagb-image__figure:hover .wp-block-uagb-image--layout-overlay__color-wrapper{transform:translate3d(0, 0, 0)}.wp-block-uagb-image--effect-grayscale img{filter:grayscale(0%);transition:0.35s ease-in-out}.wp-block-uagb-image--effect-grayscale:hover img{filter:grayscale(100%)}.wp-block-uagb-image--effect-blur img{filter:blur(0);transition:0.35s ease-in-out}.wp-block-uagb-image--effect-blur:hover img{filter:blur(3px)}\n.uagb-block-e6f939b3.wp-block-uagb-image--layout-default figure img{box-shadow: 0px 0px 0 #00000070;}.uagb-block-e6f939b3.wp-block-uagb-image .wp-block-uagb-image__figure figcaption{font-style: normal;align-self: center;}.uagb-block-e6f939b3.wp-block-uagb-image--layout-overlay figure img{box-shadow: 0px 0px 0 #00000070;}.uagb-block-e6f939b3.wp-block-uagb-image--layout-overlay .wp-block-uagb-image--layout-overlay__color-wrapper{opacity: 0.2;}.uagb-block-e6f939b3.wp-block-uagb-image--layout-overlay .wp-block-uagb-image--layout-overlay__inner{left: 15px;right: 15px;top: 15px;bottom: 15px;}.uagb-block-e6f939b3.wp-block-uagb-image--layout-overlay .wp-block-uagb-image--layout-overlay__inner .uagb-image-heading{font-style: normal;color: #fff;opacity: 1;}.uagb-block-e6f939b3.wp-block-uagb-image--layout-overlay .wp-block-uagb-image--layout-overlay__inner .uagb-image-heading a{color: #fff;}.uagb-block-e6f939b3.wp-block-uagb-image--layout-overlay .wp-block-uagb-image--layout-overlay__inner .uagb-image-caption{opacity: 0;}.uagb-block-e6f939b3.wp-block-uagb-image--layout-overlay .wp-block-uagb-image__figure:hover .wp-block-uagb-image--layout-overlay__color-wrapper{opacity: 1;}.uagb-block-e6f939b3.wp-block-uagb-image .wp-block-uagb-image--layout-overlay__inner .uagb-image-separator{width: 30%;border-top-width: 2px;border-top-color: #fff;opacity: 0;}.uagb-block-e6f939b3.wp-block-uagb-image .wp-block-uagb-image__figure img{width: px;height: auto;}.uagb-block-e6f939b3.wp-block-uagb-image .wp-block-uagb-image__figure:hover .wp-block-uagb-image--layout-overlay__inner .uagb-image-caption{opacity: 1;}.uagb-block-e6f939b3.wp-block-uagb-image .wp-block-uagb-image__figure:hover .wp-block-uagb-image--layout-overlay__inner .uagb-image-separator{opacity: 1;}.uagb-block-e6f939b3.wp-block-uagb-image--layout-default figure:hover img{box-shadow: 0px 0px 0 #00000070;}.uagb-block-e6f939b3.wp-block-uagb-image--layout-overlay figure:hover img{box-shadow: 0px 0px 0 #00000070;}@media only screen and (max-width: 976px) {.uagb-block-e6f939b3.wp-block-uagb-image .wp-block-uagb-image__figure img{width: px;height: auto;}}@media only screen and (max-width: 767px) {.uagb-block-e6f939b3.wp-block-uagb-image .wp-block-uagb-image__figure img{width: px;height: auto;}}\";s:2:\"js\";s:0:\"\";s:18:\"current_block_list\";a:13:{i:0;s:11:\"core\/search\";i:1;s:10:\"core\/group\";i:2;s:12:\"core\/heading\";i:3;s:17:\"core\/latest-posts\";i:4;s:20:\"core\/latest-comments\";i:5;s:13:\"core\/archives\";i:6;s:15:\"core\/categories\";i:7;s:14:\"core\/paragraph\";i:8;s:10:\"uagb\/image\";i:9;s:11:\"core\/spacer\";i:10;s:30:\"woocommerce\/product-categories\";i:11;s:10:\"core\/image\";i:12;s:14:\"core\/shortcode\";}s:8:\"uag_flag\";b:1;s:11:\"uag_version\";s:10:\"1776179068\";s:6:\"gfonts\";a:0:{}s:10:\"gfonts_url\";s:0:\"\";s:12:\"gfonts_files\";a:0:{}s:14:\"uag_faq_layout\";b:0;}"]},"uagb_featured_image_src":{"full":["https:\/\/www.californiansmiles.com\/wp-content\/uploads\/2025\/08\/WhatsApp-Image-2025-07-31-at-12.01.28-2.jpeg",1000,1000,false],"thumbnail":["https:\/\/www.californiansmiles.com\/wp-content\/uploads\/2025\/08\/WhatsApp-Image-2025-07-31-at-12.01.28-2-150x150.jpeg",150,150,true],"medium":["https:\/\/www.californiansmiles.com\/wp-content\/uploads\/2025\/08\/WhatsApp-Image-2025-07-31-at-12.01.28-2-300x300.jpeg",300,300,true],"medium_large":["https:\/\/www.californiansmiles.com\/wp-content\/uploads\/2025\/08\/WhatsApp-Image-2025-07-31-at-12.01.28-2-768x768.jpeg",768,768,true],"large":["https:\/\/www.californiansmiles.com\/wp-content\/uploads\/2025\/08\/WhatsApp-Image-2025-07-31-at-12.01.28-2.jpeg",1000,1000,false],"1536x1536":["https:\/\/www.californiansmiles.com\/wp-content\/uploads\/2025\/08\/WhatsApp-Image-2025-07-31-at-12.01.28-2.jpeg",1000,1000,false],"2048x2048":["https:\/\/www.californiansmiles.com\/wp-content\/uploads\/2025\/08\/WhatsApp-Image-2025-07-31-at-12.01.28-2.jpeg",1000,1000,false],"trp-custom-language-flag":["https:\/\/www.californiansmiles.com\/wp-content\/uploads\/2025\/08\/WhatsApp-Image-2025-07-31-at-12.01.28-2-12x12.jpeg",12,12,true],"woocommerce_thumbnail":["https:\/\/www.californiansmiles.com\/wp-content\/uploads\/2025\/08\/WhatsApp-Image-2025-07-31-at-12.01.28-2-300x300.jpeg",300,300,true],"woocommerce_single":["https:\/\/www.californiansmiles.com\/wp-content\/uploads\/2025\/08\/WhatsApp-Image-2025-07-31-at-12.01.28-2-600x600.jpeg",600,600,true],"woocommerce_gallery_thumbnail":["https:\/\/www.californiansmiles.com\/wp-content\/uploads\/2025\/08\/WhatsApp-Image-2025-07-31-at-12.01.28-2-100x100.jpeg",100,100,true]},"uagb_author_info":{"display_name":"admin","author_link":"https:\/\/www.californiansmiles.com\/ro\/author\/"},"uagb_comment_info":122,"uagb_excerpt":"The most effective LED mask for visible and long-lasting results. Using optimized light wavelengths, our mask penetrates the skin at different depths to target common concerns such as fine lines, acne, redness, and uneven complexion. The carefully calibrated light intensity ensures maximum performance while remaining comfortable for regular use. The only LED mask with a&hellip;","_links":{"self":[{"href":"https:\/\/www.californiansmiles.com\/ro\/wp-json\/wp\/v2\/product\/23720","targetHints":{"allow":["GET"]}}],"collection":[{"href":"https:\/\/www.californiansmiles.com\/ro\/wp-json\/wp\/v2\/product"}],"about":[{"href":"https:\/\/www.californiansmiles.com\/ro\/wp-json\/wp\/v2\/types\/product"}],"replies":[{"embeddable":true,"href":"https:\/\/www.californiansmiles.com\/ro\/wp-json\/wp\/v2\/comments?post=23720"}],"version-history":[{"count":3,"href":"https:\/\/www.californiansmiles.com\/ro\/wp-json\/wp\/v2\/product\/23720\/revisions"}],"predecessor-version":[{"id":24797,"href":"https:\/\/www.californiansmiles.com\/ro\/wp-json\/wp\/v2\/product\/23720\/revisions\/24797"}],"wp:featuredmedia":[{"embeddable":true,"href":"https:\/\/www.californiansmiles.com\/ro\/wp-json\/wp\/v2\/media\/23726"}],"wp:attachment":[{"href":"https:\/\/www.californiansmiles.com\/ro\/wp-json\/wp\/v2\/media?parent=23720"}],"wp:term":[{"taxonomy":"product_brand","embeddable":true,"href":"https:\/\/www.californiansmiles.com\/ro\/wp-json\/wp\/v2\/product_brand?post=23720"},{"taxonomy":"product_cat","embeddable":true,"href":"https:\/\/www.californiansmiles.com\/ro\/wp-json\/wp\/v2\/product_cat?post=23720"},{"taxonomy":"product_tag","embeddable":true,"href":"https:\/\/www.californiansmiles.com\/ro\/wp-json\/wp\/v2\/product_tag?post=23720"}],"curies":[{"name":"wp","href":"https:\/\/api.w.org\/{rel}","templated":true}]}}