{"id":24841,"date":"2026-02-28T14:26:08","date_gmt":"2026-02-28T13:26:08","guid":{"rendered":"https:\/\/www.californiansmiles.com\/?post_type=product&#038;p=24841"},"modified":"2026-02-28T14:27:53","modified_gmt":"2026-02-28T13:27:53","slug":"intense-pulsed-light-hair-removal-device","status":"publish","type":"product","link":"https:\/\/www.californiansmiles.com\/pl\/products\/intense-pulsed-light-hair-removal-device\/","title":{"rendered":"Urz\u0105dzenie do usuwania ow\u0142osienia za pomoc\u0105 intensywnego \u015bwiat\u0142a impulsowego"},"content":{"rendered":"<p><strong><img decoding=\"async\" style=\"margin-right: 12px;\" src=\"https:\/\/www.californiansmiles.com\/wp-content\/uploads\/2026\/02\/Check.svg\" alt=\"\" width=\"18\" height=\"15\" \/>Zapewnia d\u0142ugotrwa\u0142\u0105 redukcj\u0119 ow\u0142osienia w zaciszu w\u0142asnego domu dzi\u0119ki zaawansowanej technologii intensywnego \u015bwiat\u0142a pulsacyjnego.<\/strong> Nasze urz\u0105dzenie do depilacji intensywnie pulsuj\u0105cym \u015bwiat\u0142em wykorzystuje intensywnie pulsuj\u0105ce \u015bwiat\u0142o, aby celowa\u0107 w mieszki w\u0142osowe u nasady, stopniowo zmniejszaj\u0105c odrastanie i pozostawiaj\u0105c sk\u00f3r\u0119 g\u0142adsz\u0105 z ka\u017cd\u0105 sesj\u0105. Zapewnia profesjonaln\u0105 wydajno\u015b\u0107 bezpo\u015brednio w osobistej rutynie piel\u0119gnacyjnej bez konieczno\u015bci wizyt w klinice.<\/p>\n<p><strong><img decoding=\"async\" style=\"margin-right: 12px;\" src=\"https:\/\/www.californiansmiles.com\/wp-content\/uploads\/2026\/02\/Check.svg\" alt=\"\" width=\"18\" height=\"15\" \/>Najskuteczniejsze urz\u0105dzenie do depilacji intensywnym \u015bwiat\u0142em pulsacyjnym dost\u0119pne na rynku.<\/strong> Zaprojektowane ze zoptymalizowan\u0105 moc\u0105 \u015bwiat\u0142a i precyzyjnym celowaniem, nasze urz\u0105dzenie dostarcza pot\u0119\u017cne impulsy, kt\u00f3re przerywaj\u0105 cykl wzrostu w\u0142os\u00f3w, pozostaj\u0105c jednocze\u015bnie delikatnymi dla otaczaj\u0105cej sk\u00f3ry. Przy konsekwentnym stosowaniu zauwa\u017cysz wyra\u017anie zmniejszon\u0105 g\u0119sto\u015b\u0107 w\u0142os\u00f3w i wolniejszy odrost.<\/p>\n<p><strong><img decoding=\"async\" style=\"margin-right: 12px;\" src=\"https:\/\/www.californiansmiles.com\/wp-content\/uploads\/2026\/02\/Check.svg\" alt=\"\" width=\"18\" height=\"15\" \/>Oferujemy najta\u0144sze na rynku profesjonalne rozwi\u0105zanie intensywnie pulsuj\u0105cego \u015bwiat\u0142a.<\/strong> Nasz model cenowy gwarantuje, \u017ce otrzymasz wysokiej klasy technologi\u0119 po najni\u017cszych mo\u017cliwych kosztach. Zamiast wydawa\u0107 du\u017ce kwoty na zabiegi w salonie, mo\u017cesz zainwestowa\u0107 raz w nasze urz\u0105dzenie i cieszy\u0107 si\u0119 d\u0142ugoterminowymi oszcz\u0119dno\u015bciami.<\/p>\n<p><strong><img decoding=\"async\" style=\"margin-right: 12px;\" src=\"https:\/\/www.californiansmiles.com\/wp-content\/uploads\/2026\/02\/Check.svg\" alt=\"\" width=\"18\" height=\"15\" \/>Gwarancja zwrotu pieni\u0119dzy dla ca\u0142kowitego spokoju ducha.<\/strong> Gwarantujemy wydajno\u015b\u0107 i jako\u015b\u0107 naszego urz\u0105dzenia do depilacji intensywnie pulsuj\u0105cym \u015bwiat\u0142em. Je\u015bli nie b\u0119dziesz w pe\u0142ni zadowolony z rezultat\u00f3w, zwr\u00f3cimy Ci pieni\u0105dze bez \u017cadnych komplikacji lub ukrytych warunk\u00f3w.<\/p>\n<p><strong><img decoding=\"async\" style=\"margin-right: 12px;\" src=\"https:\/\/www.californiansmiles.com\/wp-content\/uploads\/2026\/02\/Check.svg\" alt=\"\" width=\"18\" height=\"15\" \/>Szybka dostawa w ci\u0105gu 24 godzin umo\u017cliwia natychmiastowe rozpocz\u0119cie leczenia.<\/strong> Nie trzeba czeka\u0107 tygodniami, aby rozpocz\u0105\u0107 swoj\u0105 przygod\u0119 z depilacj\u0105. Zawsze oferujemy 24-godzinn\u0105 dostaw\u0119, zapewniaj\u0105c, \u017ce urz\u0105dzenie dotrze szybko i b\u0119dzie gotowe do u\u017cycia.<\/p>\n<p><strong><img decoding=\"async\" style=\"margin-right: 12px;\" src=\"https:\/\/www.californiansmiles.com\/wp-content\/uploads\/2026\/02\/Check.svg\" alt=\"\" width=\"18\" height=\"15\" \/>Bezpieczna technologia \u015bwiat\u0142a inspirowana badaniami klinicznymi.<\/strong> Urz\u0105dzenie jest wyposa\u017cone we wbudowane czujniki kontaktu ze sk\u00f3r\u0105 i filtry ochronne zapewniaj\u0105ce bezpieczn\u0105 emisj\u0119 energii. U\u017cywane zgodnie z instrukcjami, zapewnia niezawodn\u0105 i kontrolowan\u0105 terapi\u0119 odpowiedni\u0105 do u\u017cytku domowego.<\/p>\n<p><strong><img decoding=\"async\" style=\"margin-right: 12px;\" src=\"https:\/\/www.californiansmiles.com\/wp-content\/uploads\/2026\/02\/Check.svg\" alt=\"\" width=\"18\" height=\"15\" \/>Wiele poziom\u00f3w intensywno\u015bci dla spersonalizowanego komfortu.<\/strong> Regulowane ustawienia energii umo\u017cliwiaj\u0105 dostosowanie zabieg\u00f3w do wra\u017cliwo\u015bci sk\u00f3ry i leczonego obszaru. Niezale\u017cnie od tego, czy chodzi o delikatne strefy, czy wi\u0119ksze obszary cia\u0142a, mo\u017cesz dostosowa\u0107 do\u015bwiadczenie dla optymalnego komfortu i skuteczno\u015bci.<\/p>\n<p><strong><img decoding=\"async\" style=\"margin-right: 12px;\" src=\"https:\/\/www.californiansmiles.com\/wp-content\/uploads\/2026\/02\/Check.svg\" alt=\"\" width=\"18\" height=\"15\" \/>Nadaje si\u0119 do r\u00f3\u017cnych obszar\u00f3w cia\u0142a.<\/strong> Urz\u0105dzenie mo\u017ce by\u0107 stosowane na nogach, ramionach, pod pachami, na linii bikini, klatce piersiowej i innych odpowiednich obszarach, zapewniaj\u0105c redukcj\u0119 ow\u0142osienia ca\u0142ego cia\u0142a za pomoc\u0105 jednego kompaktowego narz\u0119dzia.<\/p>\n<p><strong><img decoding=\"async\" style=\"margin-right: 12px;\" src=\"https:\/\/www.californiansmiles.com\/wp-content\/uploads\/2026\/02\/Check.svg\" alt=\"\" width=\"18\" height=\"15\" \/>D\u0142uga \u017cywotno\u015b\u0107 lampy b\u0142yskowej dla d\u0142u\u017cszego u\u017cytkowania.<\/strong> Wyposa\u017cone w kaset\u0119 \u015bwietln\u0105 o du\u017cej pojemno\u015bci, urz\u0105dzenie zapewnia tysi\u0105ce b\u0142ysk\u00f3w, zapewniaj\u0105c miesi\u0105ce, a nawet lata zabieg\u00f3w bez konieczno\u015bci cz\u0119stej wymiany.<\/p>\n<p><strong><img decoding=\"async\" style=\"margin-right: 12px;\" src=\"https:\/\/www.californiansmiles.com\/wp-content\/uploads\/2026\/02\/Check.svg\" alt=\"\" width=\"18\" height=\"15\" \/>Poprawia g\u0142adko\u015b\u0107 sk\u00f3ry i zwi\u0119ksza pewno\u015b\u0107 siebie.<\/strong> Stopniowo redukuj\u0105c niechciane ow\u0142osienie, urz\u0105dzenie pomaga zminimalizowa\u0107 wrastanie w\u0142osk\u00f3w, podra\u017cnienia zwi\u0105zane z goleniem i nier\u00f3wno\u015bci po goleniu, pozostawiaj\u0105c sk\u00f3r\u0119 g\u0142adsz\u0105 i zwi\u0119kszaj\u0105c og\u00f3ln\u0105 pewno\u015b\u0107 siebie.<\/p>\n<h2><strong>Instrukcje<\/strong><\/h2>\n<ul>\n<li>Przed pierwszym u\u017cyciem nale\u017cy ogoli\u0107 obszar, kt\u00f3ry ma zosta\u0107 poddany zabiegowi. Sk\u00f3ra powinna by\u0107 czysta, sucha i wolna od balsam\u00f3w, olejk\u00f3w lub dezodorant\u00f3w.<\/li>\n<li>Wybierz odpowiedni poziom intensywno\u015bci w zale\u017cno\u015bci od odcienia i wra\u017cliwo\u015bci sk\u00f3ry. Je\u015bli korzystasz z urz\u0105dzenia po raz pierwszy, zacznij od ni\u017cszego ustawienia i zwi\u0119kszaj je stopniowo, je\u015bli jest to wygodne.<\/li>\n<li>Umie\u015bci\u0107 okienko terapeutyczne p\u0142asko na sk\u00f3rze. Przed aktywacj\u0105 impulsu \u015bwietlnego nale\u017cy zapewni\u0107 pe\u0142ny kontakt.<\/li>\n<li>Naci\u015bnij przycisk lampy b\u0142yskowej, aby wyemitowa\u0107 impuls. Przesu\u0144 urz\u0105dzenie nieznacznie do nast\u0119pnego s\u0105siedniego obszaru bez nadmiernego nak\u0142adania si\u0119.<\/li>\n<li>Unikaj wielokrotnego leczenia tego samego miejsca podczas jednej sesji, aby zmniejszy\u0107 ryzyko podra\u017cnienia sk\u00f3ry.<\/li>\n<li>Aby uzyska\u0107 najlepsze wyniki, nale\u017cy u\u017cywa\u0107 urz\u0105dzenia raz na jeden do dw\u00f3ch tygodni w pocz\u0105tkowej fazie leczenia, zwykle przez 8 do 12 tygodni.<\/li>\n<li>Po fazie pocz\u0105tkowej nale\u017cy wykonywa\u0107 sesje podtrzymuj\u0105ce co cztery do o\u015bmiu tygodni, w zale\u017cno\u015bci od odrostu w\u0142os\u00f3w.<\/li>\n<li>Nie stosowa\u0107 na podra\u017cnion\u0105, uszkodzon\u0105 lub poparzon\u0105 s\u0142o\u0144cem sk\u00f3r\u0119. Unika\u0107 bezpo\u015bredniej ekspozycji na \u015bwiat\u0142o s\u0142oneczne bezpo\u015brednio przed i po zabiegu.<\/li>\n<li>Po ka\u017cdej sesji mo\u017cna zastosowa\u0107 delikatny, bezzapachowy krem nawil\u017caj\u0105cy, aby ukoi\u0107 sk\u00f3r\u0119.<\/li>\n<li>Po ka\u017cdym u\u017cyciu wyczy\u015b\u0107 okno zabiegowe mi\u0119kk\u0105, such\u0105 \u015bciereczk\u0105 i przechowuj urz\u0105dzenie w ch\u0142odnym, suchym miejscu z dala od bezpo\u015bredniego \u015bwiat\u0142a s\u0142onecznego.<\/li>\n<\/ul>","protected":false},"excerpt":{"rendered":"<p>Achieves long-lasting hair reduction from the comfort of your home with advanced intense pulsed light technology. Our intense pulsed light hair removal device uses intense pulsed light to target hair follicles at the root, gradually reducing regrowth and leaving your skin smoother with every session. It brings professional-level performance directly into your personal care routine [&hellip;]<\/p>\n","protected":false},"featured_media":24847,"comment_status":"open","ping_status":"closed","template":"","meta":{"_uag_custom_page_level_css":"","site-sidebar-layout":"default","site-content-layout":"","ast-site-content-layout":"default","site-content-style":"default","site-sidebar-style":"default","ast-global-header-display":"","ast-banner-title-visibility":"","ast-main-header-display":"","ast-hfb-above-header-display":"","ast-hfb-below-header-display":"","ast-hfb-mobile-header-display":"","site-post-title":"","ast-breadcrumbs-content":"","ast-featured-img":"","footer-sml-layout":"","ast-disable-related-posts":"","theme-transparent-header-meta":"default","adv-header-id-meta":"","stick-header-meta":"","header-above-stick-meta":"","header-main-stick-meta":"","header-below-stick-meta":"","astra-migrate-meta-layouts":"set","ast-page-background-enabled":"default","ast-page-background-meta":{"desktop":{"background-color":"var(--ast-global-color-4)","background-image":"","background-repeat":"repeat","background-position":"center center","background-size":"auto","background-attachment":"scroll","background-type":"","background-media":"","overlay-type":"","overlay-color":"","overlay-opacity":"","overlay-gradient":""},"tablet":{"background-color":"","background-image":"","background-repeat":"repeat","background-position":"center center","background-size":"auto","background-attachment":"scroll","background-type":"","background-media":"","overlay-type":"","overlay-color":"","overlay-opacity":"","overlay-gradient":""},"mobile":{"background-color":"","background-image":"","background-repeat":"repeat","background-position":"center center","background-size":"auto","background-attachment":"scroll","background-type":"","background-media":"","overlay-type":"","overlay-color":"","overlay-opacity":"","overlay-gradient":""}},"ast-content-background-meta":{"desktop":{"background-color":"var(--ast-global-color-5)","background-image":"","background-repeat":"repeat","background-position":"center center","background-size":"auto","background-attachment":"scroll","background-type":"","background-media":"","overlay-type":"","overlay-color":"","overlay-opacity":"","overlay-gradient":""},"tablet":{"background-color":"var(--ast-global-color-5)","background-image":"","background-repeat":"repeat","background-position":"center center","background-size":"auto","background-attachment":"scroll","background-type":"","background-media":"","overlay-type":"","overlay-color":"","overlay-opacity":"","overlay-gradient":""},"mobile":{"background-color":"var(--ast-global-color-5)","background-image":"","background-repeat":"repeat","background-position":"center center","background-size":"auto","background-attachment":"scroll","background-type":"","background-media":"","overlay-type":"","overlay-color":"","overlay-opacity":"","overlay-gradient":""}}},"product_brand":[],"product_cat":[15],"product_tag":[],"class_list":{"0":"post-24841","1":"product","2":"type-product","3":"status-publish","4":"has-post-thumbnail","6":"product_cat-shop","7":"desktop-align-left","8":"tablet-align-left","9":"mobile-align-left","11":"first","12":"instock","13":"shipping-taxable","14":"purchasable","15":"product-type-simple"},"spectra_custom_meta":{"_edit_lock":["1772371901:1"],"_edit_last":["1"],"merchant-center-availability":["yes"],"merchant-center-category":["7199"],"_thumbnail_id":["24847"],"_wp_page_template":["default"],"_sku":["CSIPLHAIRREMOVALDEVICE"],"_global_unique_id":["5056773822511"],"_regular_price":["39.90"],"total_sales":["0"],"_tax_status":["taxable"],"_tax_class":[""],"_manage_stock":["no"],"_backorders":["no"],"_sold_individually":["no"],"_weight":["0.2"],"_virtual":["no"],"_downloadable":["no"],"_download_limit":["-1"],"_download_expiry":["-1"],"_stock":[null],"_stock_status":["instock"],"_wc_average_rating":["0"],"_wc_review_count":["0"],"_product_version":["10.5.2"],"_price":["39.90"],"_product_image_gallery":["24849,24848,24846,24845,24844"],"site-sidebar-layout":["default"],"ast-site-content-layout":["default"],"site-content-style":["default"],"site-sidebar-style":["default"],"theme-transparent-header-meta":["default"],"astra-migrate-meta-layouts":["set"],"_uag_css_file_name":["uag-css-24841.css"],"_elementor_page_assets":["a:0:{}"],"_uag_page_assets":["a:9:{s:3:\"css\";s:6893:\".wp-block-uagb-image{display:flex}.wp-block-uagb-image__figure{position:relative;display:flex;flex-direction:column;max-width:100%;height:auto;margin:0}.wp-block-uagb-image__figure img{height:auto;display:flex;max-width:100%;transition:box-shadow 0.2s ease}.wp-block-uagb-image__figure>a{display:inline-block}.wp-block-uagb-image__figure figcaption{text-align:center;margin-top:0.5em;margin-bottom:1em}.wp-block-uagb-image .components-placeholder.block-editor-media-placeholder .components-placeholder__instructions{align-self:center}.wp-block-uagb-image--align-left{text-align:left}.wp-block-uagb-image--align-right{text-align:right}.wp-block-uagb-image--align-center{text-align:center}.wp-block-uagb-image--align-full .wp-block-uagb-image__figure{margin-left:calc(50% - 50vw);margin-right:calc(50% - 50vw);max-width:100vw;width:100vw;height:auto}.wp-block-uagb-image--align-full .wp-block-uagb-image__figure img{height:auto;width:100% !important}.wp-block-uagb-image--align-wide .wp-block-uagb-image__figure img{height:auto;width:100%}.wp-block-uagb-image--layout-overlay__color-wrapper{position:absolute;left:0;top:0;right:0;bottom:0;opacity:0.2;background:rgba(0,0,0,0.5);transition:opacity 0.35s ease-in-out}.wp-block-uagb-image--layout-overlay-link{position:absolute;left:0;right:0;bottom:0;top:0}.wp-block-uagb-image--layout-overlay .wp-block-uagb-image__figure:hover .wp-block-uagb-image--layout-overlay__color-wrapper{opacity:1}.wp-block-uagb-image--layout-overlay__inner{position:absolute;left:15px;right:15px;bottom:15px;top:15px;display:flex;align-items:center;justify-content:center;flex-direction:column;border-color:#fff;transition:0.35s ease-in-out}.wp-block-uagb-image--layout-overlay__inner.top-left,.wp-block-uagb-image--layout-overlay__inner.top-center,.wp-block-uagb-image--layout-overlay__inner.top-right{justify-content:flex-start}.wp-block-uagb-image--layout-overlay__inner.bottom-left,.wp-block-uagb-image--layout-overlay__inner.bottom-center,.wp-block-uagb-image--layout-overlay__inner.bottom-right{justify-content:flex-end}.wp-block-uagb-image--layout-overlay__inner.top-left,.wp-block-uagb-image--layout-overlay__inner.center-left,.wp-block-uagb-image--layout-overlay__inner.bottom-left{align-items:flex-start}.wp-block-uagb-image--layout-overlay__inner.top-right,.wp-block-uagb-image--layout-overlay__inner.center-right,.wp-block-uagb-image--layout-overlay__inner.bottom-right{align-items:flex-end}.wp-block-uagb-image--layout-overlay__inner .uagb-image-heading{color:#fff;transition:transform 0.35s, opacity 0.35s ease-in-out;transform:translate3d(0, 24px, 0);margin:0;line-height:1em}.wp-block-uagb-image--layout-overlay__inner .uagb-image-separator{width:30%;border-top-width:2px;border-top-color:#fff;border-top-style:solid;margin-bottom:10px;opacity:0;transition:transform 0.4s, opacity 0.4s ease-in-out;transform:translate3d(0, 30px, 0)}.wp-block-uagb-image--layout-overlay__inner .uagb-image-caption{opacity:0;overflow:visible;color:#fff;transition:transform 0.45s, opacity 0.45s ease-in-out;transform:translate3d(0, 35px, 0)}.wp-block-uagb-image--layout-overlay__inner:hover .uagb-image-heading,.wp-block-uagb-image--layout-overlay__inner:hover .uagb-image-separator,.wp-block-uagb-image--layout-overlay__inner:hover .uagb-image-caption{opacity:1;transform:translate3d(0, 0, 0)}.wp-block-uagb-image--effect-zoomin .wp-block-uagb-image__figure img,.wp-block-uagb-image--effect-zoomin .wp-block-uagb-image__figure .wp-block-uagb-image--layout-overlay__color-wrapper{transform:scale(1);transition:transform 0.35s ease-in-out}.wp-block-uagb-image--effect-zoomin .wp-block-uagb-image__figure:hover img,.wp-block-uagb-image--effect-zoomin .wp-block-uagb-image__figure:hover .wp-block-uagb-image--layout-overlay__color-wrapper{transform:scale(1.05)}.wp-block-uagb-image--effect-slide .wp-block-uagb-image__figure img,.wp-block-uagb-image--effect-slide .wp-block-uagb-image__figure .wp-block-uagb-image--layout-overlay__color-wrapper{width:calc(100% + 40px) !important;max-width:none !important;transform:translate3d(-40px, 0, 0);transition:transform 0.35s ease-in-out}.wp-block-uagb-image--effect-slide .wp-block-uagb-image__figure:hover img,.wp-block-uagb-image--effect-slide .wp-block-uagb-image__figure:hover .wp-block-uagb-image--layout-overlay__color-wrapper{transform:translate3d(0, 0, 0)}.wp-block-uagb-image--effect-grayscale img{filter:grayscale(0%);transition:0.35s ease-in-out}.wp-block-uagb-image--effect-grayscale:hover img{filter:grayscale(100%)}.wp-block-uagb-image--effect-blur img{filter:blur(0);transition:0.35s ease-in-out}.wp-block-uagb-image--effect-blur:hover img{filter:blur(3px)}\n.uagb-block-e6f939b3.wp-block-uagb-image--layout-default figure img{box-shadow: 0px 0px 0 #00000070;}.uagb-block-e6f939b3.wp-block-uagb-image .wp-block-uagb-image__figure figcaption{font-style: normal;align-self: center;}.uagb-block-e6f939b3.wp-block-uagb-image--layout-overlay figure img{box-shadow: 0px 0px 0 #00000070;}.uagb-block-e6f939b3.wp-block-uagb-image--layout-overlay .wp-block-uagb-image--layout-overlay__color-wrapper{opacity: 0.2;}.uagb-block-e6f939b3.wp-block-uagb-image--layout-overlay .wp-block-uagb-image--layout-overlay__inner{left: 15px;right: 15px;top: 15px;bottom: 15px;}.uagb-block-e6f939b3.wp-block-uagb-image--layout-overlay .wp-block-uagb-image--layout-overlay__inner .uagb-image-heading{font-style: normal;color: #fff;opacity: 1;}.uagb-block-e6f939b3.wp-block-uagb-image--layout-overlay .wp-block-uagb-image--layout-overlay__inner .uagb-image-heading a{color: #fff;}.uagb-block-e6f939b3.wp-block-uagb-image--layout-overlay .wp-block-uagb-image--layout-overlay__inner .uagb-image-caption{opacity: 0;}.uagb-block-e6f939b3.wp-block-uagb-image--layout-overlay .wp-block-uagb-image__figure:hover .wp-block-uagb-image--layout-overlay__color-wrapper{opacity: 1;}.uagb-block-e6f939b3.wp-block-uagb-image .wp-block-uagb-image--layout-overlay__inner .uagb-image-separator{width: 30%;border-top-width: 2px;border-top-color: #fff;opacity: 0;}.uagb-block-e6f939b3.wp-block-uagb-image .wp-block-uagb-image__figure img{width: px;height: auto;}.uagb-block-e6f939b3.wp-block-uagb-image .wp-block-uagb-image__figure:hover .wp-block-uagb-image--layout-overlay__inner .uagb-image-caption{opacity: 1;}.uagb-block-e6f939b3.wp-block-uagb-image .wp-block-uagb-image__figure:hover .wp-block-uagb-image--layout-overlay__inner .uagb-image-separator{opacity: 1;}.uagb-block-e6f939b3.wp-block-uagb-image--layout-default figure:hover img{box-shadow: 0px 0px 0 #00000070;}.uagb-block-e6f939b3.wp-block-uagb-image--layout-overlay figure:hover img{box-shadow: 0px 0px 0 #00000070;}@media only screen and (max-width: 976px) {.uagb-block-e6f939b3.wp-block-uagb-image .wp-block-uagb-image__figure img{width: px;height: auto;}}@media only screen and (max-width: 767px) {.uagb-block-e6f939b3.wp-block-uagb-image .wp-block-uagb-image__figure img{width: px;height: auto;}}\";s:2:\"js\";s:0:\"\";s:18:\"current_block_list\";a:13:{i:0;s:11:\"core\/search\";i:1;s:10:\"core\/group\";i:2;s:12:\"core\/heading\";i:3;s:17:\"core\/latest-posts\";i:4;s:20:\"core\/latest-comments\";i:5;s:13:\"core\/archives\";i:6;s:15:\"core\/categories\";i:7;s:14:\"core\/paragraph\";i:8;s:10:\"uagb\/image\";i:9;s:11:\"core\/spacer\";i:10;s:30:\"woocommerce\/product-categories\";i:11;s:10:\"core\/image\";i:12;s:14:\"core\/shortcode\";}s:8:\"uag_flag\";b:1;s:11:\"uag_version\";s:10:\"1776492987\";s:6:\"gfonts\";a:0:{}s:10:\"gfonts_url\";s:0:\"\";s:12:\"gfonts_files\";a:0:{}s:14:\"uag_faq_layout\";b:0;}"]},"uagb_featured_image_src":{"full":["https:\/\/www.californiansmiles.com\/wp-content\/uploads\/2026\/02\/IMG_9729.jpg",1000,1000,false],"thumbnail":["https:\/\/www.californiansmiles.com\/wp-content\/uploads\/2026\/02\/IMG_9729-150x150.jpg",150,150,true],"medium":["https:\/\/www.californiansmiles.com\/wp-content\/uploads\/2026\/02\/IMG_9729-300x300.jpg",300,300,true],"medium_large":["https:\/\/www.californiansmiles.com\/wp-content\/uploads\/2026\/02\/IMG_9729-768x768.jpg",768,768,true],"large":["https:\/\/www.californiansmiles.com\/wp-content\/uploads\/2026\/02\/IMG_9729.jpg",1000,1000,false],"1536x1536":["https:\/\/www.californiansmiles.com\/wp-content\/uploads\/2026\/02\/IMG_9729.jpg",1000,1000,false],"2048x2048":["https:\/\/www.californiansmiles.com\/wp-content\/uploads\/2026\/02\/IMG_9729.jpg",1000,1000,false],"trp-custom-language-flag":["https:\/\/www.californiansmiles.com\/wp-content\/uploads\/2026\/02\/IMG_9729-12x12.jpg",12,12,true],"woocommerce_thumbnail":["https:\/\/www.californiansmiles.com\/wp-content\/uploads\/2026\/02\/IMG_9729-300x300.jpg",300,300,true],"woocommerce_single":["https:\/\/www.californiansmiles.com\/wp-content\/uploads\/2026\/02\/IMG_9729-600x600.jpg",600,600,true],"woocommerce_gallery_thumbnail":["https:\/\/www.californiansmiles.com\/wp-content\/uploads\/2026\/02\/IMG_9729-100x100.jpg",100,100,true]},"uagb_author_info":{"display_name":"admin","author_link":"https:\/\/www.californiansmiles.com\/pl\/author\/"},"uagb_comment_info":0,"uagb_excerpt":"Achieves long-lasting hair reduction from the comfort of your home with advanced intense pulsed light technology. Our intense pulsed light hair removal device uses intense pulsed light to target hair follicles at the root, gradually reducing regrowth and leaving your skin smoother with every session. It brings professional-level performance directly into your personal care routine&hellip;","_links":{"self":[{"href":"https:\/\/www.californiansmiles.com\/pl\/wp-json\/wp\/v2\/product\/24841","targetHints":{"allow":["GET"]}}],"collection":[{"href":"https:\/\/www.californiansmiles.com\/pl\/wp-json\/wp\/v2\/product"}],"about":[{"href":"https:\/\/www.californiansmiles.com\/pl\/wp-json\/wp\/v2\/types\/product"}],"replies":[{"embeddable":true,"href":"https:\/\/www.californiansmiles.com\/pl\/wp-json\/wp\/v2\/comments?post=24841"}],"version-history":[{"count":2,"href":"https:\/\/www.californiansmiles.com\/pl\/wp-json\/wp\/v2\/product\/24841\/revisions"}],"predecessor-version":[{"id":24851,"href":"https:\/\/www.californiansmiles.com\/pl\/wp-json\/wp\/v2\/product\/24841\/revisions\/24851"}],"wp:featuredmedia":[{"embeddable":true,"href":"https:\/\/www.californiansmiles.com\/pl\/wp-json\/wp\/v2\/media\/24847"}],"wp:attachment":[{"href":"https:\/\/www.californiansmiles.com\/pl\/wp-json\/wp\/v2\/media?parent=24841"}],"wp:term":[{"taxonomy":"product_brand","embeddable":true,"href":"https:\/\/www.californiansmiles.com\/pl\/wp-json\/wp\/v2\/product_brand?post=24841"},{"taxonomy":"product_cat","embeddable":true,"href":"https:\/\/www.californiansmiles.com\/pl\/wp-json\/wp\/v2\/product_cat?post=24841"},{"taxonomy":"product_tag","embeddable":true,"href":"https:\/\/www.californiansmiles.com\/pl\/wp-json\/wp\/v2\/product_tag?post=24841"}],"curies":[{"name":"wp","href":"https:\/\/api.w.org\/{rel}","templated":true}]}}