{"id":23720,"date":"2025-08-17T19:41:39","date_gmt":"2025-08-17T17:41:39","guid":{"rendered":"https:\/\/www.californiansmiles.com\/?post_type=product&#038;p=23720"},"modified":"2026-02-20T08:13:38","modified_gmt":"2026-02-20T07:13:38","slug":"led-mask","status":"publish","type":"product","link":"https:\/\/www.californiansmiles.com\/pl\/products\/led-mask\/","title":{"rendered":"Maska LED"},"content":{"rendered":"<p><strong><img decoding=\"async\" style=\"margin-right: 12px;\" src=\"https:\/\/www.californiansmiles.com\/wp-content\/uploads\/2026\/02\/Check.svg\" alt=\"\" width=\"18\" height=\"15\" \/>Najskuteczniejsza maska LED zapewniaj\u0105ca widoczne i d\u0142ugotrwa\u0142e rezultaty.<\/strong> Wykorzystuj\u0105c zoptymalizowane d\u0142ugo\u015bci fal \u015bwietlnych, nasza maska penetruje sk\u00f3r\u0119 na r\u00f3\u017cnych g\u0142\u0119boko\u015bciach, aby zwalcza\u0107 typowe problemy, takie jak drobne zmarszczki, tr\u0105dzik, zaczerwienienia i nier\u00f3wna cera. Starannie skalibrowana intensywno\u015b\u0107 \u015bwiat\u0142a zapewnia maksymaln\u0105 wydajno\u015b\u0107 przy jednoczesnym zachowaniu komfortu podczas regularnego stosowania.<\/p>\n<p><strong><img decoding=\"async\" style=\"margin-right: 12px;\" src=\"https:\/\/www.californiansmiles.com\/wp-content\/uploads\/2026\/02\/Check.svg\" alt=\"\" width=\"18\" height=\"15\" \/>Jedyna maska LED z gwarancj\u0105 satysfakcji lub zwrotu pieni\u0119dzy.<\/strong> Nasza maska LED jest jedyn\u0105 na rynku, kt\u00f3ra jest obj\u0119ta gwarancj\u0105 satysfakcji lub zwrotu pieni\u0119dzy, co zapewnia ca\u0142kowity spok\u00f3j ducha. Tak mocno wierzymy w jej skuteczno\u015b\u0107, \u017ce obiecujemy widoczn\u0105 popraw\u0119 sk\u00f3ry lub zwrot pieni\u0119dzy.<\/p>\n<p><strong><img decoding=\"async\" style=\"margin-right: 12px;\" src=\"https:\/\/www.californiansmiles.com\/wp-content\/uploads\/2026\/02\/Check.svg\" alt=\"\" width=\"18\" height=\"15\" \/>Klinicznie udowodniono, \u017ce odm\u0142adza i chroni sk\u00f3r\u0119.<\/strong> Opracowana w oparciu o najnowocze\u015bniejsz\u0105 wiedz\u0119 dermatologiczn\u0105, ta maska LED wykorzystuje technologi\u0119 klasy medycznej popart\u0105 francuskimi badaniami klinicznymi. Redukuje zmarszczki, zmniejsza ciemne plamy, stymuluje produkcj\u0119 kolagenu i pomaga zwalcza\u0107 niedoskona\u0142o\u015bci, zapewniaj\u0105c zdrowsz\u0105 i bardziej promienn\u0105 sk\u00f3r\u0119.<\/p>\n<p><strong><img decoding=\"async\" style=\"margin-right: 12px;\" src=\"https:\/\/www.californiansmiles.com\/wp-content\/uploads\/2026\/02\/Check.svg\" alt=\"\" width=\"18\" height=\"15\" \/>Zaawansowana terapia \u015bwiat\u0142em o sprawdzonej d\u0142ugo\u015bci fali.<\/strong> Wyposa\u017cona w 254 precyzyjne diody LED, maska dostarcza czerwone \u015bwiat\u0142o o d\u0142ugo\u015bci fali 633 nm i \u015bwiat\u0142o podczerwone o d\u0142ugo\u015bci fali 830 nm, naukowo uznane na ca\u0142ym \u015bwiecie za ich odm\u0142adzaj\u0105ce dzia\u0142anie. Razem wnikaj\u0105 g\u0142\u0119boko w sk\u00f3r\u0119, aby promowa\u0107 naturaln\u0105 regeneracj\u0119 i d\u0142ugotrwa\u0142e rezultaty.<\/p>\n<p><strong><img decoding=\"async\" style=\"margin-right: 12px;\" src=\"https:\/\/www.californiansmiles.com\/wp-content\/uploads\/2026\/02\/Check.svg\" alt=\"\" width=\"18\" height=\"15\" \/>Zauwa\u017calnie ja\u015bniejsza i g\u0142adsza sk\u00f3ra.<\/strong> Przy regularnym stosowaniu maska LED zwi\u0119ksza naturalny blask sk\u00f3ry, wyr\u00f3wnuje koloryt i wyg\u0142adza drobne zmarszczki. Rezultat: widocznie m\u0142odziej wygl\u0105daj\u0105ca sk\u00f3ra, kt\u00f3ra promieniuje zdrowiem i witalno\u015bci\u0105, a wszystko to bez inwazyjnych zabieg\u00f3w.<\/p>\n<p><strong><img decoding=\"async\" style=\"margin-right: 12px;\" src=\"https:\/\/www.californiansmiles.com\/wp-content\/uploads\/2026\/02\/Check.svg\" alt=\"\" width=\"18\" height=\"15\" \/>Wygodna i bezwysi\u0142kowa piel\u0119gnacja sk\u00f3ry.<\/strong> Zaprojektowana tak, aby naturalnie dopasowa\u0107 si\u0119 do twarzy, maska jest lekka i ergonomicznie ukszta\u0142towana, aby zapewni\u0107 maksymalny komfort podczas ka\u017cdej sesji. Precyzyjna konstrukcja zapewnia r\u00f3wnomierny rozk\u0142ad \u015bwiat\u0142a na ca\u0142ej powierzchni sk\u00f3ry.<\/p>\n<p><strong><img decoding=\"async\" style=\"margin-right: 12px;\" src=\"https:\/\/www.californiansmiles.com\/wp-content\/uploads\/2026\/02\/Check.svg\" alt=\"\" width=\"18\" height=\"15\" \/>Bezpieczny, nieinwazyjny i \u0142atwy w u\u017cyciu.<\/strong> Ta maska LED jest nieinwazyjna, bezpieczna dla wszystkich rodzaj\u00f3w sk\u00f3ry i nie wymaga recepty. Wystarczy nosi\u0107 j\u0105 w domu, aby cieszy\u0107 si\u0119 profesjonalnymi korzy\u015bciami piel\u0119gnacyjnymi w dogodnym dla siebie czasie.<\/p>\n<p><strong><img decoding=\"async\" style=\"margin-right: 12px;\" src=\"https:\/\/www.californiansmiles.com\/wp-content\/uploads\/2026\/02\/Check.svg\" alt=\"\" width=\"18\" height=\"15\" \/>Szybka dostawa w ci\u0105gu 24 godzin umo\u017cliwia natychmiastowe rozpocz\u0119cie rutynowej piel\u0119gnacji sk\u00f3ry.<\/strong> Rozumiemy, \u017ce je\u015bli chodzi o piel\u0119gnacj\u0119 sk\u00f3ry, oczekujesz szybkich rezultat\u00f3w. Dlatego zawsze oferujemy 24-godzinn\u0105 dostaw\u0119, umo\u017cliwiaj\u0105c rozpocz\u0119cie leczenia bez zb\u0119dnego oczekiwania.<\/p>\n<h2><strong>Instrukcje<\/strong><\/h2>\n<ol>\n<li><strong> Na\u0142aduj mask\u0119 przed pierwszym u\u017cyciem<\/strong><br \/>\nPrzed pierwszym u\u017cyciem maski LED nale\u017cy pod\u0142\u0105czy\u0107 j\u0105 do dostarczonego kabla \u0142aduj\u0105cego, a\u017c do pe\u0142nego na\u0142adowania. Pe\u0142ne na\u0142adowanie pocz\u0105tkowe zapewnia optymaln\u0105 wydajno\u015b\u0107 i d\u0142ugotrwa\u0142e u\u017cytkowanie.<\/li>\n<li><strong> Oczyszczanie sk\u00f3ry<\/strong><br \/>\nUmyj twarz delikatnym \u015brodkiem oczyszczaj\u0105cym, aby usun\u0105\u0107 makija\u017c, olej lub zanieczyszczenia. Ca\u0142kowicie osusz sk\u00f3r\u0119 przed na\u0142o\u017ceniem maski, aby zmaksymalizowa\u0107 penetracj\u0119 \u015bwiat\u0142a i rezultaty.<\/li>\n<li><strong> Nosi\u0107 mask\u0119<\/strong><br \/>\nUmie\u015b\u0107 mask\u0119 wygodnie na twarzy, dopasowuj\u0105c pasek tak, aby dobrze przylega\u0142 i nie uciska\u0142. Upewnij si\u0119, \u017ce ca\u0142a powierzchnia sk\u00f3ry jest r\u00f3wnomiernie wystawiona na dzia\u0142anie diod LED.<\/li>\n<li><strong> Wybierz tryb i czas trwania<\/strong><br \/>\nW\u0142\u0105cz mask\u0119 i wybierz preferowane ustawienie \u015bwiat\u0142a. Standardowa sesja trwa 10-20 minut, w zale\u017cno\u015bci od cel\u00f3w piel\u0119gnacji sk\u00f3ry. Wbudowany timer automatycznie wy\u0142\u0105czy mask\u0119 po zako\u0144czeniu sesji.<\/li>\n<li><strong> Relaks podczas leczenia<\/strong><br \/>\nUsi\u0105d\u017a lub po\u0142\u00f3\u017c si\u0119 w wygodnej pozycji podczas dzia\u0142ania maski. Nie ma potrzeby aktywnego poruszania si\u0119 - po prostu zrelaksuj si\u0119 i pozw\u00f3l, aby terapia \u015bwiat\u0142em stymulowa\u0142a kom\u00f3rki sk\u00f3ry.<\/li>\n<li><strong> Po zako\u0144czeniu sesji<\/strong><br \/>\nZdejmij mask\u0119 i na\u0142\u00f3\u017c zwyk\u0142e produkty do piel\u0119gnacji sk\u00f3ry, takie jak serum lub krem nawil\u017caj\u0105cy. Terapia \u015bwiat\u0142em LED zwi\u0119ksza wch\u0142anianie, dzi\u0119ki czemu produkty s\u0105 bardziej skuteczne.<\/li>\n<li><strong> U\u017cywaj konsekwentnie, aby uzyska\u0107 najlepsze wyniki<\/strong><br \/>\nAby uzyska\u0107 zauwa\u017caln\u0105 popraw\u0119, nale\u017cy stosowa\u0107 mask\u0119 3-5 razy w tygodniu. Rezultaty, takie jak g\u0142adsza tekstura, zredukowane zmarszczki i ja\u015bniejsza sk\u00f3ra, staj\u0105 si\u0119 widoczne w ci\u0105gu kilku tygodni konsekwentnego stosowania.<\/li>\n<\/ol>","protected":false},"excerpt":{"rendered":"<p>The most effective LED mask for visible and long-lasting results. Using optimized light wavelengths, our mask penetrates the skin at different depths to target common concerns such as fine lines, acne, redness, and uneven complexion. The carefully calibrated light intensity ensures maximum performance while remaining comfortable for regular use. The only LED mask with a [&hellip;]<\/p>\n","protected":false},"featured_media":23726,"comment_status":"open","ping_status":"closed","template":"","meta":{"_uag_custom_page_level_css":"","site-sidebar-layout":"default","site-content-layout":"","ast-site-content-layout":"default","site-content-style":"default","site-sidebar-style":"default","ast-global-header-display":"","ast-banner-title-visibility":"","ast-main-header-display":"","ast-hfb-above-header-display":"","ast-hfb-below-header-display":"","ast-hfb-mobile-header-display":"","site-post-title":"","ast-breadcrumbs-content":"","ast-featured-img":"","footer-sml-layout":"","ast-disable-related-posts":"","theme-transparent-header-meta":"default","adv-header-id-meta":"","stick-header-meta":"","header-above-stick-meta":"","header-main-stick-meta":"","header-below-stick-meta":"","astra-migrate-meta-layouts":"set","ast-page-background-enabled":"default","ast-page-background-meta":{"desktop":{"background-color":"var(--ast-global-color-4)","background-image":"","background-repeat":"repeat","background-position":"center center","background-size":"auto","background-attachment":"scroll","background-type":"","background-media":"","overlay-type":"","overlay-color":"","overlay-opacity":"","overlay-gradient":""},"tablet":{"background-color":"","background-image":"","background-repeat":"repeat","background-position":"center center","background-size":"auto","background-attachment":"scroll","background-type":"","background-media":"","overlay-type":"","overlay-color":"","overlay-opacity":"","overlay-gradient":""},"mobile":{"background-color":"","background-image":"","background-repeat":"repeat","background-position":"center center","background-size":"auto","background-attachment":"scroll","background-type":"","background-media":"","overlay-type":"","overlay-color":"","overlay-opacity":"","overlay-gradient":""}},"ast-content-background-meta":{"desktop":{"background-color":"var(--ast-global-color-5)","background-image":"","background-repeat":"repeat","background-position":"center center","background-size":"auto","background-attachment":"scroll","background-type":"","background-media":"","overlay-type":"","overlay-color":"","overlay-opacity":"","overlay-gradient":""},"tablet":{"background-color":"var(--ast-global-color-5)","background-image":"","background-repeat":"repeat","background-position":"center center","background-size":"auto","background-attachment":"scroll","background-type":"","background-media":"","overlay-type":"","overlay-color":"","overlay-opacity":"","overlay-gradient":""},"mobile":{"background-color":"var(--ast-global-color-5)","background-image":"","background-repeat":"repeat","background-position":"center center","background-size":"auto","background-attachment":"scroll","background-type":"","background-media":"","overlay-type":"","overlay-color":"","overlay-opacity":"","overlay-gradient":""}}},"product_brand":[],"product_cat":[15],"product_tag":[],"class_list":{"0":"post-23720","1":"product","2":"type-product","3":"status-publish","4":"has-post-thumbnail","6":"product_cat-shop","7":"desktop-align-left","8":"tablet-align-left","9":"mobile-align-left","11":"first","12":"instock","13":"shipping-taxable","14":"purchasable","15":"product-type-simple"},"spectra_custom_meta":{"_edit_lock":["1772285032:1"],"_edit_last":["1"],"merchant-center-availability":["yes"],"merchant-center-category":["6262"],"_thumbnail_id":["23726"],"_wp_page_template":["default"],"_sku":["CSLEDMASK"],"_global_unique_id":["5056773820791"],"_regular_price":["99.90"],"total_sales":["23"],"_tax_status":["taxable"],"_tax_class":[""],"_manage_stock":["no"],"_backorders":["no"],"_sold_individually":["no"],"_weight":["0.2"],"_virtual":["no"],"_downloadable":["no"],"_download_limit":["-1"],"_download_expiry":["-1"],"_stock":[null],"_stock_status":["instock"],"_wc_average_rating":["5.00"],"_wc_review_count":["122"],"_product_version":["10.5.2"],"_price":["99.90"],"_product_image_gallery":["23728,23727,23725,23724,23723,23722,23721"],"site-sidebar-layout":["default"],"ast-site-content-layout":["default"],"site-content-style":["default"],"site-sidebar-style":["default"],"theme-transparent-header-meta":["default"],"_wc_rating_count":["a:1:{i:5;i:122;}"],"astra-migrate-meta-layouts":["set"],"_uag_css_file_name":["uag-css-23720.css"],"_elementor_page_assets":["a:0:{}"],"_uag_page_assets":["a:9:{s:3:\"css\";s:7156:\".uag-blocks-common-selector{z-index:var(--z-index-desktop) !important}@media (max-width: 976px){.uag-blocks-common-selector{z-index:var(--z-index-tablet) !important}}@media (max-width: 767px){.uag-blocks-common-selector{z-index:var(--z-index-mobile) !important}}\n.wp-block-uagb-image{display:flex}.wp-block-uagb-image__figure{position:relative;display:flex;flex-direction:column;max-width:100%;height:auto;margin:0}.wp-block-uagb-image__figure img{height:auto;display:flex;max-width:100%;transition:box-shadow 0.2s ease}.wp-block-uagb-image__figure>a{display:inline-block}.wp-block-uagb-image__figure figcaption{text-align:center;margin-top:0.5em;margin-bottom:1em}.wp-block-uagb-image .components-placeholder.block-editor-media-placeholder .components-placeholder__instructions{align-self:center}.wp-block-uagb-image--align-left{text-align:left}.wp-block-uagb-image--align-right{text-align:right}.wp-block-uagb-image--align-center{text-align:center}.wp-block-uagb-image--align-full .wp-block-uagb-image__figure{margin-left:calc(50% - 50vw);margin-right:calc(50% - 50vw);max-width:100vw;width:100vw;height:auto}.wp-block-uagb-image--align-full .wp-block-uagb-image__figure img{height:auto;width:100% !important}.wp-block-uagb-image--align-wide .wp-block-uagb-image__figure img{height:auto;width:100%}.wp-block-uagb-image--layout-overlay__color-wrapper{position:absolute;left:0;top:0;right:0;bottom:0;opacity:0.2;background:rgba(0,0,0,0.5);transition:opacity 0.35s ease-in-out}.wp-block-uagb-image--layout-overlay-link{position:absolute;left:0;right:0;bottom:0;top:0}.wp-block-uagb-image--layout-overlay .wp-block-uagb-image__figure:hover .wp-block-uagb-image--layout-overlay__color-wrapper{opacity:1}.wp-block-uagb-image--layout-overlay__inner{position:absolute;left:15px;right:15px;bottom:15px;top:15px;display:flex;align-items:center;justify-content:center;flex-direction:column;border-color:#fff;transition:0.35s ease-in-out}.wp-block-uagb-image--layout-overlay__inner.top-left,.wp-block-uagb-image--layout-overlay__inner.top-center,.wp-block-uagb-image--layout-overlay__inner.top-right{justify-content:flex-start}.wp-block-uagb-image--layout-overlay__inner.bottom-left,.wp-block-uagb-image--layout-overlay__inner.bottom-center,.wp-block-uagb-image--layout-overlay__inner.bottom-right{justify-content:flex-end}.wp-block-uagb-image--layout-overlay__inner.top-left,.wp-block-uagb-image--layout-overlay__inner.center-left,.wp-block-uagb-image--layout-overlay__inner.bottom-left{align-items:flex-start}.wp-block-uagb-image--layout-overlay__inner.top-right,.wp-block-uagb-image--layout-overlay__inner.center-right,.wp-block-uagb-image--layout-overlay__inner.bottom-right{align-items:flex-end}.wp-block-uagb-image--layout-overlay__inner .uagb-image-heading{color:#fff;transition:transform 0.35s, opacity 0.35s ease-in-out;transform:translate3d(0, 24px, 0);margin:0;line-height:1em}.wp-block-uagb-image--layout-overlay__inner .uagb-image-separator{width:30%;border-top-width:2px;border-top-color:#fff;border-top-style:solid;margin-bottom:10px;opacity:0;transition:transform 0.4s, opacity 0.4s ease-in-out;transform:translate3d(0, 30px, 0)}.wp-block-uagb-image--layout-overlay__inner .uagb-image-caption{opacity:0;overflow:visible;color:#fff;transition:transform 0.45s, opacity 0.45s ease-in-out;transform:translate3d(0, 35px, 0)}.wp-block-uagb-image--layout-overlay__inner:hover .uagb-image-heading,.wp-block-uagb-image--layout-overlay__inner:hover .uagb-image-separator,.wp-block-uagb-image--layout-overlay__inner:hover .uagb-image-caption{opacity:1;transform:translate3d(0, 0, 0)}.wp-block-uagb-image--effect-zoomin .wp-block-uagb-image__figure img,.wp-block-uagb-image--effect-zoomin .wp-block-uagb-image__figure .wp-block-uagb-image--layout-overlay__color-wrapper{transform:scale(1);transition:transform 0.35s ease-in-out}.wp-block-uagb-image--effect-zoomin .wp-block-uagb-image__figure:hover img,.wp-block-uagb-image--effect-zoomin .wp-block-uagb-image__figure:hover .wp-block-uagb-image--layout-overlay__color-wrapper{transform:scale(1.05)}.wp-block-uagb-image--effect-slide .wp-block-uagb-image__figure img,.wp-block-uagb-image--effect-slide .wp-block-uagb-image__figure .wp-block-uagb-image--layout-overlay__color-wrapper{width:calc(100% + 40px) !important;max-width:none !important;transform:translate3d(-40px, 0, 0);transition:transform 0.35s ease-in-out}.wp-block-uagb-image--effect-slide .wp-block-uagb-image__figure:hover img,.wp-block-uagb-image--effect-slide .wp-block-uagb-image__figure:hover .wp-block-uagb-image--layout-overlay__color-wrapper{transform:translate3d(0, 0, 0)}.wp-block-uagb-image--effect-grayscale img{filter:grayscale(0%);transition:0.35s ease-in-out}.wp-block-uagb-image--effect-grayscale:hover img{filter:grayscale(100%)}.wp-block-uagb-image--effect-blur img{filter:blur(0);transition:0.35s ease-in-out}.wp-block-uagb-image--effect-blur:hover img{filter:blur(3px)}\n.uagb-block-e6f939b3.wp-block-uagb-image--layout-default figure img{box-shadow: 0px 0px 0 #00000070;}.uagb-block-e6f939b3.wp-block-uagb-image .wp-block-uagb-image__figure figcaption{font-style: normal;align-self: center;}.uagb-block-e6f939b3.wp-block-uagb-image--layout-overlay figure img{box-shadow: 0px 0px 0 #00000070;}.uagb-block-e6f939b3.wp-block-uagb-image--layout-overlay .wp-block-uagb-image--layout-overlay__color-wrapper{opacity: 0.2;}.uagb-block-e6f939b3.wp-block-uagb-image--layout-overlay .wp-block-uagb-image--layout-overlay__inner{left: 15px;right: 15px;top: 15px;bottom: 15px;}.uagb-block-e6f939b3.wp-block-uagb-image--layout-overlay .wp-block-uagb-image--layout-overlay__inner .uagb-image-heading{font-style: normal;color: #fff;opacity: 1;}.uagb-block-e6f939b3.wp-block-uagb-image--layout-overlay .wp-block-uagb-image--layout-overlay__inner .uagb-image-heading a{color: #fff;}.uagb-block-e6f939b3.wp-block-uagb-image--layout-overlay .wp-block-uagb-image--layout-overlay__inner .uagb-image-caption{opacity: 0;}.uagb-block-e6f939b3.wp-block-uagb-image--layout-overlay .wp-block-uagb-image__figure:hover .wp-block-uagb-image--layout-overlay__color-wrapper{opacity: 1;}.uagb-block-e6f939b3.wp-block-uagb-image .wp-block-uagb-image--layout-overlay__inner .uagb-image-separator{width: 30%;border-top-width: 2px;border-top-color: #fff;opacity: 0;}.uagb-block-e6f939b3.wp-block-uagb-image .wp-block-uagb-image__figure img{width: px;height: auto;}.uagb-block-e6f939b3.wp-block-uagb-image .wp-block-uagb-image__figure:hover .wp-block-uagb-image--layout-overlay__inner .uagb-image-caption{opacity: 1;}.uagb-block-e6f939b3.wp-block-uagb-image .wp-block-uagb-image__figure:hover .wp-block-uagb-image--layout-overlay__inner .uagb-image-separator{opacity: 1;}.uagb-block-e6f939b3.wp-block-uagb-image--layout-default figure:hover img{box-shadow: 0px 0px 0 #00000070;}.uagb-block-e6f939b3.wp-block-uagb-image--layout-overlay figure:hover img{box-shadow: 0px 0px 0 #00000070;}@media only screen and (max-width: 976px) {.uagb-block-e6f939b3.wp-block-uagb-image .wp-block-uagb-image__figure img{width: px;height: auto;}}@media only screen and (max-width: 767px) {.uagb-block-e6f939b3.wp-block-uagb-image .wp-block-uagb-image__figure img{width: px;height: auto;}}\";s:2:\"js\";s:0:\"\";s:18:\"current_block_list\";a:13:{i:0;s:11:\"core\/search\";i:1;s:10:\"core\/group\";i:2;s:12:\"core\/heading\";i:3;s:17:\"core\/latest-posts\";i:4;s:20:\"core\/latest-comments\";i:5;s:13:\"core\/archives\";i:6;s:15:\"core\/categories\";i:7;s:14:\"core\/paragraph\";i:8;s:10:\"uagb\/image\";i:9;s:11:\"core\/spacer\";i:10;s:30:\"woocommerce\/product-categories\";i:11;s:10:\"core\/image\";i:12;s:14:\"core\/shortcode\";}s:8:\"uag_flag\";b:1;s:11:\"uag_version\";s:10:\"1776178853\";s:6:\"gfonts\";a:0:{}s:10:\"gfonts_url\";s:0:\"\";s:12:\"gfonts_files\";a:0:{}s:14:\"uag_faq_layout\";b:0;}"]},"uagb_featured_image_src":{"full":["https:\/\/www.californiansmiles.com\/wp-content\/uploads\/2025\/08\/WhatsApp-Image-2025-07-31-at-12.01.28-2.jpeg",1000,1000,false],"thumbnail":["https:\/\/www.californiansmiles.com\/wp-content\/uploads\/2025\/08\/WhatsApp-Image-2025-07-31-at-12.01.28-2-150x150.jpeg",150,150,true],"medium":["https:\/\/www.californiansmiles.com\/wp-content\/uploads\/2025\/08\/WhatsApp-Image-2025-07-31-at-12.01.28-2-300x300.jpeg",300,300,true],"medium_large":["https:\/\/www.californiansmiles.com\/wp-content\/uploads\/2025\/08\/WhatsApp-Image-2025-07-31-at-12.01.28-2-768x768.jpeg",768,768,true],"large":["https:\/\/www.californiansmiles.com\/wp-content\/uploads\/2025\/08\/WhatsApp-Image-2025-07-31-at-12.01.28-2.jpeg",1000,1000,false],"1536x1536":["https:\/\/www.californiansmiles.com\/wp-content\/uploads\/2025\/08\/WhatsApp-Image-2025-07-31-at-12.01.28-2.jpeg",1000,1000,false],"2048x2048":["https:\/\/www.californiansmiles.com\/wp-content\/uploads\/2025\/08\/WhatsApp-Image-2025-07-31-at-12.01.28-2.jpeg",1000,1000,false],"trp-custom-language-flag":["https:\/\/www.californiansmiles.com\/wp-content\/uploads\/2025\/08\/WhatsApp-Image-2025-07-31-at-12.01.28-2-12x12.jpeg",12,12,true],"woocommerce_thumbnail":["https:\/\/www.californiansmiles.com\/wp-content\/uploads\/2025\/08\/WhatsApp-Image-2025-07-31-at-12.01.28-2-300x300.jpeg",300,300,true],"woocommerce_single":["https:\/\/www.californiansmiles.com\/wp-content\/uploads\/2025\/08\/WhatsApp-Image-2025-07-31-at-12.01.28-2-600x600.jpeg",600,600,true],"woocommerce_gallery_thumbnail":["https:\/\/www.californiansmiles.com\/wp-content\/uploads\/2025\/08\/WhatsApp-Image-2025-07-31-at-12.01.28-2-100x100.jpeg",100,100,true]},"uagb_author_info":{"display_name":"admin","author_link":"https:\/\/www.californiansmiles.com\/pl\/author\/"},"uagb_comment_info":122,"uagb_excerpt":"The most effective LED mask for visible and long-lasting results. Using optimized light wavelengths, our mask penetrates the skin at different depths to target common concerns such as fine lines, acne, redness, and uneven complexion. The carefully calibrated light intensity ensures maximum performance while remaining comfortable for regular use. The only LED mask with a&hellip;","_links":{"self":[{"href":"https:\/\/www.californiansmiles.com\/pl\/wp-json\/wp\/v2\/product\/23720","targetHints":{"allow":["GET"]}}],"collection":[{"href":"https:\/\/www.californiansmiles.com\/pl\/wp-json\/wp\/v2\/product"}],"about":[{"href":"https:\/\/www.californiansmiles.com\/pl\/wp-json\/wp\/v2\/types\/product"}],"replies":[{"embeddable":true,"href":"https:\/\/www.californiansmiles.com\/pl\/wp-json\/wp\/v2\/comments?post=23720"}],"version-history":[{"count":3,"href":"https:\/\/www.californiansmiles.com\/pl\/wp-json\/wp\/v2\/product\/23720\/revisions"}],"predecessor-version":[{"id":24797,"href":"https:\/\/www.californiansmiles.com\/pl\/wp-json\/wp\/v2\/product\/23720\/revisions\/24797"}],"wp:featuredmedia":[{"embeddable":true,"href":"https:\/\/www.californiansmiles.com\/pl\/wp-json\/wp\/v2\/media\/23726"}],"wp:attachment":[{"href":"https:\/\/www.californiansmiles.com\/pl\/wp-json\/wp\/v2\/media?parent=23720"}],"wp:term":[{"taxonomy":"product_brand","embeddable":true,"href":"https:\/\/www.californiansmiles.com\/pl\/wp-json\/wp\/v2\/product_brand?post=23720"},{"taxonomy":"product_cat","embeddable":true,"href":"https:\/\/www.californiansmiles.com\/pl\/wp-json\/wp\/v2\/product_cat?post=23720"},{"taxonomy":"product_tag","embeddable":true,"href":"https:\/\/www.californiansmiles.com\/pl\/wp-json\/wp\/v2\/product_tag?post=23720"}],"curies":[{"name":"wp","href":"https:\/\/api.w.org\/{rel}","templated":true}]}}