{"id":24841,"date":"2026-02-28T14:26:08","date_gmt":"2026-02-28T13:26:08","guid":{"rendered":"https:\/\/www.californiansmiles.com\/?post_type=product&#038;p=24841"},"modified":"2026-02-28T14:27:53","modified_gmt":"2026-02-28T13:27:53","slug":"intense-pulsed-light-hair-removal-device","status":"publish","type":"product","link":"https:\/\/www.californiansmiles.com\/lv\/products\/intense-pulsed-light-hair-removal-device\/","title":{"rendered":"Intens\u012bvas puls\u0113jo\u0161\u0101s gaismas matu no\u0146em\u0161anas ier\u012bce"},"content":{"rendered":"<p><strong><img decoding=\"async\" style=\"margin-right: 12px;\" src=\"https:\/\/www.californiansmiles.com\/wp-content\/uploads\/2026\/02\/Check.svg\" alt=\"\" width=\"18\" height=\"15\" \/>Ar modernu intens\u012bvas puls\u0113jo\u0161\u0101s gaismas tehnolo\u0123iju pan\u0101k ilgsto\u0161u mati\u0146u samazin\u0101\u0161anu, izmantojot modernu intens\u012bvas puls\u0113jo\u0161\u0101s gaismas tehnolo\u0123iju.<\/strong> M\u016bsu intens\u012bvas puls\u0113jo\u0161\u0101s gaismas ier\u012bc\u0113 tiek izmantota intens\u012bva puls\u0113jo\u0161\u0101 gaisma, kas iedarbojas uz matu folikuliem pie sakn\u0113m, pak\u0101peniski samazinot ataug\u0161anu un ar katru seansu padarot \u0101du glud\u0101ku. T\u0101 nodro\u0161ina profesion\u0101la l\u012bme\u0146a veiktsp\u0113ju tie\u0161i j\u016bsu person\u012bgaj\u0101 kop\u0161anas rut\u012bn\u0101 bez nepiecie\u0161am\u012bbas apmekl\u0113t kl\u012bniku.<\/p>\n<p><strong><img decoding=\"async\" style=\"margin-right: 12px;\" src=\"https:\/\/www.californiansmiles.com\/wp-content\/uploads\/2026\/02\/Check.svg\" alt=\"\" width=\"18\" height=\"15\" \/>Visefekt\u012bv\u0101k\u0101 pieejam\u0101 intens\u012bvas puls\u0113jo\u0161\u0101s gaismas depil\u0101cijas ier\u012bce lieto\u0161anai m\u0101j\u0101s.<\/strong> M\u016bsu ier\u012bce ir izstr\u0101d\u0101ta ar optimiz\u0113tu gaismas ener\u0123ijas izvadi un prec\u012bzu m\u0113r\u0137auditorijas noteik\u0161anu, un t\u0101 nodro\u0161ina sp\u0113c\u012bgus impulsus, kas p\u0101rtrauc matu aug\u0161anas ciklu, vienlaikus saglab\u0101jot saudz\u012bgu iedarb\u012bbu uz apk\u0101rt\u0113jo \u0101du. Lietojot konsekventi, j\u016bs paman\u012bsiet, ka redzami samazin\u0101sies matu bl\u012bvums un pal\u0113nin\u0101sies to aug\u0161ana.<\/p>\n<p><strong><img decoding=\"async\" style=\"margin-right: 12px;\" src=\"https:\/\/www.californiansmiles.com\/wp-content\/uploads\/2026\/02\/Check.svg\" alt=\"\" width=\"18\" height=\"15\" \/>M\u0113s pied\u0101v\u0101jam l\u0113t\u0101ko profesion\u0101l\u0101s klases intens\u012bv\u0101s puls\u0113jo\u0161\u0101s gaismas risin\u0101jumu tirg\u016b.<\/strong> M\u016bsu cenu noteik\u0161anas modelis nodro\u0161ina, ka j\u016bs sa\u0146emat augstas klases tehnolo\u0123iju par viszem\u0101ko iesp\u0113jamo cenu. T\u0101 viet\u0101, lai t\u0113r\u0113tu lielas summas par salona proced\u016br\u0101m, j\u016bs varat vienu reizi invest\u0113t m\u016bsu ier\u012bc\u0113 un baud\u012bt ilgtermi\u0146a ietaup\u012bjumus.<\/p>\n<p><strong><img decoding=\"async\" style=\"margin-right: 12px;\" src=\"https:\/\/www.californiansmiles.com\/wp-content\/uploads\/2026\/02\/Check.svg\" alt=\"\" width=\"18\" height=\"15\" \/>Naudas atmaksas garantija piln\u012bgam sirdsmieram.<\/strong> M\u0113s atbalst\u0101m m\u016bsu intens\u012bvas puls\u0113jo\u0161\u0101s gaismas epil\u0101cijas ier\u012bces veiktsp\u0113ju un kvalit\u0101ti. Ja neesat piln\u012bb\u0101 apmierin\u0101ts ar rezult\u0101tiem, m\u0113s atmaks\u0101sim naudu par pirkumu bez sare\u017e\u0123\u012bjumiem vai sl\u0113ptiem nosac\u012bjumiem.<\/p>\n<p><strong><img decoding=\"async\" style=\"margin-right: 12px;\" src=\"https:\/\/www.californiansmiles.com\/wp-content\/uploads\/2026\/02\/Check.svg\" alt=\"\" width=\"18\" height=\"15\" \/>\u0100tra pieg\u0101de 24 stundu laik\u0101, lai j\u016bs var\u0113tu nekav\u0113joties s\u0101kt \u0101rst\u0113\u0161anu.<\/strong> Nav j\u0101gaida ned\u0113\u013c\u0101m ilgi, lai s\u0101ktu epil\u0101cijas ce\u013cojumu. M\u0113s vienm\u0113r pied\u0101v\u0101jam pieg\u0101di 24 stundu laik\u0101, nodro\u0161inot, ka j\u016bsu ier\u012bce tiek pieg\u0101d\u0101ta \u0101tri un gatava lieto\u0161anai.<\/p>\n<p><strong><img decoding=\"async\" style=\"margin-right: 12px;\" src=\"https:\/\/www.californiansmiles.com\/wp-content\/uploads\/2026\/02\/Check.svg\" alt=\"\" width=\"18\" height=\"15\" \/>Dro\u0161a un kl\u012bniski iedvesmota gaismas tehnolo\u0123ija.<\/strong> Ier\u012bc\u0113 ir ieb\u016bv\u0113ti \u0101das kontakta sensori un aizsargfiltri, kas nodro\u0161ina dro\u0161u ener\u0123ijas emisiju. Lietojot ier\u012bci saska\u0146\u0101 ar instrukcij\u0101m, t\u0101 nodro\u0161ina uzticamu un kontrol\u0113tu \u0101rst\u0113\u0161anu, kas piem\u0113rota lieto\u0161anai m\u0101j\u0101s.<\/p>\n<p><strong><img decoding=\"async\" style=\"margin-right: 12px;\" src=\"https:\/\/www.californiansmiles.com\/wp-content\/uploads\/2026\/02\/Check.svg\" alt=\"\" width=\"18\" height=\"15\" \/>Vair\u0101ki intensit\u0101tes l\u012bme\u0146i personaliz\u0113tam komfortam.<\/strong> Regul\u0113jami ener\u0123ijas iestat\u012bjumi \u013cauj piel\u0101got proced\u016bras atbilsto\u0161i \u0101das jut\u012bbai un apstr\u0101d\u0101jamai zonai. Neatkar\u012bgi no t\u0101, vai m\u0113r\u0137\u0113jat uz jut\u012bg\u0101m zon\u0101m vai liel\u0101k\u0101m \u0137erme\u0146a zon\u0101m, j\u016bs varat piel\u0101got pieredzi, lai nodro\u0161in\u0101tu optim\u0101lu komfortu un efektivit\u0101ti.<\/p>\n<p><strong><img decoding=\"async\" style=\"margin-right: 12px;\" src=\"https:\/\/www.californiansmiles.com\/wp-content\/uploads\/2026\/02\/Check.svg\" alt=\"\" width=\"18\" height=\"15\" \/>Piem\u0113rots da\u017e\u0101d\u0101m \u0137erme\u0146a zon\u0101m.<\/strong> Ier\u012bci var izmantot k\u0101j\u0101m, rok\u0101m, padus\u0113m, bikini l\u012bnijai, kr\u016bt\u012bm un cit\u0101m piem\u0113rot\u0101m zon\u0101m, nodro\u0161inot visa \u0137erme\u0146a apmatojuma samazin\u0101\u0161anu ar vienu kompaktu instrumentu.<\/p>\n<p><strong><img decoding=\"async\" style=\"margin-right: 12px;\" src=\"https:\/\/www.californiansmiles.com\/wp-content\/uploads\/2026\/02\/Check.svg\" alt=\"\" width=\"18\" height=\"15\" \/>Ilgsto\u0161s zibspuldzes kalpo\u0161anas laiks ilgsto\u0161ai lieto\u0161anai.<\/strong> Ier\u012bce ir apr\u012bkota ar lielas jaudas gaismas kasetni, kas nodro\u0161ina t\u016bksto\u0161iem zibspuld\u017eu, nodro\u0161inot m\u0113ne\u0161iem vai pat gadiem ilgu \u0101rst\u0113\u0161anu bez nepiecie\u0161am\u012bbas bie\u017ei nomain\u012bt.<\/p>\n<p><strong><img decoding=\"async\" style=\"margin-right: 12px;\" src=\"https:\/\/www.californiansmiles.com\/wp-content\/uploads\/2026\/02\/Check.svg\" alt=\"\" width=\"18\" height=\"15\" \/>Uzlabo \u0101das gludumu un pa\u0161apzi\u0146u.<\/strong> Pak\u0101peniski samazinot nev\u0113lamo apmatojumu, ier\u012bce pal\u012bdz samazin\u0101t ieaugu\u0161o mati\u0146u, sk\u016b\u0161an\u0101s kairin\u0101jumu un skuvek\u013ca rad\u012btos izci\u013c\u0146iem, padarot \u0101du glud\u0101ku un uzlabojot visp\u0101r\u0113jo pa\u0161apzi\u0146u.<\/p>\n<h2><strong>Instrukcijas<\/strong><\/h2>\n<ul>\n<li>Pirms pirm\u0101s lieto\u0161anas reizes noskujiet pl\u0101noto apstr\u0101d\u0101jamo zonu. \u0100dai j\u0101b\u016bt t\u012brai, sausai un bez losjoniem, e\u013c\u013c\u0101m vai dezodorantiem.<\/li>\n<li>Izv\u0113lieties piem\u0113rotu intensit\u0101tes l\u012bmeni atbilsto\u0161i \u0101das tonim un jut\u012bbai. Ja ier\u012bci izmantojat pirmo reizi, s\u0101ciet ar zem\u0101ku iestat\u012bjumu un, ja tas ir \u0113rti, pak\u0101peniski palieliniet to.<\/li>\n<li>Novietojiet apstr\u0101des logu l\u012bdzeni pret \u0101du. Pirms gaismas impulsa aktiviz\u0113\u0161anas p\u0101rliecinieties, ka ir piln\u012bgs kontakts.<\/li>\n<li>Nospiediet zibspuldzes pogu, lai raid\u012btu impulsu. Nedaudz p\u0101rvietojiet ier\u012bci uz n\u0101kamo blakuseso\u0161o apgabalu, p\u0101r\u0101k nep\u0101rkl\u0101jot.<\/li>\n<li>Lai samazin\u0101tu \u0101das kairin\u0101juma risku, izvairieties vienu un to pa\u0161u vietu apstr\u0101d\u0101t vair\u0101kas reizes vienas proced\u016bras laik\u0101.<\/li>\n<li>Lai sasniegtu vislab\u0101kos rezult\u0101tus, s\u0101kotn\u0113j\u0101 \u0101rst\u0113\u0161anas posm\u0101, parasti 8-12 ned\u0113\u013cas, ier\u012bci lietojiet reizi vien\u0101 l\u012bdz div\u0101s ned\u0113\u013c\u0101s.<\/li>\n<li>P\u0113c s\u0101kotn\u0113j\u0101s f\u0101zes veiciet kop\u0161anas seansus ik p\u0113c \u010detr\u0101m l\u012bdz asto\u0146\u0101m ned\u0113\u013c\u0101m atkar\u012bb\u0101 no matu aug\u0161anas.<\/li>\n<li>Nelietot uz iekaisu\u0161as, boj\u0101tas vai saules apdegu\u0161as \u0101das. Izvairieties no tie\u0161as saules staru iedarb\u012bbas tie\u0161i pirms un p\u0113c \u0101rst\u0113\u0161anas.<\/li>\n<li>P\u0113c katras proced\u016bras varat uzkl\u0101t maigu mitrino\u0161u kr\u0113mu bez smar\u017eviel\u0101m, lai nomierin\u0101tu \u0101du.<\/li>\n<li>P\u0113c katras lieto\u0161anas reizes not\u012briet apstr\u0101des logu ar m\u012bkstu, sausu dr\u0101nu un uzglab\u0101jiet ier\u012bci v\u0113s\u0101, saus\u0101 viet\u0101, prom no tie\u0161iem saules stariem.<\/li>\n<\/ul>","protected":false},"excerpt":{"rendered":"<p>Achieves long-lasting hair reduction from the comfort of your home with advanced intense pulsed light technology. Our intense pulsed light hair removal device uses intense pulsed light to target hair follicles at the root, gradually reducing regrowth and leaving your skin smoother with every session. It brings professional-level performance directly into your personal care routine [&hellip;]<\/p>\n","protected":false},"featured_media":24847,"comment_status":"open","ping_status":"closed","template":"","meta":{"_uag_custom_page_level_css":"","site-sidebar-layout":"default","site-content-layout":"","ast-site-content-layout":"default","site-content-style":"default","site-sidebar-style":"default","ast-global-header-display":"","ast-banner-title-visibility":"","ast-main-header-display":"","ast-hfb-above-header-display":"","ast-hfb-below-header-display":"","ast-hfb-mobile-header-display":"","site-post-title":"","ast-breadcrumbs-content":"","ast-featured-img":"","footer-sml-layout":"","ast-disable-related-posts":"","theme-transparent-header-meta":"default","adv-header-id-meta":"","stick-header-meta":"","header-above-stick-meta":"","header-main-stick-meta":"","header-below-stick-meta":"","astra-migrate-meta-layouts":"set","ast-page-background-enabled":"default","ast-page-background-meta":{"desktop":{"background-color":"var(--ast-global-color-4)","background-image":"","background-repeat":"repeat","background-position":"center center","background-size":"auto","background-attachment":"scroll","background-type":"","background-media":"","overlay-type":"","overlay-color":"","overlay-opacity":"","overlay-gradient":""},"tablet":{"background-color":"","background-image":"","background-repeat":"repeat","background-position":"center center","background-size":"auto","background-attachment":"scroll","background-type":"","background-media":"","overlay-type":"","overlay-color":"","overlay-opacity":"","overlay-gradient":""},"mobile":{"background-color":"","background-image":"","background-repeat":"repeat","background-position":"center center","background-size":"auto","background-attachment":"scroll","background-type":"","background-media":"","overlay-type":"","overlay-color":"","overlay-opacity":"","overlay-gradient":""}},"ast-content-background-meta":{"desktop":{"background-color":"var(--ast-global-color-5)","background-image":"","background-repeat":"repeat","background-position":"center center","background-size":"auto","background-attachment":"scroll","background-type":"","background-media":"","overlay-type":"","overlay-color":"","overlay-opacity":"","overlay-gradient":""},"tablet":{"background-color":"var(--ast-global-color-5)","background-image":"","background-repeat":"repeat","background-position":"center center","background-size":"auto","background-attachment":"scroll","background-type":"","background-media":"","overlay-type":"","overlay-color":"","overlay-opacity":"","overlay-gradient":""},"mobile":{"background-color":"var(--ast-global-color-5)","background-image":"","background-repeat":"repeat","background-position":"center center","background-size":"auto","background-attachment":"scroll","background-type":"","background-media":"","overlay-type":"","overlay-color":"","overlay-opacity":"","overlay-gradient":""}}},"product_brand":[],"product_cat":[15],"product_tag":[],"class_list":{"0":"post-24841","1":"product","2":"type-product","3":"status-publish","4":"has-post-thumbnail","6":"product_cat-shop","7":"desktop-align-left","8":"tablet-align-left","9":"mobile-align-left","11":"first","12":"instock","13":"shipping-taxable","14":"purchasable","15":"product-type-simple"},"spectra_custom_meta":{"_edit_lock":["1772371901:1"],"_edit_last":["1"],"merchant-center-availability":["yes"],"merchant-center-category":["7199"],"_thumbnail_id":["24847"],"_wp_page_template":["default"],"_sku":["CSIPLHAIRREMOVALDEVICE"],"_global_unique_id":["5056773822511"],"_regular_price":["39.90"],"total_sales":["0"],"_tax_status":["taxable"],"_tax_class":[""],"_manage_stock":["no"],"_backorders":["no"],"_sold_individually":["no"],"_weight":["0.2"],"_virtual":["no"],"_downloadable":["no"],"_download_limit":["-1"],"_download_expiry":["-1"],"_stock":[null],"_stock_status":["instock"],"_wc_average_rating":["0"],"_wc_review_count":["0"],"_product_version":["10.5.2"],"_price":["39.90"],"_product_image_gallery":["24849,24848,24846,24845,24844"],"site-sidebar-layout":["default"],"ast-site-content-layout":["default"],"site-content-style":["default"],"site-sidebar-style":["default"],"theme-transparent-header-meta":["default"],"astra-migrate-meta-layouts":["set"],"_uag_css_file_name":["uag-css-24841.css"],"_elementor_page_assets":["a:0:{}"],"_uag_page_assets":["a:9:{s:3:\"css\";s:6893:\".wp-block-uagb-image{display:flex}.wp-block-uagb-image__figure{position:relative;display:flex;flex-direction:column;max-width:100%;height:auto;margin:0}.wp-block-uagb-image__figure img{height:auto;display:flex;max-width:100%;transition:box-shadow 0.2s ease}.wp-block-uagb-image__figure>a{display:inline-block}.wp-block-uagb-image__figure figcaption{text-align:center;margin-top:0.5em;margin-bottom:1em}.wp-block-uagb-image .components-placeholder.block-editor-media-placeholder .components-placeholder__instructions{align-self:center}.wp-block-uagb-image--align-left{text-align:left}.wp-block-uagb-image--align-right{text-align:right}.wp-block-uagb-image--align-center{text-align:center}.wp-block-uagb-image--align-full .wp-block-uagb-image__figure{margin-left:calc(50% - 50vw);margin-right:calc(50% - 50vw);max-width:100vw;width:100vw;height:auto}.wp-block-uagb-image--align-full .wp-block-uagb-image__figure img{height:auto;width:100% !important}.wp-block-uagb-image--align-wide .wp-block-uagb-image__figure img{height:auto;width:100%}.wp-block-uagb-image--layout-overlay__color-wrapper{position:absolute;left:0;top:0;right:0;bottom:0;opacity:0.2;background:rgba(0,0,0,0.5);transition:opacity 0.35s ease-in-out}.wp-block-uagb-image--layout-overlay-link{position:absolute;left:0;right:0;bottom:0;top:0}.wp-block-uagb-image--layout-overlay .wp-block-uagb-image__figure:hover .wp-block-uagb-image--layout-overlay__color-wrapper{opacity:1}.wp-block-uagb-image--layout-overlay__inner{position:absolute;left:15px;right:15px;bottom:15px;top:15px;display:flex;align-items:center;justify-content:center;flex-direction:column;border-color:#fff;transition:0.35s ease-in-out}.wp-block-uagb-image--layout-overlay__inner.top-left,.wp-block-uagb-image--layout-overlay__inner.top-center,.wp-block-uagb-image--layout-overlay__inner.top-right{justify-content:flex-start}.wp-block-uagb-image--layout-overlay__inner.bottom-left,.wp-block-uagb-image--layout-overlay__inner.bottom-center,.wp-block-uagb-image--layout-overlay__inner.bottom-right{justify-content:flex-end}.wp-block-uagb-image--layout-overlay__inner.top-left,.wp-block-uagb-image--layout-overlay__inner.center-left,.wp-block-uagb-image--layout-overlay__inner.bottom-left{align-items:flex-start}.wp-block-uagb-image--layout-overlay__inner.top-right,.wp-block-uagb-image--layout-overlay__inner.center-right,.wp-block-uagb-image--layout-overlay__inner.bottom-right{align-items:flex-end}.wp-block-uagb-image--layout-overlay__inner .uagb-image-heading{color:#fff;transition:transform 0.35s, opacity 0.35s ease-in-out;transform:translate3d(0, 24px, 0);margin:0;line-height:1em}.wp-block-uagb-image--layout-overlay__inner .uagb-image-separator{width:30%;border-top-width:2px;border-top-color:#fff;border-top-style:solid;margin-bottom:10px;opacity:0;transition:transform 0.4s, opacity 0.4s ease-in-out;transform:translate3d(0, 30px, 0)}.wp-block-uagb-image--layout-overlay__inner .uagb-image-caption{opacity:0;overflow:visible;color:#fff;transition:transform 0.45s, opacity 0.45s ease-in-out;transform:translate3d(0, 35px, 0)}.wp-block-uagb-image--layout-overlay__inner:hover .uagb-image-heading,.wp-block-uagb-image--layout-overlay__inner:hover .uagb-image-separator,.wp-block-uagb-image--layout-overlay__inner:hover .uagb-image-caption{opacity:1;transform:translate3d(0, 0, 0)}.wp-block-uagb-image--effect-zoomin .wp-block-uagb-image__figure img,.wp-block-uagb-image--effect-zoomin .wp-block-uagb-image__figure .wp-block-uagb-image--layout-overlay__color-wrapper{transform:scale(1);transition:transform 0.35s ease-in-out}.wp-block-uagb-image--effect-zoomin .wp-block-uagb-image__figure:hover img,.wp-block-uagb-image--effect-zoomin .wp-block-uagb-image__figure:hover .wp-block-uagb-image--layout-overlay__color-wrapper{transform:scale(1.05)}.wp-block-uagb-image--effect-slide .wp-block-uagb-image__figure img,.wp-block-uagb-image--effect-slide .wp-block-uagb-image__figure .wp-block-uagb-image--layout-overlay__color-wrapper{width:calc(100% + 40px) !important;max-width:none !important;transform:translate3d(-40px, 0, 0);transition:transform 0.35s ease-in-out}.wp-block-uagb-image--effect-slide .wp-block-uagb-image__figure:hover img,.wp-block-uagb-image--effect-slide .wp-block-uagb-image__figure:hover .wp-block-uagb-image--layout-overlay__color-wrapper{transform:translate3d(0, 0, 0)}.wp-block-uagb-image--effect-grayscale img{filter:grayscale(0%);transition:0.35s ease-in-out}.wp-block-uagb-image--effect-grayscale:hover img{filter:grayscale(100%)}.wp-block-uagb-image--effect-blur img{filter:blur(0);transition:0.35s ease-in-out}.wp-block-uagb-image--effect-blur:hover img{filter:blur(3px)}\n.uagb-block-e6f939b3.wp-block-uagb-image--layout-default figure img{box-shadow: 0px 0px 0 #00000070;}.uagb-block-e6f939b3.wp-block-uagb-image .wp-block-uagb-image__figure figcaption{font-style: normal;align-self: center;}.uagb-block-e6f939b3.wp-block-uagb-image--layout-overlay figure img{box-shadow: 0px 0px 0 #00000070;}.uagb-block-e6f939b3.wp-block-uagb-image--layout-overlay .wp-block-uagb-image--layout-overlay__color-wrapper{opacity: 0.2;}.uagb-block-e6f939b3.wp-block-uagb-image--layout-overlay .wp-block-uagb-image--layout-overlay__inner{left: 15px;right: 15px;top: 15px;bottom: 15px;}.uagb-block-e6f939b3.wp-block-uagb-image--layout-overlay .wp-block-uagb-image--layout-overlay__inner .uagb-image-heading{font-style: normal;color: #fff;opacity: 1;}.uagb-block-e6f939b3.wp-block-uagb-image--layout-overlay .wp-block-uagb-image--layout-overlay__inner .uagb-image-heading a{color: #fff;}.uagb-block-e6f939b3.wp-block-uagb-image--layout-overlay .wp-block-uagb-image--layout-overlay__inner .uagb-image-caption{opacity: 0;}.uagb-block-e6f939b3.wp-block-uagb-image--layout-overlay .wp-block-uagb-image__figure:hover .wp-block-uagb-image--layout-overlay__color-wrapper{opacity: 1;}.uagb-block-e6f939b3.wp-block-uagb-image .wp-block-uagb-image--layout-overlay__inner .uagb-image-separator{width: 30%;border-top-width: 2px;border-top-color: #fff;opacity: 0;}.uagb-block-e6f939b3.wp-block-uagb-image .wp-block-uagb-image__figure img{width: px;height: auto;}.uagb-block-e6f939b3.wp-block-uagb-image .wp-block-uagb-image__figure:hover .wp-block-uagb-image--layout-overlay__inner .uagb-image-caption{opacity: 1;}.uagb-block-e6f939b3.wp-block-uagb-image .wp-block-uagb-image__figure:hover .wp-block-uagb-image--layout-overlay__inner .uagb-image-separator{opacity: 1;}.uagb-block-e6f939b3.wp-block-uagb-image--layout-default figure:hover img{box-shadow: 0px 0px 0 #00000070;}.uagb-block-e6f939b3.wp-block-uagb-image--layout-overlay figure:hover img{box-shadow: 0px 0px 0 #00000070;}@media only screen and (max-width: 976px) {.uagb-block-e6f939b3.wp-block-uagb-image .wp-block-uagb-image__figure img{width: px;height: auto;}}@media only screen and (max-width: 767px) {.uagb-block-e6f939b3.wp-block-uagb-image .wp-block-uagb-image__figure img{width: px;height: auto;}}\";s:2:\"js\";s:0:\"\";s:18:\"current_block_list\";a:13:{i:0;s:11:\"core\/search\";i:1;s:10:\"core\/group\";i:2;s:12:\"core\/heading\";i:3;s:17:\"core\/latest-posts\";i:4;s:20:\"core\/latest-comments\";i:5;s:13:\"core\/archives\";i:6;s:15:\"core\/categories\";i:7;s:14:\"core\/paragraph\";i:8;s:10:\"uagb\/image\";i:9;s:11:\"core\/spacer\";i:10;s:30:\"woocommerce\/product-categories\";i:11;s:10:\"core\/image\";i:12;s:14:\"core\/shortcode\";}s:8:\"uag_flag\";b:1;s:11:\"uag_version\";s:10:\"1776492987\";s:6:\"gfonts\";a:0:{}s:10:\"gfonts_url\";s:0:\"\";s:12:\"gfonts_files\";a:0:{}s:14:\"uag_faq_layout\";b:0;}"]},"uagb_featured_image_src":{"full":["https:\/\/www.californiansmiles.com\/wp-content\/uploads\/2026\/02\/IMG_9729.jpg",1000,1000,false],"thumbnail":["https:\/\/www.californiansmiles.com\/wp-content\/uploads\/2026\/02\/IMG_9729-150x150.jpg",150,150,true],"medium":["https:\/\/www.californiansmiles.com\/wp-content\/uploads\/2026\/02\/IMG_9729-300x300.jpg",300,300,true],"medium_large":["https:\/\/www.californiansmiles.com\/wp-content\/uploads\/2026\/02\/IMG_9729-768x768.jpg",768,768,true],"large":["https:\/\/www.californiansmiles.com\/wp-content\/uploads\/2026\/02\/IMG_9729.jpg",1000,1000,false],"1536x1536":["https:\/\/www.californiansmiles.com\/wp-content\/uploads\/2026\/02\/IMG_9729.jpg",1000,1000,false],"2048x2048":["https:\/\/www.californiansmiles.com\/wp-content\/uploads\/2026\/02\/IMG_9729.jpg",1000,1000,false],"trp-custom-language-flag":["https:\/\/www.californiansmiles.com\/wp-content\/uploads\/2026\/02\/IMG_9729-12x12.jpg",12,12,true],"woocommerce_thumbnail":["https:\/\/www.californiansmiles.com\/wp-content\/uploads\/2026\/02\/IMG_9729-300x300.jpg",300,300,true],"woocommerce_single":["https:\/\/www.californiansmiles.com\/wp-content\/uploads\/2026\/02\/IMG_9729-600x600.jpg",600,600,true],"woocommerce_gallery_thumbnail":["https:\/\/www.californiansmiles.com\/wp-content\/uploads\/2026\/02\/IMG_9729-100x100.jpg",100,100,true]},"uagb_author_info":{"display_name":"admin","author_link":"https:\/\/www.californiansmiles.com\/lv\/author\/"},"uagb_comment_info":0,"uagb_excerpt":"Achieves long-lasting hair reduction from the comfort of your home with advanced intense pulsed light technology. Our intense pulsed light hair removal device uses intense pulsed light to target hair follicles at the root, gradually reducing regrowth and leaving your skin smoother with every session. It brings professional-level performance directly into your personal care routine&hellip;","_links":{"self":[{"href":"https:\/\/www.californiansmiles.com\/lv\/wp-json\/wp\/v2\/product\/24841","targetHints":{"allow":["GET"]}}],"collection":[{"href":"https:\/\/www.californiansmiles.com\/lv\/wp-json\/wp\/v2\/product"}],"about":[{"href":"https:\/\/www.californiansmiles.com\/lv\/wp-json\/wp\/v2\/types\/product"}],"replies":[{"embeddable":true,"href":"https:\/\/www.californiansmiles.com\/lv\/wp-json\/wp\/v2\/comments?post=24841"}],"version-history":[{"count":2,"href":"https:\/\/www.californiansmiles.com\/lv\/wp-json\/wp\/v2\/product\/24841\/revisions"}],"predecessor-version":[{"id":24851,"href":"https:\/\/www.californiansmiles.com\/lv\/wp-json\/wp\/v2\/product\/24841\/revisions\/24851"}],"wp:featuredmedia":[{"embeddable":true,"href":"https:\/\/www.californiansmiles.com\/lv\/wp-json\/wp\/v2\/media\/24847"}],"wp:attachment":[{"href":"https:\/\/www.californiansmiles.com\/lv\/wp-json\/wp\/v2\/media?parent=24841"}],"wp:term":[{"taxonomy":"product_brand","embeddable":true,"href":"https:\/\/www.californiansmiles.com\/lv\/wp-json\/wp\/v2\/product_brand?post=24841"},{"taxonomy":"product_cat","embeddable":true,"href":"https:\/\/www.californiansmiles.com\/lv\/wp-json\/wp\/v2\/product_cat?post=24841"},{"taxonomy":"product_tag","embeddable":true,"href":"https:\/\/www.californiansmiles.com\/lv\/wp-json\/wp\/v2\/product_tag?post=24841"}],"curies":[{"name":"wp","href":"https:\/\/api.w.org\/{rel}","templated":true}]}}