{"id":22981,"date":"2025-06-03T08:24:37","date_gmt":"2025-06-03T06:24:37","guid":{"rendered":"https:\/\/www.californiansmiles.com\/products\/teeth-whitening-kit\/"},"modified":"2026-02-20T08:15:37","modified_gmt":"2026-02-20T07:15:37","slug":"teeth-whitening-kit","status":"publish","type":"product","link":"https:\/\/www.californiansmiles.com\/lt\/products\/teeth-whitening-kit\/","title":{"rendered":"Dant\u0173 balinimo rinkinys"},"content":{"rendered":"<p><strong><img decoding=\"async\" style=\"margin-right: 12px;\" src=\"https:\/\/www.californiansmiles.com\/wp-content\/uploads\/2026\/02\/Check.svg\" alt=\"\" width=\"18\" height=\"15\" \/>Vienintelis dant\u0173 balinimo rinkinys, kuriam suteikiama pasitenkinimo arba pinig\u0173 gr\u0105\u017einimo garantija.<\/strong> M\u016bs\u0173 dant\u0173 balinimo rinkinys yra vienintelis rinkoje, kuriam suteikiama pasitenkinimo arba pinig\u0173 gr\u0105\u017einimo garantija, tod\u0117l juo galite naudotis visi\u0161kai ramiai. Mes taip tvirtai tikime savo gaminio veiksmingumu, kad garantuojame matomus rezultatus nuo pat pirmojo panaudojimo, kitaip jums bus gr\u0105\u017einti visi pinigai. \u0160i garantija atspindi m\u016bs\u0173 \u012fsipareigojim\u0105 teikti jums auk\u0161tos kokyb\u0117s produkt\u0105, kuris yra veiksmingas ir saugus j\u016bs\u0173 dantims bei dantenoms.<\/p>\n<p><strong><img decoding=\"async\" style=\"margin-right: 12px;\" src=\"https:\/\/www.californiansmiles.com\/wp-content\/uploads\/2026\/02\/Check.svg\" alt=\"\" width=\"18\" height=\"15\" \/>Burnos sveikatos specialist\u0173 rekomenduojamas dant\u0173 balinimo rinkinys.<\/strong> M\u016bs\u0173 dant\u0173 balinimo rinkin\u012f i\u0161band\u0117 ir rekomendavo odontologai, tod\u0117l garantuojame optimali\u0105 kokyb\u0119 ir saugum\u0105. \u0160is gaminys sukurtas taip, kad u\u017etikrint\u0173 greitus ir matomus rezultatus jau po pirmojo naudojimo, ta\u010diau i\u0161likt\u0173 visi\u0161kai saugus j\u016bs\u0173 dantims ir dantenoms.<\/p>\n<p><strong><img decoding=\"async\" style=\"margin-right: 12px;\" src=\"https:\/\/www.californiansmiles.com\/wp-content\/uploads\/2026\/02\/Check.svg\" alt=\"\" width=\"18\" height=\"15\" \/>Matomas balinimas vos per 30 minu\u010di\u0173.<\/strong> D\u0117l m\u016bs\u0173 pa\u017eangios technologijos vos per vien\u0105 30 minu\u010di\u0173 trukm\u0117s balinimo seans\u0105 galite pasiekti 5 atspalvi\u0173 pager\u0117jim\u0105. \u0160is greitas veiksmas leid\u017eia veiksmingai ir patogiai atkurti skais\u010di\u0105 \u0161ypsen\u0105, nesilankant pas odontolog\u0105. Dabar galite pasiekti profesionalaus lygio rezultatus patogiai \u012fsitais\u0119 namuose.<\/p>\n<p><strong><img decoding=\"async\" style=\"margin-right: 12px;\" src=\"https:\/\/www.californiansmiles.com\/wp-content\/uploads\/2026\/02\/Check.svg\" alt=\"\" width=\"18\" height=\"15\" \/>Rezultatai be vizito pas odontolog\u0105.<\/strong> Daugiau joki\u0173 ilg\u0173 vizit\u0173 ir dideli\u0173 i\u0161laid\u0173 u\u017e apsilankymus pas odontolog\u0105. \u0160is dant\u0173 balinimo rinkinys sukurtas taip, kad u\u017etikrint\u0173 profesionalius rezultatus be gydytojo konsultacijos ar recepto. Gerokai sutaupysite ir kartu i\u0161laikysite nepriekai\u0161ting\u0105 dant\u0173 higien\u0105.<\/p>\n<p><strong><img decoding=\"async\" style=\"margin-right: 12px;\" src=\"https:\/\/www.californiansmiles.com\/wp-content\/uploads\/2026\/02\/Check.svg\" alt=\"\" width=\"18\" height=\"15\" \/>Veiksmingai \u0161alina d\u0117mes ir spalvos poky\u010dius.<\/strong> Dant\u0173 balinimo rinkinys gali veiksmingai pa\u0161alinti kavos, arbatos, raudonojo vyno ar net r\u016bkymo sukeltas d\u0117mes. \u012esisen\u0117jusios d\u0117m\u0117s neturi joki\u0173 \u0161ans\u0173 \u012fveikti m\u016bs\u0173 i\u0161skirtin\u0119 formul\u0119, kuri veikia tiesiogiai emal\u012f ir atkuria nat\u016bral\u0173 dant\u0173 baltum\u0105.<\/p>\n<p><strong><img decoding=\"async\" style=\"margin-right: 12px;\" src=\"https:\/\/www.californiansmiles.com\/wp-content\/uploads\/2026\/02\/Check.svg\" alt=\"\" width=\"18\" height=\"15\" \/>5 kartus efektyvesnis nei konkurent\u0173 produktai.<\/strong> D\u0117l patentuotos formul\u0117s ir \"Power-LED\" technologijos m\u016bs\u0173 dant\u0173 balinimo rinkinys yra 5 kartus veiksmingesnis nei kiti rinkoje esantys produktai. Jo didelio efektyvumo LED \u0161viesa prasiskverbia giliai, kad pa\u0161alint\u0173 d\u0117mes ir per rekordi\u0161kai trump\u0105 laik\u0105 suteikt\u0173 jums spindin\u010di\u0105 \u0161ypsen\u0105.<\/p>\n<p><strong><img decoding=\"async\" style=\"margin-right: 12px;\" src=\"https:\/\/www.californiansmiles.com\/wp-content\/uploads\/2026\/02\/Check.svg\" alt=\"\" width=\"18\" height=\"15\" \/>Atitinka CE standartus, kad b\u016bt\u0173 u\u017etikrintas maksimalus saugumas.<\/strong> M\u016bs\u0173 dant\u0173 balinimo rinkinys yra sertifikuotas kaip atitinkantis CE standartus, tod\u0117l garantuojame, kad gaminys atitinka auk\u0161\u010diausius saugos ir kokyb\u0117s standartus Europoje. Jis sukurtas taip, kad gal\u0117tum\u0117te juo naudotis visi\u0161kai u\u017etikrintai, buvo kruop\u0161\u010diai i\u0161bandytas ir patvirtintas sveikatos prie\u017ei\u016bros specialist\u0173, u\u017etikrinant bekompromis\u012f veiksmingum\u0105 j\u016bs\u0173 dantims ir dantenoms.<\/p>\n<p><strong><img decoding=\"async\" style=\"margin-right: 12px;\" src=\"https:\/\/www.californiansmiles.com\/wp-content\/uploads\/2026\/02\/Check.svg\" alt=\"\" width=\"18\" height=\"15\" \/>\u012emontuotas laikmatis, kad seansas b\u016bt\u0173 tikslus.<\/strong> Siekiant u\u017etikrinti nepriekai\u0161ting\u0105 naudojim\u0105, dant\u0173 balinimo rinkinyje \u012fmontuotas laikmatis, kuris tiksliai nustato 30 minu\u010di\u0173 seanso laik\u0105. Taip u\u017etikrinamas optimalus naudojimas, kai nereikia nuolat tikrinti laiko. Kad b\u016bt\u0173 dar patogiau, pasibaigus kiekvienam seansui jis automati\u0161kai i\u0161sijungs.<\/p>\n<p><strong><img decoding=\"async\" style=\"margin-right: 12px;\" src=\"https:\/\/www.californiansmiles.com\/wp-content\/uploads\/2026\/02\/Check.svg\" alt=\"\" width=\"18\" height=\"15\" \/>Neskausmingas ir patogus balinimas.<\/strong> Skirtingai nuo daugelio proced\u016br\u0173, kurios gali sukelti jautrum\u0105 ar skausm\u0105, m\u016bs\u0173 dant\u0173 balinimo rinkinys yra neskausmingas. Net ir jautrius dantis ar dantenas turintiems \u017emon\u0117ms n\u0117ra jokio diskomforto, tod\u0117l galite naudoti \u0161\u012f produkt\u0105 nebijodami \u0161alutinio poveikio.<\/p>\n<p><strong><img decoding=\"async\" style=\"margin-right: 12px;\" src=\"https:\/\/www.californiansmiles.com\/wp-content\/uploads\/2026\/02\/Check.svg\" alt=\"\" width=\"18\" height=\"15\" \/>\"Power-LED\" technologija, u\u017etikrinanti maksimalius rezultatus.<\/strong> M\u016bs\u0173 efektyvumo paslaptis - \"Power-LED\" technologija. \u0160i pa\u017eangiausia technologija sustiprina balinamojo gelio poveik\u012f, kad b\u016bt\u0173 pasiektas maksimalus balinimas net sunkiai pasiekiamose vietose. LED \u0161viesa skleid\u017eia koncentruotus \u0161viesos spindulius, kurie pagreitina gelio veikim\u0105, kad rezultatai b\u016bt\u0173 greitesni ir matomesni.<\/p>\n<p><strong><img decoding=\"async\" style=\"margin-right: 12px;\" src=\"https:\/\/www.californiansmiles.com\/wp-content\/uploads\/2026\/02\/Check.svg\" alt=\"\" width=\"18\" height=\"15\" \/>Lengva naudoti ir patogu.<\/strong> Dant\u0173 balinimo rinkin\u012f ne\u012ftik\u0117tinai lengva naudoti net pradedantiesiems. Nor\u0117dami prad\u0117ti balinimo seans\u0105, tiesiog atlikite kelis paprastus veiksmus. D\u0117l ergonomi\u0161ko dizaino jis patogiai prisitaiko prie burnos formos ir u\u017etikrina tolyg\u0173 gelio u\u017etepim\u0105.<\/p>\n<p><strong><img decoding=\"async\" style=\"margin-right: 12px;\" src=\"https:\/\/www.californiansmiles.com\/wp-content\/uploads\/2026\/02\/Check.svg\" alt=\"\" width=\"18\" height=\"15\" \/>Paruo\u0161tas naudoti rinkinys iki 10 seans\u0173.<\/strong> Kiekviename dant\u0173 balinimo rinkinyje yra pakankamai gelio iki 10 kart\u0173, tod\u0117l vienu \u0161virk\u0161tu galite atlikti kelis balinimo seansus. Pridedamas gelis yra specialiai sukurtas taip, kad rezultatai b\u016bt\u0173 kuo geresni ir nereik\u0117t\u0173 papildom\u0173 produkt\u0173.<\/p>\n<p><strong><img decoding=\"async\" style=\"margin-right: 12px;\" src=\"https:\/\/www.californiansmiles.com\/wp-content\/uploads\/2026\/02\/Check.svg\" alt=\"\" width=\"18\" height=\"15\" \/>Belaidis naudojimas - dar patogiau.<\/strong> Kad b\u016bt\u0173 dar patogiau, \u0161is dant\u0173 balinimo rinkinys yra belaidis, tod\u0117l juo galite naudotis laisvai, kad ir kur b\u016btum\u0117te. Galite u\u017esiimti savo kasdiene veikla, o gydymas bus atliekamas, netrukdant laidams.<\/p>\n<p><strong><img decoding=\"async\" style=\"margin-right: 12px;\" src=\"https:\/\/www.californiansmiles.com\/wp-content\/uploads\/2026\/02\/Check.svg\" alt=\"\" width=\"18\" height=\"15\" \/>Receptas nereikalingas.<\/strong> M\u016bs\u0173 dant\u0173 balinimo rinkin\u012f galima \u012fsigyti be recepto ar gydytojo konsultacijos. J\u012f galite lengvai \u012fsigyti ir naudoti be i\u0161ankstin\u0117s konsultacijos, tod\u0117l gal\u0117site m\u0117gautis profesionaliu gydymu namuose, savo tempu.<\/p>\n<p><strong><img decoding=\"async\" style=\"margin-right: 12px;\" src=\"https:\/\/www.californiansmiles.com\/wp-content\/uploads\/2026\/02\/Check.svg\" alt=\"\" width=\"18\" height=\"15\" \/>Patentuota ir i\u0161skirtin\u0117 formul\u0117 be peroksido.<\/strong> M\u016bs\u0173 dant\u0173 balinimo rinkinyje esantis gelis yra be peroksido, tod\u0117l dantys balinami \u0161velniai, ta\u010diau veiksmingai, be dirginimo ar jautrumo pavojaus. Tai patentuota formul\u0117, kurios n\u0117ra prekyboje, tod\u0117l tai i\u0161skirtinis produktas, sukurtas siekiant u\u017etikrinti geresnius rezultatus, palyginti su kitomis rinkoje esan\u010diomis galimyb\u0117mis.<\/p>\n<h2><strong>Instrukcijos<\/strong><\/h2>\n<ol>\n<li><strong>Valykite dantis: <\/strong>Prie\u0161 kiekvien\u0105 balinimo seans\u0105 b\u016btina tinkamai paruo\u0161ti dantis. Nor\u0117dami tai padaryti, pirmiausia kruop\u0161\u010diai i\u0161valykite dantis \u012fprasta dant\u0173 pasta. Tai padeda pa\u0161alinti maisto liku\u010dius ir apna\u0161as, kurios gali trukdyti balinimo gelio veiksmingumui. B\u016btinai valykite ne tik matomus pavir\u0161ius, bet ir tarpdan\u010dius bei dantenas. Po valymo kruop\u0161\u010diai praskalaukite burn\u0105 \u0161iltu vandeniu, kad pa\u0161alintum\u0117te dant\u0173 pastos liku\u010dius. \u0160is valymo \u017eingsnis u\u017etikrina, kad dantys bus visi\u0161kai \u0161var\u016bs ir paruo\u0161ti optimaliam balinamojo gelio naudojimui.<\/li>\n<li><strong>I\u0161valykite balinimo rinkin\u012f: <\/strong>Jei rinkinys jau buvo naudotas, prie\u0161 kiekvien\u0105 pakartotin\u012f naudojim\u0105 b\u016btina j\u012f tinkamai i\u0161valyti. Valymas u\u017etikrina ne tik higien\u0105, bet ir balinimo proceso veiksmingum\u0105. \u0160varia, \u0161iek tiek dr\u0117gna \u0161luoste \u0161velniai nuvalykite kandikl\u012f ir pa\u0161alinkite gelio ar seili\u0173 liku\u010dius. B\u016btinai i\u0161valykite griovelius ir griovelius, kad nesusidaryt\u0173 joki\u0173 nuos\u0117d\u0173, galin\u010di\u0173 pakeisti balinimo proces\u0105. I\u0161val\u0119 leiskite kandikliui visi\u0161kai i\u0161d\u017ei\u016bti ir tik tada pereikite prie kito veiksmo. Dr\u0117gnas kandiklis gali tur\u0117ti \u012ftakos gelio pasiskirstymui ir LED lemput\u0117s veikimui.<\/li>\n<li><strong>Prijunkite kandikl\u012f prie LED lemput\u0117s: <\/strong>Kai kandiklis bus \u0161varus ir sausas, atsargiai \u012fd\u0117kite j\u012f \u012f \"Power-LED\" modul\u012f. \u0160i jungtis yra labai svarbi, nes LED \u0161viesa suaktyvins balinam\u0105j\u012f gel\u012f ir padidins jo veiksmingum\u0105. \u012esitikinkite, kad kandiklis tvirtai pritvirtintas ir nejuda, kad \u0161viesa tolygiai pasiskirstyt\u0173 visose balinam\u0173 dant\u0173 vietose. Gerai priglud\u0119s kandiklis ir \u0161viesa u\u017etikrina optimalius rezultatus.<\/li>\n<li><strong>U\u017etepkite balinamojo gelio: <\/strong>Naudokite pateikt\u0105 balinamojo gelio \u0161virk\u0161t\u0105, kad u\u017epildytum\u0117te kandikl\u012f. Rekomenduojama \u012f kiekvien\u0105 kandiklio pus\u0119 u\u017etepti ma\u017edaug 1\/4 gelio \u0161virk\u0161to. Kad gelis b\u016bt\u0173 naudojamas optimaliai, b\u016btinai j\u012f tolygiai paskirstykite, kad padengt\u0173 priekinius dant\u0173, kuriuos reikia balinti, pavir\u0161ius. Ta\u010diau b\u016bkite atsarg\u016bs, kad gelio nepateiktum\u0117te ant danten\u0173, nes tai gali sukelti nedidel\u012f sudirginim\u0105. Jei reikia, naudokite veidrod\u0117l\u012f, kad patikrintum\u0117te, ar gelis teisingai u\u017eteptas ant tikslini\u0173 sri\u010di\u0173. Svarbu neperpildyti kandiklio geliu, kad jis nei\u0161siliet\u0173 naudojimo metu.<\/li>\n<li><strong>\u012ed\u0117kite kandikl\u012f \u012f burn\u0105: <\/strong>Tinkamai u\u017etep\u0119 gelio, \u0161velniai \u012fki\u0161kite kandikl\u012f \u012f burn\u0105. \u012esitikinkite, kad kandiklis yra gerai priglaustas prie dant\u0173, kad b\u016bt\u0173 visi\u0161kai padengtos gydomos sritys. Jei gelio patenka ant danten\u0173, nedelsdami \u0161velniai pa\u0161alinkite j\u012f vatos tamponu arba servet\u0117le, kad i\u0161vengtum\u0117te galimo sudirginimo. Kelias sekundes skirkite kandikliui sureguliuoti, kad jis b\u016bt\u0173 patogus ir gerai liest\u0173si prie dant\u0173, kad balinimas b\u016bt\u0173 tolygus.<\/li>\n<li><strong>Prad\u0117kite balinimo seans\u0105: <\/strong>Kai kandiklis yra vietoje ir tinkamai sureguliuotas, paspauskite prad\u017eios mygtuk\u0105, kad prad\u0117tum\u0117te balinimo seans\u0105. LED lemput\u0117 \u012fsijungs ir i\u0161kart prad\u0117s s\u0105veikauti su balinamuoju geliu, pagreitindama d\u0117mi\u0173 \u0161alinimo proces\u0105. Seansas trunka 30 minu\u010di\u0173, per kurias galite atsipalaiduoti arba u\u017esiimti lengva veikla, nes prietaisas yra belaidis ir netrukdo. LED \u0161viesa yra specialiai sukalibruota taip, kad b\u016bt\u0173 u\u017etikrinta optimali galia, maksimalus veiksmingumas ir kartu \u0161velnumas dantims ir dantenoms. \u0160iuo laikotarpiu b\u016bkite atsarg\u016bs ir nekramtykite bei nejudinkite kandiklio, kad b\u016bt\u0173 u\u017etikrintas tolygus gydymas.<\/li>\n<li><strong>Sesijos pabaigoje: <\/strong>Pasibaigus 30 minu\u010di\u0173 terminui, LED lemput\u0117 automati\u0161kai i\u0161sijungs, taip pa\u017eym\u0117dama balinimo seanso pabaig\u0105. Atsargiai i\u0161imkite kandikl\u012f i\u0161 burnos, saugokit\u0117s, kad nei\u0161siliet\u0173 lik\u0119s gelis. Kruop\u0161\u010diai praskalaukite burn\u0105 \u0161iltu vandeniu, kad pa\u0161alintum\u0117te bet kokius gelio liku\u010dius ir \u012fsitikintum\u0117te, kad ant dant\u0173 ar danten\u0173 neliko joki\u0173 produkto p\u0117dsak\u0173. Galiausiai dar kart\u0105 nuvalykite kandikl\u012f dr\u0117gna \u0161luoste arba \u0161variu vandeniu ir, prie\u0161 laikydami j\u012f kitam naudojimui, leiskite jam i\u0161d\u017ei\u016bti.<\/li>\n<\/ol>","protected":false},"excerpt":{"rendered":"<p>The only teeth whitening kit with a satisfaction or money-back guarantee. Our teeth whitening kit is the only one on the market that offers you a satisfaction or money-back guarantee, ensuring you can use it with complete peace of mind. We believe so strongly in the effectiveness of our product that we guarantee visible results [&hellip;]<\/p>\n","protected":false},"featured_media":23058,"comment_status":"open","ping_status":"closed","template":"","meta":{"_uag_custom_page_level_css":"","site-sidebar-layout":"default","site-content-layout":"","ast-site-content-layout":"default","site-content-style":"default","site-sidebar-style":"default","ast-global-header-display":"","ast-banner-title-visibility":"","ast-main-header-display":"","ast-hfb-above-header-display":"","ast-hfb-below-header-display":"","ast-hfb-mobile-header-display":"","site-post-title":"","ast-breadcrumbs-content":"","ast-featured-img":"","footer-sml-layout":"","ast-disable-related-posts":"","theme-transparent-header-meta":"default","adv-header-id-meta":"","stick-header-meta":"","header-above-stick-meta":"","header-main-stick-meta":"","header-below-stick-meta":"","astra-migrate-meta-layouts":"set","ast-page-background-enabled":"default","ast-page-background-meta":{"desktop":{"background-color":"var(--ast-global-color-4)","background-image":"","background-repeat":"repeat","background-position":"center center","background-size":"auto","background-attachment":"scroll","background-type":"","background-media":"","overlay-type":"","overlay-color":"","overlay-opacity":"","overlay-gradient":""},"tablet":{"background-color":"","background-image":"","background-repeat":"repeat","background-position":"center center","background-size":"auto","background-attachment":"scroll","background-type":"","background-media":"","overlay-type":"","overlay-color":"","overlay-opacity":"","overlay-gradient":""},"mobile":{"background-color":"","background-image":"","background-repeat":"repeat","background-position":"center center","background-size":"auto","background-attachment":"scroll","background-type":"","background-media":"","overlay-type":"","overlay-color":"","overlay-opacity":"","overlay-gradient":""}},"ast-content-background-meta":{"desktop":{"background-color":"var(--ast-global-color-5)","background-image":"","background-repeat":"repeat","background-position":"center center","background-size":"auto","background-attachment":"scroll","background-type":"","background-media":"","overlay-type":"","overlay-color":"","overlay-opacity":"","overlay-gradient":""},"tablet":{"background-color":"var(--ast-global-color-5)","background-image":"","background-repeat":"repeat","background-position":"center center","background-size":"auto","background-attachment":"scroll","background-type":"","background-media":"","overlay-type":"","overlay-color":"","overlay-opacity":"","overlay-gradient":""},"mobile":{"background-color":"var(--ast-global-color-5)","background-image":"","background-repeat":"repeat","background-position":"center center","background-size":"auto","background-attachment":"scroll","background-type":"","background-media":"","overlay-type":"","overlay-color":"","overlay-opacity":"","overlay-gradient":""}}},"product_brand":[],"product_cat":[15],"product_tag":[],"class_list":{"0":"post-22981","1":"product","2":"type-product","3":"status-publish","4":"has-post-thumbnail","6":"product_cat-shop","7":"desktop-align-left","8":"tablet-align-left","9":"mobile-align-left","11":"first","12":"instock","13":"taxable","14":"shipping-taxable","15":"purchasable","16":"product-type-simple"},"spectra_custom_meta":{"_visibility":["visible"],"_shopify_product_id":["7770281214171"],"_s2w_shopify_domain":["californiansmiles.myshopify.com"],"_shopify_variant_id":["43109547999451"],"_sku":["CSTEETHWHITENINGKIT"],"_regular_price":["39.90"],"_price":["39.90"],"_sale_price":[""],"_weight":["0.2"],"_thumbnail_id":["23058"],"_global_unique_id":["5056773801103"],"total_sales":["635"],"_tax_status":["taxable"],"_tax_class":[""],"_manage_stock":["no"],"_backorders":["no"],"_sold_individually":["no"],"_virtual":["no"],"_downloadable":["no"],"_download_limit":["-1"],"_download_expiry":["-1"],"_stock":[null],"_stock_status":["instock"],"_wc_average_rating":["4.95"],"_wc_review_count":["177"],"_product_version":["10.5.2"],"_product_image_gallery":["23059,23060,23061,23062,23063,23064,23065"],"_wc_rating_count":["a:3:{i:3;i:2;i:4;i:5;i:5;i:170;}"],"_edit_lock":["1771571645:1"],"merchant-center-availability":["yes"],"merchant-center-category":["3019"],"merchant-center-id":["CSTEETHWHITENINGKIT"],"_edit_last":["1"],"_wp_page_template":["default"],"site-sidebar-layout":["default"],"ast-site-content-layout":["default"],"site-content-style":["default"],"site-sidebar-style":["default"],"theme-transparent-header-meta":["default"],"astra-migrate-meta-layouts":["set"],"_uag_css_file_name":["uag-css-22981.css"],"_elementor_page_assets":["a:0:{}"]},"uagb_featured_image_src":{"full":["https:\/\/www.californiansmiles.com\/wp-content\/uploads\/2025\/06\/3.jpg",1000,1000,false],"thumbnail":["https:\/\/www.californiansmiles.com\/wp-content\/uploads\/2025\/06\/3-150x150.jpg",150,150,true],"medium":["https:\/\/www.californiansmiles.com\/wp-content\/uploads\/2025\/06\/3-300x300.jpg",300,300,true],"medium_large":["https:\/\/www.californiansmiles.com\/wp-content\/uploads\/2025\/06\/3-768x768.jpg",768,768,true],"large":["https:\/\/www.californiansmiles.com\/wp-content\/uploads\/2025\/06\/3.jpg",1000,1000,false],"1536x1536":["https:\/\/www.californiansmiles.com\/wp-content\/uploads\/2025\/06\/3.jpg",1000,1000,false],"2048x2048":["https:\/\/www.californiansmiles.com\/wp-content\/uploads\/2025\/06\/3.jpg",1000,1000,false],"trp-custom-language-flag":["https:\/\/www.californiansmiles.com\/wp-content\/uploads\/2025\/06\/3-12x12.jpg",12,12,true],"woocommerce_thumbnail":["https:\/\/www.californiansmiles.com\/wp-content\/uploads\/2025\/06\/3-300x300.jpg",300,300,true],"woocommerce_single":["https:\/\/www.californiansmiles.com\/wp-content\/uploads\/2025\/06\/3-600x600.jpg",600,600,true],"woocommerce_gallery_thumbnail":["https:\/\/www.californiansmiles.com\/wp-content\/uploads\/2025\/06\/3-100x100.jpg",100,100,true]},"uagb_author_info":{"display_name":"admin","author_link":"https:\/\/www.californiansmiles.com\/lt\/author\/"},"uagb_comment_info":177,"uagb_excerpt":"The only teeth whitening kit with a satisfaction or money-back guarantee. Our teeth whitening kit is the only one on the market that offers you a satisfaction or money-back guarantee, ensuring you can use it with complete peace of mind. We believe so strongly in the effectiveness of our product that we guarantee visible results&hellip;","_links":{"self":[{"href":"https:\/\/www.californiansmiles.com\/lt\/wp-json\/wp\/v2\/product\/22981","targetHints":{"allow":["GET"]}}],"collection":[{"href":"https:\/\/www.californiansmiles.com\/lt\/wp-json\/wp\/v2\/product"}],"about":[{"href":"https:\/\/www.californiansmiles.com\/lt\/wp-json\/wp\/v2\/types\/product"}],"replies":[{"embeddable":true,"href":"https:\/\/www.californiansmiles.com\/lt\/wp-json\/wp\/v2\/comments?post=22981"}],"version-history":[{"count":5,"href":"https:\/\/www.californiansmiles.com\/lt\/wp-json\/wp\/v2\/product\/22981\/revisions"}],"predecessor-version":[{"id":24799,"href":"https:\/\/www.californiansmiles.com\/lt\/wp-json\/wp\/v2\/product\/22981\/revisions\/24799"}],"wp:featuredmedia":[{"embeddable":true,"href":"https:\/\/www.californiansmiles.com\/lt\/wp-json\/wp\/v2\/media\/23058"}],"wp:attachment":[{"href":"https:\/\/www.californiansmiles.com\/lt\/wp-json\/wp\/v2\/media?parent=22981"}],"wp:term":[{"taxonomy":"product_brand","embeddable":true,"href":"https:\/\/www.californiansmiles.com\/lt\/wp-json\/wp\/v2\/product_brand?post=22981"},{"taxonomy":"product_cat","embeddable":true,"href":"https:\/\/www.californiansmiles.com\/lt\/wp-json\/wp\/v2\/product_cat?post=22981"},{"taxonomy":"product_tag","embeddable":true,"href":"https:\/\/www.californiansmiles.com\/lt\/wp-json\/wp\/v2\/product_tag?post=22981"}],"curies":[{"name":"wp","href":"https:\/\/api.w.org\/{rel}","templated":true}]}}