{"id":24841,"date":"2026-02-28T14:26:08","date_gmt":"2026-02-28T13:26:08","guid":{"rendered":"https:\/\/www.californiansmiles.com\/?post_type=product&#038;p=24841"},"modified":"2026-02-28T14:27:53","modified_gmt":"2026-02-28T13:27:53","slug":"intense-pulsed-light-hair-removal-device","status":"publish","type":"product","link":"https:\/\/www.californiansmiles.com\/hu\/products\/intense-pulsed-light-hair-removal-device\/","title":{"rendered":"Intenz\u00edv impulzusf\u00e9nyes sz\u0151rtelen\u00edt\u0151 k\u00e9sz\u00fcl\u00e9k"},"content":{"rendered":"<p><strong><img decoding=\"async\" style=\"margin-right: 12px;\" src=\"https:\/\/www.californiansmiles.com\/wp-content\/uploads\/2026\/02\/Check.svg\" alt=\"\" width=\"18\" height=\"15\" \/>Hosszantart\u00f3 sz\u0151rzetcs\u00f6kkent\u00e9st \u00e9r el otthonod k\u00e9nyelm\u00e9b\u0151l a fejlett intenz\u00edv impulzusf\u00e9ny-technol\u00f3gi\u00e1val.<\/strong> Az intenz\u00edv impulzusf\u00e9nyes sz\u0151rtelen\u00edt\u0151 k\u00e9sz\u00fcl\u00e9k\u00fcnk intenz\u00edv impulzusf\u00e9nyt haszn\u00e1l, hogy a sz\u0151rt\u00fcsz\u0151ket a gy\u00f6ker\u00fckn\u00e9l c\u00e9lozza meg, fokozatosan cs\u00f6kkentve a visszan\u00f6v\u00e9st, \u00e9s minden egyes kezel\u00e9ssel sim\u00e1bb\u00e1 t\u00e9ve b\u0151r\u00e9t. A professzion\u00e1lis szint\u0171 teljes\u00edtm\u00e9nyt k\u00f6zvetlen\u00fcl az \u00d6n szem\u00e9lyes \u00e1pol\u00e1si rutinj\u00e1ba illeszti, klinikai tal\u00e1lkoz\u00f3k n\u00e9lk\u00fcl.<\/p>\n<p><strong><img decoding=\"async\" style=\"margin-right: 12px;\" src=\"https:\/\/www.californiansmiles.com\/wp-content\/uploads\/2026\/02\/Check.svg\" alt=\"\" width=\"18\" height=\"15\" \/>Az el\u00e9rhet\u0151 leghat\u00e9konyabb otthoni intenz\u00edv impulzusf\u00e9nyes sz\u0151rtelen\u00edt\u0151 k\u00e9sz\u00fcl\u00e9k.<\/strong> Az optimaliz\u00e1lt f\u00e9nyenergia-kibocs\u00e1t\u00e1ssal \u00e9s prec\u00edz c\u00e9lz\u00e1ssal tervezett k\u00e9sz\u00fcl\u00e9k\u00fcnk er\u0151teljes impulzusokat bocs\u00e1t ki, amelyek megszak\u00edtj\u00e1k a sz\u0151rn\u00f6veked\u00e9si ciklust, mik\u00f6zben k\u00edm\u00e9letesek maradnak a k\u00f6rnyez\u0151 b\u0151rh\u00f6z. K\u00f6vetkezetes haszn\u00e1lat eset\u00e9n l\u00e1that\u00f3an cs\u00f6kkentett sz\u0151rs\u0171r\u0171s\u00e9get \u00e9s lassabb \u00fajran\u00f6veked\u00e9st fog \u00e9szrevenni.<\/p>\n<p><strong><img decoding=\"async\" style=\"margin-right: 12px;\" src=\"https:\/\/www.californiansmiles.com\/wp-content\/uploads\/2026\/02\/Check.svg\" alt=\"\" width=\"18\" height=\"15\" \/>A piacon a legolcs\u00f3bb professzion\u00e1lis min\u0151s\u00e9g\u0171 intenz\u00edv impulzusf\u00e9nyes megold\u00e1st k\u00edn\u00e1ljuk.<\/strong> \u00c1rk\u00e9pz\u00e9si modell\u00fcnk biztos\u00edtja, hogy \u00d6n a lehet\u0151 legalacsonyabb \u00e1ron kapja meg a cs\u00facstechnol\u00f3gi\u00e1t. Ahelyett, hogy nagy \u00f6sszegeket k\u00f6ltene szalonkezel\u00e9sekre, egyszer beruh\u00e1zhat k\u00e9sz\u00fcl\u00e9k\u00fcnkbe, \u00e9s hossz\u00fa t\u00e1von \u00e9lvezheti a megtakar\u00edt\u00e1sokat.<\/p>\n<p><strong><img decoding=\"async\" style=\"margin-right: 12px;\" src=\"https:\/\/www.californiansmiles.com\/wp-content\/uploads\/2026\/02\/Check.svg\" alt=\"\" width=\"18\" height=\"15\" \/>P\u00e9nzvisszafizet\u00e9si garancia a teljes nyugalom\u00e9rt.<\/strong> Az intenz\u00edv impulzusf\u00e9nyes sz\u0151rtelen\u00edt\u0151 k\u00e9sz\u00fcl\u00e9k\u00fcnk teljes\u00edtm\u00e9nye \u00e9s min\u0151s\u00e9ge m\u00f6g\u00f6tt \u00e1llunk. Ha nem teljesen el\u00e9gedett az eredm\u00e9nyekkel, komplik\u00e1ci\u00f3k \u00e9s rejtett felt\u00e9telek n\u00e9lk\u00fcl visszat\u00e9r\u00edtj\u00fck a v\u00e9tel\u00e1rat.<\/p>\n<p><strong><img decoding=\"async\" style=\"margin-right: 12px;\" src=\"https:\/\/www.californiansmiles.com\/wp-content\/uploads\/2026\/02\/Check.svg\" alt=\"\" width=\"18\" height=\"15\" \/>Gyors, 24 \u00f3r\u00e1s sz\u00e1ll\u00edt\u00e1s, \u00edgy azonnal megkezdheti a kezel\u00e9st.<\/strong> Nem kell heteket v\u00e1rnia, hogy elkezdje a sz\u0151rtelen\u00edt\u00e9ssel kapcsolatos utaz\u00e1s\u00e1t. Mindig 24 \u00f3r\u00e1s kisz\u00e1ll\u00edt\u00e1st k\u00edn\u00e1lunk, \u00edgy biztos\u00edtva, hogy k\u00e9sz\u00fcl\u00e9ke gyorsan \u00e9s haszn\u00e1latra k\u00e9szen \u00e9rkezzen meg.<\/p>\n<p><strong><img decoding=\"async\" style=\"margin-right: 12px;\" src=\"https:\/\/www.californiansmiles.com\/wp-content\/uploads\/2026\/02\/Check.svg\" alt=\"\" width=\"18\" height=\"15\" \/>Biztons\u00e1gos \u00e9s klinikailag inspir\u00e1lt f\u00e9nytechnol\u00f3gia.<\/strong> A k\u00e9sz\u00fcl\u00e9ket be\u00e9p\u00edtett b\u0151r\u00e9rint\u00e9s-\u00e9rz\u00e9kel\u0151kkel \u00e9s v\u00e9d\u0151sz\u0171r\u0151kkel tervezt\u00e9k a biztons\u00e1gos energiakibocs\u00e1t\u00e1s \u00e9rdek\u00e9ben. Az utas\u00edt\u00e1soknak megfelel\u0151en haszn\u00e1lva megb\u00edzhat\u00f3 \u00e9s ellen\u0151rz\u00f6tt kezel\u00e9si \u00e9lm\u00e9nyt ny\u00fajt, amely otthoni haszn\u00e1latra is alkalmas.<\/p>\n<p><strong><img decoding=\"async\" style=\"margin-right: 12px;\" src=\"https:\/\/www.californiansmiles.com\/wp-content\/uploads\/2026\/02\/Check.svg\" alt=\"\" width=\"18\" height=\"15\" \/>T\u00f6bb intenzit\u00e1si szint a szem\u00e9lyre szabott k\u00e9nyelem \u00e9rdek\u00e9ben.<\/strong> Az \u00e1ll\u00edthat\u00f3 energiabe\u00e1ll\u00edt\u00e1sok lehet\u0151v\u00e9 teszik, hogy a kezel\u00e9st a b\u0151r \u00e9rz\u00e9kenys\u00e9g\u00e9hez \u00e9s a kezelt ter\u00fclethez igaz\u00edtsa. Ak\u00e1r \u00e9rz\u00e9keny z\u00f3n\u00e1kat, ak\u00e1r nagyobb testr\u00e9szeket c\u00e9loz meg, testre szabhatja az \u00e9lm\u00e9nyt az optim\u00e1lis k\u00e9nyelem \u00e9s hat\u00e9konys\u00e1g \u00e9rdek\u00e9ben.<\/p>\n<p><strong><img decoding=\"async\" style=\"margin-right: 12px;\" src=\"https:\/\/www.californiansmiles.com\/wp-content\/uploads\/2026\/02\/Check.svg\" alt=\"\" width=\"18\" height=\"15\" \/>K\u00fcl\u00f6nb\u00f6z\u0151 testt\u00e1jakra alkalmas.<\/strong> A k\u00e9sz\u00fcl\u00e9k haszn\u00e1lhat\u00f3 l\u00e1bakon, karokon, h\u00f3naljakon, bikinivonalon, mellkason \u00e9s m\u00e1s megfelel\u0151 ter\u00fcleteken, \u00edgy egyetlen kompakt eszk\u00f6zzel biztos\u00edt teljes testsz\u0151rzet-cs\u00f6kkent\u00e9st.<\/p>\n<p><strong><img decoding=\"async\" style=\"margin-right: 12px;\" src=\"https:\/\/www.californiansmiles.com\/wp-content\/uploads\/2026\/02\/Check.svg\" alt=\"\" width=\"18\" height=\"15\" \/>Hossz\u00fa \u00e9lettartam\u00fa vaku a hosszabb haszn\u00e1lathoz.<\/strong> A nagy kapacit\u00e1s\u00fa f\u00e9nykazett\u00e1val felszerelt k\u00e9sz\u00fcl\u00e9k t\u00f6bb ezer villan\u00e1st biztos\u00edt, \u00edgy a kezel\u00e9sek h\u00f3napokig vagy ak\u00e1r \u00e9vekig tartanak, an\u00e9lk\u00fcl, hogy gyakori cser\u00e9re lenne sz\u00fcks\u00e9g.<\/p>\n<p><strong><img decoding=\"async\" style=\"margin-right: 12px;\" src=\"https:\/\/www.californiansmiles.com\/wp-content\/uploads\/2026\/02\/Check.svg\" alt=\"\" width=\"18\" height=\"15\" \/>Jav\u00edtja a b\u0151r simas\u00e1g\u00e1t \u00e9s a magabiztoss\u00e1got.<\/strong> A nem k\u00edv\u00e1nt sz\u0151rzet fokozatos cs\u00f6kkent\u00e9s\u00e9vel a k\u00e9sz\u00fcl\u00e9k seg\u00edt minimaliz\u00e1lni a ben\u0151tt sz\u0151rsz\u00e1lakat, a borotv\u00e1lkoz\u00e1si irrit\u00e1ci\u00f3t \u00e9s a borotva dudorokat, sim\u00e1bb\u00e1 t\u00e9ve b\u0151r\u00e9t \u00e9s n\u00f6velve \u00e1ltal\u00e1nos \u00f6nbizalm\u00e1t.<\/p>\n<h2><strong>Utas\u00edt\u00e1sok<\/strong><\/h2>\n<ul>\n<li>Az els\u0151 haszn\u00e1lat el\u0151tt borotv\u00e1lja le a kezelni k\u00edv\u00e1nt ter\u00fcletet. A b\u0151rnek tiszt\u00e1nak, sz\u00e1raznak \u00e9s kr\u00e9mekt\u0151l, olajokt\u00f3l vagy dezodorokt\u00f3l mentesnek kell lennie.<\/li>\n<li>V\u00e1lassza ki a megfelel\u0151 intenzit\u00e1si szintet a b\u0151rt\u00f3nus\u00e1nak \u00e9s \u00e9rz\u00e9kenys\u00e9g\u00e9nek megfelel\u0151en. Ha el\u0151sz\u00f6r haszn\u00e1lja a k\u00e9sz\u00fcl\u00e9ket, kezdje alacsonyabb be\u00e1ll\u00edt\u00e1ssal, \u00e9s ha k\u00e9nyelmes, fokozatosan n\u00f6velje.<\/li>\n<li>Helyezze a kezel\u0151ablakot laposan a b\u0151rh\u00f6z. A f\u00e9nyimpulzus aktiv\u00e1l\u00e1sa el\u0151tt biztos\u00edtsa a teljes \u00e9rintkez\u00e9st.<\/li>\n<li>Nyomja meg a vaku gombot az impulzus kibocs\u00e1t\u00e1s\u00e1hoz. Mozgassa a k\u00e9sz\u00fcl\u00e9ket kiss\u00e9 a k\u00f6vetkez\u0151 szomsz\u00e9dos ter\u00fcletre an\u00e9lk\u00fcl, hogy t\u00falzottan \u00e1tfedn\u00e9.<\/li>\n<li>A b\u0151rirrit\u00e1ci\u00f3 kock\u00e1zat\u00e1nak cs\u00f6kkent\u00e9se \u00e9rdek\u00e9ben ne kezelje ugyanazt a pontot t\u00f6bbsz\u00f6r egy kezel\u00e9s sor\u00e1n.<\/li>\n<li>A legjobb eredm\u00e9ny el\u00e9r\u00e9se \u00e9rdek\u00e9ben a k\u00e9sz\u00fcl\u00e9ket a kezdeti kezel\u00e9si f\u00e1zisban egy-k\u00e9t hetente egyszer haszn\u00e1lja, \u00e1ltal\u00e1ban 8-12 h\u00e9ten kereszt\u00fcl.<\/li>\n<li>A kezdeti f\u00e1zis ut\u00e1n a hajn\u00f6veked\u00e9st\u0151l f\u00fcgg\u0151en n\u00e9gy-nyolc hetente v\u00e9gezzen karbantart\u00f3 kezel\u00e9seket.<\/li>\n<li>Ne haszn\u00e1lja irrit\u00e1lt, s\u00e9r\u00fclt vagy le\u00e9gett b\u0151r\u00f6n. K\u00f6zvetlen\u00fcl a kezel\u00e9s el\u0151tt \u00e9s ut\u00e1n ker\u00fclje a k\u00f6zvetlen napf\u00e9nyhat\u00e1st.<\/li>\n<li>Minden kezel\u00e9s ut\u00e1n gyeng\u00e9d, illatmentes hidrat\u00e1l\u00f3 kr\u00e9met haszn\u00e1lhat a b\u0151r megnyugtat\u00e1s\u00e1ra.<\/li>\n<li>Minden haszn\u00e1lat ut\u00e1n puha, sz\u00e1raz ruh\u00e1val tiszt\u00edtsa meg a kezel\u0151ablakot, \u00e9s t\u00e1rolja a k\u00e9sz\u00fcl\u00e9ket h\u0171v\u00f6s, sz\u00e1raz, k\u00f6zvetlen napf\u00e9nyt\u0151l v\u00e9dett helyen.<\/li>\n<\/ul>","protected":false},"excerpt":{"rendered":"<p>Achieves long-lasting hair reduction from the comfort of your home with advanced intense pulsed light technology. Our intense pulsed light hair removal device uses intense pulsed light to target hair follicles at the root, gradually reducing regrowth and leaving your skin smoother with every session. It brings professional-level performance directly into your personal care routine [&hellip;]<\/p>\n","protected":false},"featured_media":24847,"comment_status":"open","ping_status":"closed","template":"","meta":{"_uag_custom_page_level_css":"","site-sidebar-layout":"default","site-content-layout":"","ast-site-content-layout":"default","site-content-style":"default","site-sidebar-style":"default","ast-global-header-display":"","ast-banner-title-visibility":"","ast-main-header-display":"","ast-hfb-above-header-display":"","ast-hfb-below-header-display":"","ast-hfb-mobile-header-display":"","site-post-title":"","ast-breadcrumbs-content":"","ast-featured-img":"","footer-sml-layout":"","ast-disable-related-posts":"","theme-transparent-header-meta":"default","adv-header-id-meta":"","stick-header-meta":"","header-above-stick-meta":"","header-main-stick-meta":"","header-below-stick-meta":"","astra-migrate-meta-layouts":"set","ast-page-background-enabled":"default","ast-page-background-meta":{"desktop":{"background-color":"var(--ast-global-color-4)","background-image":"","background-repeat":"repeat","background-position":"center center","background-size":"auto","background-attachment":"scroll","background-type":"","background-media":"","overlay-type":"","overlay-color":"","overlay-opacity":"","overlay-gradient":""},"tablet":{"background-color":"","background-image":"","background-repeat":"repeat","background-position":"center center","background-size":"auto","background-attachment":"scroll","background-type":"","background-media":"","overlay-type":"","overlay-color":"","overlay-opacity":"","overlay-gradient":""},"mobile":{"background-color":"","background-image":"","background-repeat":"repeat","background-position":"center center","background-size":"auto","background-attachment":"scroll","background-type":"","background-media":"","overlay-type":"","overlay-color":"","overlay-opacity":"","overlay-gradient":""}},"ast-content-background-meta":{"desktop":{"background-color":"var(--ast-global-color-5)","background-image":"","background-repeat":"repeat","background-position":"center center","background-size":"auto","background-attachment":"scroll","background-type":"","background-media":"","overlay-type":"","overlay-color":"","overlay-opacity":"","overlay-gradient":""},"tablet":{"background-color":"var(--ast-global-color-5)","background-image":"","background-repeat":"repeat","background-position":"center center","background-size":"auto","background-attachment":"scroll","background-type":"","background-media":"","overlay-type":"","overlay-color":"","overlay-opacity":"","overlay-gradient":""},"mobile":{"background-color":"var(--ast-global-color-5)","background-image":"","background-repeat":"repeat","background-position":"center center","background-size":"auto","background-attachment":"scroll","background-type":"","background-media":"","overlay-type":"","overlay-color":"","overlay-opacity":"","overlay-gradient":""}}},"product_brand":[],"product_cat":[15],"product_tag":[],"class_list":{"0":"post-24841","1":"product","2":"type-product","3":"status-publish","4":"has-post-thumbnail","6":"product_cat-shop","7":"desktop-align-left","8":"tablet-align-left","9":"mobile-align-left","11":"first","12":"instock","13":"shipping-taxable","14":"purchasable","15":"product-type-simple"},"spectra_custom_meta":{"_edit_lock":["1772371901:1"],"_edit_last":["1"],"merchant-center-availability":["yes"],"merchant-center-category":["7199"],"_thumbnail_id":["24847"],"_wp_page_template":["default"],"_sku":["CSIPLHAIRREMOVALDEVICE"],"_global_unique_id":["5056773822511"],"_regular_price":["39.90"],"total_sales":["0"],"_tax_status":["taxable"],"_tax_class":[""],"_manage_stock":["no"],"_backorders":["no"],"_sold_individually":["no"],"_weight":["0.2"],"_virtual":["no"],"_downloadable":["no"],"_download_limit":["-1"],"_download_expiry":["-1"],"_stock":[null],"_stock_status":["instock"],"_wc_average_rating":["0"],"_wc_review_count":["0"],"_product_version":["10.5.2"],"_price":["39.90"],"_product_image_gallery":["24849,24848,24846,24845,24844"],"site-sidebar-layout":["default"],"ast-site-content-layout":["default"],"site-content-style":["default"],"site-sidebar-style":["default"],"theme-transparent-header-meta":["default"],"astra-migrate-meta-layouts":["set"],"_uag_css_file_name":["uag-css-24841.css"],"_elementor_page_assets":["a:0:{}"],"_uag_page_assets":["a:9:{s:3:\"css\";s:6893:\".wp-block-uagb-image{display:flex}.wp-block-uagb-image__figure{position:relative;display:flex;flex-direction:column;max-width:100%;height:auto;margin:0}.wp-block-uagb-image__figure img{height:auto;display:flex;max-width:100%;transition:box-shadow 0.2s ease}.wp-block-uagb-image__figure>a{display:inline-block}.wp-block-uagb-image__figure figcaption{text-align:center;margin-top:0.5em;margin-bottom:1em}.wp-block-uagb-image .components-placeholder.block-editor-media-placeholder .components-placeholder__instructions{align-self:center}.wp-block-uagb-image--align-left{text-align:left}.wp-block-uagb-image--align-right{text-align:right}.wp-block-uagb-image--align-center{text-align:center}.wp-block-uagb-image--align-full .wp-block-uagb-image__figure{margin-left:calc(50% - 50vw);margin-right:calc(50% - 50vw);max-width:100vw;width:100vw;height:auto}.wp-block-uagb-image--align-full .wp-block-uagb-image__figure img{height:auto;width:100% !important}.wp-block-uagb-image--align-wide .wp-block-uagb-image__figure img{height:auto;width:100%}.wp-block-uagb-image--layout-overlay__color-wrapper{position:absolute;left:0;top:0;right:0;bottom:0;opacity:0.2;background:rgba(0,0,0,0.5);transition:opacity 0.35s ease-in-out}.wp-block-uagb-image--layout-overlay-link{position:absolute;left:0;right:0;bottom:0;top:0}.wp-block-uagb-image--layout-overlay .wp-block-uagb-image__figure:hover .wp-block-uagb-image--layout-overlay__color-wrapper{opacity:1}.wp-block-uagb-image--layout-overlay__inner{position:absolute;left:15px;right:15px;bottom:15px;top:15px;display:flex;align-items:center;justify-content:center;flex-direction:column;border-color:#fff;transition:0.35s ease-in-out}.wp-block-uagb-image--layout-overlay__inner.top-left,.wp-block-uagb-image--layout-overlay__inner.top-center,.wp-block-uagb-image--layout-overlay__inner.top-right{justify-content:flex-start}.wp-block-uagb-image--layout-overlay__inner.bottom-left,.wp-block-uagb-image--layout-overlay__inner.bottom-center,.wp-block-uagb-image--layout-overlay__inner.bottom-right{justify-content:flex-end}.wp-block-uagb-image--layout-overlay__inner.top-left,.wp-block-uagb-image--layout-overlay__inner.center-left,.wp-block-uagb-image--layout-overlay__inner.bottom-left{align-items:flex-start}.wp-block-uagb-image--layout-overlay__inner.top-right,.wp-block-uagb-image--layout-overlay__inner.center-right,.wp-block-uagb-image--layout-overlay__inner.bottom-right{align-items:flex-end}.wp-block-uagb-image--layout-overlay__inner .uagb-image-heading{color:#fff;transition:transform 0.35s, opacity 0.35s ease-in-out;transform:translate3d(0, 24px, 0);margin:0;line-height:1em}.wp-block-uagb-image--layout-overlay__inner .uagb-image-separator{width:30%;border-top-width:2px;border-top-color:#fff;border-top-style:solid;margin-bottom:10px;opacity:0;transition:transform 0.4s, opacity 0.4s ease-in-out;transform:translate3d(0, 30px, 0)}.wp-block-uagb-image--layout-overlay__inner .uagb-image-caption{opacity:0;overflow:visible;color:#fff;transition:transform 0.45s, opacity 0.45s ease-in-out;transform:translate3d(0, 35px, 0)}.wp-block-uagb-image--layout-overlay__inner:hover .uagb-image-heading,.wp-block-uagb-image--layout-overlay__inner:hover .uagb-image-separator,.wp-block-uagb-image--layout-overlay__inner:hover .uagb-image-caption{opacity:1;transform:translate3d(0, 0, 0)}.wp-block-uagb-image--effect-zoomin .wp-block-uagb-image__figure img,.wp-block-uagb-image--effect-zoomin .wp-block-uagb-image__figure .wp-block-uagb-image--layout-overlay__color-wrapper{transform:scale(1);transition:transform 0.35s ease-in-out}.wp-block-uagb-image--effect-zoomin .wp-block-uagb-image__figure:hover img,.wp-block-uagb-image--effect-zoomin .wp-block-uagb-image__figure:hover .wp-block-uagb-image--layout-overlay__color-wrapper{transform:scale(1.05)}.wp-block-uagb-image--effect-slide .wp-block-uagb-image__figure img,.wp-block-uagb-image--effect-slide .wp-block-uagb-image__figure .wp-block-uagb-image--layout-overlay__color-wrapper{width:calc(100% + 40px) !important;max-width:none !important;transform:translate3d(-40px, 0, 0);transition:transform 0.35s ease-in-out}.wp-block-uagb-image--effect-slide .wp-block-uagb-image__figure:hover img,.wp-block-uagb-image--effect-slide .wp-block-uagb-image__figure:hover .wp-block-uagb-image--layout-overlay__color-wrapper{transform:translate3d(0, 0, 0)}.wp-block-uagb-image--effect-grayscale img{filter:grayscale(0%);transition:0.35s ease-in-out}.wp-block-uagb-image--effect-grayscale:hover img{filter:grayscale(100%)}.wp-block-uagb-image--effect-blur img{filter:blur(0);transition:0.35s ease-in-out}.wp-block-uagb-image--effect-blur:hover img{filter:blur(3px)}\n.uagb-block-e6f939b3.wp-block-uagb-image--layout-default figure img{box-shadow: 0px 0px 0 #00000070;}.uagb-block-e6f939b3.wp-block-uagb-image .wp-block-uagb-image__figure figcaption{font-style: normal;align-self: center;}.uagb-block-e6f939b3.wp-block-uagb-image--layout-overlay figure img{box-shadow: 0px 0px 0 #00000070;}.uagb-block-e6f939b3.wp-block-uagb-image--layout-overlay .wp-block-uagb-image--layout-overlay__color-wrapper{opacity: 0.2;}.uagb-block-e6f939b3.wp-block-uagb-image--layout-overlay .wp-block-uagb-image--layout-overlay__inner{left: 15px;right: 15px;top: 15px;bottom: 15px;}.uagb-block-e6f939b3.wp-block-uagb-image--layout-overlay .wp-block-uagb-image--layout-overlay__inner .uagb-image-heading{font-style: normal;color: #fff;opacity: 1;}.uagb-block-e6f939b3.wp-block-uagb-image--layout-overlay .wp-block-uagb-image--layout-overlay__inner .uagb-image-heading a{color: #fff;}.uagb-block-e6f939b3.wp-block-uagb-image--layout-overlay .wp-block-uagb-image--layout-overlay__inner .uagb-image-caption{opacity: 0;}.uagb-block-e6f939b3.wp-block-uagb-image--layout-overlay .wp-block-uagb-image__figure:hover .wp-block-uagb-image--layout-overlay__color-wrapper{opacity: 1;}.uagb-block-e6f939b3.wp-block-uagb-image .wp-block-uagb-image--layout-overlay__inner .uagb-image-separator{width: 30%;border-top-width: 2px;border-top-color: #fff;opacity: 0;}.uagb-block-e6f939b3.wp-block-uagb-image .wp-block-uagb-image__figure img{width: px;height: auto;}.uagb-block-e6f939b3.wp-block-uagb-image .wp-block-uagb-image__figure:hover .wp-block-uagb-image--layout-overlay__inner .uagb-image-caption{opacity: 1;}.uagb-block-e6f939b3.wp-block-uagb-image .wp-block-uagb-image__figure:hover .wp-block-uagb-image--layout-overlay__inner .uagb-image-separator{opacity: 1;}.uagb-block-e6f939b3.wp-block-uagb-image--layout-default figure:hover img{box-shadow: 0px 0px 0 #00000070;}.uagb-block-e6f939b3.wp-block-uagb-image--layout-overlay figure:hover img{box-shadow: 0px 0px 0 #00000070;}@media only screen and (max-width: 976px) {.uagb-block-e6f939b3.wp-block-uagb-image .wp-block-uagb-image__figure img{width: px;height: auto;}}@media only screen and (max-width: 767px) {.uagb-block-e6f939b3.wp-block-uagb-image .wp-block-uagb-image__figure img{width: px;height: auto;}}\";s:2:\"js\";s:0:\"\";s:18:\"current_block_list\";a:13:{i:0;s:11:\"core\/search\";i:1;s:10:\"core\/group\";i:2;s:12:\"core\/heading\";i:3;s:17:\"core\/latest-posts\";i:4;s:20:\"core\/latest-comments\";i:5;s:13:\"core\/archives\";i:6;s:15:\"core\/categories\";i:7;s:14:\"core\/paragraph\";i:8;s:10:\"uagb\/image\";i:9;s:11:\"core\/spacer\";i:10;s:30:\"woocommerce\/product-categories\";i:11;s:10:\"core\/image\";i:12;s:14:\"core\/shortcode\";}s:8:\"uag_flag\";b:1;s:11:\"uag_version\";s:10:\"1776484762\";s:6:\"gfonts\";a:0:{}s:10:\"gfonts_url\";s:0:\"\";s:12:\"gfonts_files\";a:0:{}s:14:\"uag_faq_layout\";b:0;}"]},"uagb_featured_image_src":{"full":["https:\/\/www.californiansmiles.com\/wp-content\/uploads\/2026\/02\/IMG_9729.jpg",1000,1000,false],"thumbnail":["https:\/\/www.californiansmiles.com\/wp-content\/uploads\/2026\/02\/IMG_9729-150x150.jpg",150,150,true],"medium":["https:\/\/www.californiansmiles.com\/wp-content\/uploads\/2026\/02\/IMG_9729-300x300.jpg",300,300,true],"medium_large":["https:\/\/www.californiansmiles.com\/wp-content\/uploads\/2026\/02\/IMG_9729-768x768.jpg",768,768,true],"large":["https:\/\/www.californiansmiles.com\/wp-content\/uploads\/2026\/02\/IMG_9729.jpg",1000,1000,false],"1536x1536":["https:\/\/www.californiansmiles.com\/wp-content\/uploads\/2026\/02\/IMG_9729.jpg",1000,1000,false],"2048x2048":["https:\/\/www.californiansmiles.com\/wp-content\/uploads\/2026\/02\/IMG_9729.jpg",1000,1000,false],"trp-custom-language-flag":["https:\/\/www.californiansmiles.com\/wp-content\/uploads\/2026\/02\/IMG_9729-12x12.jpg",12,12,true],"woocommerce_thumbnail":["https:\/\/www.californiansmiles.com\/wp-content\/uploads\/2026\/02\/IMG_9729-300x300.jpg",300,300,true],"woocommerce_single":["https:\/\/www.californiansmiles.com\/wp-content\/uploads\/2026\/02\/IMG_9729-600x600.jpg",600,600,true],"woocommerce_gallery_thumbnail":["https:\/\/www.californiansmiles.com\/wp-content\/uploads\/2026\/02\/IMG_9729-100x100.jpg",100,100,true]},"uagb_author_info":{"display_name":"admin","author_link":"https:\/\/www.californiansmiles.com\/hu\/author\/"},"uagb_comment_info":0,"uagb_excerpt":"Achieves long-lasting hair reduction from the comfort of your home with advanced intense pulsed light technology. Our intense pulsed light hair removal device uses intense pulsed light to target hair follicles at the root, gradually reducing regrowth and leaving your skin smoother with every session. It brings professional-level performance directly into your personal care routine&hellip;","_links":{"self":[{"href":"https:\/\/www.californiansmiles.com\/hu\/wp-json\/wp\/v2\/product\/24841","targetHints":{"allow":["GET"]}}],"collection":[{"href":"https:\/\/www.californiansmiles.com\/hu\/wp-json\/wp\/v2\/product"}],"about":[{"href":"https:\/\/www.californiansmiles.com\/hu\/wp-json\/wp\/v2\/types\/product"}],"replies":[{"embeddable":true,"href":"https:\/\/www.californiansmiles.com\/hu\/wp-json\/wp\/v2\/comments?post=24841"}],"version-history":[{"count":2,"href":"https:\/\/www.californiansmiles.com\/hu\/wp-json\/wp\/v2\/product\/24841\/revisions"}],"predecessor-version":[{"id":24851,"href":"https:\/\/www.californiansmiles.com\/hu\/wp-json\/wp\/v2\/product\/24841\/revisions\/24851"}],"wp:featuredmedia":[{"embeddable":true,"href":"https:\/\/www.californiansmiles.com\/hu\/wp-json\/wp\/v2\/media\/24847"}],"wp:attachment":[{"href":"https:\/\/www.californiansmiles.com\/hu\/wp-json\/wp\/v2\/media?parent=24841"}],"wp:term":[{"taxonomy":"product_brand","embeddable":true,"href":"https:\/\/www.californiansmiles.com\/hu\/wp-json\/wp\/v2\/product_brand?post=24841"},{"taxonomy":"product_cat","embeddable":true,"href":"https:\/\/www.californiansmiles.com\/hu\/wp-json\/wp\/v2\/product_cat?post=24841"},{"taxonomy":"product_tag","embeddable":true,"href":"https:\/\/www.californiansmiles.com\/hu\/wp-json\/wp\/v2\/product_tag?post=24841"}],"curies":[{"name":"wp","href":"https:\/\/api.w.org\/{rel}","templated":true}]}}