{"id":23720,"date":"2025-08-17T19:41:39","date_gmt":"2025-08-17T17:41:39","guid":{"rendered":"https:\/\/www.californiansmiles.com\/?post_type=product&#038;p=23720"},"modified":"2026-02-20T08:13:38","modified_gmt":"2026-02-20T07:13:38","slug":"led-mask","status":"publish","type":"product","link":"https:\/\/www.californiansmiles.com\/hu\/products\/led-mask\/","title":{"rendered":"LED maszk"},"content":{"rendered":"<p><strong><img decoding=\"async\" style=\"margin-right: 12px;\" src=\"https:\/\/www.californiansmiles.com\/wp-content\/uploads\/2026\/02\/Check.svg\" alt=\"\" width=\"18\" height=\"15\" \/>A leghat\u00e9konyabb LED maszk a l\u00e1that\u00f3 \u00e9s hosszan tart\u00f3 eredm\u00e9nyek\u00e9rt.<\/strong> Optimaliz\u00e1lt f\u00e9nyhull\u00e1mhossz\u00fas\u00e1g\u00fa f\u00e9nyt haszn\u00e1lva maszkunk k\u00fcl\u00f6nb\u00f6z\u0151 m\u00e9lys\u00e9gekben hatol be a b\u0151rbe, hogy az olyan gyakori probl\u00e9m\u00e1kat, mint a finom vonalak, pattan\u00e1sok, b\u0151rp\u00edr \u00e9s az egyenetlen arcb\u0151r. A gondosan kalibr\u00e1lt f\u00e9nyintenzit\u00e1s maxim\u00e1lis teljes\u00edtm\u00e9nyt biztos\u00edt, mik\u00f6zben k\u00e9nyelmes marad a rendszeres haszn\u00e1lat sor\u00e1n.<\/p>\n<p><strong><img decoding=\"async\" style=\"margin-right: 12px;\" src=\"https:\/\/www.californiansmiles.com\/wp-content\/uploads\/2026\/02\/Check.svg\" alt=\"\" width=\"18\" height=\"15\" \/>Az egyetlen LED maszk el\u00e9gedetts\u00e9gi vagy p\u00e9nzvisszafizet\u00e9si garanci\u00e1val.<\/strong> A mi LED maszkunk az egyetlen a piacon, amelyhez el\u00e9gedetts\u00e9gi vagy p\u00e9nzvisszafizet\u00e9si garancia j\u00e1r, \u00edgy teljes lelki nyugalmat biztos\u00edt. Olyannyira hisz\u00fcnk a hat\u00e9konys\u00e1g\u00e1ban, hogy l\u00e1that\u00f3 b\u0151rjavul\u00e1st \u00edg\u00e9r\u00fcnk, vagy visszakapja a p\u00e9nz\u00e9t.<\/p>\n<p><strong><img decoding=\"async\" style=\"margin-right: 12px;\" src=\"https:\/\/www.californiansmiles.com\/wp-content\/uploads\/2026\/02\/Check.svg\" alt=\"\" width=\"18\" height=\"15\" \/>Klinikailag bizony\u00edtottan fiatal\u00edtja \u00e9s v\u00e9di b\u0151r\u00e9t.<\/strong> A legmodernebb b\u0151rgy\u00f3gy\u00e1szati szak\u00e9rtelemmel kifejlesztett LED maszk orvosi min\u0151s\u00e9g\u0171 technol\u00f3gi\u00e1t haszn\u00e1l, amelyet francia klinikai tanulm\u00e1nyok t\u00e1masztanak al\u00e1. Cs\u00f6kkenti a r\u00e1ncokat, cs\u00f6kkenti a s\u00f6t\u00e9t foltokat, serkenti a kollag\u00e9ntermel\u00e9st \u00e9s seg\u00edt lek\u00fczdeni a t\u00f6k\u00e9letlens\u00e9geket, eg\u00e9szs\u00e9gesebb \u00e9s ragyog\u00f3bb b\u0151rt biztos\u00edtva.<\/p>\n<p><strong><img decoding=\"async\" style=\"margin-right: 12px;\" src=\"https:\/\/www.californiansmiles.com\/wp-content\/uploads\/2026\/02\/Check.svg\" alt=\"\" width=\"18\" height=\"15\" \/>Fejlett f\u00e9nyter\u00e1pia bev\u00e1lt hull\u00e1mhosszokkal.<\/strong> A 254 nagy pontoss\u00e1g\u00fa LED-del felszerelt maszk 633 nm-es v\u00f6r\u00f6s f\u00e9nyt \u00e9s 830 nm-es infrav\u00f6r\u00f6s f\u00e9nyt bocs\u00e1t ki, mely hull\u00e1mhosszok vil\u00e1gszerte tudom\u00e1nyosan elismertek fiatal\u00edt\u00f3 hat\u00e1suk miatt. Egy\u00fcttesen m\u00e9lyen behatolnak a b\u0151rbe, hogy el\u0151seg\u00edts\u00e9k a term\u00e9szetes regener\u00e1ci\u00f3t \u00e9s a tart\u00f3s eredm\u00e9nyeket.<\/p>\n<p><strong><img decoding=\"async\" style=\"margin-right: 12px;\" src=\"https:\/\/www.californiansmiles.com\/wp-content\/uploads\/2026\/02\/Check.svg\" alt=\"\" width=\"18\" height=\"15\" \/>\u00c9rezhet\u0151en ragyog\u00f3bb \u00e9s sim\u00e1bb b\u0151r.<\/strong> Rendszeres haszn\u00e1lat\u00e1val a LED maszk fokozza a b\u0151r term\u00e9szetes ragyog\u00e1s\u00e1t, kiegyenl\u00edti a b\u0151r t\u00f3nus\u00e1t \u00e9s kisim\u00edtja a finom r\u00e1ncokat. Az eredm\u00e9ny: l\u00e1that\u00f3an fiatalabbnak t\u0171n\u0151, eg\u00e9szs\u00e9get \u00e9s vitalit\u00e1st sug\u00e1rz\u00f3 b\u0151r, mindezt invaz\u00edv beavatkoz\u00e1sok n\u00e9lk\u00fcl.<\/p>\n<p><strong><img decoding=\"async\" style=\"margin-right: 12px;\" src=\"https:\/\/www.californiansmiles.com\/wp-content\/uploads\/2026\/02\/Check.svg\" alt=\"\" width=\"18\" height=\"15\" \/>K\u00e9nyelmes \u00e9s k\u00f6nnyed b\u0151r\u00e1pol\u00e1s.<\/strong> A maszkot \u00fagy tervezt\u00e9k, hogy term\u00e9szetesen illeszkedjen az arc\u00e1hoz, k\u00f6nny\u0171 \u00e9s ergonomikusan form\u00e1zott, \u00edgy minden egyes kezel\u00e9s sor\u00e1n maxim\u00e1lis k\u00e9nyelmet biztos\u00edt. A prec\u00edzi\u00f3s tervez\u00e9s biztos\u00edtja a f\u00e9ny egyenletes eloszl\u00e1s\u00e1t a teljes b\u0151rfel\u00fcleten.<\/p>\n<p><strong><img decoding=\"async\" style=\"margin-right: 12px;\" src=\"https:\/\/www.californiansmiles.com\/wp-content\/uploads\/2026\/02\/Check.svg\" alt=\"\" width=\"18\" height=\"15\" \/>Biztons\u00e1gos, nem invaz\u00edv \u00e9s k\u00f6nnyen haszn\u00e1lhat\u00f3.<\/strong> Ez a LED maszk nem invaz\u00edv, minden b\u0151rt\u00edpus sz\u00e1m\u00e1ra biztons\u00e1gos, \u00e9s nem ig\u00e9nyel receptet. Egyszer\u0171en csak viselje otthon, \u00e9s \u00e9lvezze a professzion\u00e1lis szint\u0171 b\u0151r\u00e1pol\u00e1s el\u0151nyeit, amikor csak akarja.<\/p>\n<p><strong><img decoding=\"async\" style=\"margin-right: 12px;\" src=\"https:\/\/www.californiansmiles.com\/wp-content\/uploads\/2026\/02\/Check.svg\" alt=\"\" width=\"18\" height=\"15\" \/>Gyors, 24 \u00f3r\u00e1s sz\u00e1ll\u00edt\u00e1s, \u00edgy azonnal elkezdheti b\u0151r\u00e1pol\u00e1si rutinj\u00e1t.<\/strong> Meg\u00e9rtj\u00fck, hogy ha b\u0151r\u00e1pol\u00e1sr\u00f3l van sz\u00f3, \u00d6n gyors eredm\u00e9nyt szeretne. Ez\u00e9rt k\u00edn\u00e1lunk mindig 24 \u00f3r\u00e1s kisz\u00e1ll\u00edt\u00e1st, \u00edgy felesleges v\u00e1rakoz\u00e1s n\u00e9lk\u00fcl kezdheti meg a kezel\u00e9st.<\/p>\n<h2><strong>Utas\u00edt\u00e1sok<\/strong><\/h2>\n<ol>\n<li><strong> Els\u0151 haszn\u00e1lat el\u0151tt t\u00f6ltse fel a maszkot<\/strong><br \/>\nMiel\u0151tt el\u0151sz\u00f6r haszn\u00e1ln\u00e1 a LED-maszkot, csatlakoztassa a mell\u00e9kelt t\u00f6lt\u0151k\u00e1belhez, am\u00edg el nem \u00e9ri a teljes t\u00f6lt\u00f6tts\u00e9get. A teljes kezdeti t\u00f6lt\u00e9s biztos\u00edtja az optim\u00e1lis teljes\u00edtm\u00e9nyt \u00e9s a hossz\u00fa t\u00e1v\u00fa haszn\u00e1latot.<\/li>\n<li><strong> Tiszt\u00edtsa meg a b\u0151r\u00e9t<\/strong><br \/>\nMossa meg arc\u00e1t gyeng\u00e9d tiszt\u00edt\u00f3szerrel, hogy elt\u00e1vol\u00edtsa a sminket, az olajat vagy a szennyez\u0151d\u00e9seket. A maszk visel\u00e9se el\u0151tt teljesen sz\u00e1r\u00edtsa meg a b\u0151r\u00e9t, hogy a f\u00e9ny behatol\u00e1sa \u00e9s az eredm\u00e9ny maximaliz\u00e1l\u00f3djon.<\/li>\n<li><strong> Viselje a maszkot<\/strong><br \/>\nHelyezze a maszkot k\u00e9nyelmesen az arc\u00e1ra, \u00e9s \u00e1ll\u00edtsa be a p\u00e1ntot \u00fagy, hogy biztons\u00e1gosan, nyom\u00e1s n\u00e9lk\u00fcl \u00fclj\u00f6n. \u00dcgyeljen arra, hogy a teljes b\u0151rfel\u00fcletet egyenletesen \u00e9rj\u00e9k a LED-ek.<\/li>\n<li><strong> V\u00e1lassza ki az \u00fczemm\u00f3dot \u00e9s az id\u0151tartamot<\/strong><br \/>\nKapcsolja be a maszkot, \u00e9s v\u00e1lassza ki a k\u00edv\u00e1nt f\u00e9nybe\u00e1ll\u00edt\u00e1st. Egy norm\u00e1l kezel\u00e9s 10-20 percig tart, b\u0151r\u00e1pol\u00e1si c\u00e9ljait\u00f3l f\u00fcgg\u0151en. A be\u00e9p\u00edtett id\u0151z\u00edt\u0151 a kezel\u00e9s v\u00e9g\u00e9n automatikusan kikapcsolja a maszkot.<\/li>\n<li><strong> Pihen\u00e9s a kezel\u00e9s alatt<\/strong><br \/>\n\u00dclj\u00f6n vagy fek\u00fcdj\u00f6n k\u00e9nyelmes helyzetben, am\u00edg a maszk m\u0171k\u00f6dik. Nincs sz\u00fcks\u00e9g akt\u00edv mozg\u00e1sra - egyszer\u0171en laz\u00edtson, \u00e9s hagyja, hogy a f\u00e9nyter\u00e1pia stimul\u00e1lja b\u0151rsejtjeit.<\/li>\n<li><strong> Az \u00fcl\u00e9s ut\u00e1n<\/strong><br \/>\nVegye le a maszkot, \u00e9s alkalmazza a szok\u00e1sos b\u0151r\u00e1pol\u00e1si term\u00e9keket, p\u00e9ld\u00e1ul sz\u00e9rumot vagy hidrat\u00e1l\u00f3t. A LED-f\u00e9nyter\u00e1pia fokozza a felsz\u00edv\u00f3d\u00e1st, \u00edgy a term\u00e9kek hat\u00e9konyabb\u00e1 v\u00e1lnak.<\/li>\n<li><strong> A legjobb eredm\u00e9ny \u00e9rdek\u00e9ben k\u00f6vetkezetesen haszn\u00e1lja<\/strong><br \/>\nAz \u00e9szrevehet\u0151 javul\u00e1s \u00e9rdek\u00e9ben haszn\u00e1lja a maszkot hetente 3-5 alkalommal. Az eredm\u00e9nyek, mint p\u00e9ld\u00e1ul a sim\u00e1bb text\u00fara, a r\u00e1ncok cs\u00f6kken\u00e9se \u00e9s a ragyog\u00f3bb b\u0151r, n\u00e9h\u00e1ny h\u00e9tig tart\u00f3 k\u00f6vetkezetes haszn\u00e1lat ut\u00e1n l\u00e1that\u00f3v\u00e1 v\u00e1lnak.<\/li>\n<\/ol>","protected":false},"excerpt":{"rendered":"<p>The most effective LED mask for visible and long-lasting results. Using optimized light wavelengths, our mask penetrates the skin at different depths to target common concerns such as fine lines, acne, redness, and uneven complexion. The carefully calibrated light intensity ensures maximum performance while remaining comfortable for regular use. The only LED mask with a [&hellip;]<\/p>\n","protected":false},"featured_media":23726,"comment_status":"open","ping_status":"closed","template":"","meta":{"_uag_custom_page_level_css":"","site-sidebar-layout":"default","site-content-layout":"","ast-site-content-layout":"default","site-content-style":"default","site-sidebar-style":"default","ast-global-header-display":"","ast-banner-title-visibility":"","ast-main-header-display":"","ast-hfb-above-header-display":"","ast-hfb-below-header-display":"","ast-hfb-mobile-header-display":"","site-post-title":"","ast-breadcrumbs-content":"","ast-featured-img":"","footer-sml-layout":"","ast-disable-related-posts":"","theme-transparent-header-meta":"default","adv-header-id-meta":"","stick-header-meta":"","header-above-stick-meta":"","header-main-stick-meta":"","header-below-stick-meta":"","astra-migrate-meta-layouts":"set","ast-page-background-enabled":"default","ast-page-background-meta":{"desktop":{"background-color":"var(--ast-global-color-4)","background-image":"","background-repeat":"repeat","background-position":"center center","background-size":"auto","background-attachment":"scroll","background-type":"","background-media":"","overlay-type":"","overlay-color":"","overlay-opacity":"","overlay-gradient":""},"tablet":{"background-color":"","background-image":"","background-repeat":"repeat","background-position":"center center","background-size":"auto","background-attachment":"scroll","background-type":"","background-media":"","overlay-type":"","overlay-color":"","overlay-opacity":"","overlay-gradient":""},"mobile":{"background-color":"","background-image":"","background-repeat":"repeat","background-position":"center center","background-size":"auto","background-attachment":"scroll","background-type":"","background-media":"","overlay-type":"","overlay-color":"","overlay-opacity":"","overlay-gradient":""}},"ast-content-background-meta":{"desktop":{"background-color":"var(--ast-global-color-5)","background-image":"","background-repeat":"repeat","background-position":"center center","background-size":"auto","background-attachment":"scroll","background-type":"","background-media":"","overlay-type":"","overlay-color":"","overlay-opacity":"","overlay-gradient":""},"tablet":{"background-color":"var(--ast-global-color-5)","background-image":"","background-repeat":"repeat","background-position":"center center","background-size":"auto","background-attachment":"scroll","background-type":"","background-media":"","overlay-type":"","overlay-color":"","overlay-opacity":"","overlay-gradient":""},"mobile":{"background-color":"var(--ast-global-color-5)","background-image":"","background-repeat":"repeat","background-position":"center center","background-size":"auto","background-attachment":"scroll","background-type":"","background-media":"","overlay-type":"","overlay-color":"","overlay-opacity":"","overlay-gradient":""}}},"product_brand":[],"product_cat":[15],"product_tag":[],"class_list":{"0":"post-23720","1":"product","2":"type-product","3":"status-publish","4":"has-post-thumbnail","6":"product_cat-shop","7":"desktop-align-left","8":"tablet-align-left","9":"mobile-align-left","11":"first","12":"instock","13":"shipping-taxable","14":"purchasable","15":"product-type-simple"},"spectra_custom_meta":{"_edit_lock":["1772285032:1"],"_edit_last":["1"],"merchant-center-availability":["yes"],"merchant-center-category":["6262"],"_thumbnail_id":["23726"],"_wp_page_template":["default"],"_sku":["CSLEDMASK"],"_global_unique_id":["5056773820791"],"_regular_price":["99.90"],"total_sales":["23"],"_tax_status":["taxable"],"_tax_class":[""],"_manage_stock":["no"],"_backorders":["no"],"_sold_individually":["no"],"_weight":["0.2"],"_virtual":["no"],"_downloadable":["no"],"_download_limit":["-1"],"_download_expiry":["-1"],"_stock":[null],"_stock_status":["instock"],"_wc_average_rating":["5.00"],"_wc_review_count":["122"],"_product_version":["10.5.2"],"_price":["99.90"],"_product_image_gallery":["23728,23727,23725,23724,23723,23722,23721"],"site-sidebar-layout":["default"],"ast-site-content-layout":["default"],"site-content-style":["default"],"site-sidebar-style":["default"],"theme-transparent-header-meta":["default"],"_wc_rating_count":["a:1:{i:5;i:122;}"],"astra-migrate-meta-layouts":["set"],"_uag_css_file_name":["uag-css-23720.css"],"_elementor_page_assets":["a:0:{}"],"_uag_page_assets":["a:9:{s:3:\"css\";s:7156:\".uag-blocks-common-selector{z-index:var(--z-index-desktop) !important}@media (max-width: 976px){.uag-blocks-common-selector{z-index:var(--z-index-tablet) !important}}@media (max-width: 767px){.uag-blocks-common-selector{z-index:var(--z-index-mobile) !important}}\n.wp-block-uagb-image{display:flex}.wp-block-uagb-image__figure{position:relative;display:flex;flex-direction:column;max-width:100%;height:auto;margin:0}.wp-block-uagb-image__figure img{height:auto;display:flex;max-width:100%;transition:box-shadow 0.2s ease}.wp-block-uagb-image__figure>a{display:inline-block}.wp-block-uagb-image__figure figcaption{text-align:center;margin-top:0.5em;margin-bottom:1em}.wp-block-uagb-image .components-placeholder.block-editor-media-placeholder .components-placeholder__instructions{align-self:center}.wp-block-uagb-image--align-left{text-align:left}.wp-block-uagb-image--align-right{text-align:right}.wp-block-uagb-image--align-center{text-align:center}.wp-block-uagb-image--align-full .wp-block-uagb-image__figure{margin-left:calc(50% - 50vw);margin-right:calc(50% - 50vw);max-width:100vw;width:100vw;height:auto}.wp-block-uagb-image--align-full .wp-block-uagb-image__figure img{height:auto;width:100% !important}.wp-block-uagb-image--align-wide .wp-block-uagb-image__figure img{height:auto;width:100%}.wp-block-uagb-image--layout-overlay__color-wrapper{position:absolute;left:0;top:0;right:0;bottom:0;opacity:0.2;background:rgba(0,0,0,0.5);transition:opacity 0.35s ease-in-out}.wp-block-uagb-image--layout-overlay-link{position:absolute;left:0;right:0;bottom:0;top:0}.wp-block-uagb-image--layout-overlay .wp-block-uagb-image__figure:hover .wp-block-uagb-image--layout-overlay__color-wrapper{opacity:1}.wp-block-uagb-image--layout-overlay__inner{position:absolute;left:15px;right:15px;bottom:15px;top:15px;display:flex;align-items:center;justify-content:center;flex-direction:column;border-color:#fff;transition:0.35s ease-in-out}.wp-block-uagb-image--layout-overlay__inner.top-left,.wp-block-uagb-image--layout-overlay__inner.top-center,.wp-block-uagb-image--layout-overlay__inner.top-right{justify-content:flex-start}.wp-block-uagb-image--layout-overlay__inner.bottom-left,.wp-block-uagb-image--layout-overlay__inner.bottom-center,.wp-block-uagb-image--layout-overlay__inner.bottom-right{justify-content:flex-end}.wp-block-uagb-image--layout-overlay__inner.top-left,.wp-block-uagb-image--layout-overlay__inner.center-left,.wp-block-uagb-image--layout-overlay__inner.bottom-left{align-items:flex-start}.wp-block-uagb-image--layout-overlay__inner.top-right,.wp-block-uagb-image--layout-overlay__inner.center-right,.wp-block-uagb-image--layout-overlay__inner.bottom-right{align-items:flex-end}.wp-block-uagb-image--layout-overlay__inner .uagb-image-heading{color:#fff;transition:transform 0.35s, opacity 0.35s ease-in-out;transform:translate3d(0, 24px, 0);margin:0;line-height:1em}.wp-block-uagb-image--layout-overlay__inner .uagb-image-separator{width:30%;border-top-width:2px;border-top-color:#fff;border-top-style:solid;margin-bottom:10px;opacity:0;transition:transform 0.4s, opacity 0.4s ease-in-out;transform:translate3d(0, 30px, 0)}.wp-block-uagb-image--layout-overlay__inner .uagb-image-caption{opacity:0;overflow:visible;color:#fff;transition:transform 0.45s, opacity 0.45s ease-in-out;transform:translate3d(0, 35px, 0)}.wp-block-uagb-image--layout-overlay__inner:hover .uagb-image-heading,.wp-block-uagb-image--layout-overlay__inner:hover .uagb-image-separator,.wp-block-uagb-image--layout-overlay__inner:hover .uagb-image-caption{opacity:1;transform:translate3d(0, 0, 0)}.wp-block-uagb-image--effect-zoomin .wp-block-uagb-image__figure img,.wp-block-uagb-image--effect-zoomin .wp-block-uagb-image__figure .wp-block-uagb-image--layout-overlay__color-wrapper{transform:scale(1);transition:transform 0.35s ease-in-out}.wp-block-uagb-image--effect-zoomin .wp-block-uagb-image__figure:hover img,.wp-block-uagb-image--effect-zoomin .wp-block-uagb-image__figure:hover .wp-block-uagb-image--layout-overlay__color-wrapper{transform:scale(1.05)}.wp-block-uagb-image--effect-slide .wp-block-uagb-image__figure img,.wp-block-uagb-image--effect-slide .wp-block-uagb-image__figure .wp-block-uagb-image--layout-overlay__color-wrapper{width:calc(100% + 40px) !important;max-width:none !important;transform:translate3d(-40px, 0, 0);transition:transform 0.35s ease-in-out}.wp-block-uagb-image--effect-slide .wp-block-uagb-image__figure:hover img,.wp-block-uagb-image--effect-slide .wp-block-uagb-image__figure:hover .wp-block-uagb-image--layout-overlay__color-wrapper{transform:translate3d(0, 0, 0)}.wp-block-uagb-image--effect-grayscale img{filter:grayscale(0%);transition:0.35s ease-in-out}.wp-block-uagb-image--effect-grayscale:hover img{filter:grayscale(100%)}.wp-block-uagb-image--effect-blur img{filter:blur(0);transition:0.35s ease-in-out}.wp-block-uagb-image--effect-blur:hover img{filter:blur(3px)}\n.uagb-block-e6f939b3.wp-block-uagb-image--layout-default figure img{box-shadow: 0px 0px 0 #00000070;}.uagb-block-e6f939b3.wp-block-uagb-image .wp-block-uagb-image__figure figcaption{font-style: normal;align-self: center;}.uagb-block-e6f939b3.wp-block-uagb-image--layout-overlay figure img{box-shadow: 0px 0px 0 #00000070;}.uagb-block-e6f939b3.wp-block-uagb-image--layout-overlay .wp-block-uagb-image--layout-overlay__color-wrapper{opacity: 0.2;}.uagb-block-e6f939b3.wp-block-uagb-image--layout-overlay .wp-block-uagb-image--layout-overlay__inner{left: 15px;right: 15px;top: 15px;bottom: 15px;}.uagb-block-e6f939b3.wp-block-uagb-image--layout-overlay .wp-block-uagb-image--layout-overlay__inner .uagb-image-heading{font-style: normal;color: #fff;opacity: 1;}.uagb-block-e6f939b3.wp-block-uagb-image--layout-overlay .wp-block-uagb-image--layout-overlay__inner .uagb-image-heading a{color: #fff;}.uagb-block-e6f939b3.wp-block-uagb-image--layout-overlay .wp-block-uagb-image--layout-overlay__inner .uagb-image-caption{opacity: 0;}.uagb-block-e6f939b3.wp-block-uagb-image--layout-overlay .wp-block-uagb-image__figure:hover .wp-block-uagb-image--layout-overlay__color-wrapper{opacity: 1;}.uagb-block-e6f939b3.wp-block-uagb-image .wp-block-uagb-image--layout-overlay__inner .uagb-image-separator{width: 30%;border-top-width: 2px;border-top-color: #fff;opacity: 0;}.uagb-block-e6f939b3.wp-block-uagb-image .wp-block-uagb-image__figure img{width: px;height: auto;}.uagb-block-e6f939b3.wp-block-uagb-image .wp-block-uagb-image__figure:hover .wp-block-uagb-image--layout-overlay__inner .uagb-image-caption{opacity: 1;}.uagb-block-e6f939b3.wp-block-uagb-image .wp-block-uagb-image__figure:hover .wp-block-uagb-image--layout-overlay__inner .uagb-image-separator{opacity: 1;}.uagb-block-e6f939b3.wp-block-uagb-image--layout-default figure:hover img{box-shadow: 0px 0px 0 #00000070;}.uagb-block-e6f939b3.wp-block-uagb-image--layout-overlay figure:hover img{box-shadow: 0px 0px 0 #00000070;}@media only screen and (max-width: 976px) {.uagb-block-e6f939b3.wp-block-uagb-image .wp-block-uagb-image__figure img{width: px;height: auto;}}@media only screen and (max-width: 767px) {.uagb-block-e6f939b3.wp-block-uagb-image .wp-block-uagb-image__figure img{width: px;height: auto;}}\";s:2:\"js\";s:0:\"\";s:18:\"current_block_list\";a:13:{i:0;s:11:\"core\/search\";i:1;s:10:\"core\/group\";i:2;s:12:\"core\/heading\";i:3;s:17:\"core\/latest-posts\";i:4;s:20:\"core\/latest-comments\";i:5;s:13:\"core\/archives\";i:6;s:15:\"core\/categories\";i:7;s:14:\"core\/paragraph\";i:8;s:10:\"uagb\/image\";i:9;s:11:\"core\/spacer\";i:10;s:30:\"woocommerce\/product-categories\";i:11;s:10:\"core\/image\";i:12;s:14:\"core\/shortcode\";}s:8:\"uag_flag\";b:1;s:11:\"uag_version\";s:10:\"1776179995\";s:6:\"gfonts\";a:0:{}s:10:\"gfonts_url\";s:0:\"\";s:12:\"gfonts_files\";a:0:{}s:14:\"uag_faq_layout\";b:0;}"]},"uagb_featured_image_src":{"full":["https:\/\/www.californiansmiles.com\/wp-content\/uploads\/2025\/08\/WhatsApp-Image-2025-07-31-at-12.01.28-2.jpeg",1000,1000,false],"thumbnail":["https:\/\/www.californiansmiles.com\/wp-content\/uploads\/2025\/08\/WhatsApp-Image-2025-07-31-at-12.01.28-2-150x150.jpeg",150,150,true],"medium":["https:\/\/www.californiansmiles.com\/wp-content\/uploads\/2025\/08\/WhatsApp-Image-2025-07-31-at-12.01.28-2-300x300.jpeg",300,300,true],"medium_large":["https:\/\/www.californiansmiles.com\/wp-content\/uploads\/2025\/08\/WhatsApp-Image-2025-07-31-at-12.01.28-2-768x768.jpeg",768,768,true],"large":["https:\/\/www.californiansmiles.com\/wp-content\/uploads\/2025\/08\/WhatsApp-Image-2025-07-31-at-12.01.28-2.jpeg",1000,1000,false],"1536x1536":["https:\/\/www.californiansmiles.com\/wp-content\/uploads\/2025\/08\/WhatsApp-Image-2025-07-31-at-12.01.28-2.jpeg",1000,1000,false],"2048x2048":["https:\/\/www.californiansmiles.com\/wp-content\/uploads\/2025\/08\/WhatsApp-Image-2025-07-31-at-12.01.28-2.jpeg",1000,1000,false],"trp-custom-language-flag":["https:\/\/www.californiansmiles.com\/wp-content\/uploads\/2025\/08\/WhatsApp-Image-2025-07-31-at-12.01.28-2-12x12.jpeg",12,12,true],"woocommerce_thumbnail":["https:\/\/www.californiansmiles.com\/wp-content\/uploads\/2025\/08\/WhatsApp-Image-2025-07-31-at-12.01.28-2-300x300.jpeg",300,300,true],"woocommerce_single":["https:\/\/www.californiansmiles.com\/wp-content\/uploads\/2025\/08\/WhatsApp-Image-2025-07-31-at-12.01.28-2-600x600.jpeg",600,600,true],"woocommerce_gallery_thumbnail":["https:\/\/www.californiansmiles.com\/wp-content\/uploads\/2025\/08\/WhatsApp-Image-2025-07-31-at-12.01.28-2-100x100.jpeg",100,100,true]},"uagb_author_info":{"display_name":"admin","author_link":"https:\/\/www.californiansmiles.com\/hu\/author\/"},"uagb_comment_info":122,"uagb_excerpt":"The most effective LED mask for visible and long-lasting results. Using optimized light wavelengths, our mask penetrates the skin at different depths to target common concerns such as fine lines, acne, redness, and uneven complexion. The carefully calibrated light intensity ensures maximum performance while remaining comfortable for regular use. The only LED mask with a&hellip;","_links":{"self":[{"href":"https:\/\/www.californiansmiles.com\/hu\/wp-json\/wp\/v2\/product\/23720","targetHints":{"allow":["GET"]}}],"collection":[{"href":"https:\/\/www.californiansmiles.com\/hu\/wp-json\/wp\/v2\/product"}],"about":[{"href":"https:\/\/www.californiansmiles.com\/hu\/wp-json\/wp\/v2\/types\/product"}],"replies":[{"embeddable":true,"href":"https:\/\/www.californiansmiles.com\/hu\/wp-json\/wp\/v2\/comments?post=23720"}],"version-history":[{"count":3,"href":"https:\/\/www.californiansmiles.com\/hu\/wp-json\/wp\/v2\/product\/23720\/revisions"}],"predecessor-version":[{"id":24797,"href":"https:\/\/www.californiansmiles.com\/hu\/wp-json\/wp\/v2\/product\/23720\/revisions\/24797"}],"wp:featuredmedia":[{"embeddable":true,"href":"https:\/\/www.californiansmiles.com\/hu\/wp-json\/wp\/v2\/media\/23726"}],"wp:attachment":[{"href":"https:\/\/www.californiansmiles.com\/hu\/wp-json\/wp\/v2\/media?parent=23720"}],"wp:term":[{"taxonomy":"product_brand","embeddable":true,"href":"https:\/\/www.californiansmiles.com\/hu\/wp-json\/wp\/v2\/product_brand?post=23720"},{"taxonomy":"product_cat","embeddable":true,"href":"https:\/\/www.californiansmiles.com\/hu\/wp-json\/wp\/v2\/product_cat?post=23720"},{"taxonomy":"product_tag","embeddable":true,"href":"https:\/\/www.californiansmiles.com\/hu\/wp-json\/wp\/v2\/product_tag?post=23720"}],"curies":[{"name":"wp","href":"https:\/\/api.w.org\/{rel}","templated":true}]}}