{"id":22981,"date":"2025-06-03T08:24:37","date_gmt":"2025-06-03T06:24:37","guid":{"rendered":"https:\/\/www.californiansmiles.com\/products\/teeth-whitening-kit\/"},"modified":"2026-02-20T08:15:37","modified_gmt":"2026-02-20T07:15:37","slug":"teeth-whitening-kit","status":"publish","type":"product","link":"https:\/\/www.californiansmiles.com\/hu\/products\/teeth-whitening-kit\/","title":{"rendered":"Fogfeh\u00e9r\u00edt\u0151 k\u00e9szlet"},"content":{"rendered":"<p><strong><img decoding=\"async\" style=\"margin-right: 12px;\" src=\"https:\/\/www.californiansmiles.com\/wp-content\/uploads\/2026\/02\/Check.svg\" alt=\"\" width=\"18\" height=\"15\" \/>Az egyetlen fogfeh\u00e9r\u00edt\u0151 k\u00e9szlet el\u00e9gedetts\u00e9gi vagy p\u00e9nzvisszafizet\u00e9si garanci\u00e1val.<\/strong> Fogfeh\u00e9r\u00edt\u0151 k\u00e9szlet\u00fcnk az egyetlen a piacon, amely el\u00e9gedetts\u00e9gi vagy p\u00e9nzvisszafizet\u00e9si garanci\u00e1t ny\u00fajt, \u00edgy biztos\u00edtva, hogy teljes lelki nyugalommal haszn\u00e1lhassa. Olyannyira hisz\u00fcnk term\u00e9k\u00fcnk hat\u00e9konys\u00e1g\u00e1ban, hogy m\u00e1r az els\u0151 haszn\u00e1latt\u00f3l kezdve garant\u00e1ljuk a l\u00e1that\u00f3 eredm\u00e9nyt, k\u00fcl\u00f6nben teljes m\u00e9rt\u00e9kben visszat\u00e9r\u00edtj\u00fck az \u00e1r\u00e1t. Ez a garancia t\u00fckr\u00f6zi elk\u00f6telezetts\u00e9g\u00fcnket az ir\u00e1nt, hogy kiv\u00e1l\u00f3 min\u0151s\u00e9g\u0171 term\u00e9ket k\u00edn\u00e1ljunk \u00d6nnek, amely hat\u00e9kony \u00e9s biztons\u00e1gos mind a fogai, mind az \u00ednye sz\u00e1m\u00e1ra.<\/p>\n<p><strong><img decoding=\"async\" style=\"margin-right: 12px;\" src=\"https:\/\/www.californiansmiles.com\/wp-content\/uploads\/2026\/02\/Check.svg\" alt=\"\" width=\"18\" height=\"15\" \/>A sz\u00e1jhigi\u00e9n\u00e9s szakemberek \u00e1ltal aj\u00e1nlott fogfeh\u00e9r\u00edt\u0151 k\u00e9szlet.<\/strong> Fogfeh\u00e9r\u00edt\u0151 k\u00e9szlet\u00fcnket fogorvosok tesztelt\u00e9k \u00e9s aj\u00e1nlott\u00e1k, garant\u00e1lva \u00d6nnek az optim\u00e1lis min\u0151s\u00e9get \u00e9s biztons\u00e1got. Ezt a term\u00e9ket \u00fagy tervezt\u00fck, hogy m\u00e1r az els\u0151 haszn\u00e1latt\u00f3l kezdve gyors \u00e9s l\u00e1that\u00f3 eredm\u00e9nyt ny\u00fajtson, mik\u00f6zben t\u00f6k\u00e9letesen biztons\u00e1gos a fogak \u00e9s az \u00edny sz\u00e1m\u00e1ra.<\/p>\n<p><strong><img decoding=\"async\" style=\"margin-right: 12px;\" src=\"https:\/\/www.californiansmiles.com\/wp-content\/uploads\/2026\/02\/Check.svg\" alt=\"\" width=\"18\" height=\"15\" \/>L\u00e1that\u00f3 feh\u00e9r\u00edt\u00e9s mind\u00f6ssze 30 perc alatt.<\/strong> Fejlett technol\u00f3gi\u00e1nknak k\u00f6sz\u00f6nhet\u0151en 5 \u00e1rnyalatnyi javul\u00e1st \u00e9rhet el egyetlen 30 perces fogfeh\u00e9r\u00edt\u00e9si kezel\u00e9s alatt. Ez a gyors hat\u00e1s lehet\u0151v\u00e9 teszi, hogy hat\u00e9konyan \u00e9s k\u00e9nyelmesen, fogorvos felkeres\u00e9se n\u00e9lk\u00fcl \u00e1ll\u00edtsa vissza ragyog\u00f3 mosoly\u00e1t. Mostant\u00f3l otthonod k\u00e9nyelm\u00e9b\u0151l is professzion\u00e1lis eredm\u00e9nyeket \u00e9rhetsz el.<\/p>\n<p><strong><img decoding=\"async\" style=\"margin-right: 12px;\" src=\"https:\/\/www.californiansmiles.com\/wp-content\/uploads\/2026\/02\/Check.svg\" alt=\"\" width=\"18\" height=\"15\" \/>Eredm\u00e9nyek fogorvosi l\u00e1togat\u00e1s n\u00e9lk\u00fcl.<\/strong> Nincs t\u00f6bb\u00e9 hosszadalmas rendel\u00e9s \u00e9s magas fogorvosi l\u00e1togat\u00e1si k\u00f6lts\u00e9g. Ezt a fogfeh\u00e9r\u00edt\u0151 k\u00e9szletet \u00fagy tervezt\u00e9k, hogy professzion\u00e1lis eredm\u00e9nyeket biztos\u00edtson \u00d6nnek an\u00e9lk\u00fcl, hogy orvosi konzult\u00e1ci\u00f3ra vagy receptre lenne sz\u00fcks\u00e9ge. Jelent\u0151sen sp\u00f3rolhat, mik\u00f6zben fenntartja a kifog\u00e1stalan foghigi\u00e9ni\u00e1t.<\/p>\n<p><strong><img decoding=\"async\" style=\"margin-right: 12px;\" src=\"https:\/\/www.californiansmiles.com\/wp-content\/uploads\/2026\/02\/Check.svg\" alt=\"\" width=\"18\" height=\"15\" \/>Hat\u00e9kony folt- \u00e9s elsz\u00ednez\u0151d\u00e9selt\u00e1vol\u00edt\u00e1s.<\/strong> A fogfeh\u00e9r\u00edt\u0151 k\u00e9szlet k\u00e9pes hat\u00e9konyan elt\u00e1vol\u00edtani a k\u00e1v\u00e9, tea, v\u00f6r\u00f6sbor vagy ak\u00e1r a doh\u00e1nyz\u00e1s okozta foltokat. A makacs foltoknak nincs es\u00e9ly\u00fck exkluz\u00edv formul\u00e1nkkal szemben, amely k\u00f6zvetlen\u00fcl a fogzom\u00e1ncra hatva \u00e1ll\u00edtja vissza fogai term\u00e9szetes feh\u00e9rs\u00e9g\u00e9t.<\/p>\n<p><strong><img decoding=\"async\" style=\"margin-right: 12px;\" src=\"https:\/\/www.californiansmiles.com\/wp-content\/uploads\/2026\/02\/Check.svg\" alt=\"\" width=\"18\" height=\"15\" \/>5-sz\u00f6r hat\u00e9konyabb, mint a konkurens term\u00e9kek.<\/strong> Szabadalmaztatott formul\u00e1j\u00e1nak \u00e9s Power-LED technol\u00f3gi\u00e1j\u00e1nak k\u00f6sz\u00f6nhet\u0151en fogfeh\u00e9r\u00edt\u0151 k\u00e9szlet\u00fcnk 5-sz\u00f6r hat\u00e9konyabb, mint a piacon kaphat\u00f3 t\u00f6bbi term\u00e9k. Nagy teljes\u00edtm\u00e9ny\u0171 LED-f\u00e9nye m\u00e9lyre hatol, hogy elt\u00e1vol\u00edtsa a foltokat, \u00e9s rekordid\u0151 alatt ragyog\u00f3 mosolyt var\u00e1zsoljon \u00d6nnek.<\/p>\n<p><strong><img decoding=\"async\" style=\"margin-right: 12px;\" src=\"https:\/\/www.californiansmiles.com\/wp-content\/uploads\/2026\/02\/Check.svg\" alt=\"\" width=\"18\" height=\"15\" \/>Megfelel a CE-szabv\u00e1nyoknak a maxim\u00e1lis biztons\u00e1g \u00e9rdek\u00e9ben.<\/strong> A fogfeh\u00e9r\u00edt\u0151 k\u00e9szlet\u00fcnk a CE-szabv\u00e1nyoknak megfelel\u0151 tan\u00fas\u00edtv\u00e1nnyal rendelkezik, ami garant\u00e1lja, hogy a term\u00e9k megfelel a legmagasabb eur\u00f3pai biztons\u00e1gi \u00e9s min\u0151s\u00e9gi el\u0151\u00edr\u00e1soknak. Teljes bizalommal t\u00f6rt\u00e9n\u0151 haszn\u00e1latra tervezt\u00fck, eg\u00e9szs\u00e9g\u00fcgyi szakemberek \u00e1ltal szigor\u00faan tesztelt \u00e9s j\u00f3v\u00e1hagyott, \u00edgy biztos\u00edtva a fogak \u00e9s az \u00edny kompromisszumok n\u00e9lk\u00fcli hat\u00e9konys\u00e1g\u00e1t.<\/p>\n<p><strong><img decoding=\"async\" style=\"margin-right: 12px;\" src=\"https:\/\/www.californiansmiles.com\/wp-content\/uploads\/2026\/02\/Check.svg\" alt=\"\" width=\"18\" height=\"15\" \/>Be\u00e9p\u00edtett id\u0151z\u00edt\u0151 a pontos munkamenethez.<\/strong> A hib\u00e1tlan haszn\u00e1lat \u00e9rdek\u00e9ben a fogfeh\u00e9r\u00edt\u0151 k\u00e9szlet be\u00e9p\u00edtett id\u0151z\u00edt\u0151vel van ell\u00e1tva, amely pontosan beosztja a 30 perces kezel\u00e9s idej\u00e9t. Ez biztos\u00edtja az optim\u00e1lis haszn\u00e1latot an\u00e9lk\u00fcl, hogy folyamatosan ellen\u0151riznie kellene az id\u0151t. A tov\u00e1bbi k\u00e9nyelem \u00e9rdek\u00e9ben minden egyes kezel\u00e9s v\u00e9g\u00e9n automatikusan kikapcsol.<\/p>\n<p><strong><img decoding=\"async\" style=\"margin-right: 12px;\" src=\"https:\/\/www.californiansmiles.com\/wp-content\/uploads\/2026\/02\/Check.svg\" alt=\"\" width=\"18\" height=\"15\" \/>F\u00e1jdalommentes \u00e9s k\u00e9nyelmes fogfeh\u00e9r\u00edt\u00e9s.<\/strong> Ellent\u00e9tben sok kezel\u00e9ssel, amelyek \u00e9rz\u00e9kenys\u00e9get vagy f\u00e1jdalmat okozhatnak, fogfeh\u00e9r\u00edt\u0151 k\u00e9szlet\u00fcnk f\u00e1jdalommentes. Nincs kellemetlen \u00e9rz\u00e9s, m\u00e9g az \u00e9rz\u00e9keny fogakkal vagy fog\u00ednyvel rendelkez\u0151k sz\u00e1m\u00e1ra sem, \u00edgy \u00d6n mell\u00e9khat\u00e1sokt\u00f3l val\u00f3 f\u00e9lelem n\u00e9lk\u00fcl haszn\u00e1lhatja ezt a term\u00e9ket.<\/p>\n<p><strong><img decoding=\"async\" style=\"margin-right: 12px;\" src=\"https:\/\/www.californiansmiles.com\/wp-content\/uploads\/2026\/02\/Check.svg\" alt=\"\" width=\"18\" height=\"15\" \/>Power-LED technol\u00f3gia a maxim\u00e1lis eredm\u00e9nyek\u00e9rt.<\/strong> Hat\u00e9konys\u00e1gunk titka a Power-LED technol\u00f3gi\u00e1ban rejlik. Ez a cs\u00facstechnol\u00f3gia feler\u0151s\u00edti a fogfeh\u00e9r\u00edt\u0151 g\u00e9l hat\u00e1s\u00e1t, hogy maxim\u00e1lis feh\u00e9r\u00edt\u00e9st \u00e9rjen el, m\u00e9g a nehezen el\u00e9rhet\u0151 ter\u00fcleteken is. A LED-f\u00e9ny koncentr\u00e1lt f\u00e9nysugarakat bocs\u00e1t ki, amelyek felgyors\u00edtj\u00e1k a g\u00e9l hat\u00e1s\u00e1t a gyorsabb \u00e9s l\u00e1that\u00f3bb eredm\u00e9nyek \u00e9rdek\u00e9ben.<\/p>\n<p><strong><img decoding=\"async\" style=\"margin-right: 12px;\" src=\"https:\/\/www.californiansmiles.com\/wp-content\/uploads\/2026\/02\/Check.svg\" alt=\"\" width=\"18\" height=\"15\" \/>K\u00f6nnyen haszn\u00e1lhat\u00f3 \u00e9s k\u00e9nyelmes.<\/strong> A fogfeh\u00e9r\u00edt\u0151 k\u00e9szlet hihetetlen\u00fcl k\u00f6nnyen haszn\u00e1lhat\u00f3, m\u00e9g a kezd\u0151k sz\u00e1m\u00e1ra is. Egyszer\u0171en k\u00f6vessen n\u00e9h\u00e1ny egyszer\u0171 l\u00e9p\u00e9st a fogfeh\u00e9r\u00edt\u00e9s megkezd\u00e9s\u00e9hez. Ergonomikus kialak\u00edt\u00e1s\u00e1nak k\u00f6sz\u00f6nhet\u0151en k\u00e9nyelmesen illeszkedik a sz\u00e1j form\u00e1j\u00e1hoz, biztos\u00edtva a g\u00e9l egyenletes felvitel\u00e9t.<\/p>\n<p><strong><img decoding=\"async\" style=\"margin-right: 12px;\" src=\"https:\/\/www.californiansmiles.com\/wp-content\/uploads\/2026\/02\/Check.svg\" alt=\"\" width=\"18\" height=\"15\" \/>Haszn\u00e1latra k\u00e9sz k\u00e9sz k\u00e9szlet ak\u00e1r 10 kezel\u00e9shez.<\/strong> Minden fogfeh\u00e9r\u00edt\u0151 k\u00e9szlet 10 haszn\u00e1latra elegend\u0151 g\u00e9lt tartalmaz, \u00edgy egyetlen fecskend\u0151vel t\u00f6bb fogfeh\u00e9r\u00edt\u0151 kezel\u00e9s is elv\u00e9gezhet\u0151. A mell\u00e9kelt g\u00e9lt kifejezetten \u00fagy \u00e1ll\u00edtott\u00e1k \u00f6ssze, hogy tov\u00e1bbi term\u00e9kek ig\u00e9nybev\u00e9tele n\u00e9lk\u00fcl maximaliz\u00e1lja az eredm\u00e9nyeket.<\/p>\n<p><strong><img decoding=\"async\" style=\"margin-right: 12px;\" src=\"https:\/\/www.californiansmiles.com\/wp-content\/uploads\/2026\/02\/Check.svg\" alt=\"\" width=\"18\" height=\"15\" \/>Vezet\u00e9k n\u00e9lk\u00fcli haszn\u00e1lat a tov\u00e1bbi k\u00e9nyelem \u00e9rdek\u00e9ben.<\/strong> A m\u00e9g nagyobb k\u00e9nyelem \u00e9rdek\u00e9ben ez a fogfeh\u00e9r\u00edt\u0151 k\u00e9szlet vezet\u00e9k n\u00e9lk\u00fcli, \u00edgy szabadon haszn\u00e1lhatja, b\u00e1rhol is legyen. Mik\u00f6zben a kezel\u00e9s m\u0171k\u00f6dik, a mindennapi tev\u00e9kenys\u00e9geit v\u00e9gezheti, an\u00e9lk\u00fcl, hogy a k\u00e1belek akad\u00e1lyozn\u00e1k.<\/p>\n<p><strong><img decoding=\"async\" style=\"margin-right: 12px;\" src=\"https:\/\/www.californiansmiles.com\/wp-content\/uploads\/2026\/02\/Check.svg\" alt=\"\" width=\"18\" height=\"15\" \/>Nem v\u00e9nyk\u00f6teles.<\/strong> Fogfeh\u00e9r\u00edt\u0151 k\u00e9szlet\u00fcnk recept vagy orvosi konzult\u00e1ci\u00f3 n\u00e9lk\u00fcl kaphat\u00f3. K\u00f6nnyen megv\u00e1s\u00e1rolhatja \u00e9s haszn\u00e1lhatja el\u0151zetes konzult\u00e1ci\u00f3 n\u00e9lk\u00fcl, \u00edgy otthon, a saj\u00e1t temp\u00f3j\u00e1ban \u00e9lvezheti a professzion\u00e1lis kezel\u00e9st.<\/p>\n<p><strong><img decoding=\"async\" style=\"margin-right: 12px;\" src=\"https:\/\/www.californiansmiles.com\/wp-content\/uploads\/2026\/02\/Check.svg\" alt=\"\" width=\"18\" height=\"15\" \/>Peroxidmentes, szabadalmaztatott \u00e9s exkluz\u00edv formula.<\/strong> A fogfeh\u00e9r\u00edt\u0151 k\u00e9szlet\u00fcnkben tal\u00e1lhat\u00f3 g\u00e9l peroxid n\u00e9lk\u00fcl k\u00e9sz\u00fclt, \u00edgy k\u00edm\u00e9letes, m\u00e9gis hat\u00e9kony megold\u00e1st k\u00edn\u00e1l a fogak feh\u00e9r\u00edt\u00e9s\u00e9re az irrit\u00e1ci\u00f3 vagy \u00e9rz\u00e9kenys\u00e9g kock\u00e1zata n\u00e9lk\u00fcl. Ez egy szabadalmaztatott formula, amely kereskedelmi forgalomban nem kaphat\u00f3, \u00edgy ez egy exkluz\u00edv term\u00e9k, amelyet \u00fagy terveztek, hogy a piacon l\u00e9v\u0151 m\u00e1s lehet\u0151s\u00e9gekhez k\u00e9pest kiv\u00e1l\u00f3 eredm\u00e9nyeket k\u00edn\u00e1ljon.<\/p>\n<h2><strong>Utas\u00edt\u00e1sok<\/strong><\/h2>\n<ol>\n<li><strong>Mosson fogat: <\/strong>Minden egyes fogfeh\u00e9r\u00edt\u00e9s el\u0151tt elengedhetetlen, hogy megfelel\u0151en el\u0151k\u00e9sz\u00edtse fogait. Ehhez el\u0151sz\u00f6r is alaposan mosson fogat a szok\u00e1sos fogkr\u00e9mmel. Ez seg\u00edt elt\u00e1vol\u00edtani az \u00e9telmarad\u00e9kot \u00e9s a leped\u00e9ket, amelyek zavarhatj\u00e1k a feh\u00e9r\u00edt\u0151 g\u00e9l hat\u00e9konys\u00e1g\u00e1t. \u00dcgyeljen arra, hogy ne csak a l\u00e1that\u00f3 fel\u00fcleteket, hanem a fogak k\u00f6z\u00f6tt \u00e9s az \u00edny ment\u00e9n is mosson fogat. A fogmos\u00e1s ut\u00e1n alaposan \u00f6bl\u00edtse ki a sz\u00e1j\u00e1t meleg v\u00edzzel, hogy elt\u00e1vol\u00edtsa a fogkr\u00e9mmaradv\u00e1nyokat. Ez a tiszt\u00edt\u00e1si l\u00e9p\u00e9s biztos\u00edtja, hogy fogai teljesen tiszt\u00e1k \u00e9s k\u00e9szen \u00e1llnak a fogfeh\u00e9r\u00edt\u0151 g\u00e9l optim\u00e1lis alkalmaz\u00e1s\u00e1ra.<\/li>\n<li><strong>Tiszt\u00edtsa meg a fogfeh\u00e9r\u00edt\u0151 k\u00e9szletet: <\/strong>Ha a k\u00e9szletet m\u00e1r haszn\u00e1lt\u00e1k, minden egyes \u00fajrafelhaszn\u00e1l\u00e1s el\u0151tt felt\u00e9tlen\u00fcl tiszt\u00edtsa meg megfelel\u0151en. A tiszt\u00edt\u00e1s nemcsak a higi\u00e9ni\u00e1t biztos\u00edtja, hanem a feh\u00e9r\u00edt\u00e9si folyamat hat\u00e9konys\u00e1g\u00e1t is. Egy tiszta, enyh\u00e9n nedves ruh\u00e1val \u00f3vatosan t\u00f6r\u00f6lje \u00e1t a sz\u00e1jpadot, \u00e9s t\u00e1vol\u00edtsa el a g\u00e9l- vagy ny\u00e1lmaradv\u00e1nyokat. \u00dcgyeljen a bar\u00e1zd\u00e1k \u00e9s bord\u00e1k tiszt\u00edt\u00e1s\u00e1ra, hogy elker\u00fclje a feh\u00e9r\u00edt\u00e9s \u00e9lm\u00e9ny\u00e9t megv\u00e1ltoztat\u00f3 lerak\u00f3d\u00e1sokat. A tiszt\u00edt\u00e1s ut\u00e1n hagyja a sz\u00e1jr\u00e9szt teljesen megsz\u00e1radni a leveg\u0151n, miel\u0151tt a k\u00f6vetkez\u0151 l\u00e9p\u00e9ssel folytatn\u00e1. A nedves sz\u00e1jr\u00e9sz befoly\u00e1solhatja a g\u00e9l eloszl\u00e1s\u00e1t \u00e9s a LED-f\u00e9ny teljes\u00edtm\u00e9ny\u00e9t.<\/li>\n<li><strong>Csatlakoztassa a sz\u00f3cs\u00f6vet a LED-es l\u00e1mp\u00e1hoz: <\/strong>Ha a sz\u00e1jr\u00e9sz tiszta \u00e9s sz\u00e1raz, \u00f3vatosan helyezze be a Power-LED modulba. Ez a csatlakoztat\u00e1s az\u00e9rt l\u00e9nyeges, mert a LED-f\u00e9ny aktiv\u00e1lja a feh\u00e9r\u00edt\u0151 g\u00e9lt, \u00e9s maximaliz\u00e1lja annak hat\u00e9konys\u00e1g\u00e1t. Gy\u0151z\u0151dj\u00f6n meg r\u00f3la, hogy a sz\u00e1jr\u00e9sz biztons\u00e1gosan a hely\u00e9n van, \u00e9s nem mozog, \u00edgy a f\u00e9ny egyenletesen oszlik el a fogak minden feh\u00e9r\u00edtend\u0151 ter\u00fclet\u00e9n. A sz\u00e1jr\u00e9sz \u00e9s a f\u00e9ny k\u00f6z\u00f6tti j\u00f3 illeszked\u00e9s biztos\u00edtja az optim\u00e1lis eredm\u00e9nyt.<\/li>\n<li><strong>Vigye fel a feh\u00e9r\u00edt\u0151 g\u00e9lt: <\/strong>Haszn\u00e1lja a mell\u00e9kelt feh\u00e9r\u00edt\u0151 g\u00e9l fecskend\u0151t a sz\u00e1jr\u00e9sz felt\u00f6lt\u00e9s\u00e9hez. Javasoljuk, hogy a g\u00e9l fecskend\u0151 kb. 1\/4 r\u00e9sz\u00e9t alkalmazza a sz\u00e1jr\u00e9sz mindk\u00e9t oldal\u00e1n. Az optim\u00e1lis alkalmaz\u00e1s \u00e9rdek\u00e9ben \u00fcgyeljen arra, hogy a g\u00e9lt egyenletesen ossza el, hogy a feh\u00e9r\u00edt\u00e9st ig\u00e9nyl\u0151 fogak el\u00fcls\u0151 fel\u00fclet\u00e9t is befedje. Vigy\u00e1zzon azonban, hogy a g\u00e9lt ne vigye fel az \u00edny\u00e9re, mert ez enyhe irrit\u00e1ci\u00f3t okozhat. Sz\u00fcks\u00e9g eset\u00e9n ellen\u0151rizze t\u00fck\u00f6r seg\u00edts\u00e9g\u00e9vel, hogy a g\u00e9l megfelel\u0151en ker\u00fclt-e a c\u00e9lzott ter\u00fcletekre. Fontos, hogy ne t\u00f6ltse t\u00fal a sz\u00e1jkosarat g\u00e9llel, hogy haszn\u00e1lat k\u00f6zben ne folyjon ki.<\/li>\n<li><strong>Helyezze a sz\u00e1jkosarat a sz\u00e1j\u00e1ba: <\/strong>Miut\u00e1n a g\u00e9lt megfelel\u0151en felhordta, \u00f3vatosan helyezze a sz\u00e1jr\u00e9sz\u00e9t a sz\u00e1j\u00e1ba. \u00dcgyeljen arra, hogy a sz\u00e1jr\u00e9sz j\u00f3l illeszkedjen a fogaihoz, hogy a kezelend\u0151 ter\u00fcletek teljes lefedetts\u00e9g\u00e9t biztos\u00edtsa. Ha a g\u00e9l \u00e9rintkezik az \u00edny\u00e9vel, azonnal \u00e9s \u00f3vatosan t\u00e1vol\u00edtsa el egy vattapamaccsal vagy zsebkend\u0151vel, mivel \u00edgy megel\u0151zheti az esetleges irrit\u00e1ci\u00f3t. Sz\u00e1njon n\u00e9h\u00e1ny m\u00e1sodpercet a sz\u00e1jr\u00e9sz be\u00e1ll\u00edt\u00e1s\u00e1ra, hogy az k\u00e9nyelmes legyen, mik\u00f6zben biztos\u00edtja, hogy az egyenletes feh\u00e9r\u00edt\u00e9s \u00e9rdek\u00e9ben j\u00f3l \u00e9rintkezzen a fogaival.<\/li>\n<li><strong>Kezdje el a fogfeh\u00e9r\u00edt\u00e9st: <\/strong>Ha a sz\u00e1jr\u00e9sz a hely\u00e9n van \u00e9s megfelel\u0151en be van \u00e1ll\u00edtva, nyomja meg a Start gombot a fogfeh\u00e9r\u00edt\u00e9s megkezd\u00e9s\u00e9hez. A LED-f\u00e9ny bekapcsol, \u00e9s azonnal elkezd k\u00f6lcs\u00f6nhat\u00e1sba l\u00e9pni a feh\u00e9r\u00edt\u0151 g\u00e9llel, felgyors\u00edtva a foltelt\u00e1vol\u00edt\u00e1si folyamatot. A kezel\u00e9s 30 percig tart, amely alatt \u00d6n pihenhet vagy v\u00e9gezhet k\u00f6nny\u0171 tev\u00e9kenys\u00e9geket, mivel a k\u00e9sz\u00fcl\u00e9k vezet\u00e9k n\u00e9lk\u00fcli, \u00e9s nem zavarja. A LED-f\u00e9nyt kifejezetten \u00fagy kalibr\u00e1lt\u00e1k, hogy optim\u00e1lis teljes\u00edtm\u00e9nyt ny\u00fajtson, \u00edgy maxim\u00e1lis hat\u00e9konys\u00e1got biztos\u00edt, mik\u00f6zben k\u00edm\u00e9letes a fogakhoz \u00e9s az \u00ednyhez. Ez alatt az id\u0151szak alatt \u00fcgyeljen arra, hogy ne harapjon vagy mozgassa a sz\u00e1jpadot, hogy biztos\u00edtsa az egyenletes kezel\u00e9st.<\/li>\n<li><strong>Az \u00fcl\u00e9s v\u00e9g\u00e9n: <\/strong>A 30 perc letelt\u00e9vel a LED-l\u00e1mpa automatikusan kikapcsol, jelezve a feh\u00e9r\u00edt\u0151 kezel\u00e9s v\u00e9g\u00e9t. \u00d3vatosan vegye ki a sz\u00e1jkosarat a sz\u00e1j\u00e1b\u00f3l, \u00fcgyelve arra, hogy a marad\u00e9k g\u00e9l ne folyjon ki. Alaposan \u00f6bl\u00edtse ki a sz\u00e1j\u00e1t meleg v\u00edzzel, hogy elt\u00e1vol\u00edtsa a g\u00e9lmaradv\u00e1nyokat, \u00e9s gy\u0151z\u0151dj\u00f6n meg arr\u00f3l, hogy a term\u00e9knek nem maradt nyoma a fogain vagy az \u00edny\u00e9n. V\u00e9g\u00fcl tiszt\u00edtsa meg \u00fajra a sz\u00e1jr\u00e9szt egy nedves ruh\u00e1val vagy tiszta v\u00edzzel, \u00e9s hagyja megsz\u00e1radni a leveg\u0151n, miel\u0151tt a k\u00f6vetkez\u0151 haszn\u00e1latra t\u00e1rolja.<\/li>\n<\/ol>","protected":false},"excerpt":{"rendered":"<p>The only teeth whitening kit with a satisfaction or money-back guarantee. Our teeth whitening kit is the only one on the market that offers you a satisfaction or money-back guarantee, ensuring you can use it with complete peace of mind. We believe so strongly in the effectiveness of our product that we guarantee visible results [&hellip;]<\/p>\n","protected":false},"featured_media":23058,"comment_status":"open","ping_status":"closed","template":"","meta":{"_uag_custom_page_level_css":"","site-sidebar-layout":"default","site-content-layout":"","ast-site-content-layout":"default","site-content-style":"default","site-sidebar-style":"default","ast-global-header-display":"","ast-banner-title-visibility":"","ast-main-header-display":"","ast-hfb-above-header-display":"","ast-hfb-below-header-display":"","ast-hfb-mobile-header-display":"","site-post-title":"","ast-breadcrumbs-content":"","ast-featured-img":"","footer-sml-layout":"","ast-disable-related-posts":"","theme-transparent-header-meta":"default","adv-header-id-meta":"","stick-header-meta":"","header-above-stick-meta":"","header-main-stick-meta":"","header-below-stick-meta":"","astra-migrate-meta-layouts":"set","ast-page-background-enabled":"default","ast-page-background-meta":{"desktop":{"background-color":"var(--ast-global-color-4)","background-image":"","background-repeat":"repeat","background-position":"center center","background-size":"auto","background-attachment":"scroll","background-type":"","background-media":"","overlay-type":"","overlay-color":"","overlay-opacity":"","overlay-gradient":""},"tablet":{"background-color":"","background-image":"","background-repeat":"repeat","background-position":"center center","background-size":"auto","background-attachment":"scroll","background-type":"","background-media":"","overlay-type":"","overlay-color":"","overlay-opacity":"","overlay-gradient":""},"mobile":{"background-color":"","background-image":"","background-repeat":"repeat","background-position":"center center","background-size":"auto","background-attachment":"scroll","background-type":"","background-media":"","overlay-type":"","overlay-color":"","overlay-opacity":"","overlay-gradient":""}},"ast-content-background-meta":{"desktop":{"background-color":"var(--ast-global-color-5)","background-image":"","background-repeat":"repeat","background-position":"center center","background-size":"auto","background-attachment":"scroll","background-type":"","background-media":"","overlay-type":"","overlay-color":"","overlay-opacity":"","overlay-gradient":""},"tablet":{"background-color":"var(--ast-global-color-5)","background-image":"","background-repeat":"repeat","background-position":"center center","background-size":"auto","background-attachment":"scroll","background-type":"","background-media":"","overlay-type":"","overlay-color":"","overlay-opacity":"","overlay-gradient":""},"mobile":{"background-color":"var(--ast-global-color-5)","background-image":"","background-repeat":"repeat","background-position":"center center","background-size":"auto","background-attachment":"scroll","background-type":"","background-media":"","overlay-type":"","overlay-color":"","overlay-opacity":"","overlay-gradient":""}}},"product_brand":[],"product_cat":[15],"product_tag":[],"class_list":{"0":"post-22981","1":"product","2":"type-product","3":"status-publish","4":"has-post-thumbnail","6":"product_cat-shop","7":"desktop-align-left","8":"tablet-align-left","9":"mobile-align-left","11":"first","12":"instock","13":"taxable","14":"shipping-taxable","15":"purchasable","16":"product-type-simple"},"spectra_custom_meta":{"_visibility":["visible"],"_shopify_product_id":["7770281214171"],"_s2w_shopify_domain":["californiansmiles.myshopify.com"],"_shopify_variant_id":["43109547999451"],"_sku":["CSTEETHWHITENINGKIT"],"_regular_price":["39.90"],"_price":["39.90"],"_sale_price":[""],"_weight":["0.2"],"_thumbnail_id":["23058"],"_global_unique_id":["5056773801103"],"total_sales":["635"],"_tax_status":["taxable"],"_tax_class":[""],"_manage_stock":["no"],"_backorders":["no"],"_sold_individually":["no"],"_virtual":["no"],"_downloadable":["no"],"_download_limit":["-1"],"_download_expiry":["-1"],"_stock":[null],"_stock_status":["instock"],"_wc_average_rating":["4.95"],"_wc_review_count":["177"],"_product_version":["10.5.2"],"_product_image_gallery":["23059,23060,23061,23062,23063,23064,23065"],"_wc_rating_count":["a:3:{i:3;i:2;i:4;i:5;i:5;i:170;}"],"_edit_lock":["1771571645:1"],"merchant-center-availability":["yes"],"merchant-center-category":["3019"],"merchant-center-id":["CSTEETHWHITENINGKIT"],"_edit_last":["1"],"_wp_page_template":["default"],"site-sidebar-layout":["default"],"ast-site-content-layout":["default"],"site-content-style":["default"],"site-sidebar-style":["default"],"theme-transparent-header-meta":["default"],"astra-migrate-meta-layouts":["set"],"_uag_css_file_name":["uag-css-22981.css"],"_elementor_page_assets":["a:0:{}"]},"uagb_featured_image_src":{"full":["https:\/\/www.californiansmiles.com\/wp-content\/uploads\/2025\/06\/3.jpg",1000,1000,false],"thumbnail":["https:\/\/www.californiansmiles.com\/wp-content\/uploads\/2025\/06\/3-150x150.jpg",150,150,true],"medium":["https:\/\/www.californiansmiles.com\/wp-content\/uploads\/2025\/06\/3-300x300.jpg",300,300,true],"medium_large":["https:\/\/www.californiansmiles.com\/wp-content\/uploads\/2025\/06\/3-768x768.jpg",768,768,true],"large":["https:\/\/www.californiansmiles.com\/wp-content\/uploads\/2025\/06\/3.jpg",1000,1000,false],"1536x1536":["https:\/\/www.californiansmiles.com\/wp-content\/uploads\/2025\/06\/3.jpg",1000,1000,false],"2048x2048":["https:\/\/www.californiansmiles.com\/wp-content\/uploads\/2025\/06\/3.jpg",1000,1000,false],"trp-custom-language-flag":["https:\/\/www.californiansmiles.com\/wp-content\/uploads\/2025\/06\/3-12x12.jpg",12,12,true],"woocommerce_thumbnail":["https:\/\/www.californiansmiles.com\/wp-content\/uploads\/2025\/06\/3-300x300.jpg",300,300,true],"woocommerce_single":["https:\/\/www.californiansmiles.com\/wp-content\/uploads\/2025\/06\/3-600x600.jpg",600,600,true],"woocommerce_gallery_thumbnail":["https:\/\/www.californiansmiles.com\/wp-content\/uploads\/2025\/06\/3-100x100.jpg",100,100,true]},"uagb_author_info":{"display_name":"admin","author_link":"https:\/\/www.californiansmiles.com\/hu\/author\/"},"uagb_comment_info":177,"uagb_excerpt":"The only teeth whitening kit with a satisfaction or money-back guarantee. Our teeth whitening kit is the only one on the market that offers you a satisfaction or money-back guarantee, ensuring you can use it with complete peace of mind. We believe so strongly in the effectiveness of our product that we guarantee visible results&hellip;","_links":{"self":[{"href":"https:\/\/www.californiansmiles.com\/hu\/wp-json\/wp\/v2\/product\/22981","targetHints":{"allow":["GET"]}}],"collection":[{"href":"https:\/\/www.californiansmiles.com\/hu\/wp-json\/wp\/v2\/product"}],"about":[{"href":"https:\/\/www.californiansmiles.com\/hu\/wp-json\/wp\/v2\/types\/product"}],"replies":[{"embeddable":true,"href":"https:\/\/www.californiansmiles.com\/hu\/wp-json\/wp\/v2\/comments?post=22981"}],"version-history":[{"count":5,"href":"https:\/\/www.californiansmiles.com\/hu\/wp-json\/wp\/v2\/product\/22981\/revisions"}],"predecessor-version":[{"id":24799,"href":"https:\/\/www.californiansmiles.com\/hu\/wp-json\/wp\/v2\/product\/22981\/revisions\/24799"}],"wp:featuredmedia":[{"embeddable":true,"href":"https:\/\/www.californiansmiles.com\/hu\/wp-json\/wp\/v2\/media\/23058"}],"wp:attachment":[{"href":"https:\/\/www.californiansmiles.com\/hu\/wp-json\/wp\/v2\/media?parent=22981"}],"wp:term":[{"taxonomy":"product_brand","embeddable":true,"href":"https:\/\/www.californiansmiles.com\/hu\/wp-json\/wp\/v2\/product_brand?post=22981"},{"taxonomy":"product_cat","embeddable":true,"href":"https:\/\/www.californiansmiles.com\/hu\/wp-json\/wp\/v2\/product_cat?post=22981"},{"taxonomy":"product_tag","embeddable":true,"href":"https:\/\/www.californiansmiles.com\/hu\/wp-json\/wp\/v2\/product_tag?post=22981"}],"curies":[{"name":"wp","href":"https:\/\/api.w.org\/{rel}","templated":true}]}}