{"id":23678,"date":"2025-08-13T10:20:48","date_gmt":"2025-08-13T08:20:48","guid":{"rendered":"https:\/\/www.californiansmiles.com\/?post_type=product&#038;p=23678"},"modified":"2026-02-28T14:32:03","modified_gmt":"2026-02-28T13:32:03","slug":"electric-toothbrush","status":"publish","type":"product","link":"https:\/\/www.californiansmiles.com\/es\/products\/electric-toothbrush\/","title":{"rendered":"Cepillo de dientes el\u00e9ctrico"},"content":{"rendered":"<p><strong><img decoding=\"async\" style=\"margin-right: 12px;\" src=\"https:\/\/www.californiansmiles.com\/wp-content\/uploads\/2026\/02\/Check.svg\" alt=\"\" width=\"18\" height=\"15\" \/>El \u00fanico cepillo el\u00e9ctrico s\u00f3nico con garant\u00eda de satisfacci\u00f3n o devoluci\u00f3n del dinero.<\/strong> Nuestro cepillo el\u00e9ctrico s\u00f3nico es el \u00fanico del mercado que le ofrece una garant\u00eda de satisfacci\u00f3n o de devoluci\u00f3n del dinero, lo que le asegura que puede utilizarlo con total confianza. Creemos tan firmemente en la eficacia de nuestro producto que le garantizamos unos dientes notablemente m\u00e1s limpios desde el primer uso, o le devolveremos \u00edntegramente su dinero.<\/p>\n<p><strong><img decoding=\"async\" style=\"margin-right: 12px;\" src=\"https:\/\/www.californiansmiles.com\/wp-content\/uploads\/2026\/02\/Check.svg\" alt=\"\" width=\"18\" height=\"15\" \/>Cepillo el\u00e9ctrico dise\u00f1ado en colaboraci\u00f3n con dentistas para obtener resultados excepcionales. <\/strong>Nuestro cepillo el\u00e9ctrico s\u00f3nico se ha desarrollado en estrecha colaboraci\u00f3n con profesionales de la salud bucodental para garantizar un rendimiento de limpieza \u00f3ptimo al tiempo que se protegen los dientes y las enc\u00edas. Respaldado por la opini\u00f3n de expertos, garantiza una eliminaci\u00f3n superior de la placa, un tacto suave y beneficios para la salud bucal a largo plazo.<\/p>\n<p><strong> <img decoding=\"async\" style=\"margin-right: 12px;\" src=\"https:\/\/www.californiansmiles.com\/wp-content\/uploads\/2026\/02\/Check.svg\" alt=\"\" width=\"18\" height=\"15\" \/>Potente tecnolog\u00eda s\u00f3nica para una limpieza en profundidad. <\/strong>Con entre 40.000 y 50.000 vibraciones s\u00f3nicas por minuto, este cepillo dental proporciona una potencia de limpieza excepcional, llegando a lo m\u00e1s profundo entre los dientes y a lo largo de la l\u00ednea de las enc\u00edas. Los movimientos de alta frecuencia eliminan la placa y las part\u00edculas de comida de forma m\u00e1s eficaz que el cepillado tradicional, dejando una sensaci\u00f3n de limpieza profesional tras cada uso.<\/p>\n<p><strong> <img decoding=\"async\" style=\"margin-right: 12px;\" src=\"https:\/\/www.californiansmiles.com\/wp-content\/uploads\/2026\/02\/Check.svg\" alt=\"\" width=\"18\" height=\"15\" \/>Dientes hasta 4 veces m\u00e1s limpios. <\/strong>Gracias a su avanzada tecnolog\u00eda, este cepillo dental s\u00f3nico elimina hasta cuatro veces m\u00e1s placa que un cepillo manual. El resultado es una sonrisa visiblemente m\u00e1s brillante, unas enc\u00edas m\u00e1s sanas y un aliento m\u00e1s fresco, todo ello desde la comodidad de su hogar.<\/p>\n<p><strong> <img decoding=\"async\" style=\"margin-right: 12px;\" src=\"https:\/\/www.californiansmiles.com\/wp-content\/uploads\/2026\/02\/Check.svg\" alt=\"\" width=\"18\" height=\"15\" \/>Cinco modos de cepillado personalizados. <\/strong>Elija entre cinco modos de cepillado diferentes para adaptarse a sus necesidades: Limpio, Blanco, Sensible, Cuidado de las enc\u00edas y Masaje. Hay un modo para cada preferencia y objetivo de cuidado bucal, ya sea para combatir la acumulaci\u00f3n de placa, para conseguir una sonrisa m\u00e1s brillante o para aliviar las enc\u00edas sensibles.<\/p>\n<p><strong> <img decoding=\"async\" style=\"margin-right: 12px;\" src=\"https:\/\/www.californiansmiles.com\/wp-content\/uploads\/2026\/02\/Check.svg\" alt=\"\" width=\"18\" height=\"15\" \/>M\u00e1s de un mes de duraci\u00f3n de la bater\u00eda. <\/strong>Con su potente bater\u00eda recargable, este cepillo el\u00e9ctrico ofrece m\u00e1s de 30 d\u00edas de uso con una sola carga. Perfecto para viajes y para el d\u00eda a d\u00eda, no tendr\u00e1s que preocuparte de recargarlo con frecuencia.<\/p>\n<p><strong><img decoding=\"async\" style=\"margin-right: 12px;\" src=\"https:\/\/www.californiansmiles.com\/wp-content\/uploads\/2026\/02\/Check.svg\" alt=\"\" width=\"18\" height=\"15\" \/>Dise\u00f1ado para la comodidad y la eficiencia. <\/strong>El mango ergon\u00f3mico y el cabezal de precisi\u00f3n garantizan un agarre c\u00f3modo y una f\u00e1cil maniobrabilidad. Las cerdas est\u00e1n dise\u00f1adas para no da\u00f1ar el esmalte y maximizar la eficacia de la limpieza.<\/p>\n<p><strong><img decoding=\"async\" style=\"margin-right: 12px;\" src=\"https:\/\/www.californiansmiles.com\/wp-content\/uploads\/2026\/02\/Check.svg\" alt=\"\" width=\"18\" height=\"15\" \/>Temporizador inteligente para un cepillado \u00f3ptimo. <\/strong>Un temporizador inteligente integrado fomenta el tiempo de cepillado de dos minutos recomendado por el dentista, haciendo una breve pausa cada 30 segundos para indicarle que pase al siguiente cuadrante de la boca. Esto garantiza una limpieza completa y uniforme en todo momento.<\/p>\n<p><strong><img decoding=\"async\" style=\"margin-right: 12px;\" src=\"https:\/\/www.californiansmiles.com\/wp-content\/uploads\/2026\/02\/Check.svg\" alt=\"\" width=\"18\" height=\"15\" \/>Silencioso e impermeable. <\/strong>Disfrute de una experiencia de cepillado tranquila con su motor silencioso y util\u00edcelo con confianza en la ducha gracias a su dise\u00f1o totalmente resistente al agua.<\/p>\n<p><strong><img decoding=\"async\" style=\"margin-right: 12px;\" src=\"https:\/\/www.californiansmiles.com\/wp-content\/uploads\/2026\/02\/Check.svg\" alt=\"\" width=\"18\" height=\"15\" \/>No requiere receta, seguro para todos los usuarios. <\/strong>Este cepillo dental es seguro para el uso diario de adultos y ni\u00f1os (bajo supervisi\u00f3n). Es adecuado para aquellos con aparatos, coronas, carillas e implantes, proporcionando una soluci\u00f3n vers\u00e1til para cada sonrisa.<\/p>\n<h2><strong>Instrucciones<\/strong><\/h2>\n<h2><strong style=\"font-size: 16px;\">1. Carga el cepillo antes de usarlo por primera vez<\/strong><\/h2>\n<p>Antes de utilizar el cepillo el\u00e9ctrico s\u00f3nico por primera vez, col\u00f3calo en su base de carga o con\u00e9ctalo al cable de carga USB suministrado. Una carga inicial completa garantiza un rendimiento \u00f3ptimo de la bater\u00eda y puede durar m\u00e1s de un mes de uso diario. El indicador luminoso se\u00f1alar\u00e1 cuando el cepillo est\u00e9 completamente cargado.<\/p>\n<p><strong style=\"font-size: 16px;\">2. Seleccione y fije el cabezal del cepillo<\/strong><\/p>\n<p>Elija uno de los cabezales de cepillado incluidos y ac\u00f3plelo firmemente al mango hasta que encaje en su sitio. Aseg\u00farate de que quede bien encajado para evitar cualquier movimiento durante el cepillado.<\/p>\n<p><strong style=\"font-size: 16px;\">3. Aplicar dent\u00edfrico<\/strong><\/p>\n<p>Humedezca ligeramente las cerdas con agua y aplique una peque\u00f1a cantidad de su dent\u00edfrico habitual. Utilizar demasiada pasta de dientes puede provocar una formaci\u00f3n excesiva de espuma y reducir la comodidad del cepillado.<\/p>\n<p><strong style=\"font-size: 16px;\">4. Elige el modo de cepillado<\/strong><\/p>\n<p>Pulsa el bot\u00f3n de encendido una vez para encender el cepillo y, a continuaci\u00f3n, vuelve a pulsarlo para pasar por los cinco modos:<\/p>\n<ul>\n<li><strong>Limpiar<\/strong> : Para la eliminaci\u00f3n diaria de la placa.<\/li>\n<li><strong>Blanco<\/strong> : Para pulir y eliminar manchas superficiales.<\/li>\n<li><strong>Sensible<\/strong> : Para una limpieza suave de dientes y enc\u00edas sensibles.<\/li>\n<li><strong>Cuidado de las enc\u00edas<\/strong> : Para estimular y masajear las enc\u00edas.<\/li>\n<li><strong>Masaje<\/strong> : Para una estimulaci\u00f3n profunda de las enc\u00edas y una mejora de la circulaci\u00f3n.<\/li>\n<\/ul>\n<p>Selecciona el modo que mejor se adapte a tus necesidades.<\/p>\n<p><strong style=\"font-size: 16px;\">5. Empezar a cepillar<\/strong><\/p>\n<p>Coloca el cabezal del cepillo contra los dientes formando un ligero \u00e1ngulo de 45\u00b0 hacia la l\u00ednea de las enc\u00edas. Enciende el cepillo antes de que toque los dientes para evitar salpicaduras. Deja que las vibraciones s\u00f3nicas hagan el trabajo, simplemente gu\u00eda el cepillo lentamente a lo largo de la superficie de cada diente sin frotar.<\/p>\n<p><strong style=\"font-size: 16px;\">6.Sigue el temporizador inteligente<\/strong><\/p>\n<p>El temporizador inteligente incorporado har\u00e1 una breve pausa cada 30 segundos para indicar que es hora de pasar al siguiente cuadrante de la boca. Esto garantiza una limpieza uniforme. Despu\u00e9s de dos minutos, el cepillo se apagar\u00e1 autom\u00e1ticamente, indicando que la sesi\u00f3n de cepillado ha finalizado.<\/p>\n<p><strong style=\"font-size: 16px;\">7. Aclarar y limpiar<\/strong><\/p>\n<p>Despu\u00e9s del cepillado, apague el cepillo, retire el cabezal y enju\u00e1guelo a fondo bajo el grifo. Limpie el mango con un pa\u00f1o h\u00famedo y s\u00e9quelo antes de guardarlo. No sumerja el mango en agua.<\/p>\n<p><strong style=\"font-size: 16px;\">8. Sustituya regularmente el cabezal del cepillo<\/strong><\/p>\n<p>Para obtener unos resultados y una higiene \u00f3ptimos, sustituye el cabezal del cepillo cada tres meses, o antes si las cerdas se deshilachan.<\/p>","protected":false},"excerpt":{"rendered":"<p>The only sonic electric toothbrush with a satisfaction or money-back guarantee. Our sonic electric toothbrush is the only one on the market that offers you a satisfaction or money-back guarantee, ensuring you can use it with complete confidence. We believe so strongly in the effectiveness of our product that we guarantee noticeably cleaner teeth from [&hellip;]<\/p>\n","protected":false},"featured_media":23686,"comment_status":"open","ping_status":"closed","template":"","meta":{"_uag_custom_page_level_css":"","site-sidebar-layout":"default","site-content-layout":"","ast-site-content-layout":"default","site-content-style":"default","site-sidebar-style":"default","ast-global-header-display":"","ast-banner-title-visibility":"","ast-main-header-display":"","ast-hfb-above-header-display":"","ast-hfb-below-header-display":"","ast-hfb-mobile-header-display":"","site-post-title":"","ast-breadcrumbs-content":"","ast-featured-img":"","footer-sml-layout":"","ast-disable-related-posts":"","theme-transparent-header-meta":"default","adv-header-id-meta":"","stick-header-meta":"","header-above-stick-meta":"","header-main-stick-meta":"","header-below-stick-meta":"","astra-migrate-meta-layouts":"set","ast-page-background-enabled":"default","ast-page-background-meta":{"desktop":{"background-color":"var(--ast-global-color-4)","background-image":"","background-repeat":"repeat","background-position":"center center","background-size":"auto","background-attachment":"scroll","background-type":"","background-media":"","overlay-type":"","overlay-color":"","overlay-opacity":"","overlay-gradient":""},"tablet":{"background-color":"","background-image":"","background-repeat":"repeat","background-position":"center center","background-size":"auto","background-attachment":"scroll","background-type":"","background-media":"","overlay-type":"","overlay-color":"","overlay-opacity":"","overlay-gradient":""},"mobile":{"background-color":"","background-image":"","background-repeat":"repeat","background-position":"center center","background-size":"auto","background-attachment":"scroll","background-type":"","background-media":"","overlay-type":"","overlay-color":"","overlay-opacity":"","overlay-gradient":""}},"ast-content-background-meta":{"desktop":{"background-color":"var(--ast-global-color-5)","background-image":"","background-repeat":"repeat","background-position":"center center","background-size":"auto","background-attachment":"scroll","background-type":"","background-media":"","overlay-type":"","overlay-color":"","overlay-opacity":"","overlay-gradient":""},"tablet":{"background-color":"var(--ast-global-color-5)","background-image":"","background-repeat":"repeat","background-position":"center center","background-size":"auto","background-attachment":"scroll","background-type":"","background-media":"","overlay-type":"","overlay-color":"","overlay-opacity":"","overlay-gradient":""},"mobile":{"background-color":"var(--ast-global-color-5)","background-image":"","background-repeat":"repeat","background-position":"center center","background-size":"auto","background-attachment":"scroll","background-type":"","background-media":"","overlay-type":"","overlay-color":"","overlay-opacity":"","overlay-gradient":""}}},"product_brand":[],"product_cat":[15],"product_tag":[],"class_list":{"0":"post-23678","1":"product","2":"type-product","3":"status-publish","4":"has-post-thumbnail","6":"product_cat-shop","7":"desktop-align-left","8":"tablet-align-left","9":"mobile-align-left","11":"first","12":"instock","13":"taxable","14":"shipping-taxable","15":"purchasable","16":"product-type-simple"},"spectra_custom_meta":{"_edit_lock":["1772285523:1"],"_edit_last":["1"],"_thumbnail_id":["23686"],"_wp_page_template":["default"],"_regular_price":["29.90"],"total_sales":["53"],"_tax_status":["taxable"],"_tax_class":[""],"_manage_stock":["no"],"_backorders":["no"],"_sold_individually":["no"],"_virtual":["no"],"_downloadable":["no"],"_download_limit":["-1"],"_download_expiry":["-1"],"_stock":[null],"_stock_status":["instock"],"_wc_average_rating":["5.00"],"_wc_review_count":["161"],"_product_version":["10.5.2"],"_price":["29.90"],"_product_image_gallery":["23679,23681,23683"],"site-sidebar-layout":["default"],"ast-site-content-layout":["default"],"site-content-style":["default"],"site-sidebar-style":["default"],"theme-transparent-header-meta":["default"],"merchant-center-availability":["yes"],"merchant-center-category":["527"],"_sku":["CSELECTRICTOOTHBRUSH"],"_global_unique_id":["5056773820807"],"_weight":["0.2"],"_wp_old_slug":["sonic-electric-toothbrush"],"_wc_rating_count":["a:1:{i:5;i:161;}"],"astra-migrate-meta-layouts":["set"],"_uag_css_file_name":["uag-css-23678.css"],"_elementor_page_assets":["a:0:{}"]},"uagb_featured_image_src":{"full":["https:\/\/www.californiansmiles.com\/wp-content\/uploads\/2025\/08\/IMG_9490.jpg",1000,1000,false],"thumbnail":["https:\/\/www.californiansmiles.com\/wp-content\/uploads\/2025\/08\/IMG_9490-150x150.jpg",150,150,true],"medium":["https:\/\/www.californiansmiles.com\/wp-content\/uploads\/2025\/08\/IMG_9490-300x300.jpg",300,300,true],"medium_large":["https:\/\/www.californiansmiles.com\/wp-content\/uploads\/2025\/08\/IMG_9490-768x768.jpg",768,768,true],"large":["https:\/\/www.californiansmiles.com\/wp-content\/uploads\/2025\/08\/IMG_9490.jpg",1000,1000,false],"1536x1536":["https:\/\/www.californiansmiles.com\/wp-content\/uploads\/2025\/08\/IMG_9490.jpg",1000,1000,false],"2048x2048":["https:\/\/www.californiansmiles.com\/wp-content\/uploads\/2025\/08\/IMG_9490.jpg",1000,1000,false],"trp-custom-language-flag":["https:\/\/www.californiansmiles.com\/wp-content\/uploads\/2025\/08\/IMG_9490-12x12.jpg",12,12,true],"woocommerce_thumbnail":["https:\/\/www.californiansmiles.com\/wp-content\/uploads\/2025\/08\/IMG_9490-300x300.jpg",300,300,true],"woocommerce_single":["https:\/\/www.californiansmiles.com\/wp-content\/uploads\/2025\/08\/IMG_9490-600x600.jpg",600,600,true],"woocommerce_gallery_thumbnail":["https:\/\/www.californiansmiles.com\/wp-content\/uploads\/2025\/08\/IMG_9490-100x100.jpg",100,100,true]},"uagb_author_info":{"display_name":"admin","author_link":"https:\/\/www.californiansmiles.com\/es\/author\/"},"uagb_comment_info":161,"uagb_excerpt":"The only sonic electric toothbrush with a satisfaction or money-back guarantee. Our sonic electric toothbrush is the only one on the market that offers you a satisfaction or money-back guarantee, ensuring you can use it with complete confidence. We believe so strongly in the effectiveness of our product that we guarantee noticeably cleaner teeth from&hellip;","_links":{"self":[{"href":"https:\/\/www.californiansmiles.com\/es\/wp-json\/wp\/v2\/product\/23678","targetHints":{"allow":["GET"]}}],"collection":[{"href":"https:\/\/www.californiansmiles.com\/es\/wp-json\/wp\/v2\/product"}],"about":[{"href":"https:\/\/www.californiansmiles.com\/es\/wp-json\/wp\/v2\/types\/product"}],"replies":[{"embeddable":true,"href":"https:\/\/www.californiansmiles.com\/es\/wp-json\/wp\/v2\/comments?post=23678"}],"version-history":[{"count":6,"href":"https:\/\/www.californiansmiles.com\/es\/wp-json\/wp\/v2\/product\/23678\/revisions"}],"predecessor-version":[{"id":24795,"href":"https:\/\/www.californiansmiles.com\/es\/wp-json\/wp\/v2\/product\/23678\/revisions\/24795"}],"wp:featuredmedia":[{"embeddable":true,"href":"https:\/\/www.californiansmiles.com\/es\/wp-json\/wp\/v2\/media\/23686"}],"wp:attachment":[{"href":"https:\/\/www.californiansmiles.com\/es\/wp-json\/wp\/v2\/media?parent=23678"}],"wp:term":[{"taxonomy":"product_brand","embeddable":true,"href":"https:\/\/www.californiansmiles.com\/es\/wp-json\/wp\/v2\/product_brand?post=23678"},{"taxonomy":"product_cat","embeddable":true,"href":"https:\/\/www.californiansmiles.com\/es\/wp-json\/wp\/v2\/product_cat?post=23678"},{"taxonomy":"product_tag","embeddable":true,"href":"https:\/\/www.californiansmiles.com\/es\/wp-json\/wp\/v2\/product_tag?post=23678"}],"curies":[{"name":"wp","href":"https:\/\/api.w.org\/{rel}","templated":true}]}}