{"id":23678,"date":"2025-08-13T10:20:48","date_gmt":"2025-08-13T08:20:48","guid":{"rendered":"https:\/\/www.californiansmiles.com\/?post_type=product&#038;p=23678"},"modified":"2026-02-28T14:32:03","modified_gmt":"2026-02-28T13:32:03","slug":"electric-toothbrush","status":"publish","type":"product","link":"https:\/\/www.californiansmiles.com\/ee\/products\/electric-toothbrush\/","title":{"rendered":"Elektriline hambahari"},"content":{"rendered":"<p><strong><img decoding=\"async\" style=\"margin-right: 12px;\" src=\"https:\/\/www.californiansmiles.com\/wp-content\/uploads\/2026\/02\/Check.svg\" alt=\"\" width=\"18\" height=\"15\" \/>Ainus elektriline hambahari, millel on rahulolu- v\u00f5i raha-tagastamisgarantii.<\/strong> Meie elektriline hambahari on ainus turul, mis pakub teile rahulolu- v\u00f5i raha-tagastamisgarantiid, mis tagab, et saate seda kasutada t\u00e4ieliku usaldusega. Me usume nii kindlalt meie toote t\u00f5hususse, et garanteerime m\u00e4rgatavalt puhtamad hambad juba esimesest kasutuskorrast alates, vastasel juhul tagastame teile kogu raha.<\/p>\n<p><strong><img decoding=\"async\" style=\"margin-right: 12px;\" src=\"https:\/\/www.californiansmiles.com\/wp-content\/uploads\/2026\/02\/Check.svg\" alt=\"\" width=\"18\" height=\"15\" \/>Elektriline hambahari, mis on loodud koost\u00f6\u00f6s hambaarstidega erakordsete tulemuste saavutamiseks. <\/strong>Meie elektriline hambahari on v\u00e4lja t\u00f6\u00f6tatud tihedas koost\u00f6\u00f6s suuhooldusspetsialistidega, et tagada optimaalne puhastusv\u00f5ime, kaitstes samal ajal hambaid ja igemeid. Ekspertide panuse toel tagab see suurep\u00e4rase hambaplaadi eemaldamise, \u00f5rna puudutuse ja pikaajalise kasu suu\u00f5\u00f5ne tervisele.<\/p>\n<p><strong> <img decoding=\"async\" style=\"margin-right: 12px;\" src=\"https:\/\/www.californiansmiles.com\/wp-content\/uploads\/2026\/02\/Check.svg\" alt=\"\" width=\"18\" height=\"15\" \/>V\u00f5imas helitehnoloogia s\u00fcgavpuhastuseks. <\/strong>See hambahari annab 40 000 kuni 50 000 heliv\u00e4rinat minutis, mis tagab erakordse puhastusv\u00f5imsuse, ulatudes s\u00fcgavale hammaste vahele ja igemepiirile. K\u00f5rgsageduslikud liigutused lagundavad hambaplaadi ja toiduosakesed t\u00f5husamalt kui traditsiooniline harjamine, j\u00e4ttes suu p\u00e4rast igat kasutamist professionaalselt puhastatud.<\/p>\n<p><strong> <img decoding=\"async\" style=\"margin-right: 12px;\" src=\"https:\/\/www.californiansmiles.com\/wp-content\/uploads\/2026\/02\/Check.svg\" alt=\"\" width=\"18\" height=\"15\" \/>Kuni 4 korda puhtamad hambad. <\/strong>T\u00e4nu t\u00e4iustatud tehnoloogiale eemaldab see helihambahari kuni neli korda rohkem hambakivi kui k\u00e4sitsi kasutatav hambahari. Tulemuseks on silmn\u00e4htavalt s\u00e4ravam naeratus, tervemad igemed ja v\u00e4rskem hinge\u00f5hk, ja seda k\u00f5ike mugavalt kodus.<\/p>\n<p><strong> <img decoding=\"async\" style=\"margin-right: 12px;\" src=\"https:\/\/www.californiansmiles.com\/wp-content\/uploads\/2026\/02\/Check.svg\" alt=\"\" width=\"18\" height=\"15\" \/>Viis kohandatud harjamisre\u017eiimi. <\/strong>Vali viie erineva harjare\u017eiimi vahel, mis sobivad sinu vajadustele: Puhas, valge, tundlik, igemehahooldus ja massaa\u017e. Olenemata sellest, kas soovite eemaldada hambakivi, saavutada s\u00e4ravamat naeratust v\u00f5i leevendada tundlikke igemeid, on iga eelistuse ja suuhoolduse eesm\u00e4rgi jaoks olemas sobiv re\u017eiim.<\/p>\n<p><strong> <img decoding=\"async\" style=\"margin-right: 12px;\" src=\"https:\/\/www.californiansmiles.com\/wp-content\/uploads\/2026\/02\/Check.svg\" alt=\"\" width=\"18\" height=\"15\" \/>\u00dcle \u00fche kuu kestev aku. <\/strong>T\u00e4nu v\u00f5imsale akule pakub see elektriline hambahari \u00fche laadimisega rohkem kui 30 p\u00e4eva kasutusaega. Sobib ideaalselt reisimiseks ja igap\u00e4evaseks mugavuseks, sest te ei pea muretsema sagedase laadimise p\u00e4rast.<\/p>\n<p><strong><img decoding=\"async\" style=\"margin-right: 12px;\" src=\"https:\/\/www.californiansmiles.com\/wp-content\/uploads\/2026\/02\/Check.svg\" alt=\"\" width=\"18\" height=\"15\" \/>M\u00f5eldud mugavuse ja t\u00f5hususe tagamiseks. <\/strong>Ergonoomiline k\u00e4epide ja t\u00e4pselt konstrueeritud harjapea tagavad mugava haarde ja h\u00f5lpsa man\u00f6\u00f6verdamise. Harjased on valmistatud nii, et need on emailile \u00f5rnad, kuid samas on puhastamise t\u00f5husus maksimaalne.<\/p>\n<p><strong><img decoding=\"async\" style=\"margin-right: 12px;\" src=\"https:\/\/www.californiansmiles.com\/wp-content\/uploads\/2026\/02\/Check.svg\" alt=\"\" width=\"18\" height=\"15\" \/>Nutikas taimeri optimaalse harjamise jaoks. <\/strong>Sisseehitatud nutikas taimeri julgustab hambaarsti soovitatud kaheminutilist harjamisaega, tehes iga 30 sekundi j\u00e4rel l\u00fchikese pausi, et kutsuda teid \u00fcles j\u00e4rgmise suuosa juurde minema. See tagab iga kord p\u00f5hjaliku ja \u00fchtlase puhastamise.<\/p>\n<p><strong><img decoding=\"async\" style=\"margin-right: 12px;\" src=\"https:\/\/www.californiansmiles.com\/wp-content\/uploads\/2026\/02\/Check.svg\" alt=\"\" width=\"18\" height=\"15\" \/>Vaikne ja veekindel. <\/strong>Naudi rahulikku harjamise kogemust t\u00e4nu madala m\u00fcratasemega mootorile ja kasuta seda kindlalt du\u0161i all t\u00e4nu t\u00e4ielikult veekindlale disainile.<\/p>\n<p><strong><img decoding=\"async\" style=\"margin-right: 12px;\" src=\"https:\/\/www.californiansmiles.com\/wp-content\/uploads\/2026\/02\/Check.svg\" alt=\"\" width=\"18\" height=\"15\" \/>Ei n\u00f5uta retsepti, ohutu k\u00f5igile kasutajatele. <\/strong>See hambahari on ohutu igap\u00e4evaseks kasutamiseks t\u00e4iskasvanutele ja lastele (j\u00e4relevalve all). See sobib neile, kellel on hambaklambrid, kroonid, vineerid ja implantaadid, pakkudes mitmek\u00fclgset lahendust igale naeratusele.<\/p>\n<h2><strong>Juhised<\/strong><\/h2>\n<h2><strong style=\"font-size: 16px;\">1. Laadige oma hambaharja enne esimest kasutamist<\/strong><\/h2>\n<p>Enne oma Sonic elektrilise hambaharja esmakordset kasutamist asetage see laadimisalusele v\u00f5i \u00fchendage see kaasasoleva USB-laadimiskaabliga. T\u00e4ielik esmane laadimine tagab aku optimaalse j\u00f5udluse ja v\u00f5ib kestma j\u00e4\u00e4da \u00fcle kuu aega igap\u00e4evase kasutamise korral. Kontrolltuli annab m\u00e4rku, kui hambahari on t\u00e4ielikult laetud.<\/p>\n<p><strong style=\"font-size: 16px;\">2. Valige ja kinnitage harjapea<\/strong><\/p>\n<p>Valige \u00fcks kaasasolevatest harjapeadest ja kinnitage see kindlalt k\u00e4epideme k\u00fclge, kuni see kl\u00f5psab. Veenduge, et see oleks kindlalt kinnitatud, et v\u00e4ltida liikumist harja puhastamise ajal.<\/p>\n<p><strong style=\"font-size: 16px;\">3. Kandke hambapasta<\/strong><\/p>\n<p>Niisutage harjaseid veidi veega ja kandke peale v\u00e4ike kogus tavalist hambapastat. Liiga palju hambapasta kasutamine v\u00f5ib p\u00f5hjustada liigset vahutamist ja v\u00e4hendada harjamise mugavust.<\/p>\n<p><strong style=\"font-size: 16px;\">4. Valige oma harjamisre\u017eiim<\/strong><\/p>\n<p>Hambaharja sissel\u00fclitamiseks vajutage \u00fcks kord toitenuppu, seej\u00e4rel vajutage uuesti, et l\u00e4bida viis re\u017eiimi:<\/p>\n<ul>\n<li><strong>Puhas<\/strong> : Igap\u00e4evaseks naastude eemaldamiseks.<\/li>\n<li><strong>Valge<\/strong> : Poleerimiseks ja pinna plekieemalduseks.<\/li>\n<li><strong>Tundlik<\/strong> : Tundlike hammaste ja igemete \u00f5rnaks puhastamiseks.<\/li>\n<li><strong>Igemete hooldus<\/strong> : Igemete stimuleerimiseks ja masseerimiseks.<\/li>\n<li><strong>Massaa\u017e<\/strong> : S\u00fcgavaks igemete stimuleerimiseks ja vereringe parandamiseks.<\/li>\n<\/ul>\n<p>Valige re\u017eiim, mis sobib teie vajadustele k\u00f5ige paremini.<\/p>\n<p><strong style=\"font-size: 16px;\">5. Alustage harjamist<\/strong><\/p>\n<p>Asetage harjapea vastu hambaid kerge 45\u00b0 nurga all igemepiiri suunas. P\u00f6\u00f6rake hambaharja sisse enne, kui see hambaid puudutab, et v\u00e4ltida pritsmeid. Laske heliv\u00e4rinatel t\u00f6\u00f6d teha, lihtsalt juhtige harja aeglaselt m\u00f6\u00f6da iga hamba pinda, ilma k\u00fc\u00fcrimiseta.<\/p>\n<p><strong style=\"font-size: 16px;\">6.J\u00e4lgi nutikat taimerit<\/strong><\/p>\n<p>Sisseehitatud nutikas taimeri teeb iga 30 sekundi j\u00e4rel l\u00fchikese pausi, et anda m\u00e4rku, et on aeg liikuda suu j\u00e4rgmise kvadrandi juurde. See tagab \u00fchtlase puhastamise. Kahe minuti p\u00e4rast l\u00fclitub hambahari automaatselt v\u00e4lja, mis n\u00e4itab, et teie harjamise seanss on l\u00f5ppenud.<\/p>\n<p><strong style=\"font-size: 16px;\">7. Loputage ja puhastage<\/strong><\/p>\n<p>P\u00e4rast hambaharja kasutamist l\u00fclitage hambahari v\u00e4lja, v\u00f5tke harjapea v\u00e4lja ja loputage seda p\u00f5hjalikult voolava vee all. P\u00fchkige k\u00e4epide niiske lapiga ja kuivatage see enne hoiustamist. \u00c4rge kastke k\u00e4epidet vette.<\/p>\n<p><strong style=\"font-size: 16px;\">8. Vahetage harjapea regulaarselt v\u00e4lja<\/strong><\/p>\n<p>Optimaalse tulemuse ja h\u00fcgieeni tagamiseks vahetage harjapea iga kolme kuu tagant v\u00f5i varem, kui harjased on kulunud.<\/p>","protected":false},"excerpt":{"rendered":"<p>The only sonic electric toothbrush with a satisfaction or money-back guarantee. Our sonic electric toothbrush is the only one on the market that offers you a satisfaction or money-back guarantee, ensuring you can use it with complete confidence. We believe so strongly in the effectiveness of our product that we guarantee noticeably cleaner teeth from [&hellip;]<\/p>\n","protected":false},"featured_media":23686,"comment_status":"open","ping_status":"closed","template":"","meta":{"_uag_custom_page_level_css":"","site-sidebar-layout":"default","site-content-layout":"","ast-site-content-layout":"default","site-content-style":"default","site-sidebar-style":"default","ast-global-header-display":"","ast-banner-title-visibility":"","ast-main-header-display":"","ast-hfb-above-header-display":"","ast-hfb-below-header-display":"","ast-hfb-mobile-header-display":"","site-post-title":"","ast-breadcrumbs-content":"","ast-featured-img":"","footer-sml-layout":"","ast-disable-related-posts":"","theme-transparent-header-meta":"default","adv-header-id-meta":"","stick-header-meta":"","header-above-stick-meta":"","header-main-stick-meta":"","header-below-stick-meta":"","astra-migrate-meta-layouts":"set","ast-page-background-enabled":"default","ast-page-background-meta":{"desktop":{"background-color":"var(--ast-global-color-4)","background-image":"","background-repeat":"repeat","background-position":"center center","background-size":"auto","background-attachment":"scroll","background-type":"","background-media":"","overlay-type":"","overlay-color":"","overlay-opacity":"","overlay-gradient":""},"tablet":{"background-color":"","background-image":"","background-repeat":"repeat","background-position":"center center","background-size":"auto","background-attachment":"scroll","background-type":"","background-media":"","overlay-type":"","overlay-color":"","overlay-opacity":"","overlay-gradient":""},"mobile":{"background-color":"","background-image":"","background-repeat":"repeat","background-position":"center center","background-size":"auto","background-attachment":"scroll","background-type":"","background-media":"","overlay-type":"","overlay-color":"","overlay-opacity":"","overlay-gradient":""}},"ast-content-background-meta":{"desktop":{"background-color":"var(--ast-global-color-5)","background-image":"","background-repeat":"repeat","background-position":"center center","background-size":"auto","background-attachment":"scroll","background-type":"","background-media":"","overlay-type":"","overlay-color":"","overlay-opacity":"","overlay-gradient":""},"tablet":{"background-color":"var(--ast-global-color-5)","background-image":"","background-repeat":"repeat","background-position":"center center","background-size":"auto","background-attachment":"scroll","background-type":"","background-media":"","overlay-type":"","overlay-color":"","overlay-opacity":"","overlay-gradient":""},"mobile":{"background-color":"var(--ast-global-color-5)","background-image":"","background-repeat":"repeat","background-position":"center center","background-size":"auto","background-attachment":"scroll","background-type":"","background-media":"","overlay-type":"","overlay-color":"","overlay-opacity":"","overlay-gradient":""}}},"product_brand":[],"product_cat":[15],"product_tag":[],"class_list":{"0":"post-23678","1":"product","2":"type-product","3":"status-publish","4":"has-post-thumbnail","6":"product_cat-shop","7":"desktop-align-left","8":"tablet-align-left","9":"mobile-align-left","11":"first","12":"instock","13":"taxable","14":"shipping-taxable","15":"purchasable","16":"product-type-simple"},"spectra_custom_meta":{"_edit_lock":["1772285523:1"],"_edit_last":["1"],"_thumbnail_id":["23686"],"_wp_page_template":["default"],"_regular_price":["29.90"],"total_sales":["53"],"_tax_status":["taxable"],"_tax_class":[""],"_manage_stock":["no"],"_backorders":["no"],"_sold_individually":["no"],"_virtual":["no"],"_downloadable":["no"],"_download_limit":["-1"],"_download_expiry":["-1"],"_stock":[null],"_stock_status":["instock"],"_wc_average_rating":["5.00"],"_wc_review_count":["161"],"_product_version":["10.5.2"],"_price":["29.90"],"_product_image_gallery":["23679,23681,23683"],"site-sidebar-layout":["default"],"ast-site-content-layout":["default"],"site-content-style":["default"],"site-sidebar-style":["default"],"theme-transparent-header-meta":["default"],"merchant-center-availability":["yes"],"merchant-center-category":["527"],"_sku":["CSELECTRICTOOTHBRUSH"],"_global_unique_id":["5056773820807"],"_weight":["0.2"],"_wp_old_slug":["sonic-electric-toothbrush"],"_wc_rating_count":["a:1:{i:5;i:161;}"],"astra-migrate-meta-layouts":["set"],"_uag_css_file_name":["uag-css-23678.css"],"_elementor_page_assets":["a:0:{}"],"_uag_page_assets":["a:9:{s:3:\"css\";s:6873:\".wp-block-uagb-image{display:flex}.wp-block-uagb-image__figure{position:relative;display:flex;flex-direction:column;max-width:100%;height:auto;margin:0}.wp-block-uagb-image__figure img{height:auto;display:flex;max-width:100%;transition:box-shadow .2s ease}.wp-block-uagb-image__figure>a{display:inline-block}.wp-block-uagb-image__figure figcaption{text-align:center;margin-top:.5em;margin-bottom:1em}.wp-block-uagb-image .components-placeholder.block-editor-media-placeholder .components-placeholder__instructions{align-self:center}.wp-block-uagb-image--align-left{text-align:left}.wp-block-uagb-image--align-right{text-align:right}.wp-block-uagb-image--align-center{text-align:center}.wp-block-uagb-image--align-full .wp-block-uagb-image__figure{margin-left:calc(50% - 50vw);margin-right:calc(50% - 50vw);max-width:100vw;width:100vw;height:auto}.wp-block-uagb-image--align-full .wp-block-uagb-image__figure img{height:auto;width:100% !important}.wp-block-uagb-image--align-wide .wp-block-uagb-image__figure img{height:auto;width:100%}.wp-block-uagb-image--layout-overlay__color-wrapper{position:absolute;left:0;top:0;right:0;bottom:0;opacity:.2;background:rgba(0,0,0,.5);transition:opacity .35s ease-in-out}.wp-block-uagb-image--layout-overlay-link{position:absolute;left:0;right:0;bottom:0;top:0}.wp-block-uagb-image--layout-overlay .wp-block-uagb-image__figure:hover .wp-block-uagb-image--layout-overlay__color-wrapper{opacity:1}.wp-block-uagb-image--layout-overlay__inner{position:absolute;left:15px;right:15px;bottom:15px;top:15px;display:flex;align-items:center;justify-content:center;flex-direction:column;border-color:#fff;transition:.35s ease-in-out}.wp-block-uagb-image--layout-overlay__inner.top-left,.wp-block-uagb-image--layout-overlay__inner.top-center,.wp-block-uagb-image--layout-overlay__inner.top-right{justify-content:flex-start}.wp-block-uagb-image--layout-overlay__inner.bottom-left,.wp-block-uagb-image--layout-overlay__inner.bottom-center,.wp-block-uagb-image--layout-overlay__inner.bottom-right{justify-content:flex-end}.wp-block-uagb-image--layout-overlay__inner.top-left,.wp-block-uagb-image--layout-overlay__inner.center-left,.wp-block-uagb-image--layout-overlay__inner.bottom-left{align-items:flex-start}.wp-block-uagb-image--layout-overlay__inner.top-right,.wp-block-uagb-image--layout-overlay__inner.center-right,.wp-block-uagb-image--layout-overlay__inner.bottom-right{align-items:flex-end}.wp-block-uagb-image--layout-overlay__inner .uagb-image-heading{color:#fff;transition:transform .35s,opacity .35s ease-in-out;transform:translate3d(0, 24px, 0);margin:0;line-height:1em}.wp-block-uagb-image--layout-overlay__inner .uagb-image-separator{width:30%;border-top-width:2px;border-top-color:#fff;border-top-style:solid;margin-bottom:10px;opacity:0;transition:transform .4s,opacity .4s ease-in-out;transform:translate3d(0, 30px, 0)}.wp-block-uagb-image--layout-overlay__inner .uagb-image-caption{opacity:0;overflow:visible;color:#fff;transition:transform .45s,opacity .45s ease-in-out;transform:translate3d(0, 35px, 0)}.wp-block-uagb-image--layout-overlay__inner:hover .uagb-image-heading,.wp-block-uagb-image--layout-overlay__inner:hover .uagb-image-separator,.wp-block-uagb-image--layout-overlay__inner:hover .uagb-image-caption{opacity:1;transform:translate3d(0, 0, 0)}.wp-block-uagb-image--effect-zoomin .wp-block-uagb-image__figure img,.wp-block-uagb-image--effect-zoomin .wp-block-uagb-image__figure .wp-block-uagb-image--layout-overlay__color-wrapper{transform:scale(1);transition:transform .35s ease-in-out}.wp-block-uagb-image--effect-zoomin .wp-block-uagb-image__figure:hover img,.wp-block-uagb-image--effect-zoomin .wp-block-uagb-image__figure:hover .wp-block-uagb-image--layout-overlay__color-wrapper{transform:scale(1.05)}.wp-block-uagb-image--effect-slide .wp-block-uagb-image__figure img,.wp-block-uagb-image--effect-slide .wp-block-uagb-image__figure .wp-block-uagb-image--layout-overlay__color-wrapper{width:calc(100% + 40px) !important;max-width:none !important;transform:translate3d(-40px, 0, 0);transition:transform .35s ease-in-out}.wp-block-uagb-image--effect-slide .wp-block-uagb-image__figure:hover img,.wp-block-uagb-image--effect-slide .wp-block-uagb-image__figure:hover .wp-block-uagb-image--layout-overlay__color-wrapper{transform:translate3d(0, 0, 0)}.wp-block-uagb-image--effect-grayscale img{filter:grayscale(0%);transition:.35s ease-in-out}.wp-block-uagb-image--effect-grayscale:hover img{filter:grayscale(100%)}.wp-block-uagb-image--effect-blur img{filter:blur(0);transition:.35s ease-in-out}.wp-block-uagb-image--effect-blur:hover img{filter:blur(3px)}.uagb-block-e6f939b3.wp-block-uagb-image--layout-default figure img{box-shadow: 0px 0px 0 #00000070;}.uagb-block-e6f939b3.wp-block-uagb-image .wp-block-uagb-image__figure figcaption{font-style: normal;align-self: center;}.uagb-block-e6f939b3.wp-block-uagb-image--layout-overlay figure img{box-shadow: 0px 0px 0 #00000070;}.uagb-block-e6f939b3.wp-block-uagb-image--layout-overlay .wp-block-uagb-image--layout-overlay__color-wrapper{opacity: 0.2;}.uagb-block-e6f939b3.wp-block-uagb-image--layout-overlay .wp-block-uagb-image--layout-overlay__inner{left: 15px;right: 15px;top: 15px;bottom: 15px;}.uagb-block-e6f939b3.wp-block-uagb-image--layout-overlay .wp-block-uagb-image--layout-overlay__inner .uagb-image-heading{font-style: normal;color: #fff;opacity: 1;}.uagb-block-e6f939b3.wp-block-uagb-image--layout-overlay .wp-block-uagb-image--layout-overlay__inner .uagb-image-heading a{color: #fff;}.uagb-block-e6f939b3.wp-block-uagb-image--layout-overlay .wp-block-uagb-image--layout-overlay__inner .uagb-image-caption{opacity: 0;}.uagb-block-e6f939b3.wp-block-uagb-image--layout-overlay .wp-block-uagb-image__figure:hover .wp-block-uagb-image--layout-overlay__color-wrapper{opacity: 1;}.uagb-block-e6f939b3.wp-block-uagb-image .wp-block-uagb-image--layout-overlay__inner .uagb-image-separator{width: 30%;border-top-width: 2px;border-top-color: #fff;opacity: 0;}.uagb-block-e6f939b3.wp-block-uagb-image .wp-block-uagb-image__figure img{width: px;height: auto;}.uagb-block-e6f939b3.wp-block-uagb-image .wp-block-uagb-image__figure:hover .wp-block-uagb-image--layout-overlay__inner .uagb-image-caption{opacity: 1;}.uagb-block-e6f939b3.wp-block-uagb-image .wp-block-uagb-image__figure:hover .wp-block-uagb-image--layout-overlay__inner .uagb-image-separator{opacity: 1;}.uagb-block-e6f939b3.wp-block-uagb-image--layout-default figure:hover img{box-shadow: 0px 0px 0 #00000070;}.uagb-block-e6f939b3.wp-block-uagb-image--layout-overlay figure:hover img{box-shadow: 0px 0px 0 #00000070;}@media only screen and (max-width: 976px) {.uagb-block-e6f939b3.wp-block-uagb-image .wp-block-uagb-image__figure img{width: px;height: auto;}}@media only screen and (max-width: 767px) {.uagb-block-e6f939b3.wp-block-uagb-image .wp-block-uagb-image__figure img{width: px;height: auto;}}\";s:2:\"js\";s:0:\"\";s:18:\"current_block_list\";a:13:{i:0;s:11:\"core\/search\";i:1;s:10:\"core\/group\";i:2;s:12:\"core\/heading\";i:3;s:17:\"core\/latest-posts\";i:4;s:20:\"core\/latest-comments\";i:5;s:13:\"core\/archives\";i:6;s:15:\"core\/categories\";i:7;s:14:\"core\/paragraph\";i:8;s:10:\"uagb\/image\";i:9;s:11:\"core\/spacer\";i:10;s:30:\"woocommerce\/product-categories\";i:11;s:10:\"core\/image\";i:12;s:14:\"core\/shortcode\";}s:8:\"uag_flag\";b:1;s:11:\"uag_version\";s:10:\"1779028006\";s:6:\"gfonts\";a:0:{}s:10:\"gfonts_url\";s:0:\"\";s:12:\"gfonts_files\";a:0:{}s:14:\"uag_faq_layout\";b:0;}"]},"uagb_featured_image_src":{"full":["https:\/\/www.californiansmiles.com\/wp-content\/uploads\/2025\/08\/IMG_9490.jpg",1000,1000,false],"thumbnail":["https:\/\/www.californiansmiles.com\/wp-content\/uploads\/2025\/08\/IMG_9490-150x150.jpg",150,150,true],"medium":["https:\/\/www.californiansmiles.com\/wp-content\/uploads\/2025\/08\/IMG_9490-300x300.jpg",300,300,true],"medium_large":["https:\/\/www.californiansmiles.com\/wp-content\/uploads\/2025\/08\/IMG_9490-768x768.jpg",768,768,true],"large":["https:\/\/www.californiansmiles.com\/wp-content\/uploads\/2025\/08\/IMG_9490.jpg",1000,1000,false],"1536x1536":["https:\/\/www.californiansmiles.com\/wp-content\/uploads\/2025\/08\/IMG_9490.jpg",1000,1000,false],"2048x2048":["https:\/\/www.californiansmiles.com\/wp-content\/uploads\/2025\/08\/IMG_9490.jpg",1000,1000,false],"trp-custom-language-flag":["https:\/\/www.californiansmiles.com\/wp-content\/uploads\/2025\/08\/IMG_9490-12x12.jpg",12,12,true],"woocommerce_thumbnail":["https:\/\/www.californiansmiles.com\/wp-content\/uploads\/2025\/08\/IMG_9490-300x300.jpg",300,300,true],"woocommerce_single":["https:\/\/www.californiansmiles.com\/wp-content\/uploads\/2025\/08\/IMG_9490-600x600.jpg",600,600,true],"woocommerce_gallery_thumbnail":["https:\/\/www.californiansmiles.com\/wp-content\/uploads\/2025\/08\/IMG_9490-100x100.jpg",100,100,true]},"uagb_author_info":{"display_name":"admin","author_link":"https:\/\/www.californiansmiles.com\/ee\/author\/"},"uagb_comment_info":161,"uagb_excerpt":"The only sonic electric toothbrush with a satisfaction or money-back guarantee. Our sonic electric toothbrush is the only one on the market that offers you a satisfaction or money-back guarantee, ensuring you can use it with complete confidence. We believe so strongly in the effectiveness of our product that we guarantee noticeably cleaner teeth from&hellip;","_links":{"self":[{"href":"https:\/\/www.californiansmiles.com\/ee\/wp-json\/wp\/v2\/product\/23678","targetHints":{"allow":["GET"]}}],"collection":[{"href":"https:\/\/www.californiansmiles.com\/ee\/wp-json\/wp\/v2\/product"}],"about":[{"href":"https:\/\/www.californiansmiles.com\/ee\/wp-json\/wp\/v2\/types\/product"}],"replies":[{"embeddable":true,"href":"https:\/\/www.californiansmiles.com\/ee\/wp-json\/wp\/v2\/comments?post=23678"}],"version-history":[{"count":6,"href":"https:\/\/www.californiansmiles.com\/ee\/wp-json\/wp\/v2\/product\/23678\/revisions"}],"predecessor-version":[{"id":24795,"href":"https:\/\/www.californiansmiles.com\/ee\/wp-json\/wp\/v2\/product\/23678\/revisions\/24795"}],"wp:featuredmedia":[{"embeddable":true,"href":"https:\/\/www.californiansmiles.com\/ee\/wp-json\/wp\/v2\/media\/23686"}],"wp:attachment":[{"href":"https:\/\/www.californiansmiles.com\/ee\/wp-json\/wp\/v2\/media?parent=23678"}],"wp:term":[{"taxonomy":"product_brand","embeddable":true,"href":"https:\/\/www.californiansmiles.com\/ee\/wp-json\/wp\/v2\/product_brand?post=23678"},{"taxonomy":"product_cat","embeddable":true,"href":"https:\/\/www.californiansmiles.com\/ee\/wp-json\/wp\/v2\/product_cat?post=23678"},{"taxonomy":"product_tag","embeddable":true,"href":"https:\/\/www.californiansmiles.com\/ee\/wp-json\/wp\/v2\/product_tag?post=23678"}],"curies":[{"name":"wp","href":"https:\/\/api.w.org\/{rel}","templated":true}]}}