{"id":23720,"date":"2025-08-17T19:41:39","date_gmt":"2025-08-17T17:41:39","guid":{"rendered":"https:\/\/www.californiansmiles.com\/?post_type=product&#038;p=23720"},"modified":"2026-02-20T08:13:38","modified_gmt":"2026-02-20T07:13:38","slug":"led-mask","status":"publish","type":"product","link":"https:\/\/www.californiansmiles.com\/de\/products\/led-mask\/","title":{"rendered":"LED Maske"},"content":{"rendered":"<p><strong><img decoding=\"async\" style=\"margin-right: 12px;\" src=\"https:\/\/www.californiansmiles.com\/wp-content\/uploads\/2026\/02\/Check.svg\" alt=\"\" width=\"18\" height=\"15\" \/>Die wirksamste LED-Maske f\u00fcr sichtbare und lang anhaltende Ergebnisse.<\/strong> Durch die Verwendung optimierter Lichtwellenl\u00e4ngen dringt unsere Maske in verschiedenen Tiefen in die Haut ein, um h\u00e4ufige Probleme wie feine Linien, Akne, R\u00f6tungen und einen unebenen Teint zu behandeln. Die sorgf\u00e4ltig kalibrierte Lichtintensit\u00e4t sorgt f\u00fcr eine maximale Leistung, w\u00e4hrend der Komfort bei regelm\u00e4\u00dfiger Anwendung erhalten bleibt.<\/p>\n<p><strong><img decoding=\"async\" style=\"margin-right: 12px;\" src=\"https:\/\/www.californiansmiles.com\/wp-content\/uploads\/2026\/02\/Check.svg\" alt=\"\" width=\"18\" height=\"15\" \/>Die einzige LED-Maske mit einer Zufriedenheits- oder Geld-zur\u00fcck-Garantie.<\/strong> Unsere LED-Maske ist die einzige auf dem Markt, f\u00fcr die es eine Zufriedenheits- oder Geld-zur\u00fcck-Garantie gibt, so dass Sie ganz beruhigt sein k\u00f6nnen. Wir glauben so fest an ihre Wirksamkeit, dass wir sichtbare Hautverbesserungen versprechen - oder Sie bekommen Ihr Geld zur\u00fcck.<\/p>\n<p><strong><img decoding=\"async\" style=\"margin-right: 12px;\" src=\"https:\/\/www.californiansmiles.com\/wp-content\/uploads\/2026\/02\/Check.svg\" alt=\"\" width=\"18\" height=\"15\" \/>Klinisch erwiesenerma\u00dfen verj\u00fcngt und sch\u00fctzt es Ihre Haut.<\/strong> Diese LED-Maske wurde mit modernstem dermatologischem Fachwissen entwickelt und verwendet eine medizinische Technologie, die durch franz\u00f6sische klinische Studien gest\u00fctzt wird. Sie reduziert Falten, mildert dunkle Flecken, stimuliert die Kollagenproduktion und hilft, Hautunreinheiten zu bek\u00e4mpfen - f\u00fcr eine ges\u00fcndere und strahlendere Haut.<\/p>\n<p><strong><img decoding=\"async\" style=\"margin-right: 12px;\" src=\"https:\/\/www.californiansmiles.com\/wp-content\/uploads\/2026\/02\/Check.svg\" alt=\"\" width=\"18\" height=\"15\" \/>Fortschrittliche Lichttherapie mit bew\u00e4hrten Wellenl\u00e4ngen.<\/strong> Die Maske ist mit 254 Pr\u00e4zisions-LEDs ausgestattet, die rotes Licht bei 633 nm und infrarotes Licht bei 830 nm abgeben - Wellenl\u00e4ngen, die weltweit f\u00fcr ihre verj\u00fcngende Wirkung wissenschaftlich anerkannt sind. Zusammen dringen sie tief in die Haut ein, um die nat\u00fcrliche Regeneration und lang anhaltende Ergebnisse zu f\u00f6rdern.<\/p>\n<p><strong><img decoding=\"async\" style=\"margin-right: 12px;\" src=\"https:\/\/www.californiansmiles.com\/wp-content\/uploads\/2026\/02\/Check.svg\" alt=\"\" width=\"18\" height=\"15\" \/>Sp\u00fcrbar hellere und glattere Haut.<\/strong> Bei regelm\u00e4\u00dfiger Anwendung verst\u00e4rkt die LED-Maske die nat\u00fcrliche Ausstrahlung Ihrer Haut, gleicht den Hautton aus und gl\u00e4ttet feine Linien. Das Ergebnis: sichtbar j\u00fcnger aussehende Haut, die Gesundheit und Vitalit\u00e4t ausstrahlt - und das alles ohne invasive Eingriffe.<\/p>\n<p><strong><img decoding=\"async\" style=\"margin-right: 12px;\" src=\"https:\/\/www.californiansmiles.com\/wp-content\/uploads\/2026\/02\/Check.svg\" alt=\"\" width=\"18\" height=\"15\" \/>Bequeme und m\u00fchelose Hautpflege.<\/strong> Die Maske ist leicht und ergonomisch geformt, so dass sie sich nat\u00fcrlich an Ihr Gesicht anpasst und bei jeder Sitzung maximalen Komfort bietet. Die pr\u00e4zise Konstruktion sorgt f\u00fcr eine gleichm\u00e4\u00dfige Lichtverteilung auf der gesamten Hautoberfl\u00e4che.<\/p>\n<p><strong><img decoding=\"async\" style=\"margin-right: 12px;\" src=\"https:\/\/www.californiansmiles.com\/wp-content\/uploads\/2026\/02\/Check.svg\" alt=\"\" width=\"18\" height=\"15\" \/>Sicher, nicht invasiv und einfach in der Anwendung.<\/strong> Diese LED-Maske ist nicht invasiv, sicher f\u00fcr alle Hauttypen und rezeptfrei. Tragen Sie sie einfach zu Hause und genie\u00dfen Sie die Vorteile professioneller Hautpflege, ganz wie Sie m\u00f6chten.<\/p>\n<p><strong><img decoding=\"async\" style=\"margin-right: 12px;\" src=\"https:\/\/www.californiansmiles.com\/wp-content\/uploads\/2026\/02\/Check.svg\" alt=\"\" width=\"18\" height=\"15\" \/>Schnelle Lieferung innerhalb von 24 Stunden, damit Sie sofort mit Ihrer Hautpflege beginnen k\u00f6nnen.<\/strong> Wir wissen, dass Sie, wenn es um Hautpflege geht, schnell Ergebnisse haben m\u00f6chten. Deshalb bieten wir immer eine 24-Stunden-Lieferung an, damit Sie Ihre Behandlung ohne unn\u00f6tige Wartezeit beginnen k\u00f6nnen.<\/p>\n<h2><strong>Anweisungen<\/strong><\/h2>\n<ol>\n<li><strong> Laden Sie Ihre Maske vor dem ersten Gebrauch auf<\/strong><br \/>\nBevor Sie Ihre LED-Maske zum ersten Mal benutzen, schlie\u00dfen Sie sie an das mitgelieferte Ladekabel an, bis sie vollst\u00e4ndig aufgeladen ist. Eine vollst\u00e4ndige Erstladung gew\u00e4hrleistet eine optimale Leistung und eine lange Nutzungsdauer.<\/li>\n<li><strong> Reinigen Sie Ihre Haut<\/strong><br \/>\nWaschen Sie Ihr Gesicht mit einem sanften Reinigungsmittel, um Make-up, \u00d6l oder Unreinheiten zu entfernen. Trocknen Sie Ihre Haut vor dem Auftragen der Maske vollst\u00e4ndig ab, um das Eindringen des Lichts und die Ergebnisse zu maximieren.<\/li>\n<li><strong> Tragen Sie die Maske<\/strong><br \/>\nLegen Sie die Maske bequem auf Ihr Gesicht und stellen Sie das Band so ein, dass sie sicher und ohne Druck sitzt. Achten Sie darauf, dass die gesamte Hautoberfl\u00e4che gleichm\u00e4\u00dfig von den LEDs bestrahlt wird.<\/li>\n<li><strong> W\u00e4hlen Sie den Modus und die Dauer<\/strong><br \/>\nSchalten Sie die Maske ein und w\u00e4hlen Sie Ihre bevorzugte Lichteinstellung. Eine Standardsitzung dauert 10-20 Minuten, je nach Ihren Hautpflegezielen. Der integrierte Timer schaltet die Maske am Ende der Sitzung automatisch ab.<\/li>\n<li><strong> Entspannen Sie sich w\u00e4hrend der Behandlung<\/strong><br \/>\nSetzen oder legen Sie sich in eine bequeme Position, w\u00e4hrend die Maske wirkt. Sie brauchen sich nicht zu bewegen - entspannen Sie sich einfach und lassen Sie die Lichttherapie Ihre Hautzellen stimulieren.<\/li>\n<li><strong> Nach Ihrer Sitzung<\/strong><br \/>\nNehmen Sie die Maske ab und tragen Sie Ihre regul\u00e4ren Hautpflegeprodukte auf, z. B. ein Serum oder eine Feuchtigkeitscreme. Die LED-Lichttherapie verbessert die Absorption und macht Ihre Produkte effektiver.<\/li>\n<li><strong> Konsequente Anwendung f\u00fcr beste Ergebnisse<\/strong><br \/>\nUm sp\u00fcrbare Verbesserungen zu erzielen, verwenden Sie die Maske 3-5 Mal pro Woche. Die Ergebnisse, wie z. B. eine glattere Textur, weniger Falten und eine strahlendere Haut, werden innerhalb weniger Wochen bei konsequenter Anwendung sichtbar.<\/li>\n<\/ol>","protected":false},"excerpt":{"rendered":"<p>The most effective LED mask for visible and long-lasting results. Using optimized light wavelengths, our mask penetrates the skin at different depths to target common concerns such as fine lines, acne, redness, and uneven complexion. The carefully calibrated light intensity ensures maximum performance while remaining comfortable for regular use. The only LED mask with a [&hellip;]<\/p>\n","protected":false},"featured_media":23726,"comment_status":"open","ping_status":"closed","template":"","meta":{"_uag_custom_page_level_css":"","site-sidebar-layout":"default","site-content-layout":"","ast-site-content-layout":"default","site-content-style":"default","site-sidebar-style":"default","ast-global-header-display":"","ast-banner-title-visibility":"","ast-main-header-display":"","ast-hfb-above-header-display":"","ast-hfb-below-header-display":"","ast-hfb-mobile-header-display":"","site-post-title":"","ast-breadcrumbs-content":"","ast-featured-img":"","footer-sml-layout":"","ast-disable-related-posts":"","theme-transparent-header-meta":"default","adv-header-id-meta":"","stick-header-meta":"","header-above-stick-meta":"","header-main-stick-meta":"","header-below-stick-meta":"","astra-migrate-meta-layouts":"set","ast-page-background-enabled":"default","ast-page-background-meta":{"desktop":{"background-color":"var(--ast-global-color-4)","background-image":"","background-repeat":"repeat","background-position":"center center","background-size":"auto","background-attachment":"scroll","background-type":"","background-media":"","overlay-type":"","overlay-color":"","overlay-opacity":"","overlay-gradient":""},"tablet":{"background-color":"","background-image":"","background-repeat":"repeat","background-position":"center center","background-size":"auto","background-attachment":"scroll","background-type":"","background-media":"","overlay-type":"","overlay-color":"","overlay-opacity":"","overlay-gradient":""},"mobile":{"background-color":"","background-image":"","background-repeat":"repeat","background-position":"center center","background-size":"auto","background-attachment":"scroll","background-type":"","background-media":"","overlay-type":"","overlay-color":"","overlay-opacity":"","overlay-gradient":""}},"ast-content-background-meta":{"desktop":{"background-color":"var(--ast-global-color-5)","background-image":"","background-repeat":"repeat","background-position":"center center","background-size":"auto","background-attachment":"scroll","background-type":"","background-media":"","overlay-type":"","overlay-color":"","overlay-opacity":"","overlay-gradient":""},"tablet":{"background-color":"var(--ast-global-color-5)","background-image":"","background-repeat":"repeat","background-position":"center center","background-size":"auto","background-attachment":"scroll","background-type":"","background-media":"","overlay-type":"","overlay-color":"","overlay-opacity":"","overlay-gradient":""},"mobile":{"background-color":"var(--ast-global-color-5)","background-image":"","background-repeat":"repeat","background-position":"center center","background-size":"auto","background-attachment":"scroll","background-type":"","background-media":"","overlay-type":"","overlay-color":"","overlay-opacity":"","overlay-gradient":""}}},"product_brand":[],"product_cat":[15],"product_tag":[],"class_list":{"0":"post-23720","1":"product","2":"type-product","3":"status-publish","4":"has-post-thumbnail","6":"product_cat-shop","7":"desktop-align-left","8":"tablet-align-left","9":"mobile-align-left","11":"first","12":"instock","13":"shipping-taxable","14":"purchasable","15":"product-type-simple"},"spectra_custom_meta":{"_edit_lock":["1772285032:1"],"_edit_last":["1"],"merchant-center-availability":["yes"],"merchant-center-category":["6262"],"_thumbnail_id":["23726"],"_wp_page_template":["default"],"_sku":["CSLEDMASK"],"_global_unique_id":["5056773820791"],"_regular_price":["99.90"],"total_sales":["23"],"_tax_status":["taxable"],"_tax_class":[""],"_manage_stock":["no"],"_backorders":["no"],"_sold_individually":["no"],"_weight":["0.2"],"_virtual":["no"],"_downloadable":["no"],"_download_limit":["-1"],"_download_expiry":["-1"],"_stock":[null],"_stock_status":["instock"],"_wc_average_rating":["5.00"],"_wc_review_count":["122"],"_product_version":["10.5.2"],"_price":["99.90"],"_product_image_gallery":["23728,23727,23725,23724,23723,23722,23721"],"site-sidebar-layout":["default"],"ast-site-content-layout":["default"],"site-content-style":["default"],"site-sidebar-style":["default"],"theme-transparent-header-meta":["default"],"_wc_rating_count":["a:1:{i:5;i:122;}"],"astra-migrate-meta-layouts":["set"],"_uag_css_file_name":["uag-css-23720.css"],"_elementor_page_assets":["a:0:{}"],"_uag_page_assets":["a:9:{s:3:\"css\";s:7156:\".uag-blocks-common-selector{z-index:var(--z-index-desktop) !important}@media (max-width: 976px){.uag-blocks-common-selector{z-index:var(--z-index-tablet) !important}}@media (max-width: 767px){.uag-blocks-common-selector{z-index:var(--z-index-mobile) !important}}\n.wp-block-uagb-image{display:flex}.wp-block-uagb-image__figure{position:relative;display:flex;flex-direction:column;max-width:100%;height:auto;margin:0}.wp-block-uagb-image__figure img{height:auto;display:flex;max-width:100%;transition:box-shadow 0.2s ease}.wp-block-uagb-image__figure>a{display:inline-block}.wp-block-uagb-image__figure figcaption{text-align:center;margin-top:0.5em;margin-bottom:1em}.wp-block-uagb-image .components-placeholder.block-editor-media-placeholder .components-placeholder__instructions{align-self:center}.wp-block-uagb-image--align-left{text-align:left}.wp-block-uagb-image--align-right{text-align:right}.wp-block-uagb-image--align-center{text-align:center}.wp-block-uagb-image--align-full .wp-block-uagb-image__figure{margin-left:calc(50% - 50vw);margin-right:calc(50% - 50vw);max-width:100vw;width:100vw;height:auto}.wp-block-uagb-image--align-full .wp-block-uagb-image__figure img{height:auto;width:100% !important}.wp-block-uagb-image--align-wide .wp-block-uagb-image__figure img{height:auto;width:100%}.wp-block-uagb-image--layout-overlay__color-wrapper{position:absolute;left:0;top:0;right:0;bottom:0;opacity:0.2;background:rgba(0,0,0,0.5);transition:opacity 0.35s ease-in-out}.wp-block-uagb-image--layout-overlay-link{position:absolute;left:0;right:0;bottom:0;top:0}.wp-block-uagb-image--layout-overlay .wp-block-uagb-image__figure:hover .wp-block-uagb-image--layout-overlay__color-wrapper{opacity:1}.wp-block-uagb-image--layout-overlay__inner{position:absolute;left:15px;right:15px;bottom:15px;top:15px;display:flex;align-items:center;justify-content:center;flex-direction:column;border-color:#fff;transition:0.35s ease-in-out}.wp-block-uagb-image--layout-overlay__inner.top-left,.wp-block-uagb-image--layout-overlay__inner.top-center,.wp-block-uagb-image--layout-overlay__inner.top-right{justify-content:flex-start}.wp-block-uagb-image--layout-overlay__inner.bottom-left,.wp-block-uagb-image--layout-overlay__inner.bottom-center,.wp-block-uagb-image--layout-overlay__inner.bottom-right{justify-content:flex-end}.wp-block-uagb-image--layout-overlay__inner.top-left,.wp-block-uagb-image--layout-overlay__inner.center-left,.wp-block-uagb-image--layout-overlay__inner.bottom-left{align-items:flex-start}.wp-block-uagb-image--layout-overlay__inner.top-right,.wp-block-uagb-image--layout-overlay__inner.center-right,.wp-block-uagb-image--layout-overlay__inner.bottom-right{align-items:flex-end}.wp-block-uagb-image--layout-overlay__inner .uagb-image-heading{color:#fff;transition:transform 0.35s, opacity 0.35s ease-in-out;transform:translate3d(0, 24px, 0);margin:0;line-height:1em}.wp-block-uagb-image--layout-overlay__inner .uagb-image-separator{width:30%;border-top-width:2px;border-top-color:#fff;border-top-style:solid;margin-bottom:10px;opacity:0;transition:transform 0.4s, opacity 0.4s ease-in-out;transform:translate3d(0, 30px, 0)}.wp-block-uagb-image--layout-overlay__inner .uagb-image-caption{opacity:0;overflow:visible;color:#fff;transition:transform 0.45s, opacity 0.45s ease-in-out;transform:translate3d(0, 35px, 0)}.wp-block-uagb-image--layout-overlay__inner:hover .uagb-image-heading,.wp-block-uagb-image--layout-overlay__inner:hover .uagb-image-separator,.wp-block-uagb-image--layout-overlay__inner:hover .uagb-image-caption{opacity:1;transform:translate3d(0, 0, 0)}.wp-block-uagb-image--effect-zoomin .wp-block-uagb-image__figure img,.wp-block-uagb-image--effect-zoomin .wp-block-uagb-image__figure .wp-block-uagb-image--layout-overlay__color-wrapper{transform:scale(1);transition:transform 0.35s ease-in-out}.wp-block-uagb-image--effect-zoomin .wp-block-uagb-image__figure:hover img,.wp-block-uagb-image--effect-zoomin .wp-block-uagb-image__figure:hover .wp-block-uagb-image--layout-overlay__color-wrapper{transform:scale(1.05)}.wp-block-uagb-image--effect-slide .wp-block-uagb-image__figure img,.wp-block-uagb-image--effect-slide .wp-block-uagb-image__figure .wp-block-uagb-image--layout-overlay__color-wrapper{width:calc(100% + 40px) !important;max-width:none !important;transform:translate3d(-40px, 0, 0);transition:transform 0.35s ease-in-out}.wp-block-uagb-image--effect-slide .wp-block-uagb-image__figure:hover img,.wp-block-uagb-image--effect-slide .wp-block-uagb-image__figure:hover .wp-block-uagb-image--layout-overlay__color-wrapper{transform:translate3d(0, 0, 0)}.wp-block-uagb-image--effect-grayscale img{filter:grayscale(0%);transition:0.35s ease-in-out}.wp-block-uagb-image--effect-grayscale:hover img{filter:grayscale(100%)}.wp-block-uagb-image--effect-blur img{filter:blur(0);transition:0.35s ease-in-out}.wp-block-uagb-image--effect-blur:hover img{filter:blur(3px)}\n.uagb-block-e6f939b3.wp-block-uagb-image--layout-default figure img{box-shadow: 0px 0px 0 #00000070;}.uagb-block-e6f939b3.wp-block-uagb-image .wp-block-uagb-image__figure figcaption{font-style: normal;align-self: center;}.uagb-block-e6f939b3.wp-block-uagb-image--layout-overlay figure img{box-shadow: 0px 0px 0 #00000070;}.uagb-block-e6f939b3.wp-block-uagb-image--layout-overlay .wp-block-uagb-image--layout-overlay__color-wrapper{opacity: 0.2;}.uagb-block-e6f939b3.wp-block-uagb-image--layout-overlay .wp-block-uagb-image--layout-overlay__inner{left: 15px;right: 15px;top: 15px;bottom: 15px;}.uagb-block-e6f939b3.wp-block-uagb-image--layout-overlay .wp-block-uagb-image--layout-overlay__inner .uagb-image-heading{font-style: normal;color: #fff;opacity: 1;}.uagb-block-e6f939b3.wp-block-uagb-image--layout-overlay .wp-block-uagb-image--layout-overlay__inner .uagb-image-heading a{color: #fff;}.uagb-block-e6f939b3.wp-block-uagb-image--layout-overlay .wp-block-uagb-image--layout-overlay__inner .uagb-image-caption{opacity: 0;}.uagb-block-e6f939b3.wp-block-uagb-image--layout-overlay .wp-block-uagb-image__figure:hover .wp-block-uagb-image--layout-overlay__color-wrapper{opacity: 1;}.uagb-block-e6f939b3.wp-block-uagb-image .wp-block-uagb-image--layout-overlay__inner .uagb-image-separator{width: 30%;border-top-width: 2px;border-top-color: #fff;opacity: 0;}.uagb-block-e6f939b3.wp-block-uagb-image .wp-block-uagb-image__figure img{width: px;height: auto;}.uagb-block-e6f939b3.wp-block-uagb-image .wp-block-uagb-image__figure:hover .wp-block-uagb-image--layout-overlay__inner .uagb-image-caption{opacity: 1;}.uagb-block-e6f939b3.wp-block-uagb-image .wp-block-uagb-image__figure:hover .wp-block-uagb-image--layout-overlay__inner .uagb-image-separator{opacity: 1;}.uagb-block-e6f939b3.wp-block-uagb-image--layout-default figure:hover img{box-shadow: 0px 0px 0 #00000070;}.uagb-block-e6f939b3.wp-block-uagb-image--layout-overlay figure:hover img{box-shadow: 0px 0px 0 #00000070;}@media only screen and (max-width: 976px) {.uagb-block-e6f939b3.wp-block-uagb-image .wp-block-uagb-image__figure img{width: px;height: auto;}}@media only screen and (max-width: 767px) {.uagb-block-e6f939b3.wp-block-uagb-image .wp-block-uagb-image__figure img{width: px;height: auto;}}\";s:2:\"js\";s:0:\"\";s:18:\"current_block_list\";a:13:{i:0;s:11:\"core\/search\";i:1;s:10:\"core\/group\";i:2;s:12:\"core\/heading\";i:3;s:17:\"core\/latest-posts\";i:4;s:20:\"core\/latest-comments\";i:5;s:13:\"core\/archives\";i:6;s:15:\"core\/categories\";i:7;s:14:\"core\/paragraph\";i:8;s:10:\"uagb\/image\";i:9;s:11:\"core\/spacer\";i:10;s:30:\"woocommerce\/product-categories\";i:11;s:10:\"core\/image\";i:12;s:14:\"core\/shortcode\";}s:8:\"uag_flag\";b:1;s:11:\"uag_version\";s:10:\"1776179148\";s:6:\"gfonts\";a:0:{}s:10:\"gfonts_url\";s:0:\"\";s:12:\"gfonts_files\";a:0:{}s:14:\"uag_faq_layout\";b:0;}"]},"uagb_featured_image_src":{"full":["https:\/\/www.californiansmiles.com\/wp-content\/uploads\/2025\/08\/WhatsApp-Image-2025-07-31-at-12.01.28-2.jpeg",1000,1000,false],"thumbnail":["https:\/\/www.californiansmiles.com\/wp-content\/uploads\/2025\/08\/WhatsApp-Image-2025-07-31-at-12.01.28-2-150x150.jpeg",150,150,true],"medium":["https:\/\/www.californiansmiles.com\/wp-content\/uploads\/2025\/08\/WhatsApp-Image-2025-07-31-at-12.01.28-2-300x300.jpeg",300,300,true],"medium_large":["https:\/\/www.californiansmiles.com\/wp-content\/uploads\/2025\/08\/WhatsApp-Image-2025-07-31-at-12.01.28-2-768x768.jpeg",768,768,true],"large":["https:\/\/www.californiansmiles.com\/wp-content\/uploads\/2025\/08\/WhatsApp-Image-2025-07-31-at-12.01.28-2.jpeg",1000,1000,false],"1536x1536":["https:\/\/www.californiansmiles.com\/wp-content\/uploads\/2025\/08\/WhatsApp-Image-2025-07-31-at-12.01.28-2.jpeg",1000,1000,false],"2048x2048":["https:\/\/www.californiansmiles.com\/wp-content\/uploads\/2025\/08\/WhatsApp-Image-2025-07-31-at-12.01.28-2.jpeg",1000,1000,false],"trp-custom-language-flag":["https:\/\/www.californiansmiles.com\/wp-content\/uploads\/2025\/08\/WhatsApp-Image-2025-07-31-at-12.01.28-2-12x12.jpeg",12,12,true],"woocommerce_thumbnail":["https:\/\/www.californiansmiles.com\/wp-content\/uploads\/2025\/08\/WhatsApp-Image-2025-07-31-at-12.01.28-2-300x300.jpeg",300,300,true],"woocommerce_single":["https:\/\/www.californiansmiles.com\/wp-content\/uploads\/2025\/08\/WhatsApp-Image-2025-07-31-at-12.01.28-2-600x600.jpeg",600,600,true],"woocommerce_gallery_thumbnail":["https:\/\/www.californiansmiles.com\/wp-content\/uploads\/2025\/08\/WhatsApp-Image-2025-07-31-at-12.01.28-2-100x100.jpeg",100,100,true]},"uagb_author_info":{"display_name":"admin","author_link":"https:\/\/www.californiansmiles.com\/de\/author\/"},"uagb_comment_info":122,"uagb_excerpt":"The most effective LED mask for visible and long-lasting results. Using optimized light wavelengths, our mask penetrates the skin at different depths to target common concerns such as fine lines, acne, redness, and uneven complexion. The carefully calibrated light intensity ensures maximum performance while remaining comfortable for regular use. The only LED mask with a&hellip;","_links":{"self":[{"href":"https:\/\/www.californiansmiles.com\/de\/wp-json\/wp\/v2\/product\/23720","targetHints":{"allow":["GET"]}}],"collection":[{"href":"https:\/\/www.californiansmiles.com\/de\/wp-json\/wp\/v2\/product"}],"about":[{"href":"https:\/\/www.californiansmiles.com\/de\/wp-json\/wp\/v2\/types\/product"}],"replies":[{"embeddable":true,"href":"https:\/\/www.californiansmiles.com\/de\/wp-json\/wp\/v2\/comments?post=23720"}],"version-history":[{"count":3,"href":"https:\/\/www.californiansmiles.com\/de\/wp-json\/wp\/v2\/product\/23720\/revisions"}],"predecessor-version":[{"id":24797,"href":"https:\/\/www.californiansmiles.com\/de\/wp-json\/wp\/v2\/product\/23720\/revisions\/24797"}],"wp:featuredmedia":[{"embeddable":true,"href":"https:\/\/www.californiansmiles.com\/de\/wp-json\/wp\/v2\/media\/23726"}],"wp:attachment":[{"href":"https:\/\/www.californiansmiles.com\/de\/wp-json\/wp\/v2\/media?parent=23720"}],"wp:term":[{"taxonomy":"product_brand","embeddable":true,"href":"https:\/\/www.californiansmiles.com\/de\/wp-json\/wp\/v2\/product_brand?post=23720"},{"taxonomy":"product_cat","embeddable":true,"href":"https:\/\/www.californiansmiles.com\/de\/wp-json\/wp\/v2\/product_cat?post=23720"},{"taxonomy":"product_tag","embeddable":true,"href":"https:\/\/www.californiansmiles.com\/de\/wp-json\/wp\/v2\/product_tag?post=23720"}],"curies":[{"name":"wp","href":"https:\/\/api.w.org\/{rel}","templated":true}]}}