{"id":24841,"date":"2026-02-28T14:26:08","date_gmt":"2026-02-28T13:26:08","guid":{"rendered":"https:\/\/www.californiansmiles.com\/?post_type=product&#038;p=24841"},"modified":"2026-02-28T14:27:53","modified_gmt":"2026-02-28T13:27:53","slug":"intense-pulsed-light-hair-removal-device","status":"publish","type":"product","link":"https:\/\/www.californiansmiles.com\/cz\/products\/intense-pulsed-light-hair-removal-device\/","title":{"rendered":"Za\u0159\u00edzen\u00ed pro odstra\u0148ov\u00e1n\u00ed chloupk\u016f intenzivn\u00edm pulzn\u00edm sv\u011btlem"},"content":{"rendered":"<p><strong><img decoding=\"async\" style=\"margin-right: 12px;\" src=\"https:\/\/www.californiansmiles.com\/wp-content\/uploads\/2026\/02\/Check.svg\" alt=\"\" width=\"18\" height=\"15\" \/>D\u00edky pokro\u010dil\u00e9 technologii intenzivn\u00edho pulzn\u00edho sv\u011btla dos\u00e1hnete dlouhotrvaj\u00edc\u00ed redukce chloupk\u016f v pohodl\u00ed domova.<\/strong> N\u00e1\u0161 p\u0159\u00edstroj na odstra\u0148ov\u00e1n\u00ed chloupk\u016f intenzivn\u00edm pulzn\u00edm sv\u011btlem vyu\u017e\u00edv\u00e1 intenzivn\u00ed pulzn\u00ed sv\u011btlo, kter\u00e9 se zam\u011b\u0159uje na folikuly chloupk\u016f u ko\u0159\u00ednk\u016f, postupn\u011b sni\u017euje jejich r\u016fst a s ka\u017ed\u00fdm sezen\u00edm zanech\u00e1v\u00e1 va\u0161i poko\u017eku hlad\u0161\u00ed. P\u0159in\u00e1\u0161\u00ed v\u00fdkon na profesion\u00e1ln\u00ed \u00farovni p\u0159\u00edmo do va\u0161\u00ed osobn\u00ed p\u00e9\u010de bez nutnosti n\u00e1v\u0161t\u011bvy kliniky.<\/p>\n<p><strong><img decoding=\"async\" style=\"margin-right: 12px;\" src=\"https:\/\/www.californiansmiles.com\/wp-content\/uploads\/2026\/02\/Check.svg\" alt=\"\" width=\"18\" height=\"15\" \/>Nej\u00fa\u010dinn\u011bj\u0161\u00ed dom\u00e1c\u00ed p\u0159\u00edstroj pro intenzivn\u00ed pulzn\u00ed sv\u011btlo na odstra\u0148ov\u00e1n\u00ed chloupk\u016f.<\/strong> N\u00e1\u0161 p\u0159\u00edstroj je navr\u017een s optimalizovan\u00fdm sv\u011bteln\u00fdm v\u00fdkonem a p\u0159esn\u00fdm zac\u00edlen\u00edm a poskytuje siln\u00e9 pulzy, kter\u00e9 p\u0159eru\u0161uj\u00ed cyklus r\u016fstu chloupk\u016f a z\u00e1rove\u0148 jsou \u0161etrn\u00e9 k okoln\u00ed poko\u017ece. P\u0159i d\u016fsledn\u00e9m pou\u017e\u00edv\u00e1n\u00ed si v\u0161imnete viditeln\u011b sn\u00ed\u017een\u00e9 hustoty chloupk\u016f a pomalej\u0161\u00edho r\u016fstu.<\/p>\n<p><strong><img decoding=\"async\" style=\"margin-right: 12px;\" src=\"https:\/\/www.californiansmiles.com\/wp-content\/uploads\/2026\/02\/Check.svg\" alt=\"\" width=\"18\" height=\"15\" \/>Nab\u00edz\u00edme nejlevn\u011bj\u0161\u00ed profesion\u00e1ln\u00ed \u0159e\u0161en\u00ed intenzivn\u00edho pulzn\u00edho sv\u011btla na trhu.<\/strong> N\u00e1\u0161 cenov\u00fd model zaji\u0161\u0165uje, \u017ee z\u00edsk\u00e1te \u0161pi\u010dkovou technologii za nejni\u017e\u0161\u00ed mo\u017enou cenu. Nam\u00edsto velk\u00fdch v\u00fddaj\u016f za o\u0161et\u0159en\u00ed v salonu m\u016f\u017eete jednou investovat do na\u0161eho p\u0159\u00edstroje a dlouhodob\u011b si u\u017e\u00edvat \u00faspor.<\/p>\n<p><strong><img decoding=\"async\" style=\"margin-right: 12px;\" src=\"https:\/\/www.californiansmiles.com\/wp-content\/uploads\/2026\/02\/Check.svg\" alt=\"\" width=\"18\" height=\"15\" \/>Z\u00e1ruka vr\u00e1cen\u00ed pen\u011bz pro naprost\u00fd klid.<\/strong> Stoj\u00edme za v\u00fdkonem a kvalitou na\u0161eho za\u0159\u00edzen\u00ed pro odstra\u0148ov\u00e1n\u00ed chloupk\u016f intenzivn\u00edm pulzn\u00edm sv\u011btlem. Pokud nebudete s v\u00fdsledky pln\u011b spokojeni, vr\u00e1t\u00edme v\u00e1m pen\u00edze za n\u00e1kup bez komplikac\u00ed a skryt\u00fdch podm\u00ednek.<\/p>\n<p><strong><img decoding=\"async\" style=\"margin-right: 12px;\" src=\"https:\/\/www.californiansmiles.com\/wp-content\/uploads\/2026\/02\/Check.svg\" alt=\"\" width=\"18\" height=\"15\" \/>Rychl\u00e9 doru\u010den\u00ed do 24 hodin, abyste mohli okam\u017eit\u011b zah\u00e1jit l\u00e9\u010dbu.<\/strong> Na zah\u00e1jen\u00ed epilace nemus\u00edte \u010dekat t\u00fddny. Nab\u00edz\u00edme v\u017edy doru\u010den\u00ed do 24 hodin, co\u017e zajist\u00ed, \u017ee va\u0161e za\u0159\u00edzen\u00ed doraz\u00ed rychle a p\u0159ipraven\u00e9 k pou\u017eit\u00ed.<\/p>\n<p><strong><img decoding=\"async\" style=\"margin-right: 12px;\" src=\"https:\/\/www.californiansmiles.com\/wp-content\/uploads\/2026\/02\/Check.svg\" alt=\"\" width=\"18\" height=\"15\" \/>Bezpe\u010dn\u00e1 a klinicky inspirovan\u00e1 sv\u011bteln\u00e1 technologie.<\/strong> Za\u0159\u00edzen\u00ed je vybaveno vestav\u011bn\u00fdmi senzory kontaktu s poko\u017ekou a ochrann\u00fdmi filtry, kter\u00e9 zaji\u0161\u0165uj\u00ed bezpe\u010dn\u00e9 vyza\u0159ov\u00e1n\u00ed energie. P\u0159i pou\u017eit\u00ed podle n\u00e1vodu poskytuje spolehliv\u00e9 a kontrolovan\u00e9 o\u0161et\u0159en\u00ed vhodn\u00e9 pro dom\u00e1c\u00ed pou\u017eit\u00ed.<\/p>\n<p><strong><img decoding=\"async\" style=\"margin-right: 12px;\" src=\"https:\/\/www.californiansmiles.com\/wp-content\/uploads\/2026\/02\/Check.svg\" alt=\"\" width=\"18\" height=\"15\" \/>V\u00edce \u00farovn\u00ed intenzity pro individu\u00e1ln\u00ed pohodl\u00ed.<\/strong> Nastaviteln\u00e1 energetick\u00e1 nastaven\u00ed umo\u017e\u0148uj\u00ed p\u0159izp\u016fsobit o\u0161et\u0159en\u00ed podle citlivosti va\u0161\u00ed poko\u017eky a o\u0161et\u0159ovan\u00e9 oblasti. A\u0165 u\u017e se zam\u011b\u0159\u00edte na citliv\u00e9 z\u00f3ny, nebo na v\u011bt\u0161\u00ed oblasti t\u011bla, m\u016f\u017eete si z\u00e1\u017eitek p\u0159izp\u016fsobit pro optim\u00e1ln\u00ed pohodl\u00ed a \u00fa\u010dinnost.<\/p>\n<p><strong><img decoding=\"async\" style=\"margin-right: 12px;\" src=\"https:\/\/www.californiansmiles.com\/wp-content\/uploads\/2026\/02\/Check.svg\" alt=\"\" width=\"18\" height=\"15\" \/>Vhodn\u00e9 pro r\u016fzn\u00e9 oblasti t\u011bla.<\/strong> P\u0159\u00edstroj lze pou\u017e\u00edt na nohy, pa\u017ee, podpa\u017e\u00ed, linii bikin, hrudn\u00edk a dal\u0161\u00ed vhodn\u00e9 oblasti, tak\u017ee umo\u017e\u0148uje redukci chloupk\u016f na cel\u00e9m t\u011ble pomoc\u00ed jednoho kompaktn\u00edho n\u00e1stroje.<\/p>\n<p><strong><img decoding=\"async\" style=\"margin-right: 12px;\" src=\"https:\/\/www.californiansmiles.com\/wp-content\/uploads\/2026\/02\/Check.svg\" alt=\"\" width=\"18\" height=\"15\" \/>Dlouh\u00e1 \u017eivotnost blesku pro dlouhodob\u00e9 pou\u017e\u00edv\u00e1n\u00ed.<\/strong> P\u0159\u00edstroj je vybaven vysokokapacitn\u00ed sv\u011btelnou kazetou, kter\u00e1 poskytuje tis\u00edce z\u00e1blesk\u016f a zaji\u0161\u0165uje m\u011bs\u00edce nebo dokonce roky l\u00e9\u010dby bez nutnosti \u010dast\u00e9 v\u00fdm\u011bny.<\/p>\n<p><strong><img decoding=\"async\" style=\"margin-right: 12px;\" src=\"https:\/\/www.californiansmiles.com\/wp-content\/uploads\/2026\/02\/Check.svg\" alt=\"\" width=\"18\" height=\"15\" \/>Zlep\u0161uje hladkost a sebev\u011bdom\u00ed pleti.<\/strong> Postupn\u00fdm odstra\u0148ov\u00e1n\u00edm ne\u017e\u00e1douc\u00edch chloupk\u016f pom\u00e1h\u00e1 p\u0159\u00edstroj minimalizovat zar\u016fst\u00e1n\u00ed chloupk\u016f, podr\u00e1\u017ed\u011bn\u00ed p\u0159i holen\u00ed a hrbolky po holen\u00ed, tak\u017ee va\u0161e poko\u017eka je hlad\u0161\u00ed a zvy\u0161uje va\u0161e celkov\u00e9 sebev\u011bdom\u00ed.<\/p>\n<h2><strong>Pokyny<\/strong><\/h2>\n<ul>\n<li>P\u0159ed prvn\u00edm pou\u017eit\u00edm oholte oblast, kterou pl\u00e1nujete o\u0161et\u0159it. Poko\u017eka by m\u011bla b\u00fdt \u010dist\u00e1, such\u00e1 a zbaven\u00e1 kr\u00e9m\u016f, olej\u016f nebo deodorant\u016f.<\/li>\n<li>Zvolte vhodnou \u00farove\u0148 intenzity podle odst\u00ednu a citlivosti va\u0161\u00ed pleti. Pokud p\u0159\u00edstroj pou\u017e\u00edv\u00e1te poprv\u00e9, za\u010dn\u011bte s ni\u017e\u0161\u00edm nastaven\u00edm a postupn\u011b ho zvy\u0161ujte, pokud je v\u00e1m to p\u0159\u00edjemn\u00e9.<\/li>\n<li>P\u0159ilo\u017ete o\u0161et\u0159ovac\u00ed ok\u00e9nko rovn\u011b k poko\u017ece. P\u0159ed aktivac\u00ed sv\u011bteln\u00e9ho impulzu zajist\u011bte \u00fapln\u00fd kontakt.<\/li>\n<li>Stisknut\u00edm tla\u010d\u00edtka blesku vy\u0161lete impuls. Za\u0159\u00edzen\u00ed m\u00edrn\u011b posu\u0148te k dal\u0161\u00ed sousedn\u00ed oblasti, ani\u017e by do\u0161lo k nadm\u011brn\u00e9mu p\u0159ekryt\u00ed.<\/li>\n<li>Vyhn\u011bte se o\u0161et\u0159en\u00ed stejn\u00e9ho m\u00edsta v\u00edcekr\u00e1t b\u011bhem jednoho sezen\u00ed, abyste sn\u00ed\u017eili riziko podr\u00e1\u017ed\u011bn\u00ed poko\u017eky.<\/li>\n<li>Pro dosa\u017een\u00ed nejlep\u0161\u00edch v\u00fdsledk\u016f pou\u017e\u00edvejte p\u0159\u00edstroj jednou za jeden a\u017e dva t\u00fddny b\u011bhem po\u010d\u00e1te\u010dn\u00ed f\u00e1ze l\u00e9\u010dby, obvykle po dobu 8 a\u017e 12 t\u00fddn\u016f.<\/li>\n<li>Po \u00favodn\u00ed f\u00e1zi prov\u00e1d\u011bjte udr\u017eovac\u00ed sezen\u00ed ka\u017ed\u00e9 \u010dty\u0159i a\u017e osm t\u00fddn\u016f v z\u00e1vislosti na r\u016fstu vlas\u016f.<\/li>\n<li>Nepou\u017e\u00edvejte na podr\u00e1\u017ed\u011bnou, poru\u0161enou nebo sp\u00e1lenou poko\u017eku. Bezprost\u0159edn\u011b p\u0159ed o\u0161et\u0159en\u00edm a po n\u011bm se vyhn\u011bte p\u0159\u00edm\u00e9mu slune\u010dn\u00edmu z\u00e1\u0159en\u00ed.<\/li>\n<li>Po ka\u017ed\u00e9m sezen\u00ed m\u016f\u017eete pou\u017e\u00edt jemn\u00fd hydrata\u010dn\u00ed kr\u00e9m bez parfemace, kter\u00fd poko\u017eku zklidn\u00ed.<\/li>\n<li>Po ka\u017ed\u00e9m pou\u017eit\u00ed vy\u010dist\u011bte o\u0161et\u0159ovac\u00ed okno m\u011bkk\u00fdm, such\u00fdm had\u0159\u00edkem a ulo\u017ete p\u0159\u00edstroj na chladn\u00e9m a such\u00e9m m\u00edst\u011b mimo dosah p\u0159\u00edm\u00e9ho slune\u010dn\u00edho z\u00e1\u0159en\u00ed.<\/li>\n<\/ul>","protected":false},"excerpt":{"rendered":"<p>Achieves long-lasting hair reduction from the comfort of your home with advanced intense pulsed light technology. Our intense pulsed light hair removal device uses intense pulsed light to target hair follicles at the root, gradually reducing regrowth and leaving your skin smoother with every session. It brings professional-level performance directly into your personal care routine [&hellip;]<\/p>\n","protected":false},"featured_media":24847,"comment_status":"open","ping_status":"closed","template":"","meta":{"_uag_custom_page_level_css":"","site-sidebar-layout":"default","site-content-layout":"","ast-site-content-layout":"default","site-content-style":"default","site-sidebar-style":"default","ast-global-header-display":"","ast-banner-title-visibility":"","ast-main-header-display":"","ast-hfb-above-header-display":"","ast-hfb-below-header-display":"","ast-hfb-mobile-header-display":"","site-post-title":"","ast-breadcrumbs-content":"","ast-featured-img":"","footer-sml-layout":"","ast-disable-related-posts":"","theme-transparent-header-meta":"default","adv-header-id-meta":"","stick-header-meta":"","header-above-stick-meta":"","header-main-stick-meta":"","header-below-stick-meta":"","astra-migrate-meta-layouts":"set","ast-page-background-enabled":"default","ast-page-background-meta":{"desktop":{"background-color":"var(--ast-global-color-4)","background-image":"","background-repeat":"repeat","background-position":"center center","background-size":"auto","background-attachment":"scroll","background-type":"","background-media":"","overlay-type":"","overlay-color":"","overlay-opacity":"","overlay-gradient":""},"tablet":{"background-color":"","background-image":"","background-repeat":"repeat","background-position":"center center","background-size":"auto","background-attachment":"scroll","background-type":"","background-media":"","overlay-type":"","overlay-color":"","overlay-opacity":"","overlay-gradient":""},"mobile":{"background-color":"","background-image":"","background-repeat":"repeat","background-position":"center center","background-size":"auto","background-attachment":"scroll","background-type":"","background-media":"","overlay-type":"","overlay-color":"","overlay-opacity":"","overlay-gradient":""}},"ast-content-background-meta":{"desktop":{"background-color":"var(--ast-global-color-5)","background-image":"","background-repeat":"repeat","background-position":"center center","background-size":"auto","background-attachment":"scroll","background-type":"","background-media":"","overlay-type":"","overlay-color":"","overlay-opacity":"","overlay-gradient":""},"tablet":{"background-color":"var(--ast-global-color-5)","background-image":"","background-repeat":"repeat","background-position":"center center","background-size":"auto","background-attachment":"scroll","background-type":"","background-media":"","overlay-type":"","overlay-color":"","overlay-opacity":"","overlay-gradient":""},"mobile":{"background-color":"var(--ast-global-color-5)","background-image":"","background-repeat":"repeat","background-position":"center center","background-size":"auto","background-attachment":"scroll","background-type":"","background-media":"","overlay-type":"","overlay-color":"","overlay-opacity":"","overlay-gradient":""}}},"product_brand":[],"product_cat":[15],"product_tag":[],"class_list":{"0":"post-24841","1":"product","2":"type-product","3":"status-publish","4":"has-post-thumbnail","6":"product_cat-shop","7":"desktop-align-left","8":"tablet-align-left","9":"mobile-align-left","11":"first","12":"instock","13":"shipping-taxable","14":"purchasable","15":"product-type-simple"},"spectra_custom_meta":{"_edit_lock":["1772371901:1"],"_edit_last":["1"],"merchant-center-availability":["yes"],"merchant-center-category":["7199"],"_thumbnail_id":["24847"],"_wp_page_template":["default"],"_sku":["CSIPLHAIRREMOVALDEVICE"],"_global_unique_id":["5056773822511"],"_regular_price":["39.90"],"total_sales":["0"],"_tax_status":["taxable"],"_tax_class":[""],"_manage_stock":["no"],"_backorders":["no"],"_sold_individually":["no"],"_weight":["0.2"],"_virtual":["no"],"_downloadable":["no"],"_download_limit":["-1"],"_download_expiry":["-1"],"_stock":[null],"_stock_status":["instock"],"_wc_average_rating":["0"],"_wc_review_count":["0"],"_product_version":["10.5.2"],"_price":["39.90"],"_product_image_gallery":["24849,24848,24846,24845,24844"],"site-sidebar-layout":["default"],"ast-site-content-layout":["default"],"site-content-style":["default"],"site-sidebar-style":["default"],"theme-transparent-header-meta":["default"],"astra-migrate-meta-layouts":["set"],"_uag_css_file_name":["uag-css-24841.css"],"_elementor_page_assets":["a:0:{}"],"_uag_page_assets":["a:9:{s:3:\"css\";s:6893:\".wp-block-uagb-image{display:flex}.wp-block-uagb-image__figure{position:relative;display:flex;flex-direction:column;max-width:100%;height:auto;margin:0}.wp-block-uagb-image__figure img{height:auto;display:flex;max-width:100%;transition:box-shadow 0.2s ease}.wp-block-uagb-image__figure>a{display:inline-block}.wp-block-uagb-image__figure figcaption{text-align:center;margin-top:0.5em;margin-bottom:1em}.wp-block-uagb-image .components-placeholder.block-editor-media-placeholder .components-placeholder__instructions{align-self:center}.wp-block-uagb-image--align-left{text-align:left}.wp-block-uagb-image--align-right{text-align:right}.wp-block-uagb-image--align-center{text-align:center}.wp-block-uagb-image--align-full .wp-block-uagb-image__figure{margin-left:calc(50% - 50vw);margin-right:calc(50% - 50vw);max-width:100vw;width:100vw;height:auto}.wp-block-uagb-image--align-full .wp-block-uagb-image__figure img{height:auto;width:100% !important}.wp-block-uagb-image--align-wide .wp-block-uagb-image__figure img{height:auto;width:100%}.wp-block-uagb-image--layout-overlay__color-wrapper{position:absolute;left:0;top:0;right:0;bottom:0;opacity:0.2;background:rgba(0,0,0,0.5);transition:opacity 0.35s ease-in-out}.wp-block-uagb-image--layout-overlay-link{position:absolute;left:0;right:0;bottom:0;top:0}.wp-block-uagb-image--layout-overlay .wp-block-uagb-image__figure:hover .wp-block-uagb-image--layout-overlay__color-wrapper{opacity:1}.wp-block-uagb-image--layout-overlay__inner{position:absolute;left:15px;right:15px;bottom:15px;top:15px;display:flex;align-items:center;justify-content:center;flex-direction:column;border-color:#fff;transition:0.35s ease-in-out}.wp-block-uagb-image--layout-overlay__inner.top-left,.wp-block-uagb-image--layout-overlay__inner.top-center,.wp-block-uagb-image--layout-overlay__inner.top-right{justify-content:flex-start}.wp-block-uagb-image--layout-overlay__inner.bottom-left,.wp-block-uagb-image--layout-overlay__inner.bottom-center,.wp-block-uagb-image--layout-overlay__inner.bottom-right{justify-content:flex-end}.wp-block-uagb-image--layout-overlay__inner.top-left,.wp-block-uagb-image--layout-overlay__inner.center-left,.wp-block-uagb-image--layout-overlay__inner.bottom-left{align-items:flex-start}.wp-block-uagb-image--layout-overlay__inner.top-right,.wp-block-uagb-image--layout-overlay__inner.center-right,.wp-block-uagb-image--layout-overlay__inner.bottom-right{align-items:flex-end}.wp-block-uagb-image--layout-overlay__inner .uagb-image-heading{color:#fff;transition:transform 0.35s, opacity 0.35s ease-in-out;transform:translate3d(0, 24px, 0);margin:0;line-height:1em}.wp-block-uagb-image--layout-overlay__inner .uagb-image-separator{width:30%;border-top-width:2px;border-top-color:#fff;border-top-style:solid;margin-bottom:10px;opacity:0;transition:transform 0.4s, opacity 0.4s ease-in-out;transform:translate3d(0, 30px, 0)}.wp-block-uagb-image--layout-overlay__inner .uagb-image-caption{opacity:0;overflow:visible;color:#fff;transition:transform 0.45s, opacity 0.45s ease-in-out;transform:translate3d(0, 35px, 0)}.wp-block-uagb-image--layout-overlay__inner:hover .uagb-image-heading,.wp-block-uagb-image--layout-overlay__inner:hover .uagb-image-separator,.wp-block-uagb-image--layout-overlay__inner:hover .uagb-image-caption{opacity:1;transform:translate3d(0, 0, 0)}.wp-block-uagb-image--effect-zoomin .wp-block-uagb-image__figure img,.wp-block-uagb-image--effect-zoomin .wp-block-uagb-image__figure .wp-block-uagb-image--layout-overlay__color-wrapper{transform:scale(1);transition:transform 0.35s ease-in-out}.wp-block-uagb-image--effect-zoomin .wp-block-uagb-image__figure:hover img,.wp-block-uagb-image--effect-zoomin .wp-block-uagb-image__figure:hover .wp-block-uagb-image--layout-overlay__color-wrapper{transform:scale(1.05)}.wp-block-uagb-image--effect-slide .wp-block-uagb-image__figure img,.wp-block-uagb-image--effect-slide .wp-block-uagb-image__figure .wp-block-uagb-image--layout-overlay__color-wrapper{width:calc(100% + 40px) !important;max-width:none !important;transform:translate3d(-40px, 0, 0);transition:transform 0.35s ease-in-out}.wp-block-uagb-image--effect-slide .wp-block-uagb-image__figure:hover img,.wp-block-uagb-image--effect-slide .wp-block-uagb-image__figure:hover .wp-block-uagb-image--layout-overlay__color-wrapper{transform:translate3d(0, 0, 0)}.wp-block-uagb-image--effect-grayscale img{filter:grayscale(0%);transition:0.35s ease-in-out}.wp-block-uagb-image--effect-grayscale:hover img{filter:grayscale(100%)}.wp-block-uagb-image--effect-blur img{filter:blur(0);transition:0.35s ease-in-out}.wp-block-uagb-image--effect-blur:hover img{filter:blur(3px)}\n.uagb-block-e6f939b3.wp-block-uagb-image--layout-default figure img{box-shadow: 0px 0px 0 #00000070;}.uagb-block-e6f939b3.wp-block-uagb-image .wp-block-uagb-image__figure figcaption{font-style: normal;align-self: center;}.uagb-block-e6f939b3.wp-block-uagb-image--layout-overlay figure img{box-shadow: 0px 0px 0 #00000070;}.uagb-block-e6f939b3.wp-block-uagb-image--layout-overlay .wp-block-uagb-image--layout-overlay__color-wrapper{opacity: 0.2;}.uagb-block-e6f939b3.wp-block-uagb-image--layout-overlay .wp-block-uagb-image--layout-overlay__inner{left: 15px;right: 15px;top: 15px;bottom: 15px;}.uagb-block-e6f939b3.wp-block-uagb-image--layout-overlay .wp-block-uagb-image--layout-overlay__inner .uagb-image-heading{font-style: normal;color: #fff;opacity: 1;}.uagb-block-e6f939b3.wp-block-uagb-image--layout-overlay .wp-block-uagb-image--layout-overlay__inner .uagb-image-heading a{color: #fff;}.uagb-block-e6f939b3.wp-block-uagb-image--layout-overlay .wp-block-uagb-image--layout-overlay__inner .uagb-image-caption{opacity: 0;}.uagb-block-e6f939b3.wp-block-uagb-image--layout-overlay .wp-block-uagb-image__figure:hover .wp-block-uagb-image--layout-overlay__color-wrapper{opacity: 1;}.uagb-block-e6f939b3.wp-block-uagb-image .wp-block-uagb-image--layout-overlay__inner .uagb-image-separator{width: 30%;border-top-width: 2px;border-top-color: #fff;opacity: 0;}.uagb-block-e6f939b3.wp-block-uagb-image .wp-block-uagb-image__figure img{width: px;height: auto;}.uagb-block-e6f939b3.wp-block-uagb-image .wp-block-uagb-image__figure:hover .wp-block-uagb-image--layout-overlay__inner .uagb-image-caption{opacity: 1;}.uagb-block-e6f939b3.wp-block-uagb-image .wp-block-uagb-image__figure:hover .wp-block-uagb-image--layout-overlay__inner .uagb-image-separator{opacity: 1;}.uagb-block-e6f939b3.wp-block-uagb-image--layout-default figure:hover img{box-shadow: 0px 0px 0 #00000070;}.uagb-block-e6f939b3.wp-block-uagb-image--layout-overlay figure:hover img{box-shadow: 0px 0px 0 #00000070;}@media only screen and (max-width: 976px) {.uagb-block-e6f939b3.wp-block-uagb-image .wp-block-uagb-image__figure img{width: px;height: auto;}}@media only screen and (max-width: 767px) {.uagb-block-e6f939b3.wp-block-uagb-image .wp-block-uagb-image__figure img{width: px;height: auto;}}\";s:2:\"js\";s:0:\"\";s:18:\"current_block_list\";a:13:{i:0;s:11:\"core\/search\";i:1;s:10:\"core\/group\";i:2;s:12:\"core\/heading\";i:3;s:17:\"core\/latest-posts\";i:4;s:20:\"core\/latest-comments\";i:5;s:13:\"core\/archives\";i:6;s:15:\"core\/categories\";i:7;s:14:\"core\/paragraph\";i:8;s:10:\"uagb\/image\";i:9;s:11:\"core\/spacer\";i:10;s:30:\"woocommerce\/product-categories\";i:11;s:10:\"core\/image\";i:12;s:14:\"core\/shortcode\";}s:8:\"uag_flag\";b:1;s:11:\"uag_version\";s:10:\"1776484762\";s:6:\"gfonts\";a:0:{}s:10:\"gfonts_url\";s:0:\"\";s:12:\"gfonts_files\";a:0:{}s:14:\"uag_faq_layout\";b:0;}"]},"uagb_featured_image_src":{"full":["https:\/\/www.californiansmiles.com\/wp-content\/uploads\/2026\/02\/IMG_9729.jpg",1000,1000,false],"thumbnail":["https:\/\/www.californiansmiles.com\/wp-content\/uploads\/2026\/02\/IMG_9729-150x150.jpg",150,150,true],"medium":["https:\/\/www.californiansmiles.com\/wp-content\/uploads\/2026\/02\/IMG_9729-300x300.jpg",300,300,true],"medium_large":["https:\/\/www.californiansmiles.com\/wp-content\/uploads\/2026\/02\/IMG_9729-768x768.jpg",768,768,true],"large":["https:\/\/www.californiansmiles.com\/wp-content\/uploads\/2026\/02\/IMG_9729.jpg",1000,1000,false],"1536x1536":["https:\/\/www.californiansmiles.com\/wp-content\/uploads\/2026\/02\/IMG_9729.jpg",1000,1000,false],"2048x2048":["https:\/\/www.californiansmiles.com\/wp-content\/uploads\/2026\/02\/IMG_9729.jpg",1000,1000,false],"trp-custom-language-flag":["https:\/\/www.californiansmiles.com\/wp-content\/uploads\/2026\/02\/IMG_9729-12x12.jpg",12,12,true],"woocommerce_thumbnail":["https:\/\/www.californiansmiles.com\/wp-content\/uploads\/2026\/02\/IMG_9729-300x300.jpg",300,300,true],"woocommerce_single":["https:\/\/www.californiansmiles.com\/wp-content\/uploads\/2026\/02\/IMG_9729-600x600.jpg",600,600,true],"woocommerce_gallery_thumbnail":["https:\/\/www.californiansmiles.com\/wp-content\/uploads\/2026\/02\/IMG_9729-100x100.jpg",100,100,true]},"uagb_author_info":{"display_name":"admin","author_link":"https:\/\/www.californiansmiles.com\/cz\/author\/"},"uagb_comment_info":0,"uagb_excerpt":"Achieves long-lasting hair reduction from the comfort of your home with advanced intense pulsed light technology. Our intense pulsed light hair removal device uses intense pulsed light to target hair follicles at the root, gradually reducing regrowth and leaving your skin smoother with every session. It brings professional-level performance directly into your personal care routine&hellip;","_links":{"self":[{"href":"https:\/\/www.californiansmiles.com\/cz\/wp-json\/wp\/v2\/product\/24841","targetHints":{"allow":["GET"]}}],"collection":[{"href":"https:\/\/www.californiansmiles.com\/cz\/wp-json\/wp\/v2\/product"}],"about":[{"href":"https:\/\/www.californiansmiles.com\/cz\/wp-json\/wp\/v2\/types\/product"}],"replies":[{"embeddable":true,"href":"https:\/\/www.californiansmiles.com\/cz\/wp-json\/wp\/v2\/comments?post=24841"}],"version-history":[{"count":2,"href":"https:\/\/www.californiansmiles.com\/cz\/wp-json\/wp\/v2\/product\/24841\/revisions"}],"predecessor-version":[{"id":24851,"href":"https:\/\/www.californiansmiles.com\/cz\/wp-json\/wp\/v2\/product\/24841\/revisions\/24851"}],"wp:featuredmedia":[{"embeddable":true,"href":"https:\/\/www.californiansmiles.com\/cz\/wp-json\/wp\/v2\/media\/24847"}],"wp:attachment":[{"href":"https:\/\/www.californiansmiles.com\/cz\/wp-json\/wp\/v2\/media?parent=24841"}],"wp:term":[{"taxonomy":"product_brand","embeddable":true,"href":"https:\/\/www.californiansmiles.com\/cz\/wp-json\/wp\/v2\/product_brand?post=24841"},{"taxonomy":"product_cat","embeddable":true,"href":"https:\/\/www.californiansmiles.com\/cz\/wp-json\/wp\/v2\/product_cat?post=24841"},{"taxonomy":"product_tag","embeddable":true,"href":"https:\/\/www.californiansmiles.com\/cz\/wp-json\/wp\/v2\/product_tag?post=24841"}],"curies":[{"name":"wp","href":"https:\/\/api.w.org\/{rel}","templated":true}]}}