{"id":23720,"date":"2025-08-17T19:41:39","date_gmt":"2025-08-17T17:41:39","guid":{"rendered":"https:\/\/www.californiansmiles.com\/?post_type=product&#038;p=23720"},"modified":"2026-02-20T08:13:38","modified_gmt":"2026-02-20T07:13:38","slug":"led-mask","status":"publish","type":"product","link":"https:\/\/www.californiansmiles.com\/cz\/products\/led-mask\/","title":{"rendered":"LED maska"},"content":{"rendered":"<p><strong><img decoding=\"async\" style=\"margin-right: 12px;\" src=\"https:\/\/www.californiansmiles.com\/wp-content\/uploads\/2026\/02\/Check.svg\" alt=\"\" width=\"18\" height=\"15\" \/>Nej\u00fa\u010dinn\u011bj\u0161\u00ed LED maska pro viditeln\u00e9 a dlouhotrvaj\u00edc\u00ed v\u00fdsledky.<\/strong> Pomoc\u00ed optimalizovan\u00fdch vlnov\u00fdch d\u00e9lek sv\u011btla pronik\u00e1 na\u0161e maska do pleti v r\u016fzn\u00fdch hloubk\u00e1ch a zam\u011b\u0159uje se na b\u011b\u017en\u00e9 probl\u00e9my, jako jsou jemn\u00e9 vr\u00e1sky, akn\u00e9, zarudnut\u00ed a nerovnom\u011brn\u00fd vzhled pleti. Pe\u010dliv\u011b kalibrovan\u00e1 intenzita sv\u011btla zaji\u0161\u0165uje maxim\u00e1ln\u00ed v\u00fdkon p\u0159i zachov\u00e1n\u00ed pohodl\u00ed p\u0159i pravideln\u00e9m pou\u017e\u00edv\u00e1n\u00ed.<\/p>\n<p><strong><img decoding=\"async\" style=\"margin-right: 12px;\" src=\"https:\/\/www.californiansmiles.com\/wp-content\/uploads\/2026\/02\/Check.svg\" alt=\"\" width=\"18\" height=\"15\" \/>Jedin\u00e1 maska LED se z\u00e1rukou spokojenosti nebo vr\u00e1cen\u00ed pen\u011bz.<\/strong> Na\u0161e maska LED je jedin\u00e1 na trhu, na kterou se vztahuje z\u00e1ruka spokojenosti nebo vr\u00e1cen\u00ed pen\u011bz, tak\u017ee m\u00e1te naprost\u00fd klid. Jsme tak p\u0159esv\u011bd\u010deni o jej\u00ed \u00fa\u010dinnosti, \u017ee slibujeme viditeln\u00e9 zlep\u0161en\u00ed pleti nebo vr\u00e1cen\u00ed pen\u011bz.<\/p>\n<p><strong><img decoding=\"async\" style=\"margin-right: 12px;\" src=\"https:\/\/www.californiansmiles.com\/wp-content\/uploads\/2026\/02\/Check.svg\" alt=\"\" width=\"18\" height=\"15\" \/>Klinicky prok\u00e1z\u00e1no, \u017ee omlazuje a chr\u00e1n\u00ed va\u0161i ple\u0165.<\/strong> Tato LED maska, vyvinut\u00e1 na z\u00e1klad\u011b \u0161pi\u010dkov\u00fdch dermatologick\u00fdch znalost\u00ed, vyu\u017e\u00edv\u00e1 l\u00e9ka\u0159skou technologii podpo\u0159enou francouzsk\u00fdmi klinick\u00fdmi studiemi. Redukuje vr\u00e1sky, zmen\u0161uje tmav\u00e9 skvrny, stimuluje tvorbu kolagenu a pom\u00e1h\u00e1 bojovat proti nedokonalostem, \u010d\u00edm\u017e zaji\u0161\u0165uje zdrav\u011bj\u0161\u00ed a z\u00e1\u0159iv\u011bj\u0161\u00ed ple\u0165.<\/p>\n<p><strong><img decoding=\"async\" style=\"margin-right: 12px;\" src=\"https:\/\/www.californiansmiles.com\/wp-content\/uploads\/2026\/02\/Check.svg\" alt=\"\" width=\"18\" height=\"15\" \/>Pokro\u010dil\u00e1 sv\u011bteln\u00e1 terapie s osv\u011bd\u010den\u00fdmi vlnov\u00fdmi d\u00e9lkami.<\/strong> Maska je vybavena 254 vysoce p\u0159esn\u00fdmi LED diodami, kter\u00e9 vyd\u00e1vaj\u00ed \u010derven\u00e9 sv\u011btlo o vlnov\u00e9 d\u00e9lce 633 nm a infra\u010derven\u00e9 sv\u011btlo o vlnov\u00e9 d\u00e9lce 830 nm, co\u017e jsou vlnov\u00e9 d\u00e9lky, kter\u00e9 jsou v\u011bdecky uzn\u00e1v\u00e1ny po cel\u00e9m sv\u011bt\u011b pro sv\u00e9 omlazuj\u00edc\u00ed \u00fa\u010dinky. Spole\u010dn\u011b pronikaj\u00ed hluboko do poko\u017eky a podporuj\u00ed p\u0159irozenou regeneraci a dlouhodob\u00e9 v\u00fdsledky.<\/p>\n<p><strong><img decoding=\"async\" style=\"margin-right: 12px;\" src=\"https:\/\/www.californiansmiles.com\/wp-content\/uploads\/2026\/02\/Check.svg\" alt=\"\" width=\"18\" height=\"15\" \/>V\u00fdrazn\u011b jasn\u011bj\u0161\u00ed a hlad\u0161\u00ed ple\u0165.<\/strong> P\u0159i pravideln\u00e9m pou\u017e\u00edv\u00e1n\u00ed maska LED zvy\u0161uje p\u0159irozen\u00fd lesk pleti, vyrovn\u00e1v\u00e1 jej\u00ed t\u00f3n a vyhlazuje jemn\u00e9 vr\u00e1sky. V\u00fdsledkem je viditeln\u011b mlad\u0161\u00ed ple\u0165, kter\u00e1 vyza\u0159uje zdrav\u00ed a vitalitu, a to v\u0161e bez invazivn\u00edch z\u00e1krok\u016f.<\/p>\n<p><strong><img decoding=\"async\" style=\"margin-right: 12px;\" src=\"https:\/\/www.californiansmiles.com\/wp-content\/uploads\/2026\/02\/Check.svg\" alt=\"\" width=\"18\" height=\"15\" \/>Pohodln\u00e1 a nen\u00e1ro\u010dn\u00e1 p\u00e9\u010de o ple\u0165.<\/strong> Maska je navr\u017eena tak, aby p\u0159irozen\u011b sed\u011bla na obli\u010deji, je lehk\u00e1 a ergonomicky tvarovan\u00e1 pro maxim\u00e1ln\u00ed pohodl\u00ed p\u0159i ka\u017ed\u00e9m sezen\u00ed. Jej\u00ed precizn\u00ed konstrukce zaji\u0161\u0165uje rovnom\u011brn\u00e9 rozlo\u017een\u00ed sv\u011btla po cel\u00e9m povrchu poko\u017eky.<\/p>\n<p><strong><img decoding=\"async\" style=\"margin-right: 12px;\" src=\"https:\/\/www.californiansmiles.com\/wp-content\/uploads\/2026\/02\/Check.svg\" alt=\"\" width=\"18\" height=\"15\" \/>Bezpe\u010dn\u00e9, neinvazivn\u00ed a snadn\u00e9 pou\u017eit\u00ed.<\/strong> Tato LED maska je neinvazivn\u00ed, bezpe\u010dn\u00e1 pro v\u0161echny typy pleti a nevy\u017eaduje l\u00e9ka\u0159sk\u00fd p\u0159edpis. Sta\u010d\u00ed ji nosit doma a m\u016f\u017eete si u\u017e\u00edvat v\u00fdhod profesion\u00e1ln\u00ed p\u00e9\u010de o ple\u0165, kter\u00e1 v\u00e1m vyhovuje.<\/p>\n<p><strong><img decoding=\"async\" style=\"margin-right: 12px;\" src=\"https:\/\/www.californiansmiles.com\/wp-content\/uploads\/2026\/02\/Check.svg\" alt=\"\" width=\"18\" height=\"15\" \/>Rychl\u00e9 doru\u010den\u00ed do 24 hodin, tak\u017ee m\u016f\u017eete okam\u017eit\u011b za\u010d\u00edt s p\u00e9\u010d\u00ed o ple\u0165.<\/strong> Ch\u00e1peme, \u017ee pokud jde o p\u00e9\u010di o ple\u0165, chcete m\u00edt v\u00fdsledky rychle. Proto v\u017edy nab\u00edz\u00edme dod\u00e1n\u00ed do 24 hodin, co\u017e v\u00e1m umo\u017en\u00ed zah\u00e1jit o\u0161et\u0159en\u00ed bez zbyte\u010dn\u00e9ho \u010dek\u00e1n\u00ed.<\/p>\n<h2><strong>Pokyny<\/strong><\/h2>\n<ol>\n<li><strong> P\u0159ed prvn\u00edm pou\u017eit\u00edm masku nabijte<\/strong><br \/>\nP\u0159ed prvn\u00edm pou\u017eit\u00edm masky LED ji p\u0159ipojte k dodan\u00e9mu nab\u00edjec\u00edmu kabelu, dokud se pln\u011b nenabije. Pln\u00e9 po\u010d\u00e1te\u010dn\u00ed nabit\u00ed zajist\u00ed optim\u00e1ln\u00ed v\u00fdkon a dlouhotrvaj\u00edc\u00ed pou\u017e\u00edv\u00e1n\u00ed.<\/li>\n<li><strong> Vy\u010dist\u011bte si ple\u0165<\/strong><br \/>\nUmyjte si obli\u010dej jemn\u00fdm \u010distic\u00edm prost\u0159edkem, abyste odstranili make-up, olej nebo ne\u010distoty. P\u0159ed pou\u017eit\u00edm masky ple\u0165 zcela osu\u0161te, aby sv\u011btlo co nejl\u00e9pe proniklo do poko\u017eky a dos\u00e1hlo co nejlep\u0161\u00edch v\u00fdsledk\u016f.<\/li>\n<li><strong> Noste masku<\/strong><br \/>\nNasa\u010fte si masku pohodln\u011b na obli\u010dej a nastavte popruh tak, aby v\u00e1s netla\u010dil. Dbejte na to, aby byl cel\u00fd povrch poko\u017eky rovnom\u011brn\u011b vystaven LED diod\u00e1m.<\/li>\n<li><strong> Zvolte re\u017eim a dobu trv\u00e1n\u00ed<\/strong><br \/>\nZapn\u011bte masku a zvolte preferovan\u00e9 nastaven\u00ed sv\u011btla. Standardn\u00ed sezen\u00ed trv\u00e1 10-20 minut v z\u00e1vislosti na va\u0161ich c\u00edlech v p\u00e9\u010di o ple\u0165. Vestav\u011bn\u00fd \u010dasova\u010d masku na konci sezen\u00ed automaticky vypne.<\/li>\n<li><strong> Uvoln\u011bte se b\u011bhem l\u00e9\u010dby<\/strong><br \/>\nB\u011bhem pr\u00e1ce s maskou se posa\u010fte nebo polo\u017ete do pohodln\u00e9 polohy. Nen\u00ed t\u0159eba se aktivn\u011b pohybovat - jednodu\u0161e relaxujte a nechte sv\u011btelnou terapii stimulovat va\u0161e ko\u017en\u00ed bu\u0148ky.<\/li>\n<li><strong> Po sezen\u00ed<\/strong><br \/>\nOdstra\u0148te masku a pou\u017eijte b\u011b\u017en\u00e9 produkty p\u00e9\u010de o ple\u0165, nap\u0159\u00edklad s\u00e9rum nebo hydrata\u010dn\u00ed kr\u00e9m. Sv\u011bteln\u00e1 terapie LED zlep\u0161uje vst\u0159eb\u00e1v\u00e1n\u00ed a zvy\u0161uje \u00fa\u010dinnost va\u0161ich produkt\u016f.<\/li>\n<li><strong> Pro dosa\u017een\u00ed nejlep\u0161\u00edch v\u00fdsledk\u016f pou\u017e\u00edvejte d\u016fsledn\u011b<\/strong><br \/>\nPro znateln\u00e9 zlep\u0161en\u00ed pou\u017e\u00edvejte masku 3-5kr\u00e1t t\u00fddn\u011b. V\u00fdsledky, jako je vyhlazen\u00ed textury, redukce vr\u00e1sek a rozjasn\u011bn\u00ed pleti, jsou viditeln\u00e9 b\u011bhem n\u011bkolika t\u00fddn\u016f soustavn\u00e9ho pou\u017e\u00edv\u00e1n\u00ed.<\/li>\n<\/ol>","protected":false},"excerpt":{"rendered":"<p>The most effective LED mask for visible and long-lasting results. Using optimized light wavelengths, our mask penetrates the skin at different depths to target common concerns such as fine lines, acne, redness, and uneven complexion. The carefully calibrated light intensity ensures maximum performance while remaining comfortable for regular use. The only LED mask with a [&hellip;]<\/p>\n","protected":false},"featured_media":23726,"comment_status":"open","ping_status":"closed","template":"","meta":{"_uag_custom_page_level_css":"","site-sidebar-layout":"default","site-content-layout":"","ast-site-content-layout":"default","site-content-style":"default","site-sidebar-style":"default","ast-global-header-display":"","ast-banner-title-visibility":"","ast-main-header-display":"","ast-hfb-above-header-display":"","ast-hfb-below-header-display":"","ast-hfb-mobile-header-display":"","site-post-title":"","ast-breadcrumbs-content":"","ast-featured-img":"","footer-sml-layout":"","ast-disable-related-posts":"","theme-transparent-header-meta":"default","adv-header-id-meta":"","stick-header-meta":"","header-above-stick-meta":"","header-main-stick-meta":"","header-below-stick-meta":"","astra-migrate-meta-layouts":"set","ast-page-background-enabled":"default","ast-page-background-meta":{"desktop":{"background-color":"var(--ast-global-color-4)","background-image":"","background-repeat":"repeat","background-position":"center center","background-size":"auto","background-attachment":"scroll","background-type":"","background-media":"","overlay-type":"","overlay-color":"","overlay-opacity":"","overlay-gradient":""},"tablet":{"background-color":"","background-image":"","background-repeat":"repeat","background-position":"center center","background-size":"auto","background-attachment":"scroll","background-type":"","background-media":"","overlay-type":"","overlay-color":"","overlay-opacity":"","overlay-gradient":""},"mobile":{"background-color":"","background-image":"","background-repeat":"repeat","background-position":"center center","background-size":"auto","background-attachment":"scroll","background-type":"","background-media":"","overlay-type":"","overlay-color":"","overlay-opacity":"","overlay-gradient":""}},"ast-content-background-meta":{"desktop":{"background-color":"var(--ast-global-color-5)","background-image":"","background-repeat":"repeat","background-position":"center center","background-size":"auto","background-attachment":"scroll","background-type":"","background-media":"","overlay-type":"","overlay-color":"","overlay-opacity":"","overlay-gradient":""},"tablet":{"background-color":"var(--ast-global-color-5)","background-image":"","background-repeat":"repeat","background-position":"center center","background-size":"auto","background-attachment":"scroll","background-type":"","background-media":"","overlay-type":"","overlay-color":"","overlay-opacity":"","overlay-gradient":""},"mobile":{"background-color":"var(--ast-global-color-5)","background-image":"","background-repeat":"repeat","background-position":"center center","background-size":"auto","background-attachment":"scroll","background-type":"","background-media":"","overlay-type":"","overlay-color":"","overlay-opacity":"","overlay-gradient":""}}},"product_brand":[],"product_cat":[15],"product_tag":[],"class_list":{"0":"post-23720","1":"product","2":"type-product","3":"status-publish","4":"has-post-thumbnail","6":"product_cat-shop","7":"desktop-align-left","8":"tablet-align-left","9":"mobile-align-left","11":"first","12":"instock","13":"shipping-taxable","14":"purchasable","15":"product-type-simple"},"spectra_custom_meta":{"_edit_lock":["1772285032:1"],"_edit_last":["1"],"merchant-center-availability":["yes"],"merchant-center-category":["6262"],"_thumbnail_id":["23726"],"_wp_page_template":["default"],"_sku":["CSLEDMASK"],"_global_unique_id":["5056773820791"],"_regular_price":["99.90"],"total_sales":["23"],"_tax_status":["taxable"],"_tax_class":[""],"_manage_stock":["no"],"_backorders":["no"],"_sold_individually":["no"],"_weight":["0.2"],"_virtual":["no"],"_downloadable":["no"],"_download_limit":["-1"],"_download_expiry":["-1"],"_stock":[null],"_stock_status":["instock"],"_wc_average_rating":["5.00"],"_wc_review_count":["122"],"_product_version":["10.5.2"],"_price":["99.90"],"_product_image_gallery":["23728,23727,23725,23724,23723,23722,23721"],"site-sidebar-layout":["default"],"ast-site-content-layout":["default"],"site-content-style":["default"],"site-sidebar-style":["default"],"theme-transparent-header-meta":["default"],"_wc_rating_count":["a:1:{i:5;i:122;}"],"astra-migrate-meta-layouts":["set"],"_uag_css_file_name":["uag-css-23720.css"],"_elementor_page_assets":["a:0:{}"],"_uag_page_assets":["a:9:{s:3:\"css\";s:7156:\".uag-blocks-common-selector{z-index:var(--z-index-desktop) !important}@media (max-width: 976px){.uag-blocks-common-selector{z-index:var(--z-index-tablet) !important}}@media (max-width: 767px){.uag-blocks-common-selector{z-index:var(--z-index-mobile) !important}}\n.wp-block-uagb-image{display:flex}.wp-block-uagb-image__figure{position:relative;display:flex;flex-direction:column;max-width:100%;height:auto;margin:0}.wp-block-uagb-image__figure img{height:auto;display:flex;max-width:100%;transition:box-shadow 0.2s ease}.wp-block-uagb-image__figure>a{display:inline-block}.wp-block-uagb-image__figure figcaption{text-align:center;margin-top:0.5em;margin-bottom:1em}.wp-block-uagb-image .components-placeholder.block-editor-media-placeholder .components-placeholder__instructions{align-self:center}.wp-block-uagb-image--align-left{text-align:left}.wp-block-uagb-image--align-right{text-align:right}.wp-block-uagb-image--align-center{text-align:center}.wp-block-uagb-image--align-full .wp-block-uagb-image__figure{margin-left:calc(50% - 50vw);margin-right:calc(50% - 50vw);max-width:100vw;width:100vw;height:auto}.wp-block-uagb-image--align-full .wp-block-uagb-image__figure img{height:auto;width:100% !important}.wp-block-uagb-image--align-wide .wp-block-uagb-image__figure img{height:auto;width:100%}.wp-block-uagb-image--layout-overlay__color-wrapper{position:absolute;left:0;top:0;right:0;bottom:0;opacity:0.2;background:rgba(0,0,0,0.5);transition:opacity 0.35s ease-in-out}.wp-block-uagb-image--layout-overlay-link{position:absolute;left:0;right:0;bottom:0;top:0}.wp-block-uagb-image--layout-overlay .wp-block-uagb-image__figure:hover .wp-block-uagb-image--layout-overlay__color-wrapper{opacity:1}.wp-block-uagb-image--layout-overlay__inner{position:absolute;left:15px;right:15px;bottom:15px;top:15px;display:flex;align-items:center;justify-content:center;flex-direction:column;border-color:#fff;transition:0.35s ease-in-out}.wp-block-uagb-image--layout-overlay__inner.top-left,.wp-block-uagb-image--layout-overlay__inner.top-center,.wp-block-uagb-image--layout-overlay__inner.top-right{justify-content:flex-start}.wp-block-uagb-image--layout-overlay__inner.bottom-left,.wp-block-uagb-image--layout-overlay__inner.bottom-center,.wp-block-uagb-image--layout-overlay__inner.bottom-right{justify-content:flex-end}.wp-block-uagb-image--layout-overlay__inner.top-left,.wp-block-uagb-image--layout-overlay__inner.center-left,.wp-block-uagb-image--layout-overlay__inner.bottom-left{align-items:flex-start}.wp-block-uagb-image--layout-overlay__inner.top-right,.wp-block-uagb-image--layout-overlay__inner.center-right,.wp-block-uagb-image--layout-overlay__inner.bottom-right{align-items:flex-end}.wp-block-uagb-image--layout-overlay__inner .uagb-image-heading{color:#fff;transition:transform 0.35s, opacity 0.35s ease-in-out;transform:translate3d(0, 24px, 0);margin:0;line-height:1em}.wp-block-uagb-image--layout-overlay__inner .uagb-image-separator{width:30%;border-top-width:2px;border-top-color:#fff;border-top-style:solid;margin-bottom:10px;opacity:0;transition:transform 0.4s, opacity 0.4s ease-in-out;transform:translate3d(0, 30px, 0)}.wp-block-uagb-image--layout-overlay__inner .uagb-image-caption{opacity:0;overflow:visible;color:#fff;transition:transform 0.45s, opacity 0.45s ease-in-out;transform:translate3d(0, 35px, 0)}.wp-block-uagb-image--layout-overlay__inner:hover .uagb-image-heading,.wp-block-uagb-image--layout-overlay__inner:hover .uagb-image-separator,.wp-block-uagb-image--layout-overlay__inner:hover .uagb-image-caption{opacity:1;transform:translate3d(0, 0, 0)}.wp-block-uagb-image--effect-zoomin .wp-block-uagb-image__figure img,.wp-block-uagb-image--effect-zoomin .wp-block-uagb-image__figure .wp-block-uagb-image--layout-overlay__color-wrapper{transform:scale(1);transition:transform 0.35s ease-in-out}.wp-block-uagb-image--effect-zoomin .wp-block-uagb-image__figure:hover img,.wp-block-uagb-image--effect-zoomin .wp-block-uagb-image__figure:hover .wp-block-uagb-image--layout-overlay__color-wrapper{transform:scale(1.05)}.wp-block-uagb-image--effect-slide .wp-block-uagb-image__figure img,.wp-block-uagb-image--effect-slide .wp-block-uagb-image__figure .wp-block-uagb-image--layout-overlay__color-wrapper{width:calc(100% + 40px) !important;max-width:none !important;transform:translate3d(-40px, 0, 0);transition:transform 0.35s ease-in-out}.wp-block-uagb-image--effect-slide .wp-block-uagb-image__figure:hover img,.wp-block-uagb-image--effect-slide .wp-block-uagb-image__figure:hover .wp-block-uagb-image--layout-overlay__color-wrapper{transform:translate3d(0, 0, 0)}.wp-block-uagb-image--effect-grayscale img{filter:grayscale(0%);transition:0.35s ease-in-out}.wp-block-uagb-image--effect-grayscale:hover img{filter:grayscale(100%)}.wp-block-uagb-image--effect-blur img{filter:blur(0);transition:0.35s ease-in-out}.wp-block-uagb-image--effect-blur:hover img{filter:blur(3px)}\n.uagb-block-e6f939b3.wp-block-uagb-image--layout-default figure img{box-shadow: 0px 0px 0 #00000070;}.uagb-block-e6f939b3.wp-block-uagb-image .wp-block-uagb-image__figure figcaption{font-style: normal;align-self: center;}.uagb-block-e6f939b3.wp-block-uagb-image--layout-overlay figure img{box-shadow: 0px 0px 0 #00000070;}.uagb-block-e6f939b3.wp-block-uagb-image--layout-overlay .wp-block-uagb-image--layout-overlay__color-wrapper{opacity: 0.2;}.uagb-block-e6f939b3.wp-block-uagb-image--layout-overlay .wp-block-uagb-image--layout-overlay__inner{left: 15px;right: 15px;top: 15px;bottom: 15px;}.uagb-block-e6f939b3.wp-block-uagb-image--layout-overlay .wp-block-uagb-image--layout-overlay__inner .uagb-image-heading{font-style: normal;color: #fff;opacity: 1;}.uagb-block-e6f939b3.wp-block-uagb-image--layout-overlay .wp-block-uagb-image--layout-overlay__inner .uagb-image-heading a{color: #fff;}.uagb-block-e6f939b3.wp-block-uagb-image--layout-overlay .wp-block-uagb-image--layout-overlay__inner .uagb-image-caption{opacity: 0;}.uagb-block-e6f939b3.wp-block-uagb-image--layout-overlay .wp-block-uagb-image__figure:hover .wp-block-uagb-image--layout-overlay__color-wrapper{opacity: 1;}.uagb-block-e6f939b3.wp-block-uagb-image .wp-block-uagb-image--layout-overlay__inner .uagb-image-separator{width: 30%;border-top-width: 2px;border-top-color: #fff;opacity: 0;}.uagb-block-e6f939b3.wp-block-uagb-image .wp-block-uagb-image__figure img{width: px;height: auto;}.uagb-block-e6f939b3.wp-block-uagb-image .wp-block-uagb-image__figure:hover .wp-block-uagb-image--layout-overlay__inner .uagb-image-caption{opacity: 1;}.uagb-block-e6f939b3.wp-block-uagb-image .wp-block-uagb-image__figure:hover .wp-block-uagb-image--layout-overlay__inner .uagb-image-separator{opacity: 1;}.uagb-block-e6f939b3.wp-block-uagb-image--layout-default figure:hover img{box-shadow: 0px 0px 0 #00000070;}.uagb-block-e6f939b3.wp-block-uagb-image--layout-overlay figure:hover img{box-shadow: 0px 0px 0 #00000070;}@media only screen and (max-width: 976px) {.uagb-block-e6f939b3.wp-block-uagb-image .wp-block-uagb-image__figure img{width: px;height: auto;}}@media only screen and (max-width: 767px) {.uagb-block-e6f939b3.wp-block-uagb-image .wp-block-uagb-image__figure img{width: px;height: auto;}}\";s:2:\"js\";s:0:\"\";s:18:\"current_block_list\";a:13:{i:0;s:11:\"core\/search\";i:1;s:10:\"core\/group\";i:2;s:12:\"core\/heading\";i:3;s:17:\"core\/latest-posts\";i:4;s:20:\"core\/latest-comments\";i:5;s:13:\"core\/archives\";i:6;s:15:\"core\/categories\";i:7;s:14:\"core\/paragraph\";i:8;s:10:\"uagb\/image\";i:9;s:11:\"core\/spacer\";i:10;s:30:\"woocommerce\/product-categories\";i:11;s:10:\"core\/image\";i:12;s:14:\"core\/shortcode\";}s:8:\"uag_flag\";b:1;s:11:\"uag_version\";s:10:\"1776179722\";s:6:\"gfonts\";a:0:{}s:10:\"gfonts_url\";s:0:\"\";s:12:\"gfonts_files\";a:0:{}s:14:\"uag_faq_layout\";b:0;}"]},"uagb_featured_image_src":{"full":["https:\/\/www.californiansmiles.com\/wp-content\/uploads\/2025\/08\/WhatsApp-Image-2025-07-31-at-12.01.28-2.jpeg",1000,1000,false],"thumbnail":["https:\/\/www.californiansmiles.com\/wp-content\/uploads\/2025\/08\/WhatsApp-Image-2025-07-31-at-12.01.28-2-150x150.jpeg",150,150,true],"medium":["https:\/\/www.californiansmiles.com\/wp-content\/uploads\/2025\/08\/WhatsApp-Image-2025-07-31-at-12.01.28-2-300x300.jpeg",300,300,true],"medium_large":["https:\/\/www.californiansmiles.com\/wp-content\/uploads\/2025\/08\/WhatsApp-Image-2025-07-31-at-12.01.28-2-768x768.jpeg",768,768,true],"large":["https:\/\/www.californiansmiles.com\/wp-content\/uploads\/2025\/08\/WhatsApp-Image-2025-07-31-at-12.01.28-2.jpeg",1000,1000,false],"1536x1536":["https:\/\/www.californiansmiles.com\/wp-content\/uploads\/2025\/08\/WhatsApp-Image-2025-07-31-at-12.01.28-2.jpeg",1000,1000,false],"2048x2048":["https:\/\/www.californiansmiles.com\/wp-content\/uploads\/2025\/08\/WhatsApp-Image-2025-07-31-at-12.01.28-2.jpeg",1000,1000,false],"trp-custom-language-flag":["https:\/\/www.californiansmiles.com\/wp-content\/uploads\/2025\/08\/WhatsApp-Image-2025-07-31-at-12.01.28-2-12x12.jpeg",12,12,true],"woocommerce_thumbnail":["https:\/\/www.californiansmiles.com\/wp-content\/uploads\/2025\/08\/WhatsApp-Image-2025-07-31-at-12.01.28-2-300x300.jpeg",300,300,true],"woocommerce_single":["https:\/\/www.californiansmiles.com\/wp-content\/uploads\/2025\/08\/WhatsApp-Image-2025-07-31-at-12.01.28-2-600x600.jpeg",600,600,true],"woocommerce_gallery_thumbnail":["https:\/\/www.californiansmiles.com\/wp-content\/uploads\/2025\/08\/WhatsApp-Image-2025-07-31-at-12.01.28-2-100x100.jpeg",100,100,true]},"uagb_author_info":{"display_name":"admin","author_link":"https:\/\/www.californiansmiles.com\/cz\/author\/"},"uagb_comment_info":122,"uagb_excerpt":"The most effective LED mask for visible and long-lasting results. Using optimized light wavelengths, our mask penetrates the skin at different depths to target common concerns such as fine lines, acne, redness, and uneven complexion. The carefully calibrated light intensity ensures maximum performance while remaining comfortable for regular use. The only LED mask with a&hellip;","_links":{"self":[{"href":"https:\/\/www.californiansmiles.com\/cz\/wp-json\/wp\/v2\/product\/23720","targetHints":{"allow":["GET"]}}],"collection":[{"href":"https:\/\/www.californiansmiles.com\/cz\/wp-json\/wp\/v2\/product"}],"about":[{"href":"https:\/\/www.californiansmiles.com\/cz\/wp-json\/wp\/v2\/types\/product"}],"replies":[{"embeddable":true,"href":"https:\/\/www.californiansmiles.com\/cz\/wp-json\/wp\/v2\/comments?post=23720"}],"version-history":[{"count":3,"href":"https:\/\/www.californiansmiles.com\/cz\/wp-json\/wp\/v2\/product\/23720\/revisions"}],"predecessor-version":[{"id":24797,"href":"https:\/\/www.californiansmiles.com\/cz\/wp-json\/wp\/v2\/product\/23720\/revisions\/24797"}],"wp:featuredmedia":[{"embeddable":true,"href":"https:\/\/www.californiansmiles.com\/cz\/wp-json\/wp\/v2\/media\/23726"}],"wp:attachment":[{"href":"https:\/\/www.californiansmiles.com\/cz\/wp-json\/wp\/v2\/media?parent=23720"}],"wp:term":[{"taxonomy":"product_brand","embeddable":true,"href":"https:\/\/www.californiansmiles.com\/cz\/wp-json\/wp\/v2\/product_brand?post=23720"},{"taxonomy":"product_cat","embeddable":true,"href":"https:\/\/www.californiansmiles.com\/cz\/wp-json\/wp\/v2\/product_cat?post=23720"},{"taxonomy":"product_tag","embeddable":true,"href":"https:\/\/www.californiansmiles.com\/cz\/wp-json\/wp\/v2\/product_tag?post=23720"}],"curies":[{"name":"wp","href":"https:\/\/api.w.org\/{rel}","templated":true}]}}