{"id":23678,"date":"2025-08-13T10:20:48","date_gmt":"2025-08-13T08:20:48","guid":{"rendered":"https:\/\/www.californiansmiles.com\/?post_type=product&#038;p=23678"},"modified":"2026-02-28T14:32:03","modified_gmt":"2026-02-28T13:32:03","slug":"electric-toothbrush","status":"publish","type":"product","link":"https:\/\/www.californiansmiles.com\/cz\/products\/electric-toothbrush\/","title":{"rendered":"Elektrick\u00fd zubn\u00ed kart\u00e1\u010dek"},"content":{"rendered":"<p><strong><img decoding=\"async\" style=\"margin-right: 12px;\" src=\"https:\/\/www.californiansmiles.com\/wp-content\/uploads\/2026\/02\/Check.svg\" alt=\"\" width=\"18\" height=\"15\" \/>Jedin\u00fd sonick\u00fd elektrick\u00fd zubn\u00ed kart\u00e1\u010dek se z\u00e1rukou spokojenosti nebo vr\u00e1cen\u00ed pen\u011bz.<\/strong> N\u00e1\u0161 sonick\u00fd elektrick\u00fd zubn\u00ed kart\u00e1\u010dek je jedin\u00fd na trhu, kter\u00fd nab\u00edz\u00ed z\u00e1ruku spokojenosti nebo vr\u00e1cen\u00ed pen\u011bz, tak\u017ee jej m\u016f\u017eete pou\u017e\u00edvat s naprostou d\u016fv\u011brou. Jsme natolik p\u0159esv\u011bd\u010deni o \u00fa\u010dinnosti na\u0161eho v\u00fdrobku, \u017ee garantujeme znateln\u011b \u010dist\u0161\u00ed zuby ji\u017e od prvn\u00edho pou\u017eit\u00ed, jinak v\u00e1m vr\u00e1t\u00edme pen\u00edze v pln\u00e9 v\u00fd\u0161i.<\/p>\n<p><strong><img decoding=\"async\" style=\"margin-right: 12px;\" src=\"https:\/\/www.californiansmiles.com\/wp-content\/uploads\/2026\/02\/Check.svg\" alt=\"\" width=\"18\" height=\"15\" \/>Elektrick\u00fd zubn\u00ed kart\u00e1\u010dek navr\u017een\u00fd ve spolupr\u00e1ci se zubn\u00edmi l\u00e9ka\u0159i pro dosa\u017een\u00ed v\u00fdjime\u010dn\u00fdch v\u00fdsledk\u016f. <\/strong>N\u00e1\u0161 sonick\u00fd elektrick\u00fd zubn\u00ed kart\u00e1\u010dek byl vyvinut v \u00fazk\u00e9 spolupr\u00e1ci s odborn\u00edky na \u00fastn\u00ed hygienu, aby zajistil optim\u00e1ln\u00ed \u010distic\u00ed v\u00fdkon a z\u00e1rove\u0148 chr\u00e1nil va\u0161e zuby a d\u00e1sn\u011b. D\u00edky podpo\u0159e odborn\u00edk\u016f zaru\u010duje vynikaj\u00edc\u00ed odstran\u011bn\u00ed plaku, jemn\u00fd dotek a dlouhodob\u00fd p\u0159\u00ednos pro zdrav\u00ed \u00fastn\u00ed dutiny.<\/p>\n<p><strong> <img decoding=\"async\" style=\"margin-right: 12px;\" src=\"https:\/\/www.californiansmiles.com\/wp-content\/uploads\/2026\/02\/Check.svg\" alt=\"\" width=\"18\" height=\"15\" \/>V\u00fdkonn\u00e1 sonick\u00e1 technologie pro hloubkov\u00e9 \u010di\u0161t\u011bn\u00ed. <\/strong>D\u00edky 40 000 a\u017e 50 000 sonick\u00fdch vibrac\u00ed za minutu poskytuje tento zubn\u00ed kart\u00e1\u010dek v\u00fdjime\u010dn\u00fd \u010distic\u00ed v\u00fdkon, kter\u00fd dos\u00e1hne hluboko mezi zuby a pod\u00e9l linie d\u00e1sn\u00ed. Vysokofrekven\u010dn\u00ed pohyby rozb\u00edjej\u00ed plak a \u010d\u00e1ste\u010dky j\u00eddla \u00fa\u010dinn\u011bji ne\u017e tradi\u010dn\u00ed \u010di\u0161t\u011bn\u00ed zub\u016f a zanech\u00e1vaj\u00ed pocit profesion\u00e1ln\u011b vy\u010di\u0161t\u011bn\u00fdch \u00fast po ka\u017ed\u00e9m pou\u017eit\u00ed.<\/p>\n<p><strong> <img decoding=\"async\" style=\"margin-right: 12px;\" src=\"https:\/\/www.californiansmiles.com\/wp-content\/uploads\/2026\/02\/Check.svg\" alt=\"\" width=\"18\" height=\"15\" \/>A\u017e 4kr\u00e1t \u010dist\u0161\u00ed zuby. <\/strong>D\u00edky pokro\u010dil\u00e9 technologii odstra\u0148uje tento sonick\u00fd zubn\u00ed kart\u00e1\u010dek a\u017e \u010dty\u0159ikr\u00e1t v\u00edce plaku ne\u017e manu\u00e1ln\u00ed zubn\u00ed kart\u00e1\u010dek. V\u00fdsledkem je viditeln\u011b z\u00e1\u0159iv\u011bj\u0161\u00ed \u00fasm\u011bv, zdrav\u011bj\u0161\u00ed d\u00e1sn\u011b a sv\u011b\u017e\u00ed dech, a to v\u0161e v pohodl\u00ed domova.<\/p>\n<p><strong> <img decoding=\"async\" style=\"margin-right: 12px;\" src=\"https:\/\/www.californiansmiles.com\/wp-content\/uploads\/2026\/02\/Check.svg\" alt=\"\" width=\"18\" height=\"15\" \/>P\u011bt p\u0159izp\u016fsoben\u00fdch re\u017eim\u016f kart\u00e1\u010dov\u00e1n\u00ed. <\/strong>Vyberte si z p\u011bti r\u016fzn\u00fdch re\u017eim\u016f \u010di\u0161t\u011bn\u00ed podle sv\u00fdch pot\u0159eb: M\u016f\u017eete si vybrat z n\u00e1sleduj\u00edc\u00edch mo\u017enost\u00ed: Clean (\u010dist\u00fd), White (b\u00edl\u00fd), Sensitive (citliv\u00fd), Gum Care (p\u00e9\u010de o d\u00e1sn\u011b) a Massage (mas\u00e1\u017e). A\u0165 u\u017e se zam\u011b\u0159ujete na usazen\u00fd zubn\u00ed plak, usilujete o z\u00e1\u0159iv\u011bj\u0161\u00ed \u00fasm\u011bv nebo zklid\u0148ujete citliv\u00e9 d\u00e1sn\u011b, pro ka\u017edou preferenci a c\u00edl p\u00e9\u010de o \u00fastn\u00ed dutinu se najde vhodn\u00fd re\u017eim.<\/p>\n<p><strong> <img decoding=\"async\" style=\"margin-right: 12px;\" src=\"https:\/\/www.californiansmiles.com\/wp-content\/uploads\/2026\/02\/Check.svg\" alt=\"\" width=\"18\" height=\"15\" \/>V\u00fddr\u017e baterie v\u00edce ne\u017e jeden m\u011bs\u00edc. <\/strong>Tento elektrick\u00fd zubn\u00ed kart\u00e1\u010dek s v\u00fdkonnou dob\u00edjec\u00ed bateri\u00ed nab\u00edz\u00ed v\u00edce ne\u017e 30 dn\u00ed provozu na jedno nabit\u00ed. Je ide\u00e1ln\u00ed na cesty i pro ka\u017edodenn\u00ed pohodl\u00ed a nemus\u00edte se starat o \u010dast\u00e9 dob\u00edjen\u00ed.<\/p>\n<p><strong><img decoding=\"async\" style=\"margin-right: 12px;\" src=\"https:\/\/www.californiansmiles.com\/wp-content\/uploads\/2026\/02\/Check.svg\" alt=\"\" width=\"18\" height=\"15\" \/>Navr\u017eeno pro pohodl\u00ed a efektivitu. <\/strong>Ergonomick\u00e1 rukoje\u0165 a precizn\u011b navr\u017een\u00e1 hlava kart\u00e1\u010de zaji\u0161\u0165uj\u00ed pohodln\u00e9 dr\u017een\u00ed a snadnou ovladatelnost. \u0160t\u011btiny jsou vyrobeny tak, aby byly \u0161etrn\u00e9 ke smaltu a z\u00e1rove\u0148 maximalizovaly \u00fa\u010dinnost \u010di\u0161t\u011bn\u00ed.<\/p>\n<p><strong><img decoding=\"async\" style=\"margin-right: 12px;\" src=\"https:\/\/www.californiansmiles.com\/wp-content\/uploads\/2026\/02\/Check.svg\" alt=\"\" width=\"18\" height=\"15\" \/>Inteligentn\u00ed \u010dasova\u010d pro optim\u00e1ln\u00ed \u010di\u0161t\u011bn\u00ed zub\u016f. <\/strong>Vestav\u011bn\u00fd chytr\u00fd \u010dasova\u010d podporuje zubn\u00edm l\u00e9ka\u0159em doporu\u010denou dvouminutovou dobu \u010di\u0161t\u011bn\u00ed zub\u016f a ka\u017ed\u00fdch 30 sekund kr\u00e1tce zastav\u00ed, aby v\u00e1s vyzval k p\u0159echodu na dal\u0161\u00ed kvadrant \u00fastn\u00ed dutiny. T\u00edm je zaji\u0161t\u011bno d\u016fkladn\u00e9 a rovnom\u011brn\u00e9 \u010di\u0161t\u011bn\u00ed p\u0159i ka\u017ed\u00e9m \u010di\u0161t\u011bn\u00ed.<\/p>\n<p><strong><img decoding=\"async\" style=\"margin-right: 12px;\" src=\"https:\/\/www.californiansmiles.com\/wp-content\/uploads\/2026\/02\/Check.svg\" alt=\"\" width=\"18\" height=\"15\" \/>Tich\u00fd a vodot\u011bsn\u00fd. <\/strong>Vychutnejte si klidn\u00e9 \u010di\u0161t\u011bn\u00ed zub\u016f d\u00edky tich\u00e9mu motoru a d\u00edky pln\u011b vodot\u011bsn\u00e9mu proveden\u00ed jej m\u016f\u017eete bez obav pou\u017e\u00edvat i ve spr\u0161e.<\/p>\n<p><strong><img decoding=\"async\" style=\"margin-right: 12px;\" src=\"https:\/\/www.californiansmiles.com\/wp-content\/uploads\/2026\/02\/Check.svg\" alt=\"\" width=\"18\" height=\"15\" \/>Nen\u00ed nutn\u00fd l\u00e9ka\u0159sk\u00fd p\u0159edpis, bezpe\u010dn\u00e9 pro v\u0161echny u\u017eivatele. <\/strong>Tento zubn\u00ed kart\u00e1\u010dek je bezpe\u010dn\u00fd pro ka\u017edodenn\u00ed pou\u017eit\u00ed dosp\u011bl\u00fdmi i d\u011btmi (pod dohledem). Je vhodn\u00fd pro osoby s rovn\u00e1tky, korunkami, fazetami a implant\u00e1ty a p\u0159edstavuje univerz\u00e1ln\u00ed \u0159e\u0161en\u00ed pro ka\u017ed\u00fd \u00fasm\u011bv.<\/p>\n<h2><strong>Pokyny<\/strong><\/h2>\n<h2><strong style=\"font-size: 16px;\">1. P\u0159ed prvn\u00edm pou\u017eit\u00edm zubn\u00ed kart\u00e1\u010dek nabijte.<\/strong><\/h2>\n<p>P\u0159ed prvn\u00edm pou\u017eit\u00edm sonick\u00e9ho elektrick\u00e9ho zubn\u00edho kart\u00e1\u010dku jej polo\u017ete na nab\u00edjec\u00ed z\u00e1kladnu nebo jej p\u0159ipojte k dodan\u00e9mu nab\u00edjec\u00edmu kabelu USB. Pln\u00e9 po\u010d\u00e1te\u010dn\u00ed nabit\u00ed zajist\u00ed optim\u00e1ln\u00ed v\u00fdkon baterie, kter\u00fd m\u016f\u017ee vydr\u017eet v\u00edce ne\u017e jeden m\u011bs\u00edc ka\u017edodenn\u00edho pou\u017e\u00edv\u00e1n\u00ed. Sv\u011bteln\u00fd indik\u00e1tor signalizuje, \u017ee je zubn\u00ed kart\u00e1\u010dek pln\u011b nabit\u00fd.<\/p>\n<p><strong style=\"font-size: 16px;\">2. Vyberte a nasa\u010fte hlavici kart\u00e1\u010de<\/strong><\/p>\n<p>Vyberte si jednu z p\u0159ilo\u017een\u00fdch kart\u00e1\u010dov\u00fdch hlav a pevn\u011b ji nasa\u010fte na rukoje\u0165, dokud nezapadne na sv\u00e9 m\u00edsto. Ujist\u011bte se, \u017ee je pevn\u011b nasazena, aby se b\u011bhem \u010di\u0161t\u011bn\u00ed kart\u00e1\u010dkem nepohybovala.<\/p>\n<p><strong style=\"font-size: 16px;\">3. Naneste zubn\u00ed pastu<\/strong><\/p>\n<p>\u0160t\u011btiny m\u00edrn\u011b navlh\u010dete vodou a naneste na n\u011b mal\u00e9 mno\u017estv\u00ed b\u011b\u017en\u00e9 zubn\u00ed pasty. Pou\u017eit\u00ed p\u0159\u00edli\u0161 velk\u00e9ho mno\u017estv\u00ed zubn\u00ed pasty m\u016f\u017ee zp\u016fsobit nadm\u011brn\u00e9 p\u011bn\u011bn\u00ed a sn\u00ed\u017eit komfort \u010di\u0161t\u011bn\u00ed.<\/p>\n<p><strong style=\"font-size: 16px;\">4. Zvolte si re\u017eim kart\u00e1\u010dov\u00e1n\u00ed<\/strong><\/p>\n<p>Jedn\u00edm stisknut\u00edm tla\u010d\u00edtka nap\u00e1jen\u00ed zubn\u00ed kart\u00e1\u010dek zapnete a dal\u0161\u00edm stisknut\u00edm projdete p\u011bti re\u017eimy:<\/p>\n<ul>\n<li><strong>Clean<\/strong> : Pro ka\u017edodenn\u00ed odstra\u0148ov\u00e1n\u00ed plaku.<\/li>\n<li><strong>B\u00edl\u00e1<\/strong> : K le\u0161t\u011bn\u00ed a odstra\u0148ov\u00e1n\u00ed skvrn z povrchu.<\/li>\n<li><strong>Citliv\u00e9 str\u00e1nky<\/strong> : Pro \u0161etrn\u00e9 \u010di\u0161t\u011bn\u00ed citliv\u00fdch zub\u016f a d\u00e1sn\u00ed.<\/li>\n<li><strong>P\u00e9\u010de o d\u00e1sn\u011b<\/strong> : Pro stimulaci a mas\u00e1\u017e d\u00e1sn\u00ed.<\/li>\n<li><strong>Mas\u00e1\u017e<\/strong> : Pro hlubokou stimulaci d\u00e1sn\u00ed a zlep\u0161en\u00ed krevn\u00edho ob\u011bhu.<\/li>\n<\/ul>\n<p>Vyberte re\u017eim, kter\u00fd nejl\u00e9pe vyhovuje va\u0161im pot\u0159eb\u00e1m.<\/p>\n<p><strong style=\"font-size: 16px;\">5. Za\u010dn\u011bte kart\u00e1\u010dovat<\/strong><\/p>\n<p>P\u0159ilo\u017ete hlavici kart\u00e1\u010dku k zub\u016fm pod m\u00edrn\u00fdm \u00fahlem 45\u00b0 sm\u011brem k linii d\u00e1sn\u00ed. Zapn\u011bte kart\u00e1\u010dek je\u0161t\u011b p\u0159edt\u00edm, ne\u017e se dotkne zub\u016f, abyste zabr\u00e1nili rozst\u0159ikov\u00e1n\u00ed. Nechte sonick\u00e9 vibrace pracovat, kart\u00e1\u010dek jednodu\u0161e pomalu ve\u010fte po povrchu ka\u017ed\u00e9ho zubu bez drhnut\u00ed.<\/p>\n<p><strong style=\"font-size: 16px;\">6.Sledujte chytr\u00fd \u010dasova\u010d<\/strong><\/p>\n<p>Vestav\u011bn\u00fd chytr\u00fd \u010dasova\u010d ka\u017ed\u00fdch 30 sekund kr\u00e1tce pozastav\u00ed a signalizuje, \u017ee je \u010das p\u0159ej\u00edt na dal\u0161\u00ed kvadrant \u00fast. T\u00edm je zaji\u0161t\u011bno rovnom\u011brn\u00e9 \u010di\u0161t\u011bn\u00ed. Po dvou minut\u00e1ch se zubn\u00ed kart\u00e1\u010dek automaticky vypne, co\u017e znamen\u00e1, \u017ee \u010di\u0161t\u011bn\u00ed zub\u016f je u konce.<\/p>\n<p><strong style=\"font-size: 16px;\">7. Opl\u00e1chn\u011bte a vy\u010dist\u011bte<\/strong><\/p>\n<p>Po \u010di\u0161t\u011bn\u00ed zub\u016f kart\u00e1\u010dek vypn\u011bte, sejm\u011bte hlavici a d\u016fkladn\u011b ji opl\u00e1chn\u011bte pod tekouc\u00ed vodou. P\u0159ed ulo\u017een\u00edm ot\u0159ete rukoje\u0165 vlhk\u00fdm had\u0159\u00edkem a osu\u0161te ji. Rukoje\u0165 nepono\u0159ujte do vody.<\/p>\n<p><strong style=\"font-size: 16px;\">8. Pravideln\u011b vym\u011b\u0148ujte hlavu kart\u00e1\u010dku<\/strong><\/p>\n<p>Pro dosa\u017een\u00ed optim\u00e1ln\u00edch v\u00fdsledk\u016f a hygieny vym\u011b\u0148te hlavici kart\u00e1\u010dku ka\u017ed\u00e9 t\u0159i m\u011bs\u00edce nebo d\u0159\u00edve, pokud jsou \u0161t\u011btiny rozt\u0159epen\u00e9.<\/p>","protected":false},"excerpt":{"rendered":"<p>The only sonic electric toothbrush with a satisfaction or money-back guarantee. Our sonic electric toothbrush is the only one on the market that offers you a satisfaction or money-back guarantee, ensuring you can use it with complete confidence. We believe so strongly in the effectiveness of our product that we guarantee noticeably cleaner teeth from [&hellip;]<\/p>\n","protected":false},"featured_media":23686,"comment_status":"open","ping_status":"closed","template":"","meta":{"_uag_custom_page_level_css":"","site-sidebar-layout":"default","site-content-layout":"","ast-site-content-layout":"default","site-content-style":"default","site-sidebar-style":"default","ast-global-header-display":"","ast-banner-title-visibility":"","ast-main-header-display":"","ast-hfb-above-header-display":"","ast-hfb-below-header-display":"","ast-hfb-mobile-header-display":"","site-post-title":"","ast-breadcrumbs-content":"","ast-featured-img":"","footer-sml-layout":"","ast-disable-related-posts":"","theme-transparent-header-meta":"default","adv-header-id-meta":"","stick-header-meta":"","header-above-stick-meta":"","header-main-stick-meta":"","header-below-stick-meta":"","astra-migrate-meta-layouts":"set","ast-page-background-enabled":"default","ast-page-background-meta":{"desktop":{"background-color":"var(--ast-global-color-4)","background-image":"","background-repeat":"repeat","background-position":"center center","background-size":"auto","background-attachment":"scroll","background-type":"","background-media":"","overlay-type":"","overlay-color":"","overlay-opacity":"","overlay-gradient":""},"tablet":{"background-color":"","background-image":"","background-repeat":"repeat","background-position":"center center","background-size":"auto","background-attachment":"scroll","background-type":"","background-media":"","overlay-type":"","overlay-color":"","overlay-opacity":"","overlay-gradient":""},"mobile":{"background-color":"","background-image":"","background-repeat":"repeat","background-position":"center center","background-size":"auto","background-attachment":"scroll","background-type":"","background-media":"","overlay-type":"","overlay-color":"","overlay-opacity":"","overlay-gradient":""}},"ast-content-background-meta":{"desktop":{"background-color":"var(--ast-global-color-5)","background-image":"","background-repeat":"repeat","background-position":"center center","background-size":"auto","background-attachment":"scroll","background-type":"","background-media":"","overlay-type":"","overlay-color":"","overlay-opacity":"","overlay-gradient":""},"tablet":{"background-color":"var(--ast-global-color-5)","background-image":"","background-repeat":"repeat","background-position":"center center","background-size":"auto","background-attachment":"scroll","background-type":"","background-media":"","overlay-type":"","overlay-color":"","overlay-opacity":"","overlay-gradient":""},"mobile":{"background-color":"var(--ast-global-color-5)","background-image":"","background-repeat":"repeat","background-position":"center center","background-size":"auto","background-attachment":"scroll","background-type":"","background-media":"","overlay-type":"","overlay-color":"","overlay-opacity":"","overlay-gradient":""}}},"product_brand":[],"product_cat":[15],"product_tag":[],"class_list":{"0":"post-23678","1":"product","2":"type-product","3":"status-publish","4":"has-post-thumbnail","6":"product_cat-shop","7":"desktop-align-left","8":"tablet-align-left","9":"mobile-align-left","11":"first","12":"instock","13":"taxable","14":"shipping-taxable","15":"purchasable","16":"product-type-simple"},"spectra_custom_meta":{"_edit_lock":["1772285523:1"],"_edit_last":["1"],"_thumbnail_id":["23686"],"_wp_page_template":["default"],"_regular_price":["29.90"],"total_sales":["53"],"_tax_status":["taxable"],"_tax_class":[""],"_manage_stock":["no"],"_backorders":["no"],"_sold_individually":["no"],"_virtual":["no"],"_downloadable":["no"],"_download_limit":["-1"],"_download_expiry":["-1"],"_stock":[null],"_stock_status":["instock"],"_wc_average_rating":["5.00"],"_wc_review_count":["161"],"_product_version":["10.5.2"],"_price":["29.90"],"_product_image_gallery":["23679,23681,23683"],"site-sidebar-layout":["default"],"ast-site-content-layout":["default"],"site-content-style":["default"],"site-sidebar-style":["default"],"theme-transparent-header-meta":["default"],"merchant-center-availability":["yes"],"merchant-center-category":["527"],"_sku":["CSELECTRICTOOTHBRUSH"],"_global_unique_id":["5056773820807"],"_weight":["0.2"],"_wp_old_slug":["sonic-electric-toothbrush"],"_wc_rating_count":["a:1:{i:5;i:161;}"],"astra-migrate-meta-layouts":["set"],"_uag_css_file_name":["uag-css-23678.css"],"_elementor_page_assets":["a:0:{}"],"_uag_page_assets":["a:9:{s:3:\"css\";s:6873:\".wp-block-uagb-image{display:flex}.wp-block-uagb-image__figure{position:relative;display:flex;flex-direction:column;max-width:100%;height:auto;margin:0}.wp-block-uagb-image__figure img{height:auto;display:flex;max-width:100%;transition:box-shadow .2s ease}.wp-block-uagb-image__figure>a{display:inline-block}.wp-block-uagb-image__figure figcaption{text-align:center;margin-top:.5em;margin-bottom:1em}.wp-block-uagb-image .components-placeholder.block-editor-media-placeholder .components-placeholder__instructions{align-self:center}.wp-block-uagb-image--align-left{text-align:left}.wp-block-uagb-image--align-right{text-align:right}.wp-block-uagb-image--align-center{text-align:center}.wp-block-uagb-image--align-full .wp-block-uagb-image__figure{margin-left:calc(50% - 50vw);margin-right:calc(50% - 50vw);max-width:100vw;width:100vw;height:auto}.wp-block-uagb-image--align-full .wp-block-uagb-image__figure img{height:auto;width:100% !important}.wp-block-uagb-image--align-wide .wp-block-uagb-image__figure img{height:auto;width:100%}.wp-block-uagb-image--layout-overlay__color-wrapper{position:absolute;left:0;top:0;right:0;bottom:0;opacity:.2;background:rgba(0,0,0,.5);transition:opacity .35s ease-in-out}.wp-block-uagb-image--layout-overlay-link{position:absolute;left:0;right:0;bottom:0;top:0}.wp-block-uagb-image--layout-overlay .wp-block-uagb-image__figure:hover .wp-block-uagb-image--layout-overlay__color-wrapper{opacity:1}.wp-block-uagb-image--layout-overlay__inner{position:absolute;left:15px;right:15px;bottom:15px;top:15px;display:flex;align-items:center;justify-content:center;flex-direction:column;border-color:#fff;transition:.35s ease-in-out}.wp-block-uagb-image--layout-overlay__inner.top-left,.wp-block-uagb-image--layout-overlay__inner.top-center,.wp-block-uagb-image--layout-overlay__inner.top-right{justify-content:flex-start}.wp-block-uagb-image--layout-overlay__inner.bottom-left,.wp-block-uagb-image--layout-overlay__inner.bottom-center,.wp-block-uagb-image--layout-overlay__inner.bottom-right{justify-content:flex-end}.wp-block-uagb-image--layout-overlay__inner.top-left,.wp-block-uagb-image--layout-overlay__inner.center-left,.wp-block-uagb-image--layout-overlay__inner.bottom-left{align-items:flex-start}.wp-block-uagb-image--layout-overlay__inner.top-right,.wp-block-uagb-image--layout-overlay__inner.center-right,.wp-block-uagb-image--layout-overlay__inner.bottom-right{align-items:flex-end}.wp-block-uagb-image--layout-overlay__inner .uagb-image-heading{color:#fff;transition:transform .35s,opacity .35s ease-in-out;transform:translate3d(0, 24px, 0);margin:0;line-height:1em}.wp-block-uagb-image--layout-overlay__inner .uagb-image-separator{width:30%;border-top-width:2px;border-top-color:#fff;border-top-style:solid;margin-bottom:10px;opacity:0;transition:transform .4s,opacity .4s ease-in-out;transform:translate3d(0, 30px, 0)}.wp-block-uagb-image--layout-overlay__inner .uagb-image-caption{opacity:0;overflow:visible;color:#fff;transition:transform .45s,opacity .45s ease-in-out;transform:translate3d(0, 35px, 0)}.wp-block-uagb-image--layout-overlay__inner:hover .uagb-image-heading,.wp-block-uagb-image--layout-overlay__inner:hover .uagb-image-separator,.wp-block-uagb-image--layout-overlay__inner:hover .uagb-image-caption{opacity:1;transform:translate3d(0, 0, 0)}.wp-block-uagb-image--effect-zoomin .wp-block-uagb-image__figure img,.wp-block-uagb-image--effect-zoomin .wp-block-uagb-image__figure .wp-block-uagb-image--layout-overlay__color-wrapper{transform:scale(1);transition:transform .35s ease-in-out}.wp-block-uagb-image--effect-zoomin .wp-block-uagb-image__figure:hover img,.wp-block-uagb-image--effect-zoomin .wp-block-uagb-image__figure:hover .wp-block-uagb-image--layout-overlay__color-wrapper{transform:scale(1.05)}.wp-block-uagb-image--effect-slide .wp-block-uagb-image__figure img,.wp-block-uagb-image--effect-slide .wp-block-uagb-image__figure .wp-block-uagb-image--layout-overlay__color-wrapper{width:calc(100% + 40px) !important;max-width:none !important;transform:translate3d(-40px, 0, 0);transition:transform .35s ease-in-out}.wp-block-uagb-image--effect-slide .wp-block-uagb-image__figure:hover img,.wp-block-uagb-image--effect-slide .wp-block-uagb-image__figure:hover .wp-block-uagb-image--layout-overlay__color-wrapper{transform:translate3d(0, 0, 0)}.wp-block-uagb-image--effect-grayscale img{filter:grayscale(0%);transition:.35s ease-in-out}.wp-block-uagb-image--effect-grayscale:hover img{filter:grayscale(100%)}.wp-block-uagb-image--effect-blur img{filter:blur(0);transition:.35s ease-in-out}.wp-block-uagb-image--effect-blur:hover img{filter:blur(3px)}.uagb-block-e6f939b3.wp-block-uagb-image--layout-default figure img{box-shadow: 0px 0px 0 #00000070;}.uagb-block-e6f939b3.wp-block-uagb-image .wp-block-uagb-image__figure figcaption{font-style: normal;align-self: center;}.uagb-block-e6f939b3.wp-block-uagb-image--layout-overlay figure img{box-shadow: 0px 0px 0 #00000070;}.uagb-block-e6f939b3.wp-block-uagb-image--layout-overlay .wp-block-uagb-image--layout-overlay__color-wrapper{opacity: 0.2;}.uagb-block-e6f939b3.wp-block-uagb-image--layout-overlay .wp-block-uagb-image--layout-overlay__inner{left: 15px;right: 15px;top: 15px;bottom: 15px;}.uagb-block-e6f939b3.wp-block-uagb-image--layout-overlay .wp-block-uagb-image--layout-overlay__inner .uagb-image-heading{font-style: normal;color: #fff;opacity: 1;}.uagb-block-e6f939b3.wp-block-uagb-image--layout-overlay .wp-block-uagb-image--layout-overlay__inner .uagb-image-heading a{color: #fff;}.uagb-block-e6f939b3.wp-block-uagb-image--layout-overlay .wp-block-uagb-image--layout-overlay__inner .uagb-image-caption{opacity: 0;}.uagb-block-e6f939b3.wp-block-uagb-image--layout-overlay .wp-block-uagb-image__figure:hover .wp-block-uagb-image--layout-overlay__color-wrapper{opacity: 1;}.uagb-block-e6f939b3.wp-block-uagb-image .wp-block-uagb-image--layout-overlay__inner .uagb-image-separator{width: 30%;border-top-width: 2px;border-top-color: #fff;opacity: 0;}.uagb-block-e6f939b3.wp-block-uagb-image .wp-block-uagb-image__figure img{width: px;height: auto;}.uagb-block-e6f939b3.wp-block-uagb-image .wp-block-uagb-image__figure:hover .wp-block-uagb-image--layout-overlay__inner .uagb-image-caption{opacity: 1;}.uagb-block-e6f939b3.wp-block-uagb-image .wp-block-uagb-image__figure:hover .wp-block-uagb-image--layout-overlay__inner .uagb-image-separator{opacity: 1;}.uagb-block-e6f939b3.wp-block-uagb-image--layout-default figure:hover img{box-shadow: 0px 0px 0 #00000070;}.uagb-block-e6f939b3.wp-block-uagb-image--layout-overlay figure:hover img{box-shadow: 0px 0px 0 #00000070;}@media only screen and (max-width: 976px) {.uagb-block-e6f939b3.wp-block-uagb-image .wp-block-uagb-image__figure img{width: px;height: auto;}}@media only screen and (max-width: 767px) {.uagb-block-e6f939b3.wp-block-uagb-image .wp-block-uagb-image__figure img{width: px;height: auto;}}\";s:2:\"js\";s:0:\"\";s:18:\"current_block_list\";a:13:{i:0;s:11:\"core\/search\";i:1;s:10:\"core\/group\";i:2;s:12:\"core\/heading\";i:3;s:17:\"core\/latest-posts\";i:4;s:20:\"core\/latest-comments\";i:5;s:13:\"core\/archives\";i:6;s:15:\"core\/categories\";i:7;s:14:\"core\/paragraph\";i:8;s:10:\"uagb\/image\";i:9;s:11:\"core\/spacer\";i:10;s:30:\"woocommerce\/product-categories\";i:11;s:10:\"core\/image\";i:12;s:14:\"core\/shortcode\";}s:8:\"uag_flag\";b:1;s:11:\"uag_version\";s:10:\"1779028006\";s:6:\"gfonts\";a:0:{}s:10:\"gfonts_url\";s:0:\"\";s:12:\"gfonts_files\";a:0:{}s:14:\"uag_faq_layout\";b:0;}"]},"uagb_featured_image_src":{"full":["https:\/\/www.californiansmiles.com\/wp-content\/uploads\/2025\/08\/IMG_9490.jpg",1000,1000,false],"thumbnail":["https:\/\/www.californiansmiles.com\/wp-content\/uploads\/2025\/08\/IMG_9490-150x150.jpg",150,150,true],"medium":["https:\/\/www.californiansmiles.com\/wp-content\/uploads\/2025\/08\/IMG_9490-300x300.jpg",300,300,true],"medium_large":["https:\/\/www.californiansmiles.com\/wp-content\/uploads\/2025\/08\/IMG_9490-768x768.jpg",768,768,true],"large":["https:\/\/www.californiansmiles.com\/wp-content\/uploads\/2025\/08\/IMG_9490.jpg",1000,1000,false],"1536x1536":["https:\/\/www.californiansmiles.com\/wp-content\/uploads\/2025\/08\/IMG_9490.jpg",1000,1000,false],"2048x2048":["https:\/\/www.californiansmiles.com\/wp-content\/uploads\/2025\/08\/IMG_9490.jpg",1000,1000,false],"trp-custom-language-flag":["https:\/\/www.californiansmiles.com\/wp-content\/uploads\/2025\/08\/IMG_9490-12x12.jpg",12,12,true],"woocommerce_thumbnail":["https:\/\/www.californiansmiles.com\/wp-content\/uploads\/2025\/08\/IMG_9490-300x300.jpg",300,300,true],"woocommerce_single":["https:\/\/www.californiansmiles.com\/wp-content\/uploads\/2025\/08\/IMG_9490-600x600.jpg",600,600,true],"woocommerce_gallery_thumbnail":["https:\/\/www.californiansmiles.com\/wp-content\/uploads\/2025\/08\/IMG_9490-100x100.jpg",100,100,true]},"uagb_author_info":{"display_name":"admin","author_link":"https:\/\/www.californiansmiles.com\/cz\/author\/"},"uagb_comment_info":161,"uagb_excerpt":"The only sonic electric toothbrush with a satisfaction or money-back guarantee. Our sonic electric toothbrush is the only one on the market that offers you a satisfaction or money-back guarantee, ensuring you can use it with complete confidence. We believe so strongly in the effectiveness of our product that we guarantee noticeably cleaner teeth from&hellip;","_links":{"self":[{"href":"https:\/\/www.californiansmiles.com\/cz\/wp-json\/wp\/v2\/product\/23678","targetHints":{"allow":["GET"]}}],"collection":[{"href":"https:\/\/www.californiansmiles.com\/cz\/wp-json\/wp\/v2\/product"}],"about":[{"href":"https:\/\/www.californiansmiles.com\/cz\/wp-json\/wp\/v2\/types\/product"}],"replies":[{"embeddable":true,"href":"https:\/\/www.californiansmiles.com\/cz\/wp-json\/wp\/v2\/comments?post=23678"}],"version-history":[{"count":6,"href":"https:\/\/www.californiansmiles.com\/cz\/wp-json\/wp\/v2\/product\/23678\/revisions"}],"predecessor-version":[{"id":24795,"href":"https:\/\/www.californiansmiles.com\/cz\/wp-json\/wp\/v2\/product\/23678\/revisions\/24795"}],"wp:featuredmedia":[{"embeddable":true,"href":"https:\/\/www.californiansmiles.com\/cz\/wp-json\/wp\/v2\/media\/23686"}],"wp:attachment":[{"href":"https:\/\/www.californiansmiles.com\/cz\/wp-json\/wp\/v2\/media?parent=23678"}],"wp:term":[{"taxonomy":"product_brand","embeddable":true,"href":"https:\/\/www.californiansmiles.com\/cz\/wp-json\/wp\/v2\/product_brand?post=23678"},{"taxonomy":"product_cat","embeddable":true,"href":"https:\/\/www.californiansmiles.com\/cz\/wp-json\/wp\/v2\/product_cat?post=23678"},{"taxonomy":"product_tag","embeddable":true,"href":"https:\/\/www.californiansmiles.com\/cz\/wp-json\/wp\/v2\/product_tag?post=23678"}],"curies":[{"name":"wp","href":"https:\/\/api.w.org\/{rel}","templated":true}]}}